{"id":10780,"date":"2025-06-11T10:35:06","date_gmt":"2025-06-11T03:35:06","guid":{"rendered":"https:\/\/congtybinhminh.com\/?post_type=product&#038;p=10780"},"modified":"2025-06-15T07:22:04","modified_gmt":"2025-06-15T00:22:04","slug":"may-tach-hat-ngo-sieu-sach","status":"publish","type":"product","link":"https:\/\/congtybinhminh.com\/?product=may-tach-hat-ngo-sieu-sach","title":{"rendered":"M\u00e1y t\u00e1ch h\u1ea1t ng\u00f4 si\u00eau s\u1ea1ch"},"content":{"rendered":"<h2>\u00a0Video ho\u1ea1t \u0111\u1ed9ng c\u1ee7a m\u00e1y<\/h2>\n<p><iframe loading=\"lazy\" title=\"\ud83d\udd25 SI\u00caU PH\u1ea8M M\u00c1Y T\u00c1CH H\u1ea0T NG\u00d4 1 T\u1ea4N\/GI\u1edc | T\u00e1ch S\u1ea1ch 99% Si\u00eau Nhanh V\u1eeba Ra M\u1eaft G\u00e2y S\u1ed1t \ud83d\udd25\" width=\"1020\" height=\"574\" src=\"https:\/\/www.youtube.com\/embed\/hmGS_QhbbC8?feature=oembed\" frameborder=\"0\" allow=\"accelerometer; autoplay; clipboard-write; encrypted-media; gyroscope; picture-in-picture; web-share\" referrerpolicy=\"strict-origin-when-cross-origin\" allowfullscreen><\/iframe><\/p>\n<h2>Gi\u1edbi thi\u1ec7u m\u00e1y t\u00e1ch h\u1ea1t ng\u00f4 si\u00eau s\u1ea1ch<\/h2>\n<p>Trong n\u1ec1n n\u00f4ng nghi\u1ec7p hi\u1ec7n \u0111\u1ea1i, vi\u1ec7c t\u00e1ch h\u1ea1t ng\u00f4 th\u1ee7 c\u00f4ng b\u1eb1ng tay v\u1eeba m\u1ea5t th\u1eddi gian &#8211; v\u1eeba t\u1ed1n s\u1ee9c l\u1ea1i kh\u00f4ng th\u1ec3 \u0111\u1ea3m b\u1ea3o n\u0103ng su\u1ea5t \u0111\u1ec1u \u0111\u1eb7n m\u1ed7i ng\u00e0y<\/p>\n<p><img loading=\"lazy\" decoding=\"async\" class=\"aligncenter wp-image-10787 size-full\" src=\"https:\/\/congtybinhminh.com\/wp-content\/uploads\/2025\/06\/may-tach-hat-ngo-sieu-sach-binh-minh_result222.webp\" alt=\"may-tach-hat-ngo-sieu-sach-binh-minh_result222\" width=\"800\" height=\"1078\" srcset=\"https:\/\/congtybinhminh.com\/wp-content\/uploads\/2025\/06\/may-tach-hat-ngo-sieu-sach-binh-minh_result222.webp 800w, https:\/\/congtybinhminh.com\/wp-content\/uploads\/2025\/06\/may-tach-hat-ngo-sieu-sach-binh-minh_result222-297x400.webp 297w, https:\/\/congtybinhminh.com\/wp-content\/uploads\/2025\/06\/may-tach-hat-ngo-sieu-sach-binh-minh_result222-594x800.webp 594w, https:\/\/congtybinhminh.com\/wp-content\/uploads\/2025\/06\/may-tach-hat-ngo-sieu-sach-binh-minh_result222-768x1035.webp 768w, https:\/\/congtybinhminh.com\/wp-content\/uploads\/2025\/06\/may-tach-hat-ngo-sieu-sach-binh-minh_result222-510x687.webp 510w\" sizes=\"auto, (max-width: 800px) 100vw, 800px\" \/><\/p>\n<p>Do \u0111\u00f3, m\u00e1y t\u00e1ch h\u1ea1t ng\u00f4 do c\u00f4ng ty B\u00ecnh Minh s\u1ea3n xu\u1ea5t \u0111\u00e3 tr\u1edf th\u00e0nh m\u1ed9t trong nh\u1eefng gi\u1ea3i ph\u00e1p then ch\u1ed1t gi\u00fap b\u00e0 con:<\/p>\n<ul>\n<li>R\u00fat ng\u1eafn th\u1eddi gian x\u1eed l\u00fd sau thu ho\u1ea1ch<\/li>\n<li>Ch\u1ee7 \u0111\u1ed9ng ngu\u1ed3n nguy\u00ean li\u1ec7u trong ch\u0103n nu\u00f4i v\u00e0 ch\u1ebf bi\u1ebfn<\/li>\n<li>T\u1ed1i \u01b0u chi ph\u00ed nh\u00e2n c\u00f4ng m\u00f9a v\u1ee5<\/li>\n<\/ul>\n<h2 data-start=\"736\" data-end=\"771\">C\u1ea5u t\u1ea1o m\u00e1y t\u00e1ch h\u1ea1t ng\u00f4 si\u00eau s\u1ea1ch<\/h2>\n<h3 data-start=\"736\" data-end=\"771\">Khung m\u00e1y ch\u1eafc ch\u1eafn<\/h3>\n<p data-start=\"736\" data-end=\"771\">Thi\u1ebft k\u1ebf hi\u1ec7n \u0111\u1ea1i v\u1edbi k\u1ebft c\u1ea5u m\u00e1y \u0111\u01b0\u1ee3c h\u00e0n g\u1eafn ch\u1eafc ch\u1eafn kh\u00f4ng g\u00e2y rung l\u1eafc trong qu\u00e1 tr\u00ecnh b\u00f3c t\u00e1ch h\u1ea1t<\/p>\n<p data-start=\"736\" data-end=\"771\"><img loading=\"lazy\" decoding=\"async\" class=\"aligncenter wp-image-10788 size-full\" src=\"https:\/\/congtybinhminh.com\/wp-content\/uploads\/2025\/06\/cau-tao-may-tach-hat-ngo-sieu-sach_result222.webp\" alt=\"cau-tao-may-tach-hat-ngo-sieu-sach_result222\" width=\"800\" height=\"600\" srcset=\"https:\/\/congtybinhminh.com\/wp-content\/uploads\/2025\/06\/cau-tao-may-tach-hat-ngo-sieu-sach_result222.webp 800w, https:\/\/congtybinhminh.com\/wp-content\/uploads\/2025\/06\/cau-tao-may-tach-hat-ngo-sieu-sach_result222-533x400.webp 533w, https:\/\/congtybinhminh.com\/wp-content\/uploads\/2025\/06\/cau-tao-may-tach-hat-ngo-sieu-sach_result222-768x576.webp 768w, https:\/\/congtybinhminh.com\/wp-content\/uploads\/2025\/06\/cau-tao-may-tach-hat-ngo-sieu-sach_result222-510x383.webp 510w\" sizes=\"auto, (max-width: 800px) 100vw, 800px\" \/><\/p>\n<p data-start=\"736\" data-end=\"771\">Ph\u00eda d\u01b0\u1edbi ch\u00e2n m\u00e1y l\u1eafp \u0111\u1eb7t 2 b\u00e1nh xe v\u00e0 tay \u0111\u1ea9y linh ho\u1ea1t, thu\u1eadn ti\u1ec7n di chuy\u1ec3n v\u1ecb tr\u00ed \u0111\u1eb7t m\u00e1y<\/p>\n<p data-start=\"736\" data-end=\"771\"><img loading=\"lazy\" decoding=\"async\" class=\"aligncenter wp-image-10789 size-full\" src=\"https:\/\/congtybinhminh.com\/wp-content\/uploads\/2025\/06\/may-tach-hat-ngo-co-banh-xe-va-tay-day_result222.webp\" alt=\"may-tach-hat-ngo-co-banh-xe-va-tay-day_result222\" width=\"800\" height=\"490\" srcset=\"https:\/\/congtybinhminh.com\/wp-content\/uploads\/2025\/06\/may-tach-hat-ngo-co-banh-xe-va-tay-day_result222.webp 800w, https:\/\/congtybinhminh.com\/wp-content\/uploads\/2025\/06\/may-tach-hat-ngo-co-banh-xe-va-tay-day_result222-653x400.webp 653w, https:\/\/congtybinhminh.com\/wp-content\/uploads\/2025\/06\/may-tach-hat-ngo-co-banh-xe-va-tay-day_result222-768x470.webp 768w, https:\/\/congtybinhminh.com\/wp-content\/uploads\/2025\/06\/may-tach-hat-ngo-co-banh-xe-va-tay-day_result222-510x312.webp 510w\" sizes=\"auto, (max-width: 800px) 100vw, 800px\" \/><\/p>\n<h3 data-start=\"736\" data-end=\"771\">Toa n\u1ea1p d\u1ea1ng ph\u1ec5u<\/h3>\n<p data-start=\"736\" data-end=\"771\">Toa n\u1ea1p thi\u1ebft k\u1ebf d\u1ea1ng m\u00e1ng d\u00e0i h\u01b0\u1edbng d\u1ed1c nghi\u00eang n\u1ed1i lienf bu\u1ed3ng l\u00e0m vi\u1ec7c<\/p>\n<p data-start=\"736\" data-end=\"771\"><img loading=\"lazy\" decoding=\"async\" class=\"aligncenter wp-image-10793 size-full\" src=\"https:\/\/congtybinhminh.com\/wp-content\/uploads\/2025\/06\/toa-nap-may-tach-hat-ngo_result222.webp\" alt=\"toa-nap-may-tach-hat-ngo_result222\" width=\"800\" height=\"432\" srcset=\"https:\/\/congtybinhminh.com\/wp-content\/uploads\/2025\/06\/toa-nap-may-tach-hat-ngo_result222.webp 800w, https:\/\/congtybinhminh.com\/wp-content\/uploads\/2025\/06\/toa-nap-may-tach-hat-ngo_result222-741x400.webp 741w, https:\/\/congtybinhminh.com\/wp-content\/uploads\/2025\/06\/toa-nap-may-tach-hat-ngo_result222-768x415.webp 768w, https:\/\/congtybinhminh.com\/wp-content\/uploads\/2025\/06\/toa-nap-may-tach-hat-ngo_result222-510x275.webp 510w\" sizes=\"auto, (max-width: 800px) 100vw, 800px\" \/><\/p>\n<p data-start=\"736\" data-end=\"771\">K\u00e9t h\u1ee3p th\u00eam t\u1ea5m ch\u1eafn, gi\u00fap b\u1eafp \u0111i th\u1eb3ng xu\u1ed1ng bu\u1ed3ng l\u00e0m vi\u1ec7c h\u1ea1n ch\u1ebf v\u0103ng ng\u01b0\u1ee3c ra ngo\u00e0i nh\u01b0 khi d\u00f9ng ph\u1ec5u n\u00f4ng th\u00f4ng th\u01b0\u1eddng<\/p>\n<h3 data-start=\"736\" data-end=\"771\">H\u1ec7 th\u1ed1ng bu\u1ed3ng l\u00e0m vi\u1ec7c<\/h3>\n<p data-start=\"736\" data-end=\"771\">M\u00e1y s\u1eed d\u1ee5ng h\u1ec7 th\u1ed1ng tr\u1ee5c quay v\u1edbi 4 thanh tr\u1ee5c d\u00e0i, k\u00e8m 12 b\u00faa nh\u1ecf tr\u00ean m\u1ed7i thanh<\/p>\n<p data-start=\"736\" data-end=\"771\">Khi m\u00e1y ch\u1ea1y, m\u1ed7i m\u1eb7t s\u1ebd mi\u1ebft v\u00e0 l\u1ea7n l\u01b0\u1ee3t t\u00e1ch t\u1eebng t\u00e9p h\u1ea1t ng\u00f4 bong ra kh\u1ecfi l\u00f5i m\u00e0 kh\u00f4ng l\u00e0m v\u1ee1 h\u1ea1t<\/p>\n<p data-start=\"736\" data-end=\"771\"><img loading=\"lazy\" decoding=\"async\" class=\"aligncenter wp-image-10790 size-full\" src=\"https:\/\/congtybinhminh.com\/wp-content\/uploads\/2025\/06\/buong-tach-hat-ngo_result222.webp\" alt=\"buong-tach-hat-ngo_result222\" width=\"800\" height=\"1137\" srcset=\"https:\/\/congtybinhminh.com\/wp-content\/uploads\/2025\/06\/buong-tach-hat-ngo_result222.webp 800w, https:\/\/congtybinhminh.com\/wp-content\/uploads\/2025\/06\/buong-tach-hat-ngo_result222-281x400.webp 281w, https:\/\/congtybinhminh.com\/wp-content\/uploads\/2025\/06\/buong-tach-hat-ngo_result222-563x800.webp 563w, https:\/\/congtybinhminh.com\/wp-content\/uploads\/2025\/06\/buong-tach-hat-ngo_result222-768x1092.webp 768w, https:\/\/congtybinhminh.com\/wp-content\/uploads\/2025\/06\/buong-tach-hat-ngo_result222-510x725.webp 510w\" sizes=\"auto, (max-width: 800px) 100vw, 800px\" \/><\/p>\n<p data-start=\"736\" data-end=\"771\">H\u1ea1t sau khi \u0111\u01b0\u1ee3c t\u00e1ch, ch\u00fang s\u1ebd \u0111i qua s\u00e0ng l\u1ed7 b\u00ean d\u01b0\u1edbi r\u1ed3i theo h\u1ec7 th\u1ed1ng s\u00e0ng rung tho\u00e1t ra ngo\u00e0i c\u1eeda x\u1ea3<\/p>\n<p data-start=\"736\" data-end=\"771\"><img loading=\"lazy\" decoding=\"async\" class=\"aligncenter wp-image-10791 size-full\" src=\"https:\/\/congtybinhminh.com\/wp-content\/uploads\/2025\/06\/canh-quat-may-tach-hat-ngo_result222.webp\" alt=\"canh-quat-may-tach-hat-ngo_result222\" width=\"800\" height=\"600\" srcset=\"https:\/\/congtybinhminh.com\/wp-content\/uploads\/2025\/06\/canh-quat-may-tach-hat-ngo_result222.webp 800w, https:\/\/congtybinhminh.com\/wp-content\/uploads\/2025\/06\/canh-quat-may-tach-hat-ngo_result222-533x400.webp 533w, https:\/\/congtybinhminh.com\/wp-content\/uploads\/2025\/06\/canh-quat-may-tach-hat-ngo_result222-768x576.webp 768w, https:\/\/congtybinhminh.com\/wp-content\/uploads\/2025\/06\/canh-quat-may-tach-hat-ngo_result222-510x383.webp 510w\" sizes=\"auto, (max-width: 800px) 100vw, 800px\" \/><\/p>\n<p data-start=\"736\" data-end=\"771\">H\u01a1n n\u1eefa, b\u00ean c\u1ea1nh bu\u1ed3ng t\u00e1ch h\u1ea1t l\u00e0 h\u1ec7 th\u1ed1ng c\u00e1nh qu\u1ea1t t\u1ea1o gi\u00f3 th\u1ed5i, \u0111\u1ea9y b\u1edbt ph\u1ea7n v\u1ecf l\u1ee5a, m\u00e1y ng\u00f4 hay b\u1ee5i m\u1ecbn trong qu\u00e1 tr\u00ecnh t\u00e1c ra c\u1eeda x\u1ea3 ph\u00eda sau<\/p>\n<p data-start=\"736\" data-end=\"771\">Trong khi \u0111\u1ecd, ph\u1ea7n l\u00f5i c\u0169ng \u0111\u01b0\u1ee3c \u0111\u1ea9y ra c\u1eeda x\u1ea3 ri\u00eang, nh\u1edd v\u1eady:<\/p>\n<p data-start=\"736\" data-end=\"771\"><img loading=\"lazy\" decoding=\"async\" class=\"aligncenter wp-image-10792 size-full\" src=\"https:\/\/congtybinhminh.com\/wp-content\/uploads\/2025\/06\/may-tach-ngo-hat_result222-1.webp\" alt=\"may-tach-ngo-hat_result222\" width=\"800\" height=\"723\" srcset=\"https:\/\/congtybinhminh.com\/wp-content\/uploads\/2025\/06\/may-tach-ngo-hat_result222-1.webp 800w, https:\/\/congtybinhminh.com\/wp-content\/uploads\/2025\/06\/may-tach-ngo-hat_result222-1-443x400.webp 443w, https:\/\/congtybinhminh.com\/wp-content\/uploads\/2025\/06\/may-tach-ngo-hat_result222-1-768x694.webp 768w, https:\/\/congtybinhminh.com\/wp-content\/uploads\/2025\/06\/may-tach-ngo-hat_result222-1-510x461.webp 510w\" sizes=\"auto, (max-width: 800px) 100vw, 800px\" \/><\/p>\n<ul>\n<li data-start=\"736\" data-end=\"771\">T\u00e1ch s\u1ea1ch tr\u00ean 98% ch\u1ec9 trong m\u1ed9t l\u1ea7n v\u1eadn h\u00e0nh<\/li>\n<li data-start=\"736\" data-end=\"771\">L\u00f5i ng\u00f4 \u0111\u01b0\u1ee3c t\u00e1ch s\u1ea1ch, kh\u00f4ng b\u1ecb d\u1eadp n\u00e1t c\u00f3 th\u1ec3 t\u1eadn d\u1ee5ng l\u00e0m ch\u1ea5t \u0111\u1ed1t ho\u1eb7c ph\u00e2n h\u1eefu c\u01a1<\/li>\n<\/ul>\n<h2>\u0110\u1ecba chi b\u00e1n m\u00e1y t\u00e1ch h\u1ea1t ng\u00f4 gi\u00e1 g\u1ed1c t\u1ea1i x\u01b0\u1edfng<\/h2>\n<p>C\u00f4ng ty B\u00ecnh Minh &#8211; \u0111\u01a1n v\u1ecb chuy\u00ean s\u1ea3n xu\u1ea5t v\u00e0 cung c\u1ea5p m\u00e1y n\u00f4ng nghi\u1ec7p s\u1ed1 1 Vi\u1ec7t Nam v\u1edbi h\u01a1n 30 n\u0103m kinh nghi\u1ec7m trong l\u0129nh v\u1ef1c c\u01a1 kh\u00ed<\/p>\n<p>\u0110\u1ec3 \u0111\u1eb7t mua h\u00e0ng ch\u00ednh h\u00e3ng, b\u00e0 con c\u00f3 th\u1ec3 \u0111\u1ebfn tr\u1ee5 s\u1edf g\u1ea7n nh\u1ea5t c\u1ee7a c\u00f4ng ty \u0111\u1ec3 xem v\u00e0 \u0111\u1eb7t mua h\u00e0ng:<\/p>\n<ul>\n<li>Tr\u1ee5 s\u1edf ch\u00ednh: Tx S\u01a1n T\u00e2y &#8211; H\u00e0 N\u1ed9i<\/li>\n<li>Chi nh\u00e1nh mi\u1ec1n Nam: x\u00e3 T\u00e2n Ki\u00ean &#8211; H. B\u00ecnh Ch\u00e1nh &#8211; Tp H\u1ed3 Ch\u00ed Minh<\/li>\n<\/ul>\n<p>Khi \u0111\u1ebfn \u0111\u00e2y, b\u00e0 con s\u1ebd \u0111\u01b0\u1ee3c tr\u1ea3i nghi\u1ec7m v\u1eadn h\u00e0nh m\u00e1y d\u01b0\u1edbi s\u1ef1 h\u01b0\u1edbng d\u1eabn c\u1ee7a \u0111\u1ed9i ng\u0169 k\u1ef9 thu\u1eadt<\/p>\n<p>\u0110\u1ed1i v\u1edbi b\u00e0 con \u1edf xa, c\u00f3 th\u1ec3 li\u00ean h\u1ec7 t\u1edbi s\u1ed1 \u0111i\u1ec7n tho\u1ea1i tr\u00ean website ho\u1eb7c \u0111\u1ec3 l\u1ea1i l\u1eddi nh\u1eafn \u0111\u1ed1i t\u01b0 v\u1ea5n s\u1ebd li\u00ean h\u1ec7 b\u00e0 con trong th\u1eddi gian s\u1edbm nh\u1ea5t<\/p>\n<p><strong>Th\u00f4ng s\u1ed1 k\u1ef9 thu\u1eadt<\/strong><\/p>\n<table border=\"1\" cellspacing=\"1\" cellpadding=\"1\">\n<tbody>\n<tr>\n<td colspan=\"1\" rowspan=\"3\">\u0110\u1ed9ng c\u01a1<\/td>\n<td>C\u00f4ng su\u1ea5t \u0111\u1ed9ng c\u01a1<\/td>\n<td>3.5kw<\/td>\n<\/tr>\n<tr>\n<td>Ngu\u1ed3n \u0111i\u1ec7n<\/td>\n<td>220V<\/td>\n<\/tr>\n<tr>\n<td>T\u1ed1c \u0111\u1ed9<\/td>\n<td>1450 v\/p<\/td>\n<\/tr>\n<tr>\n<td colspan=\"1\" rowspan=\"2\">B\u1ea3o h\u00e0nh<\/td>\n<td>K\u1ef9 thu\u1eadt<\/td>\n<td>12 th\u00e1ng<\/td>\n<\/tr>\n<tr>\n<td>\u0110\u1ed9ng c\u01a1<\/td>\n<td>Theo t\u1eebng h\u00e3ng s\u1ea3n xu\u1ea5t<\/td>\n<\/tr>\n<tr>\n<td>N\u0103ng su\u1ea5t<\/td>\n<td colspan=\"2\" rowspan=\"1\">800 &#8211; 1000 kg\/gi\u1edd<\/td>\n<\/tr>\n<tr>\n<td>K\u00edch th\u01b0\u1edbc (d*c*r)<\/td>\n<td colspan=\"2\" rowspan=\"1\">132*110*106 cm<\/td>\n<\/tr>\n<tr>\n<td>H\u00ecnh th\u1ee9c thanh to\u00e1n<\/td>\n<td colspan=\"2\" rowspan=\"1\">Ti\u1ec1n m\u1eb7t ho\u1eb7c chuy\u1ec3n kho\u1ea3n<\/td>\n<\/tr>\n<\/tbody>\n<\/table>\n","protected":false},"excerpt":{"rendered":"<ul>\n<li><strong>H\u00e3ng s\u1ea3n xu\u1ea5t:\u00a0<\/strong>B\u00ecnh Minh<\/li>\n<li><strong>C\u00f4ng su\u1ea5t \u0111\u1ed9ng c\u01a1:\u00a0<\/strong>3,5kw<\/li>\n<li><strong>T\u1ed1c \u0111\u1ed9:<\/strong>\u00a01450 v\/p<\/li>\n<li><strong>Ngu\u1ed3n \u0111i\u1ec7n<\/strong>: 220V<\/li>\n<li><strong>N\u0103ng su\u1ea5t:<\/strong>\u00a0800 &#8211; 1000 kg\/gi\u1edd<\/li>\n<li><strong>T\u00ednh n\u0103ng:<\/strong>\u00a0m\u00e1y t\u00e1ch\u00a0 nhanh, h\u1ea1t ng\u00f4 s\u1ea1ch m\u00e0y, kh\u00f4ng l\u00e0m v\u1ee1 h\u1ea1t<\/li>\n<\/ul>\n","protected":false},"featured_media":10781,"comment_status":"open","ping_status":"closed","template":"","meta":[],"product_brand":[],"product_cat":[220],"product_tag":[],"class_list":{"0":"post-10780","1":"product","2":"type-product","3":"status-publish","4":"has-post-thumbnail","6":"product_cat-may-tach-hat-ngo","8":"first","9":"instock","10":"shipping-taxable","11":"product-type-simple"},"_links":{"self":[{"href":"https:\/\/congtybinhminh.com\/index.php?rest_route=\/wp\/v2\/product\/10780","targetHints":{"allow":["GET"]}}],"collection":[{"href":"https:\/\/congtybinhminh.com\/index.php?rest_route=\/wp\/v2\/product"}],"about":[{"href":"https:\/\/congtybinhminh.com\/index.php?rest_route=\/wp\/v2\/types\/product"}],"replies":[{"embeddable":true,"href":"https:\/\/congtybinhminh.com\/index.php?rest_route=%2Fwp%2Fv2%2Fcomments&post=10780"}],"wp:featuredmedia":[{"embeddable":true,"href":"https:\/\/congtybinhminh.com\/index.php?rest_route=\/wp\/v2\/media\/10781"}],"wp:attachment":[{"href":"https:\/\/congtybinhminh.com\/index.php?rest_route=%2Fwp%2Fv2%2Fmedia&parent=10780"}],"wp:term":[{"taxonomy":"product_brand","embeddable":true,"href":"https:\/\/congtybinhminh.com\/index.php?rest_route=%2Fwp%2Fv2%2Fproduct_brand&post=10780"},{"taxonomy":"product_cat","embeddable":true,"href":"https:\/\/congtybinhminh.com\/index.php?rest_route=%2Fwp%2Fv2%2Fproduct_cat&post=10780"},{"taxonomy":"product_tag","embeddable":true,"href":"https:\/\/congtybinhminh.com\/index.php?rest_route=%2Fwp%2Fv2%2Fproduct_tag&post=10780"}],"curies":[{"name":"wp","href":"https:\/\/api.w.org\/{rel}","templated":true}]}}