{"id":10745,"date":"2025-05-26T09:59:16","date_gmt":"2025-05-26T02:59:16","guid":{"rendered":"https:\/\/congtybinhminh.com\/?post_type=product&#038;p=10745"},"modified":"2025-05-26T10:00:36","modified_gmt":"2025-05-26T03:00:36","slug":"may-bam-co-nam-g400-inox","status":"publish","type":"product","link":"https:\/\/congtybinhminh.com\/?product=may-bam-co-nam-g400-inox","title":{"rendered":"M\u00e1y b\u0103m c\u1ecf n\u1eb1m G400 inox"},"content":{"rendered":"<h2 data-start=\"312\" data-end=\"553\">Gi\u1edbi thi\u1ec7u m\u00e1y b\u0103m c\u1ecf n\u1eb1m G400 inox<\/h2>\n<p data-start=\"312\" data-end=\"553\">M\u00e1y b\u0103m c\u1ecf n\u1eb1m G400 inox do c\u00f4ng ty B\u00ecnh Minh s\u1ea3n xu\u1ea5t &#8211; gi\u1ea3i ph\u00e1p b\u0103m th\u1ea3o m\u1ed9c, l\u00e1 d\u01b0\u1ee3c li\u1ec7u nhanh &#8211; gon &#8211; hi\u1ec7u qu\u1ea3, t\u1ed1i \u01b0u h\u00f3a qu\u00e1 tr\u00ecnh ch\u1ebf bi\u1ebfn<\/p>\n<p data-start=\"312\" data-end=\"553\"><img loading=\"lazy\" decoding=\"async\" class=\"aligncenter wp-image-10755 size-full\" src=\"https:\/\/congtybinhminh.com\/wp-content\/uploads\/2025\/05\/may-bam-co-nam-g400-inox_result222.webp\" alt=\"may-bam-co-nam-g400-inox_result222\" width=\"800\" height=\"1078\" srcset=\"https:\/\/congtybinhminh.com\/wp-content\/uploads\/2025\/05\/may-bam-co-nam-g400-inox_result222.webp 800w, https:\/\/congtybinhminh.com\/wp-content\/uploads\/2025\/05\/may-bam-co-nam-g400-inox_result222-297x400.webp 297w, https:\/\/congtybinhminh.com\/wp-content\/uploads\/2025\/05\/may-bam-co-nam-g400-inox_result222-594x800.webp 594w, https:\/\/congtybinhminh.com\/wp-content\/uploads\/2025\/05\/may-bam-co-nam-g400-inox_result222-768x1035.webp 768w, https:\/\/congtybinhminh.com\/wp-content\/uploads\/2025\/05\/may-bam-co-nam-g400-inox_result222-510x687.webp 510w\" sizes=\"auto, (max-width: 800px) 100vw, 800px\" \/><\/p>\n<p data-start=\"312\" data-end=\"553\">\u0110\u01b0\u1ee3c trang b\u1ecb \u0111\u1ed9ng c\u01a1 \u0111i\u1ec7n 3 pha, th\u00edch h\u1ee3p s\u1eed d\u1ee5ng t\u1ea1i c\u00e1c h\u1ed9 gia \u0111\u00ecnh, c\u01a1 s\u1edf ch\u1ebf bi\u1ebfn. Gi\u00fap b\u00e0 con gi\u1ea3m b\u1edbt s\u1ee9c lao \u0111\u1ed9ng ti\u1ebft ki\u1ec7m th\u1eddi gian<\/p>\n<h2 data-start=\"312\" data-end=\"553\">C\u1ea5u t\u1ea1o m\u00e1y b\u0103m c\u1ecf n\u1eb1m G400 inox<\/h2>\n<h3 data-start=\"312\" data-end=\"553\">K\u1ebft c\u1ea5u hi\u1ec7n \u0111\u1ea1i &#8211; an to\u00e0n t\u1ed1i \u0111a<\/h3>\n<p data-start=\"312\" data-end=\"553\">M\u00e1y \u0111\u01b0\u1ee3c l\u00e0m b\u1eb1ng inox cao c\u1ea5p, ch\u1ed1ng han g\u1ec9, v\u1edbi ph\u1ea7n k\u1ebft c\u1ea5u m\u00e1y \u0111\u01b0\u1ee3c h\u00e0n g\u1eafn ch\u1eafc ch\u1eafn kh\u00f4ng g\u00e2y rung l\u1eafc trong qu\u00e1 tr\u00ecnh v\u1eadn h\u00e0nh<\/p>\n<p data-start=\"312\" data-end=\"553\"><img loading=\"lazy\" decoding=\"async\" class=\"aligncenter wp-image-10751 size-full\" src=\"https:\/\/congtybinhminh.com\/wp-content\/uploads\/2025\/05\/cau-tao-may-bam-co-nam-g400inox_result222.webp\" alt=\"cau-tao-may-bam-co-nam-g400inox_result222\" width=\"800\" height=\"570\" srcset=\"https:\/\/congtybinhminh.com\/wp-content\/uploads\/2025\/05\/cau-tao-may-bam-co-nam-g400inox_result222.webp 800w, https:\/\/congtybinhminh.com\/wp-content\/uploads\/2025\/05\/cau-tao-may-bam-co-nam-g400inox_result222-561x400.webp 561w, https:\/\/congtybinhminh.com\/wp-content\/uploads\/2025\/05\/cau-tao-may-bam-co-nam-g400inox_result222-768x547.webp 768w, https:\/\/congtybinhminh.com\/wp-content\/uploads\/2025\/05\/cau-tao-may-bam-co-nam-g400inox_result222-510x363.webp 510w\" sizes=\"auto, (max-width: 800px) 100vw, 800px\" \/><\/p>\n<p data-start=\"312\" data-end=\"553\">Phia d\u01b0\u1edbi ch\u00e2n m\u00e1y l\u1eafp \u0111\u1eb7t 4 b\u00e1nh xe thu\u1eadn ti\u1ec7n di chuy\u1ec3n v\u1ecb tr\u00ed \u0111\u1eb7t m\u00e1y, s\u1ef1 k\u1ebft h\u1ee3p t\u1ea1o n\u00ean s\u1ef1 ti\u1ec7n l\u1ee3i cho ng\u01b0\u1eddi d\u00f9ng<\/p>\n<h3 data-start=\"312\" data-end=\"553\">H\u1ec7 th\u1ed1ng b\u0103ng t\u1ea3i t\u1ef1 \u0111\u1ed9ng<\/h3>\n<p data-start=\"312\" data-end=\"553\">M\u00e1y b\u0103m c\u1ecf c\u00f3 b\u0103ng t\u1ea3i t\u1ef1 \u0111\u1ed9ng \u0111\u01b0a nguy\u00ean li\u1ec7u v\u00e0o bu\u1ed3ng b\u0103m m\u00e0 ng\u01b0\u1eddi d\u00f9ng kh\u00f4ng ph\u1ea3i d\u00f9ng tay \u0111\u1ef1a tr\u1ef1c ti\u1ebfp nguy\u00ean li\u1ec7u v\u00e0o toa<\/p>\n<p data-start=\"312\" data-end=\"553\"><img loading=\"lazy\" decoding=\"async\" class=\"aligncenter wp-image-10752 size-full\" src=\"https:\/\/congtybinhminh.com\/wp-content\/uploads\/2025\/05\/may-bam-co-co-bang-tai_result222.webp\" alt=\"may-bam-co-co-bang-tai_result222\" width=\"800\" height=\"565\" srcset=\"https:\/\/congtybinhminh.com\/wp-content\/uploads\/2025\/05\/may-bam-co-co-bang-tai_result222.webp 800w, https:\/\/congtybinhminh.com\/wp-content\/uploads\/2025\/05\/may-bam-co-co-bang-tai_result222-566x400.webp 566w, https:\/\/congtybinhminh.com\/wp-content\/uploads\/2025\/05\/may-bam-co-co-bang-tai_result222-768x542.webp 768w, https:\/\/congtybinhminh.com\/wp-content\/uploads\/2025\/05\/may-bam-co-co-bang-tai_result222-510x360.webp 510w\" sizes=\"auto, (max-width: 800px) 100vw, 800px\" \/><\/p>\n<p data-start=\"312\" data-end=\"553\">B\u0103ng t\u1ea3i \u0111\u01b0\u1ee3c thi\u1ebft k\u1ebf n\u1eb1m ngang v\u1edbi \u0111\u1ed9 cao v\u1eeba t\u1ea7m ng\u01b0\u1eddi d\u00f9ng an to\u00e0n khi s\u1eed d\u1ee5ng<\/p>\n<p data-start=\"312\" data-end=\"553\">Th\u00e0nh ph\u1ea9m b\u0103m \u0111\u01b0\u1ee3c \u0111\u01b0a tr\u1ef1c ti\u1ebfp ra ngo\u00e0i c\u1eeda x\u1ea3, ph\u00eda tr\u01b0\u1edbc c\u1eeda x\u1ea3 \u0111\u01b0\u1ee3c thi\u1ebft k\u1ebf bo cong t\u1ea1o thu\u1eadn ti\u1ec7n cho ng\u01b0\u1eddi d\u00f9ng<\/p>\n<p data-start=\"312\" data-end=\"553\"><img loading=\"lazy\" decoding=\"async\" class=\"aligncenter wp-image-10753 size-full\" src=\"https:\/\/congtybinhminh.com\/wp-content\/uploads\/2025\/05\/cua-xa-may-bam-co_result222.webp\" alt=\"cua-xa-may-bam-co_result222\" width=\"800\" height=\"644\" srcset=\"https:\/\/congtybinhminh.com\/wp-content\/uploads\/2025\/05\/cua-xa-may-bam-co_result222.webp 800w, https:\/\/congtybinhminh.com\/wp-content\/uploads\/2025\/05\/cua-xa-may-bam-co_result222-497x400.webp 497w, https:\/\/congtybinhminh.com\/wp-content\/uploads\/2025\/05\/cua-xa-may-bam-co_result222-768x618.webp 768w, https:\/\/congtybinhminh.com\/wp-content\/uploads\/2025\/05\/cua-xa-may-bam-co_result222-510x411.webp 510w\" sizes=\"auto, (max-width: 800px) 100vw, 800px\" \/><\/p>\n<ul>\n<li data-start=\"312\" data-end=\"553\">H\u1ea1n ch\u1ebf t\u1ed1i \u0111a th\u00e0nh ph\u1ea9m v\u0103ng ng\u01b0\u1ee3c l\u1ea1i v\u00e0o ng\u01b0\u1eddi d\u00f9ng, an to\u00e0n khi s\u1eed d\u1ee5ng<\/li>\n<li data-start=\"312\" data-end=\"553\">H\u01b0\u1edbng x\u1ea3 th\u1ea5p gi\u00fap d\u1ec5 thu gom<\/li>\n<\/ul>\n<h3>Bu\u1ed3ng dao b\u0103m<\/h3>\n<p data-start=\"312\" data-end=\"553\">K\u1ebft h\u1ee3p v\u1edbi c\u00e1c d\u00f2ng m\u00e1y th\u00f4ng th\u01b0\u1eddng, m\u00e1y b\u0103m c\u00f3 G400 inox \u0111\u01b0\u1ee3c thi\u1ebft k\u1ebf v\u1edbi 2 bu\u1ed3ng l\u00e0m vi\u1ec7c:<\/p>\n<p data-start=\"312\" data-end=\"553\"><img loading=\"lazy\" decoding=\"async\" class=\"aligncenter wp-image-10754 size-full\" src=\"https:\/\/congtybinhminh.com\/wp-content\/uploads\/2025\/05\/dao-may-bam-co-nam-g400-inox_result222.webp\" alt=\"dao-may-bam-co-nam-g400-inox_result222\" width=\"800\" height=\"644\" srcset=\"https:\/\/congtybinhminh.com\/wp-content\/uploads\/2025\/05\/dao-may-bam-co-nam-g400-inox_result222.webp 800w, https:\/\/congtybinhminh.com\/wp-content\/uploads\/2025\/05\/dao-may-bam-co-nam-g400-inox_result222-497x400.webp 497w, https:\/\/congtybinhminh.com\/wp-content\/uploads\/2025\/05\/dao-may-bam-co-nam-g400-inox_result222-768x618.webp 768w, https:\/\/congtybinhminh.com\/wp-content\/uploads\/2025\/05\/dao-may-bam-co-nam-g400-inox_result222-510x411.webp 510w\" sizes=\"auto, (max-width: 800px) 100vw, 800px\" \/><\/p>\n<ul>\n<li data-start=\"312\" data-end=\"553\">1 bu\u1ed3ng b\u0103m ch\u00ednh g\u1ed3m 4 dao to 2 l\u01b0\u1ee1i \u0111\u01b0\u1ee3c r\u00e8n s\u1eafc b\u00e9n b\u0103m nh\u1ecf nguy\u00ean li\u1ec7u<\/li>\n<li data-start=\"312\" data-end=\"553\">1 bu\u1ed3ng b\u0103m ph\u1ee5 g\u1ed3m 40 dao tam gi\u00e1c v\u00e0 40 dao b\u0103m lo\u1ea1i cong n\u1eb1m tr\u00ean 1 tr\u1ee5c<\/li>\n<\/ul>\n<h3>\u0110\u1ed9ng c\u01a1 l\u00f5i d\u00e2y \u0111\u1ed3ng 100%<\/h3>\n<p>M\u00e1y b\u0103m c\u1ecf n\u1eb1m G400 l\u1eafp \u0111\u1ed9ng c\u01a1 11kw d\u00f9ng \u0111i\u1ec7n 380V motor l\u00f5i d\u00e2y \u0111\u1ed3ng 100%. D\u00e2y curoa k\u1ebft n\u1ed1i gi\u1eefa c\u00e1c buly truy\u1ec1n l\u1ef1c t\u1eeb \u0111\u1ed9ng c\u01a1 t\u1edbi buly m\u00e1y v\u00e0o bu\u1ed3ng nghi\u1ec1n<\/p>\n<p><img loading=\"lazy\" decoding=\"async\" class=\"aligncenter wp-image-10756 size-full\" src=\"https:\/\/congtybinhminh.com\/wp-content\/uploads\/2025\/05\/may-bam-co-nam-g400-inox-3-pha_result222.webp\" alt=\"may-bam-co-nam-g400-inox-3-pha_result222\" width=\"800\" height=\"644\" srcset=\"https:\/\/congtybinhminh.com\/wp-content\/uploads\/2025\/05\/may-bam-co-nam-g400-inox-3-pha_result222.webp 800w, https:\/\/congtybinhminh.com\/wp-content\/uploads\/2025\/05\/may-bam-co-nam-g400-inox-3-pha_result222-497x400.webp 497w, https:\/\/congtybinhminh.com\/wp-content\/uploads\/2025\/05\/may-bam-co-nam-g400-inox-3-pha_result222-768x618.webp 768w, https:\/\/congtybinhminh.com\/wp-content\/uploads\/2025\/05\/may-bam-co-nam-g400-inox-3-pha_result222-510x411.webp 510w\" sizes=\"auto, (max-width: 800px) 100vw, 800px\" \/><\/p>\n<p>B\u00ean ngo\u00e0i \u0111\u01b0\u1ee3c bao b\u1ecdc b\u1edfi ch\u1eafn b\u1ea3o v\u1ec7 \u0111\u1ea3m b\u1ea3o an to\u00e0n cho ng\u01b0\u1eddi d\u00f9ng trong su\u1ed1t qu\u00e1 tr\u00ecnh s\u1eed d\u1ee5ng<\/p>\n<h2>\u0110\u1ecba ch\u1ec9 b\u00e1n m\u00e1y b\u0103m c\u1ecf gi\u00e1 g\u1ed1c t\u1ea1i x\u01b0\u1edfng<\/h2>\n<p>C\u00f4ng ty B\u00ecnh Minh &#8211; \u0111\u01a1n v\u1ecb chuy\u00ean s\u1ea3n xu\u1ea5t v\u00e0 cung c\u1ea5p m\u00e1y n\u00f4ng nghi\u1ec7p s\u1ed1 1 Vi\u1ec7t Nam v\u1edbi h\u01a1n 30 n\u0103m kinh nghi\u1ec7m trong l\u0129nh v\u1ef1c c\u01a1 kh\u00ed<\/p>\n<p>\u0110\u1ec3 \u0111\u1eb7t mua h\u00e0ng ch\u00ednh h\u00e3ng, b\u00e0 con c\u00f3 th\u1ec3 \u0111\u1ebfn tr\u1ee5 s\u1edf g\u1ea7n nh\u1ea5t c\u1ee7a c\u00f4ng ty \u0111\u1ec3 xem v\u00e0 \u0111\u1eb7t mua h\u00e0ng:<\/p>\n<ul>\n<li>Tr\u1ee5 s\u1edf ch\u00ednh: p. L\u00ea L\u1ee3i &#8211; Tx S\u01a1n T\u00e2y &#8211; H\u00e0 N\u1ed9i<\/li>\n<li>Chi nh\u00e1nh mi\u1ec1n Nam: x\u00e3 T\u00e2n Ki\u00ean &#8211; H. B\u00ecnh Ch\u00e1nh &#8211; Tp H\u1ed3 Ch\u00ed Minh<\/li>\n<\/ul>\n<p><img loading=\"lazy\" decoding=\"async\" class=\"aligncenter wp-image-9393 size-full\" src=\"https:\/\/congtybinhminh.com\/wp-content\/uploads\/2022\/02\/dia-chi-may-bam-chuoi_result222.webp\" alt=\"dia-chi-may-bam-chuoi_result222\" width=\"800\" height=\"1016\" srcset=\"https:\/\/congtybinhminh.com\/wp-content\/uploads\/2022\/02\/dia-chi-may-bam-chuoi_result222.webp 800w, https:\/\/congtybinhminh.com\/wp-content\/uploads\/2022\/02\/dia-chi-may-bam-chuoi_result222-510x648.webp 510w, https:\/\/congtybinhminh.com\/wp-content\/uploads\/2022\/02\/dia-chi-may-bam-chuoi_result222-315x400.webp 315w, https:\/\/congtybinhminh.com\/wp-content\/uploads\/2022\/02\/dia-chi-may-bam-chuoi_result222-630x800.webp 630w, https:\/\/congtybinhminh.com\/wp-content\/uploads\/2022\/02\/dia-chi-may-bam-chuoi_result222-768x975.webp 768w\" sizes=\"auto, (max-width: 800px) 100vw, 800px\" \/><\/p>\n<p>Kh \u0111\u1ebfn \u0111\u00e2y, b\u00e0 con s\u1ebd \u0111\u01b0\u1ee3c tr\u1ea3i nghi\u1ec7m v\u1eadn h\u00e0nh m\u00e1y d\u01b0\u1edbi s\u1ef1 h\u01b0\u1edbng d\u1eabn c\u1ee7a \u0111\u1ed9i ng\u0169 k\u1ef9 thu\u1eadt<\/p>\n<p>\u0110\u1ed1i v\u1edbi b\u00e0 con \u1edf xa, c\u00f3 th\u1ec3 li\u00ean h\u1ec7 t\u1edbi s\u1ed1 \u0111i\u1ec7n tho\u1ea1i tr\u00ean website ho\u1eb7c \u0111\u1ec3 l\u1ea1i l\u1eddi nh\u1eafn \u0111\u1ed9i ng\u0169 t\u01b0 v\u1ea5n s\u1ebd li\u00ean h\u1ec7 b\u00e0 con trong th\u1eddi gian s\u1edbm nh\u1ea5t<\/p>\n<p><strong>Th\u00f4ng s\u1ed1 k\u1ef9 thu\u1eadt\u00a0<\/strong><\/p>\n<table border=\"1\" cellspacing=\"1\" cellpadding=\"1\">\n<tbody>\n<tr>\n<td colspan=\"1\" rowspan=\"3\">\u0110\u1ed9ng c\u01a1<\/td>\n<td>C\u00f4ng su\u1ea5t \u0111\u1ed9ng c\u01a1<\/td>\n<td>11kw<\/td>\n<\/tr>\n<tr>\n<td>Ngu\u1ed3n \u0111i\u1ec7n<\/td>\n<td>380V<\/td>\n<\/tr>\n<tr>\n<td>T\u1ed1c \u0111\u1ed9<\/td>\n<td>1450 v\/p<\/td>\n<\/tr>\n<tr>\n<td colspan=\"1\" rowspan=\"2\">B\u1ea3o h\u00e0nh<\/td>\n<td>K\u1ef9 thu\u1eadt<\/td>\n<td>\u00a012 th\u00e1ng<\/td>\n<\/tr>\n<tr>\n<td>\u0110\u1ed9ng c\u01a1<\/td>\n<td>Theo t\u1eebng h\u00e3ng s\u1ea3n xu\u1ea5t<\/td>\n<\/tr>\n<tr>\n<td>N\u0103ng su\u1ea5t<\/td>\n<td colspan=\"2\" rowspan=\"1\">\u00a0kg\/gi\u1edd<\/td>\n<\/tr>\n<tr>\n<td>K\u00edch th\u01b0\u1edbc (d*c*r)<\/td>\n<td colspan=\"2\" rowspan=\"1\">245*100*67 cm<\/td>\n<\/tr>\n<tr>\n<td>H\u00ecnh th\u1ee9c thanh to\u00e1n<\/td>\n<td colspan=\"2\" rowspan=\"1\">Ti\u1ec1n m\u1eb7t ho\u1eb7c chuy\u1ec3n kho\u1ea3n<\/td>\n<\/tr>\n<\/tbody>\n<\/table>\n<p data-start=\"555\" data-end=\"803\">\n","protected":false},"excerpt":{"rendered":"<ul>\n<li><strong>H\u00e3ng s\u1ea3n xu\u1ea5t:<\/strong> B\u00ecnh Minh<\/li>\n<li><strong>C\u00f4ng su\u1ea5t \u0111\u1ed9ng c\u01a1:<\/strong>\u00a011kw<\/li>\n<li><strong>T\u1ed1c \u0111\u1ed9:\u00a0<\/strong>1450 v\/p<\/li>\n<li><strong>Ngu\u1ed3n \u0111i\u1ec7n<\/strong>: 380V<\/li>\n<li><strong>K\u00edch th\u01b0\u1edbc (d*c*r):<\/strong>\u00a0245*100*67 cm<\/li>\n<li><strong>T\u00ecnh n\u0103ng:<\/strong>\u00a0m\u00e1y b\u0103m l\u00e1 th\u1ea3o d\u01b0\u1ee3c, d\u01b0\u1ee3c li\u1ec7u v\u00e0 c\u00e1c lo\u1ea1i ph\u1ee5 ph\u1ea9m kh\u00e1c<\/li>\n<\/ul>\n","protected":false},"featured_media":10746,"comment_status":"open","ping_status":"closed","template":"","meta":[],"product_brand":[],"product_cat":[40],"product_tag":[],"class_list":{"0":"post-10745","1":"product","2":"type-product","3":"status-publish","4":"has-post-thumbnail","6":"product_cat-may-bam-co","8":"first","9":"instock","10":"shipping-taxable","11":"product-type-simple"},"_links":{"self":[{"href":"https:\/\/congtybinhminh.com\/index.php?rest_route=\/wp\/v2\/product\/10745","targetHints":{"allow":["GET"]}}],"collection":[{"href":"https:\/\/congtybinhminh.com\/index.php?rest_route=\/wp\/v2\/product"}],"about":[{"href":"https:\/\/congtybinhminh.com\/index.php?rest_route=\/wp\/v2\/types\/product"}],"replies":[{"embeddable":true,"href":"https:\/\/congtybinhminh.com\/index.php?rest_route=%2Fwp%2Fv2%2Fcomments&post=10745"}],"wp:featuredmedia":[{"embeddable":true,"href":"https:\/\/congtybinhminh.com\/index.php?rest_route=\/wp\/v2\/media\/10746"}],"wp:attachment":[{"href":"https:\/\/congtybinhminh.com\/index.php?rest_route=%2Fwp%2Fv2%2Fmedia&parent=10745"}],"wp:term":[{"taxonomy":"product_brand","embeddable":true,"href":"https:\/\/congtybinhminh.com\/index.php?rest_route=%2Fwp%2Fv2%2Fproduct_brand&post=10745"},{"taxonomy":"product_cat","embeddable":true,"href":"https:\/\/congtybinhminh.com\/index.php?rest_route=%2Fwp%2Fv2%2Fproduct_cat&post=10745"},{"taxonomy":"product_tag","embeddable":true,"href":"https:\/\/congtybinhminh.com\/index.php?rest_route=%2Fwp%2Fv2%2Fproduct_tag&post=10745"}],"curies":[{"name":"wp","href":"https:\/\/api.w.org\/{rel}","templated":true}]}}