{"id":10729,"date":"2025-05-23T13:48:29","date_gmt":"2025-05-23T06:48:29","guid":{"rendered":"https:\/\/congtybinhminh.com\/?post_type=product&#038;p=10729"},"modified":"2025-05-23T13:48:31","modified_gmt":"2025-05-23T06:48:31","slug":"may-tron-thuc-an-chan-nuoi-mt150-phien-ban-moi","status":"publish","type":"product","link":"https:\/\/congtybinhminh.com\/?product=may-tron-thuc-an-chan-nuoi-mt150-phien-ban-moi","title":{"rendered":"M\u00e1y tr\u1ed9n th\u1ee9c \u0103n ch\u0103n nu\u00f4i MT150 phi\u00ean b\u1ea3n m\u1edbi"},"content":{"rendered":"<h2>Gi\u1edbi thi\u1ec7u m\u00e1y tr\u1ed9n th\u1ee9c \u0103n ch\u0103n nu\u00f4i MT300 phi\u00ean b\u1ea3n m\u1edbi<\/h2>\n<p>M\u00e1y tr\u1ed9n th\u1ee9c \u0103n ch\u0103n nu\u00f4i MT150 &#8211; c\u00e1nh tay \u0111\u1eafc l\u1ef1c gi\u00fap b\u00e0 con tr\u1ed9n nguy\u00ean li\u1ec7u &#8211; tr\u1ed9n kh\u1ecfe &#8211; v\u1eadn h\u00e0nh b\u1ec1n &#8211; n\u0103ng su\u1ea5t cao, mang l\u1ea1i nhi\u1ec1u l\u1ee3i \u00edch cho b\u00e0 con:<\/p>\n<p><img loading=\"lazy\" decoding=\"async\" class=\"aligncenter wp-image-10730 size-full\" src=\"https:\/\/congtybinhminh.com\/wp-content\/uploads\/2025\/05\/may-tron-bot_result222-1.webp\" alt=\"may-tron-bot_result222\" width=\"800\" height=\"1078\" srcset=\"https:\/\/congtybinhminh.com\/wp-content\/uploads\/2025\/05\/may-tron-bot_result222-1.webp 800w, https:\/\/congtybinhminh.com\/wp-content\/uploads\/2025\/05\/may-tron-bot_result222-1-297x400.webp 297w, https:\/\/congtybinhminh.com\/wp-content\/uploads\/2025\/05\/may-tron-bot_result222-1-594x800.webp 594w, https:\/\/congtybinhminh.com\/wp-content\/uploads\/2025\/05\/may-tron-bot_result222-1-768x1035.webp 768w, https:\/\/congtybinhminh.com\/wp-content\/uploads\/2025\/05\/may-tron-bot_result222-1-510x687.webp 510w\" sizes=\"auto, (max-width: 800px) 100vw, 800px\" \/><\/p>\n<ul>\n<li>Ph\u00f9 h\u01a1p cho ch\u0103n nu\u00f4i quy m\u00f4 v\u1eeba v\u00e0 l\u1edbn trang tr\u1ea1i ch\u0103n nu\u00f4i \u0111a d\u1ea1ng g\u00e0, v\u1ecbt , heo..<\/li>\n<li>K\u1ebft h\u1ee3p v\u1edbi m\u00e1y \u00e9p c\u00e1m vi\u00ean, m\u00e1y nghi\u1ec1n, m\u00e1y b\u0103m.. t\u1ea1o d\u00e2y chuy\u1ec1n ch\u1ebf bi\u1ebfn th\u1ee9c \u0103n ch\u0103n nu\u00f4i<\/li>\n<li>T\u0103ng t\u00ednh ch\u1ee7 \u0111\u1ed9ng, gi\u1ea3m chi ph\u00ed thu\u00ea nh\u00e2n c\u00f4ng, t\u0103ng l\u1ee3i nhu\u1eadn l\u00e2u d\u00e0i<\/li>\n<\/ul>\n<h2>V\u00ec sao n\u00ean d\u00f9ng m\u00e1y tr\u1ed9n th\u1ee9c \u0103n ch\u0103n nu\u00f4i MT150 m\u1edbi<\/h2>\n<h3>Thi\u1ebf k\u1ebf t\u1ed1i \u01b0u &#8211; d\u1ec5 v\u1ec7 sinh<\/h3>\n<p>M\u00e1y \u0111\u01b0\u1ee3c thi\u1ebft k\u1ebf hi\u1ec7n \u0111\u1ea1i v\u1edbi ph\u1ea7n khung m\u00e1y \u0111\u01b0\u1ee3c h\u00e0n g\u1eafn ch\u1eafc ch\u1eafn<\/p>\n<p><img loading=\"lazy\" decoding=\"async\" class=\"aligncenter wp-image-10731 size-full\" src=\"https:\/\/congtybinhminh.com\/wp-content\/uploads\/2025\/05\/cau-tao-may-tron-thuc-an-chan-nuoi-1-copy_result222.webp\" alt=\"cau-tao-may-tron-thuc-an-chan-nuoi-1 copy_result222\" width=\"800\" height=\"612\" srcset=\"https:\/\/congtybinhminh.com\/wp-content\/uploads\/2025\/05\/cau-tao-may-tron-thuc-an-chan-nuoi-1-copy_result222.webp 800w, https:\/\/congtybinhminh.com\/wp-content\/uploads\/2025\/05\/cau-tao-may-tron-thuc-an-chan-nuoi-1-copy_result222-523x400.webp 523w, https:\/\/congtybinhminh.com\/wp-content\/uploads\/2025\/05\/cau-tao-may-tron-thuc-an-chan-nuoi-1-copy_result222-768x588.webp 768w, https:\/\/congtybinhminh.com\/wp-content\/uploads\/2025\/05\/cau-tao-may-tron-thuc-an-chan-nuoi-1-copy_result222-510x390.webp 510w\" sizes=\"auto, (max-width: 800px) 100vw, 800px\" \/><\/p>\n<p>Ph\u00eda d\u01b0\u1edbi ch\u00e2n m\u00e1y l\u1eafp \u0111\u1eb7t 4 b\u00e1nh xe thu\u1eadn ti\u1ec7n di chuy\u1ec3n v\u1ecb tr\u00ed \u0111\u1eb7t m\u00e1y<\/p>\n<h3>Tr\u1ed9n \u0111\u1ec1u &#8211; kh\u00f4ng lo v\u00f3n c\u1ee5c<\/h3>\n<p>Th\u00f9ng tr\u1ed9n thi\u1ebft k\u1ebf n\u1eb1m ngang, b\u00ean trong l\u00f2ng tr\u1ed9n l\u00e1ng m\u1ecbn, \u00edt b\u00e1m d\u00ednh d\u1ec5 v\u1ec7 sinh<\/p>\n<p><img loading=\"lazy\" decoding=\"async\" class=\"aligncenter wp-image-10732 size-full\" src=\"https:\/\/congtybinhminh.com\/wp-content\/uploads\/2025\/05\/thung-tron_result222-1.webp\" alt=\"thung-tron_result222\" width=\"800\" height=\"612\" srcset=\"https:\/\/congtybinhminh.com\/wp-content\/uploads\/2025\/05\/thung-tron_result222-1.webp 800w, https:\/\/congtybinhminh.com\/wp-content\/uploads\/2025\/05\/thung-tron_result222-1-523x400.webp 523w, https:\/\/congtybinhminh.com\/wp-content\/uploads\/2025\/05\/thung-tron_result222-1-768x588.webp 768w, https:\/\/congtybinhminh.com\/wp-content\/uploads\/2025\/05\/thung-tron_result222-1-510x390.webp 510w\" sizes=\"auto, (max-width: 800px) 100vw, 800px\" \/><\/p>\n<p>M\u00e1y \u0111\u01b0\u1ee3c trang b\u1ecb tr\u1ee5c \u0111\u1ea3o xo\u1eafn kh\u00e9p xoay \u0111\u1ec1u 2 chi\u1ec1u<\/p>\n<p><img loading=\"lazy\" decoding=\"async\" class=\"aligncenter wp-image-10733 size-full\" src=\"https:\/\/congtybinhminh.com\/wp-content\/uploads\/2025\/05\/thung-tron-bot-150kg_result222.webp\" alt=\"thung-tron-bot-150kg_result222\" width=\"800\" height=\"612\" srcset=\"https:\/\/congtybinhminh.com\/wp-content\/uploads\/2025\/05\/thung-tron-bot-150kg_result222.webp 800w, https:\/\/congtybinhminh.com\/wp-content\/uploads\/2025\/05\/thung-tron-bot-150kg_result222-523x400.webp 523w, https:\/\/congtybinhminh.com\/wp-content\/uploads\/2025\/05\/thung-tron-bot-150kg_result222-768x588.webp 768w, https:\/\/congtybinhminh.com\/wp-content\/uploads\/2025\/05\/thung-tron-bot-150kg_result222-510x390.webp 510w\" sizes=\"auto, (max-width: 800px) 100vw, 800px\" \/><\/p>\n<p>Gi\u00fap \u0111\u1ea3o tr\u1ed9n \u0111\u1ec1u nguy\u00ean li\u1ec7u theo v\u00f2ng xo\u1eafn tr\u00f2n kh\u00f4ng l\u00e0m n\u00e1t nguy\u00ean li\u1ec7u m\u00e0 v\u1eabn \u0111\u1ea3m b\u1ea3o \u0111\u1ed9 t\u01a1i x\u1ed1p c\u1ea7n thi\u1ebft<\/p>\n<h3>B\u00ean tr\u00ean th\u00f9ng c\u00f3 n\u1eafp \u0111\u1eady, kh\u00f4ng l\u00e0m b\u1eafn nguy\u00ean li\u1ec7u ra ngo\u00e0i<\/h3>\n<p>Ngo\u00e0i ra, tr\u00ean n\u1eafp th\u00f9ng thi\u1ebft k\u1ebf ng\u0103n s\u00e0ng l\u1ed7, thu\u1eadn ti\u1ec7n cho ng\u01b0\u1eddi d\u00f9ng ti\u1ebfp th\u00eam n\u01b0\u1edbc v\u00e0o tr\u1ed9n m\u00e0 kh\u00f4ng m\u1edf n\u1eafp th\u00f9ng<\/p>\n<p><img loading=\"lazy\" decoding=\"async\" class=\"aligncenter wp-image-10734 size-full\" src=\"https:\/\/congtybinhminh.com\/wp-content\/uploads\/2025\/05\/may-tron-bot-cam-150kg_result222.webp\" alt=\"may-tron-bot-cam-150kg_result222\" width=\"820\" height=\"528\" srcset=\"https:\/\/congtybinhminh.com\/wp-content\/uploads\/2025\/05\/may-tron-bot-cam-150kg_result222.webp 820w, https:\/\/congtybinhminh.com\/wp-content\/uploads\/2025\/05\/may-tron-bot-cam-150kg_result222-621x400.webp 621w, https:\/\/congtybinhminh.com\/wp-content\/uploads\/2025\/05\/may-tron-bot-cam-150kg_result222-768x495.webp 768w, https:\/\/congtybinhminh.com\/wp-content\/uploads\/2025\/05\/may-tron-bot-cam-150kg_result222-510x328.webp 510w\" sizes=\"auto, (max-width: 820px) 100vw, 820px\" \/><\/p>\n<p>Th\u00e0nh ph\u1ea9m tr\u1ed9n \u0111\u01b0\u1ee3c x\u1ea3 th\u1eb3ng tr\u1ef1c ti\u1ebfp d\u01b0\u1edbi \u0111\u00e1y th\u00f9ng. tr\u01b0\u1edbc c\u1eeda x\u1ea3 c\u00f3 n\u1eafp ch\u1eafn thu\u1eadn ti\u1ec7n cho ng\u01b0\u1eddi d\u00f9ng \u0111i\u1ec1u ch\u1ec9nh:<\/p>\n<p><img loading=\"lazy\" decoding=\"async\" class=\"aligncenter wp-image-10736 size-full\" src=\"https:\/\/congtybinhminh.com\/wp-content\/uploads\/2025\/05\/cua-xa-may-tron-1jpg_result222.webp\" alt=\"cua-xa-may-tron-1jpg_result222\" width=\"800\" height=\"640\" srcset=\"https:\/\/congtybinhminh.com\/wp-content\/uploads\/2025\/05\/cua-xa-may-tron-1jpg_result222.webp 800w, https:\/\/congtybinhminh.com\/wp-content\/uploads\/2025\/05\/cua-xa-may-tron-1jpg_result222-500x400.webp 500w, https:\/\/congtybinhminh.com\/wp-content\/uploads\/2025\/05\/cua-xa-may-tron-1jpg_result222-768x614.webp 768w, https:\/\/congtybinhminh.com\/wp-content\/uploads\/2025\/05\/cua-xa-may-tron-1jpg_result222-510x408.webp 510w\" sizes=\"auto, (max-width: 800px) 100vw, 800px\" \/><\/p>\n<ul>\n<li>Xoay tay n\u1eafm xu\u1ed1ng d\u01b0\u1edbi: m\u1edf n\u1eafp ch\u1eafn thu th\u00e0nh ph\u1ea9m<\/li>\n<li>Xoay tay n\u1eafm l\u00ean tr\u00ean: \u0111\u00f3ng n\u1eafp ch\u1eafn<\/li>\n<\/ul>\n<h3>N\u0103ng su\u1ea5t l\u1edbn &#8211; ph\u00f9 h\u1ee3p \u0111a d\u1ea1ng h\u1ed9 ch\u0103n nu\u00f4i<\/h3>\n<ul>\n<li>C\u00e1m s\u1ea1ch &#8211; \u0111\u1ec1u &#8211; d\u1ec5 ti\u00eau h\u00f3a &#8211; gi\u1ea3m t\u1ef7 l\u1ec7 hao h\u1ee5t, v\u1eadt nu\u00f4i \u00edt b\u1ec7nh<\/li>\n<li>Ch\u1ee7 \u0111\u1ed9ng \u0111\u01b0\u1ee3c ngu\u1ed3n c\u00e1m &#8211; kh\u00f4ng lo c\u00e1m t\u0103ng gi\u00e1, kh\u00f4ng ph\u1ee5 thu\u1ed9c v\u00e0o \u0111\u1ecba l\u00fd<\/li>\n<li>Ti\u1ebft ki\u1ec7m chi ph\u00ed d\u00e0i l\u00e2u &#8211; t\u0103ng l\u1ee3i nhu\u1eadn, m\u1edf r\u1ed9ng quy m\u00f4 ch\u0103n nu\u00f4i d\u1ec5 d\u00e0ng<\/li>\n<\/ul>\n<h2>\u0110\u1ecba ch\u1ec9 b\u00e1n m\u00e1y tr\u1ed9n gi\u00e1 g\u1ed1c t\u1ea1i x\u01b0\u1edfng<\/h2>\n<p>\u0110\u1ec3 \u0111\u1eb7t mua h\u00e0ng ch\u00ednh h\u00e3ng, b\u00e0 con c\u00f3 th\u1ec3 \u0111\u1ebfn tr\u1ee5 s\u1edf g\u1ea7n nh\u1ea5t c\u1ee7a c\u00f4ng ty \u0111\u1ec3 xem v\u00e0 \u0111\u1eb7t mua h\u00e0ng:<\/p>\n<ul>\n<li>Tr\u1ee5 s\u1edf ch\u00ednh: p. L\u00ea L\u1ee3i &#8211; Tx S\u01a1n T\u00e2y &#8211; H\u00e0 N\u1ed9i<\/li>\n<li>Chi nh\u00e1nh mi\u1ec1n Nam: x\u00e3 T\u00e2n Ki\u00ean &#8211; H. B\u00ecnh Ch\u00e1nh &#8211; Tp H\u1ed3 Ch\u00ed Minh<\/li>\n<\/ul>\n<p><img loading=\"lazy\" decoding=\"async\" class=\"aligncenter wp-image-10737 size-full\" src=\"https:\/\/congtybinhminh.com\/wp-content\/uploads\/2025\/05\/dia-chi-ban-may-tron_result222.webp\" alt=\"dia-chi-ban-may-tron_result222\" width=\"800\" height=\"1251\" srcset=\"https:\/\/congtybinhminh.com\/wp-content\/uploads\/2025\/05\/dia-chi-ban-may-tron_result222.webp 800w, https:\/\/congtybinhminh.com\/wp-content\/uploads\/2025\/05\/dia-chi-ban-may-tron_result222-256x400.webp 256w, https:\/\/congtybinhminh.com\/wp-content\/uploads\/2025\/05\/dia-chi-ban-may-tron_result222-512x800.webp 512w, https:\/\/congtybinhminh.com\/wp-content\/uploads\/2025\/05\/dia-chi-ban-may-tron_result222-768x1201.webp 768w, https:\/\/congtybinhminh.com\/wp-content\/uploads\/2025\/05\/dia-chi-ban-may-tron_result222-510x798.webp 510w\" sizes=\"auto, (max-width: 800px) 100vw, 800px\" \/><\/p>\n<p>Khi \u0111\u1ebfn \u0111\u00e2y, b\u00e0 con s\u1ebd \u0111\u01b0\u1ee3c th\u1eed nghi\u1ec7m v\u1eadn h\u00e0nh m\u00e1y d\u01b0\u1edbi s\u1ef1 h\u01b0\u1edbng d\u1eabn c\u1ee7a \u0111\u1ed9i ng\u0169 k\u1ef9 thu\u1eadt<\/p>\n<p>\u0110\u1ed1i v\u1edbi b\u00e0 con \u1edf xa, c\u00f3 li\u00ean h\u1ec7 t\u1edbi s\u1ed1 \u0111i\u1ec7n tho\u1ea1i Hotline tr\u00ean website ho\u1eb7c \u0111\u1ec3 l\u1ea1i l\u1eddi nh\u1eafn \u0111\u1ed9i ng\u0169 t\u01b0 v\u1ea5n s\u1ebd li\u00ean h\u1ec7 b\u00e0 con trong th\u1eddi gian s\u1edbm nh\u1ea5t<\/p>\n<p><strong>Th\u00f4ng s\u1ed1 k\u1ef9 thu\u1eadt<\/strong><\/p>\n<table border=\"1\" cellspacing=\"1\" cellpadding=\"1\">\n<tbody>\n<tr>\n<td colspan=\"1\" rowspan=\"3\">\u0110\u1ed9ng c\u01a1<\/td>\n<td>C\u00f4ng su\u1ea5t \u0111\u1ed9ng c\u01a1<\/td>\n<td>5.5kw<\/td>\n<\/tr>\n<tr>\n<td>Ngu\u1ed3n \u0111i\u1ec7n<\/td>\n<td>380V<\/td>\n<\/tr>\n<tr>\n<td>T\u1ed1c \u0111\u1ed9<\/td>\n<td>1450 v\/p<\/td>\n<\/tr>\n<tr>\n<td colspan=\"1\" rowspan=\"2\">B\u1ea3o h\u00e0nh<\/td>\n<td>K\u1ef9 thu\u1eadt<\/td>\n<td>12 th\u00e1ng<\/td>\n<\/tr>\n<tr>\n<td>\u0110\u1ed9ng c\u01a1<\/td>\n<td>Theo t\u1eebng h\u00e3ng s\u1ea3n xu\u1ea5t<\/td>\n<\/tr>\n<tr>\n<td>N\u0103ng su\u1ea5t<\/td>\n<td colspan=\"2\" rowspan=\"1\">\u00a0100 \u2013 150kg\/m\u1ebb<\/td>\n<\/tr>\n<tr>\n<td>K\u00edch th\u01b0\u1edbc (d*c*r)<\/td>\n<td colspan=\"2\" rowspan=\"1\">167*161*107 cm<\/td>\n<\/tr>\n<tr>\n<td>H\u00ecnh th\u1ee9c thanh to\u00e1n<\/td>\n<td colspan=\"2\" rowspan=\"1\">Ti\u1ec1n m\u1eb7t ho\u1eb7c chuy\u1ec3n kho\u1ea3n<\/td>\n<\/tr>\n<\/tbody>\n<\/table>\n","protected":false},"excerpt":{"rendered":"<ul>\n<li><strong>H\u00e3ng s\u1ea3n xu\u1ea5t:\u00a0<\/strong>B\u00ecnh Minh<\/li>\n<li><strong>C\u00f4ng su\u1ea5t \u0111\u1ed9ng c\u01a1<\/strong>; 5,5kw<\/li>\n<li><strong>Ngu\u1ed3n \u0111i\u1ec7n:<\/strong>\u00a0380V<\/li>\n<li><strong>T\u1ed1c \u0111\u1ed9;\u00a0<\/strong>1450 v\u00f2ng\/ph\u00fat<\/li>\n<li><strong>N\u0103ng su\u1ea5t:<\/strong>\u00a0100 \u2013 150 kg\/m\u1ebb<\/li>\n<li><strong>K\u00edch th\u01b0\u1edbc (d*c*r)<\/strong>: 167*161*107 cm<\/li>\n<li><strong>T\u00ednh n\u0103ng:<\/strong>\u00a0tr\u1ed9n c\u00e1c lo\u1ea1i nguy\u00ean li\u1ec7u d\u1ea1ng b\u1ed9t kh\u00f4, b\u1ed9t \u1ea9m..<\/li>\n<\/ul>\n","protected":false},"featured_media":10738,"comment_status":"open","ping_status":"closed","template":"","meta":[],"product_brand":[],"product_cat":[98],"product_tag":[],"class_list":{"0":"post-10729","1":"product","2":"type-product","3":"status-publish","4":"has-post-thumbnail","6":"product_cat-may-tron","8":"first","9":"instock","10":"shipping-taxable","11":"product-type-simple"},"_links":{"self":[{"href":"https:\/\/congtybinhminh.com\/index.php?rest_route=\/wp\/v2\/product\/10729","targetHints":{"allow":["GET"]}}],"collection":[{"href":"https:\/\/congtybinhminh.com\/index.php?rest_route=\/wp\/v2\/product"}],"about":[{"href":"https:\/\/congtybinhminh.com\/index.php?rest_route=\/wp\/v2\/types\/product"}],"replies":[{"embeddable":true,"href":"https:\/\/congtybinhminh.com\/index.php?rest_route=%2Fwp%2Fv2%2Fcomments&post=10729"}],"wp:featuredmedia":[{"embeddable":true,"href":"https:\/\/congtybinhminh.com\/index.php?rest_route=\/wp\/v2\/media\/10738"}],"wp:attachment":[{"href":"https:\/\/congtybinhminh.com\/index.php?rest_route=%2Fwp%2Fv2%2Fmedia&parent=10729"}],"wp:term":[{"taxonomy":"product_brand","embeddable":true,"href":"https:\/\/congtybinhminh.com\/index.php?rest_route=%2Fwp%2Fv2%2Fproduct_brand&post=10729"},{"taxonomy":"product_cat","embeddable":true,"href":"https:\/\/congtybinhminh.com\/index.php?rest_route=%2Fwp%2Fv2%2Fproduct_cat&post=10729"},{"taxonomy":"product_tag","embeddable":true,"href":"https:\/\/congtybinhminh.com\/index.php?rest_route=%2Fwp%2Fv2%2Fproduct_tag&post=10729"}],"curies":[{"name":"wp","href":"https:\/\/api.w.org\/{rel}","templated":true}]}}