{"id":10715,"date":"2025-05-22T16:20:21","date_gmt":"2025-05-22T09:20:21","guid":{"rendered":"https:\/\/congtybinhminh.com\/?post_type=product&#038;p=10715"},"modified":"2025-05-22T16:20:22","modified_gmt":"2025-05-22T09:20:22","slug":"may-bam-xo-dua-b450-inox","status":"publish","type":"product","link":"https:\/\/congtybinhminh.com\/?product=may-bam-xo-dua-b450-inox","title":{"rendered":"M\u00e1y b\u0103m x\u01a1 d\u1eeba B450 inox"},"content":{"rendered":"<h2>Gi\u1edbi thi\u1ec7u m\u00e1y b\u0103m x\u01a1 d\u1eeba B450 inox<\/h2>\n<p>M\u00e1y b\u0103m x\u01a1 d\u1eeba B450 inox phi\u00ean b\u1ea3n m\u1edbi do c\u00f4ng ty B\u00ecnh Minh s\u1ea3n xu\u1ea5t &#8211; gi\u1ea3i ph\u00e1p ho\u00e0n h\u1ea3o cho nh\u1eefng ai mu\u1ed1n t\u1ed1i \u01b0u h\u00f3a qu\u00e1 tr\u00ecnh ch\u1ebf bi\u1ebfn<\/p>\n<p><img loading=\"lazy\" decoding=\"async\" class=\"aligncenter wp-image-10722 size-full\" src=\"https:\/\/congtybinhminh.com\/wp-content\/uploads\/2025\/05\/may-bam-xo-dua-b450-inox-3-pha-binh-minh_result222.webp\" alt=\"may-bam-xo-dua-b450-inox-3-pha-binh-minh_result222\" width=\"800\" height=\"1078\" srcset=\"https:\/\/congtybinhminh.com\/wp-content\/uploads\/2025\/05\/may-bam-xo-dua-b450-inox-3-pha-binh-minh_result222.webp 800w, https:\/\/congtybinhminh.com\/wp-content\/uploads\/2025\/05\/may-bam-xo-dua-b450-inox-3-pha-binh-minh_result222-297x400.webp 297w, https:\/\/congtybinhminh.com\/wp-content\/uploads\/2025\/05\/may-bam-xo-dua-b450-inox-3-pha-binh-minh_result222-594x800.webp 594w, https:\/\/congtybinhminh.com\/wp-content\/uploads\/2025\/05\/may-bam-xo-dua-b450-inox-3-pha-binh-minh_result222-768x1035.webp 768w, https:\/\/congtybinhminh.com\/wp-content\/uploads\/2025\/05\/may-bam-xo-dua-b450-inox-3-pha-binh-minh_result222-510x687.webp 510w\" sizes=\"auto, (max-width: 800px) 100vw, 800px\" \/><\/p>\n<p>S\u1eed d\u1ee5ng \u0111\u1ed9ng c\u01a1 15kw ngu\u1ed3n \u0111i\u1ec7n 380V m\u00e1y c\u00f3 kh\u1ea3 n\u0103ng b\u0103m nh\u1ecf l\u00e1 kh\u00f4, d\u01b0\u1ee3c li\u1ec7u v\u00e0 c\u00e1c lo\u1ea1i ph\u1ee5 ph\u1ea9m n\u00f4ng nghi\u1ec7p m\u1ed9t c\u00e1ch nhanh ch\u00f3ng<\/p>\n<p>\u0110\u00e2y ch\u1eafc ch\u1eafn s\u1ebd l\u00e0 c\u00f4ng c\u1ee5 kh\u00f4ng th\u1ec3 thi\u1ebfu trong qu\u00e1 tr\u00ecnh s\u1ea3n xu\u1ea5t c\u1ee7a b\u1ea1n<\/p>\n<h2>C\u1ea5u t\u1ea1o m\u00e1y b\u0103m x\u01a1 d\u1eeba b450 inox<\/h2>\n<h3>Khung m\u00e1y ch\u1eafc ch\u1eafn<\/h3>\n<p>Thu\u1ed9c d\u00f2ng m\u00e1y c\u00f4ng nghi\u1ec7p, m\u00e1y b\u0103m x\u01a1 d\u1eeba b450 l\u00e0m b\u1eb1ng ch\u1ea5t li\u1ec7u inox cao c\u1ea5p \u0111\u1ed9 b\u1ec1n cao.<\/p>\n<p><img loading=\"lazy\" decoding=\"async\" class=\"aligncenter wp-image-10723 size-full\" src=\"https:\/\/congtybinhminh.com\/wp-content\/uploads\/2025\/05\/cau-tao-may-bam-xo-dua-b450_result222.webp\" alt=\"cau-tao-may-bam-xo-dua-b450_result222\" width=\"800\" height=\"644\" srcset=\"https:\/\/congtybinhminh.com\/wp-content\/uploads\/2025\/05\/cau-tao-may-bam-xo-dua-b450_result222.webp 800w, https:\/\/congtybinhminh.com\/wp-content\/uploads\/2025\/05\/cau-tao-may-bam-xo-dua-b450_result222-497x400.webp 497w, https:\/\/congtybinhminh.com\/wp-content\/uploads\/2025\/05\/cau-tao-may-bam-xo-dua-b450_result222-768x618.webp 768w, https:\/\/congtybinhminh.com\/wp-content\/uploads\/2025\/05\/cau-tao-may-bam-xo-dua-b450_result222-510x411.webp 510w\" sizes=\"auto, (max-width: 800px) 100vw, 800px\" \/><\/p>\n<p>C\u1ea5u t\u1ea1o m\u00e1y g\u1ed3m 5 ph\u1ea7n ch\u00ednh: toa n\u1ea1p, bu\u1ed3ng b\u0103m, c\u1eeda x\u1ea3, \u0111\u1ed9ng c\u01a1 v\u00e0 ch\u00e2n m\u00e1y<\/p>\n<h3>Toa n\u1ea1p nguy\u00ean li\u1ec7u<\/h3>\n<p>Ph\u1ea7n toa n\u1ea1p \u0111\u01b0\u1ee3c thi\u1ebft k\u1ebf d\u1ea1ng m\u00e1ng d\u00e0i gi\u00fap nguy\u00ean li\u1ec7u \u0111\u01b0a s\u00e2u v\u00e0o bu\u1ed3ng b\u0103m tr\u01b0\u1edbc khi ti\u1ebfp x\u00fac v\u1edbi l\u01b0\u1ee1i dao<\/p>\n<p><img loading=\"lazy\" decoding=\"async\" class=\"aligncenter wp-image-10724 size-full\" src=\"https:\/\/congtybinhminh.com\/wp-content\/uploads\/2025\/05\/may-bam-xo-dua-cong-nghiep-inox_result222.webp\" alt=\"may-bam-xo-dua-cong-nghiep-inox_result222\" width=\"800\" height=\"600\" srcset=\"https:\/\/congtybinhminh.com\/wp-content\/uploads\/2025\/05\/may-bam-xo-dua-cong-nghiep-inox_result222.webp 800w, https:\/\/congtybinhminh.com\/wp-content\/uploads\/2025\/05\/may-bam-xo-dua-cong-nghiep-inox_result222-533x400.webp 533w, https:\/\/congtybinhminh.com\/wp-content\/uploads\/2025\/05\/may-bam-xo-dua-cong-nghiep-inox_result222-768x576.webp 768w, https:\/\/congtybinhminh.com\/wp-content\/uploads\/2025\/05\/may-bam-xo-dua-cong-nghiep-inox_result222-510x383.webp 510w\" sizes=\"auto, (max-width: 800px) 100vw, 800px\" \/><\/p>\n<p>\u0110i\u1ec1u n\u00e0y gi\u1ea3m thi\u1ec3u t\u00ecnh tr\u1ea1ng b\u1eafn ng\u01b0\u1ee3c nguy\u00ean li\u1ec7u hay m\u1ea3nh v\u1ee5n ra ngo\u00e0i, \u0111\u1ea3m b\u1ea3o an to\u00e0n t\u1ed1i \u0111a cho ng\u01b0\u1eddi s\u1eed d\u1ee5ng<\/p>\n<h3>Bu\u1ed3ng l\u00e0m vi\u1ec7c<\/h3>\n<p>H\u1ec7 th\u1ed1ng bu\u1ed3ng l\u00e0m vi\u1ec7c thi\u1ebft k\u1ebf g\u1ed3m:<\/p>\n<ul>\n<li>4 dao k\u00ea g\u1eafn c\u1ed1 \u0111\u1ecbnh 2 b\u00ean th\u00e0nh m\u00e1y<\/li>\n<li>6 dao b\u0103m ch\u00ednh g\u1eafn tr\u00ean tr\u1ee5c quay b\u0103m nh\u1ecf nguy\u00ean li\u1ec7u \u0111\u1ebfn khi v\u1eeba v\u1edbi l\u1ed7 s\u00e0ng l\u1eafp b\u00ean d\u01b0\u1edbi v\u00e0 tho\u00e1t ra ngo\u00e0i<\/li>\n<\/ul>\n<p><img loading=\"lazy\" decoding=\"async\" class=\"aligncenter wp-image-10725 size-full\" src=\"https:\/\/congtybinhminh.com\/wp-content\/uploads\/2025\/05\/dao-bam-xo-dua_result222.webp\" alt=\"dao-bam-xo-dua_result222\" width=\"800\" height=\"1481\" srcset=\"https:\/\/congtybinhminh.com\/wp-content\/uploads\/2025\/05\/dao-bam-xo-dua_result222.webp 800w, https:\/\/congtybinhminh.com\/wp-content\/uploads\/2025\/05\/dao-bam-xo-dua_result222-216x400.webp 216w, https:\/\/congtybinhminh.com\/wp-content\/uploads\/2025\/05\/dao-bam-xo-dua_result222-432x800.webp 432w, https:\/\/congtybinhminh.com\/wp-content\/uploads\/2025\/05\/dao-bam-xo-dua_result222-768x1422.webp 768w, https:\/\/congtybinhminh.com\/wp-content\/uploads\/2025\/05\/dao-bam-xo-dua_result222-510x944.webp 510w\" sizes=\"auto, (max-width: 800px) 100vw, 800px\" \/><\/p>\n<p>M\u1eb7t s\u00e0ng bi\u00ean \u0111\u1ed9 cong n\u1eb1m d\u01b0\u1edbi h\u1ec7 th\u1ed1ng dao. V\u1edbi thi\u1ebft k\u1ebf m\u1edbi, ng\u01b0\u1eddi d\u00f9ng c\u00f3 th\u1ec3 ch\u1ee7 \u0111\u1ed9ng th\u00e1o l\u1eafp s\u00e0ng tr\u1ef1c ti\u1ebfp ngay b\u00ean ngo\u00e0i m\u00e0 kh\u00f4ng ph\u1ea3i m\u1edf bu\u1ed3ng b\u0103m<\/p>\n<p><img loading=\"lazy\" decoding=\"async\" class=\"aligncenter wp-image-10727 size-full\" src=\"https:\/\/congtybinhminh.com\/wp-content\/uploads\/2025\/05\/mat-sang-may-bam-xo-dua_result222.webp\" alt=\"mat-sang-may-bam-xo-dua_result222\" width=\"800\" height=\"600\" srcset=\"https:\/\/congtybinhminh.com\/wp-content\/uploads\/2025\/05\/mat-sang-may-bam-xo-dua_result222.webp 800w, https:\/\/congtybinhminh.com\/wp-content\/uploads\/2025\/05\/mat-sang-may-bam-xo-dua_result222-533x400.webp 533w, https:\/\/congtybinhminh.com\/wp-content\/uploads\/2025\/05\/mat-sang-may-bam-xo-dua_result222-768x576.webp 768w, https:\/\/congtybinhminh.com\/wp-content\/uploads\/2025\/05\/mat-sang-may-bam-xo-dua_result222-510x383.webp 510w\" sizes=\"auto, (max-width: 800px) 100vw, 800px\" \/><\/p>\n<p>M\u00e1y c\u00f3 \u0111a d\u1ea1ng k\u00edch c\u1ee1 m\u1eb7t s\u00e0ng ly to &#8211; nh\u1ecf cho ra th\u00e0nh ph\u1ea9m t\u01b0\u01a1ng \u1ee9ng ( v\u00ed d\u1ee5: 10ly; 14ly v\u00e0 20ly) li\u00ean h\u1ec7 ngay \u0111\u1ed9i ng\u0169 t\u01b0 v\u1ea5n b\u00e1n h\u00e0ng \u0111\u1ec3 \u0111\u01b0\u1ee3c t\u01b0 v\u1ea5n<\/p>\n<h3>C\u1eeda x\u1ea3 th\u00e0nh ph\u1ea9m<\/h3>\n<p>\u0110\u01b0\u1ee3c thi\u1ebft k\u1ebf bu\u00f4ng th\u1eb3ng t\u1eeb bu\u1ed3ng l\u00e0m vi\u1ec7c xu\u1ed1ng, gi\u00fap th\u00e0nh ph\u1ea9m d\u1ec5 d\u00e0ng di chuy\u1ec3n ra b\u00ean ngo\u00e0i m\u00e0 kh\u00f4ng lo b\u1ecb t\u1eafc ngh\u1ebdn<\/p>\n<p><img loading=\"lazy\" decoding=\"async\" class=\"aligncenter wp-image-10726 size-full\" src=\"https:\/\/congtybinhminh.com\/wp-content\/uploads\/2025\/05\/cua-xa-thanh-pham_result222-1.webp\" alt=\"cua-xa-thanh-pham_result222\" width=\"800\" height=\"600\" srcset=\"https:\/\/congtybinhminh.com\/wp-content\/uploads\/2025\/05\/cua-xa-thanh-pham_result222-1.webp 800w, https:\/\/congtybinhminh.com\/wp-content\/uploads\/2025\/05\/cua-xa-thanh-pham_result222-1-533x400.webp 533w, https:\/\/congtybinhminh.com\/wp-content\/uploads\/2025\/05\/cua-xa-thanh-pham_result222-1-768x576.webp 768w, https:\/\/congtybinhminh.com\/wp-content\/uploads\/2025\/05\/cua-xa-thanh-pham_result222-1-510x383.webp 510w\" sizes=\"auto, (max-width: 800px) 100vw, 800px\" \/><\/p>\n<p>M\u00e1y b\u0103m x\u01a1 d\u1eeba 3 pha s\u1eed d\u1ee5ng \u0111\u1ed9ng c\u01a1 15kw motor l\u00f5i d\u00e2y \u0111\u1ed3ng 100% cho n\u0103ng su\u1ea5t cao, th\u00edch h\u1ee3p s\u1eed d\u1ee5ng t\u1ea1i c\u00e1c h\u1ed9 gia \u0111\u00ecnh, c\u01a1 s\u1edf s\u1ea3n xu\u1ea5t quy m\u00f4 v\u1eeba v\u00e0 l\u1edbn<\/p>\n<p><img loading=\"lazy\" decoding=\"async\" class=\"aligncenter wp-image-10728 size-full\" src=\"https:\/\/congtybinhminh.com\/wp-content\/uploads\/2025\/05\/may-bam-xo-dua-b450-inox-3-pha_result222-1.webp\" alt=\"may-bam-xo-dua-b450-inox-3-pha_result222\" width=\"800\" height=\"1287\" srcset=\"https:\/\/congtybinhminh.com\/wp-content\/uploads\/2025\/05\/may-bam-xo-dua-b450-inox-3-pha_result222-1.webp 800w, https:\/\/congtybinhminh.com\/wp-content\/uploads\/2025\/05\/may-bam-xo-dua-b450-inox-3-pha_result222-1-249x400.webp 249w, https:\/\/congtybinhminh.com\/wp-content\/uploads\/2025\/05\/may-bam-xo-dua-b450-inox-3-pha_result222-1-497x800.webp 497w, https:\/\/congtybinhminh.com\/wp-content\/uploads\/2025\/05\/may-bam-xo-dua-b450-inox-3-pha_result222-1-768x1236.webp 768w, https:\/\/congtybinhminh.com\/wp-content\/uploads\/2025\/05\/may-bam-xo-dua-b450-inox-3-pha_result222-1-510x820.webp 510w\" sizes=\"auto, (max-width: 800px) 100vw, 800px\" \/><\/p>\n<h2>\u0110\u1ecba ch\u1ec9 mua m\u00e1y b\u0103m x\u01a1 d\u1eeba gi\u00e1 g\u1ed1c t\u1ea1i x\u01b0\u1edfng<\/h2>\n<p>\u0110\u1ec3 \u0111\u1eb7t mua h\u00e0ng ch\u00ednh h\u00e3ng, b\u00e0 con c\u00f3 th\u1ec3 \u0111\u1ebfn tr\u1ee5 s\u1edf g\u1ea7n nh\u1ea5t c\u1ee7a c\u00f4ng ty \u0111\u1ec3 xem v\u00e0 \u0111\u1eb7t mua h\u00e0ng:<\/p>\n<ul>\n<li>Tr\u1ee5 s\u1edf ch\u00ednh: p.L\u00ea L\u1ee3i &#8211; Tx S\u01a1n T\u00e2y &#8211; H\u00e0 N\u1ed9i<\/li>\n<li>Chi nh\u00e1nh mi\u1ec1n Nam: x\u00e3 T\u00e2n Ki\u00ean &#8211; H. B\u00ecnh Ch\u00e1nh &#8211; Tp H\u1ed3 Ch\u00ed Minh<\/li>\n<\/ul>\n<p>Khi \u0111\u1ebfn \u0111\u00e2y, b\u00e0 con s\u1ebd \u0111\u01b0\u1ee3c th\u1eed nghi\u1ec7m v\u1eadn h\u00e0nh m\u00e1y d\u01b0\u1edbi s\u1ef1 h\u01b0\u1edbng d\u1eabn c\u1ee7a \u0111\u1ed9i ng\u0169 k\u1ef9 thu\u1eadt<\/p>\n<p>\u0110\u1ed1i v\u1edbi b\u00e0 con \u1edf xa, c\u00f3 th\u1ec3 li\u00ean h\u1ec7 t\u1edbi s\u1ed1 \u0111i\u1ec7n tho\u1ea1i tr\u00ean website ho\u1eb7c \u0111\u1ec3 l\u1ea1i l\u1eddi nh\u1eafn \u0111\u1ed9i ng\u0169 t\u01b0 v\u1ea5n s\u1ebd li\u00ean h\u1ec7 b\u00e0 con trong th\u1eddi gian s\u1edbm nh\u1ea5t<\/p>\n<p>Th\u00f4ng s\u1ed1 k\u1ef9 thu\u1eadt<\/p>\n<table border=\"1\" cellspacing=\"1\" cellpadding=\"1\">\n<tbody>\n<tr>\n<td colspan=\"1\" rowspan=\"3\">\u0110\u1ed9ng c\u01a1<\/td>\n<td>C\u00f4ng su\u1ea5t \u0111\u1ed9ng c\u01a1<\/td>\n<td>15kw<\/td>\n<\/tr>\n<tr>\n<td>Ngu\u1ed3n \u0111i\u1ec7n<\/td>\n<td>380V<\/td>\n<\/tr>\n<tr>\n<td>T\u1ed1c \u0111\u1ed9 m\u00e1y<\/td>\n<td>1450 v\/p<\/td>\n<\/tr>\n<tr>\n<td colspan=\"1\" rowspan=\"2\">B\u1ea3o h\u00e0nh<\/td>\n<td>K\u1ef9 thu\u1eadt<\/td>\n<td>12 th\u00e1ng<\/td>\n<\/tr>\n<tr>\n<td>\u0110\u1ed9ng c\u01a1<\/td>\n<td>Theo t\u1eebng h\u00e3ng s\u1ea3n xu\u1ea5t<\/td>\n<\/tr>\n<tr>\n<td>N\u0103ng su\u1ea5t<\/td>\n<td colspan=\"2\" rowspan=\"1\">\u00a0kg\/gi\u1edd<\/td>\n<\/tr>\n<tr>\n<td>K\u00edch th\u01b0\u1edbc (d*c*r)<\/td>\n<td colspan=\"2\" rowspan=\"1\">\u00a0132*170*100 cm<\/td>\n<\/tr>\n<tr>\n<td>H\u00ecnh th\u1ee9c thanh to\u00e1n<\/td>\n<td colspan=\"2\" rowspan=\"1\">Ti\u1ec1n m\u1eb7t ho\u1eb7c chuy\u1ec3n kho\u1ea3n<\/td>\n<\/tr>\n<\/tbody>\n<\/table>\n<p>&nbsp;<\/p>\n","protected":false},"excerpt":{"rendered":"<ul>\n<li><strong>H\u00e3ng s\u1ea3n xu\u1ea5t:\u00a0<\/strong>B\u00ecnh Minh<\/li>\n<li><strong>C\u00f4ng su\u1ea5t \u0111\u1ed9ng c\u01a1:<\/strong>\u00a015kw<\/li>\n<li><strong>Ngu\u1ed3n \u0111i\u1ec7n:<\/strong>\u00a03 pha<\/li>\n<li><strong>T\u1ed1c \u0111\u1ed9:\u00a0<\/strong>1450 v\/p<\/li>\n<li><strong>K\u00edch th\u01b0\u1edbc (d*c*r):<\/strong>\u00a0132*170*100 cm<\/li>\n<li><strong>T\u00ednh n\u0103ng:<\/strong>\u00a0m\u00e1y b\u0103m nh\u1ecf c\u00e1c lo\u1ea1i ph\u1ee5 ph\u1ea9m<\/li>\n<\/ul>\n","protected":false},"featured_media":10717,"comment_status":"open","ping_status":"closed","template":"","meta":[],"product_brand":[],"product_cat":[197],"product_tag":[],"class_list":{"0":"post-10715","1":"product","2":"type-product","3":"status-publish","4":"has-post-thumbnail","6":"product_cat-may-bam-xo-dua-2","8":"first","9":"instock","10":"shipping-taxable","11":"product-type-simple"},"_links":{"self":[{"href":"https:\/\/congtybinhminh.com\/index.php?rest_route=\/wp\/v2\/product\/10715","targetHints":{"allow":["GET"]}}],"collection":[{"href":"https:\/\/congtybinhminh.com\/index.php?rest_route=\/wp\/v2\/product"}],"about":[{"href":"https:\/\/congtybinhminh.com\/index.php?rest_route=\/wp\/v2\/types\/product"}],"replies":[{"embeddable":true,"href":"https:\/\/congtybinhminh.com\/index.php?rest_route=%2Fwp%2Fv2%2Fcomments&post=10715"}],"wp:featuredmedia":[{"embeddable":true,"href":"https:\/\/congtybinhminh.com\/index.php?rest_route=\/wp\/v2\/media\/10717"}],"wp:attachment":[{"href":"https:\/\/congtybinhminh.com\/index.php?rest_route=%2Fwp%2Fv2%2Fmedia&parent=10715"}],"wp:term":[{"taxonomy":"product_brand","embeddable":true,"href":"https:\/\/congtybinhminh.com\/index.php?rest_route=%2Fwp%2Fv2%2Fproduct_brand&post=10715"},{"taxonomy":"product_cat","embeddable":true,"href":"https:\/\/congtybinhminh.com\/index.php?rest_route=%2Fwp%2Fv2%2Fproduct_cat&post=10715"},{"taxonomy":"product_tag","embeddable":true,"href":"https:\/\/congtybinhminh.com\/index.php?rest_route=%2Fwp%2Fv2%2Fproduct_tag&post=10715"}],"curies":[{"name":"wp","href":"https:\/\/api.w.org\/{rel}","templated":true}]}}