{"id":10700,"date":"2025-05-22T07:31:48","date_gmt":"2025-05-22T00:31:48","guid":{"rendered":"https:\/\/congtybinhminh.com\/?post_type=product&#038;p=10700"},"modified":"2025-10-20T07:59:00","modified_gmt":"2025-10-20T00:59:00","slug":"may-bam-da-nang-inox","status":"publish","type":"product","link":"https:\/\/congtybinhminh.com\/?product=may-bam-da-nang-inox","title":{"rendered":"M\u00e1y b\u0103m \u0111a n\u0103ng inox"},"content":{"rendered":"<h2>Video ho\u1ea1t \u0111\u1ed9ng c\u1ee7a m\u00e1y<\/h2>\n<p><iframe loading=\"lazy\" title=\"M\u00e1y B\u0103m D\u01b0\u1ee3c Li\u1ec7u C\u00f3 B\u0103ng T\u1ea3i C\u1ea5p Li\u1ec7u - B\u0103m D\u01b0\u1ee3c Li\u1ec7u, Th\u1ea3o D\u01b0\u1ee3c C\u1ee9ng M\u1ec1m Th\u1ebf H\u1ec7 M\u1edbi\" width=\"1020\" height=\"574\" src=\"https:\/\/www.youtube.com\/embed\/j5-5qLvAY6I?feature=oembed\" frameborder=\"0\" allow=\"accelerometer; autoplay; clipboard-write; encrypted-media; gyroscope; picture-in-picture; web-share\" referrerpolicy=\"strict-origin-when-cross-origin\" allowfullscreen><\/iframe><\/p>\n<h2>Gi\u1edbi thi\u1ec7u m\u00e1y b\u0103m \u0111a n\u0103ng inox<\/h2>\n<p>M\u00e1y b\u0103m \u0111a n\u0103ng inox b\u0103ng t\u1ea3i do c\u00f4ng ty B\u00ecnh Minh s\u1ea3n xu\u1ea5t &#8211; tr\u1ee3 th\u1ee7 gi\u00fap h\u1ed9 gia \u0111\u00ecnh, c\u01a1 s\u1edf thu\u1ed1c nam,.. s\u01a1 ch\u1ebf chu\u1ea9n h\u00f3a l\u00e1t c\u1eaft v\u00e0 t\u1ed1i \u01b0u quy tr\u00ecnh s\u1ea3n xu\u1ea5t<\/p>\n<p><img loading=\"lazy\" decoding=\"async\" class=\"aligncenter wp-image-10706 size-full\" src=\"https:\/\/congtybinhminh.com\/wp-content\/uploads\/2025\/05\/may-bam-da-nang-inox-binh-minh_result222.webp\" alt=\"may-bam-da-nang-inox-binh-minh_result222\" width=\"800\" height=\"1078\" srcset=\"https:\/\/congtybinhminh.com\/wp-content\/uploads\/2025\/05\/may-bam-da-nang-inox-binh-minh_result222.webp 800w, https:\/\/congtybinhminh.com\/wp-content\/uploads\/2025\/05\/may-bam-da-nang-inox-binh-minh_result222-297x400.webp 297w, https:\/\/congtybinhminh.com\/wp-content\/uploads\/2025\/05\/may-bam-da-nang-inox-binh-minh_result222-594x800.webp 594w, https:\/\/congtybinhminh.com\/wp-content\/uploads\/2025\/05\/may-bam-da-nang-inox-binh-minh_result222-768x1035.webp 768w, https:\/\/congtybinhminh.com\/wp-content\/uploads\/2025\/05\/may-bam-da-nang-inox-binh-minh_result222-510x687.webp 510w\" sizes=\"auto, (max-width: 800px) 100vw, 800px\" \/><\/p>\n<ul>\n<li>Kh\u00f4ng lo m\u1ecfi tay, kh\u00f4ng lo l\u00e1t b\u0103m x\u1ea5u, kh\u00f4ng ng\u1ea1i m\u1ea5t th\u1eddi gian<\/li>\n<li>Th\u00e1i kh\u1ecfe, b\u0103m \u0111\u1ec1u ti\u1ebft ki\u1ec7m th\u1eddi gian g\u1ea5p 5-10 l\u1ea7n so v\u1edbi th\u00e1i tay<\/li>\n<\/ul>\n<p><img loading=\"lazy\" decoding=\"async\" class=\"aligncenter wp-image-10707 size-full\" src=\"https:\/\/congtybinhminh.com\/wp-content\/uploads\/2025\/05\/may-bam-duoc-lieu-1-pha_result222.webp\" alt=\"may-bam-duoc-lieu-1-pha_result222\" width=\"800\" height=\"1276\" srcset=\"https:\/\/congtybinhminh.com\/wp-content\/uploads\/2025\/05\/may-bam-duoc-lieu-1-pha_result222.webp 800w, https:\/\/congtybinhminh.com\/wp-content\/uploads\/2025\/05\/may-bam-duoc-lieu-1-pha_result222-251x400.webp 251w, https:\/\/congtybinhminh.com\/wp-content\/uploads\/2025\/05\/may-bam-duoc-lieu-1-pha_result222-502x800.webp 502w, https:\/\/congtybinhminh.com\/wp-content\/uploads\/2025\/05\/may-bam-duoc-lieu-1-pha_result222-768x1225.webp 768w, https:\/\/congtybinhminh.com\/wp-content\/uploads\/2025\/05\/may-bam-duoc-lieu-1-pha_result222-510x813.webp 510w\" sizes=\"auto, (max-width: 800px) 100vw, 800px\" \/><\/p>\n<ul>\n<li>Linh ho\u1ea1t \u0111i\u1ec1u ch\u1ec9nh \u0111\u1ed9 d\u00e0y t\u1eeb kho\u1ea3ng 3-10mm ( t\u00f9y nguy\u00ean li\u1ec7u)<\/li>\n<li>X\u1eed l\u00fd \u0111a d\u1ea1ng nguy\u00ean li\u1ec7u t\u1eeb : l\u00e1, r\u1ec5, th\u00e2n c\u00e2y thu\u1ed1c, c\u00e2y s\u1ea3..<\/li>\n<li>Ph\u00f9 h\u1ee3p v\u1edbi c\u00e1c c\u01a1 s\u1edf s\u1ea3n xauast thu\u1ed1c \u0111\u00f4ng y, tr\u00e0 th\u1ea3o m\u1ed9c, ch\u1ebf bi\u1ebfn n\u00f4ng s\u1ea3n<\/li>\n<\/ul>\n<h2>C\u1ea5u t\u1ea1o m\u00e1y b\u0103m \u0111a n\u0103ng inox<\/h2>\n<h3>Di chuy\u1ec3n linh ho\u1ea1t<\/h3>\n<p>M\u00e1y thi\u1ebft k\u1ebf nh\u1ecf g\u1ecdn d\u1ea1ng h\u00ecnh h\u1ed9p, kh\u00e9p k\u00edn, bao b\u1ecdc b\u1eb1ng l\u1edbp v\u1ecf inox cao c\u1ea5p \u0111\u1ea3m b\u1ea3o v\u1ec7 sinh an to\u00e0n th\u1ef1c ph\u1ea9m<\/p>\n<p><img loading=\"lazy\" decoding=\"async\" class=\"aligncenter wp-image-10709 size-full\" src=\"https:\/\/congtybinhminh.com\/wp-content\/uploads\/2025\/05\/may-bam-da-nang-inox-binh-minh_result222-1.webp\" alt=\"may-bam-da-nang-inox-binh-minh_result222\" width=\"800\" height=\"600\" srcset=\"https:\/\/congtybinhminh.com\/wp-content\/uploads\/2025\/05\/may-bam-da-nang-inox-binh-minh_result222-1.webp 800w, https:\/\/congtybinhminh.com\/wp-content\/uploads\/2025\/05\/may-bam-da-nang-inox-binh-minh_result222-1-533x400.webp 533w, https:\/\/congtybinhminh.com\/wp-content\/uploads\/2025\/05\/may-bam-da-nang-inox-binh-minh_result222-1-768x576.webp 768w, https:\/\/congtybinhminh.com\/wp-content\/uploads\/2025\/05\/may-bam-da-nang-inox-binh-minh_result222-1-510x383.webp 510w\" sizes=\"auto, (max-width: 800px) 100vw, 800px\" \/><\/p>\n<p>Ph\u00eda d\u01b0\u1edbi g\u1ea7m m\u00e1y l\u00e0 h\u1ec7 th\u1ed1ng 4 b\u00e1nh xe di chuy\u1ec3n linh ho\u1ea1t<\/p>\n<p><img loading=\"lazy\" decoding=\"async\" class=\"aligncenter wp-image-10708 size-full\" src=\"https:\/\/congtybinhminh.com\/wp-content\/uploads\/2025\/05\/banh-xe-may-bam_result222.webp\" alt=\"banh-xe-may-bam_result222\" width=\"800\" height=\"408\" srcset=\"https:\/\/congtybinhminh.com\/wp-content\/uploads\/2025\/05\/banh-xe-may-bam_result222.webp 800w, https:\/\/congtybinhminh.com\/wp-content\/uploads\/2025\/05\/banh-xe-may-bam_result222-784x400.webp 784w, https:\/\/congtybinhminh.com\/wp-content\/uploads\/2025\/05\/banh-xe-may-bam_result222-768x392.webp 768w, https:\/\/congtybinhminh.com\/wp-content\/uploads\/2025\/05\/banh-xe-may-bam_result222-510x260.webp 510w\" sizes=\"auto, (max-width: 800px) 100vw, 800px\" \/><\/p>\n<p>Th\u00eam 2 ch\u00e2n b\u1ec7 c\u1ed1 \u0111\u1ecbnh ph\u00eda tr\u01b0\u1edbc gi\u00fap gi\u1eef m\u00e1y v\u1eefng ch\u1eafc, h\u1ea1n ch\u1ebf rung l\u1eafc trong qu\u00e1 tr\u00ecnh v\u1eadn h\u00e0nh<\/p>\n<h3>B\u0103ng t\u1ea3i c\u1ea5p li\u1ec7u ti\u1ec7n l\u1ee3i<\/h3>\n<p>M\u00e1y b\u0103m \u0111a n\u0103ng thi\u1ebft k\u1ebf c\u00f3 b\u0103ng t\u1ea3i t\u1ef1 \u0111\u1ed9ng \u0111\u01b0a nguy\u00ean li\u1ec7u cu\u1ed1n v\u00e0o b\u0103m li\u00ean t\u1ee5c<\/p>\n<p><img loading=\"lazy\" decoding=\"async\" class=\"aligncenter wp-image-10711 size-full\" src=\"https:\/\/congtybinhminh.com\/wp-content\/uploads\/2025\/05\/may-thai-duoc-lieu_result222.webp\" alt=\"may-thai-duoc-lieu_result222\" width=\"800\" height=\"600\" srcset=\"https:\/\/congtybinhminh.com\/wp-content\/uploads\/2025\/05\/may-thai-duoc-lieu_result222.webp 800w, https:\/\/congtybinhminh.com\/wp-content\/uploads\/2025\/05\/may-thai-duoc-lieu_result222-533x400.webp 533w, https:\/\/congtybinhminh.com\/wp-content\/uploads\/2025\/05\/may-thai-duoc-lieu_result222-768x576.webp 768w, https:\/\/congtybinhminh.com\/wp-content\/uploads\/2025\/05\/may-thai-duoc-lieu_result222-510x383.webp 510w\" sizes=\"auto, (max-width: 800px) 100vw, 800px\" \/><\/p>\n<p>Ng\u01b0\u1eddi d\u00f9ng ch\u1ec9 c\u1ea7n \u0111\u1eb7t nguy\u00ean li\u1ec7u l\u00ean b\u0103ng t\u1ea3i m\u00e1y s\u1ebd t\u1ef1 k\u00e9o v\u00e0 c\u1eaft g\u1ecdn. Duy tr\u00ec hi\u1ec7u su\u1ea5t \u1ed5n \u0111\u1ecbnh, kh\u00f4ng l\u00e0m gi\u00e1n \u0111o\u1ea1n v\u00e0 cho l\u00e1t c\u1eaft \u0111\u1ed3ng \u0111\u1ec1u<\/p>\n<p><img loading=\"lazy\" decoding=\"async\" class=\"aligncenter wp-image-10712 size-full\" src=\"https:\/\/congtybinhminh.com\/wp-content\/uploads\/2025\/05\/may-bam-thuoc_result222-1.webp\" alt=\"may-bam-thuoc_result222\" width=\"800\" height=\"600\" srcset=\"https:\/\/congtybinhminh.com\/wp-content\/uploads\/2025\/05\/may-bam-thuoc_result222-1.webp 800w, https:\/\/congtybinhminh.com\/wp-content\/uploads\/2025\/05\/may-bam-thuoc_result222-1-533x400.webp 533w, https:\/\/congtybinhminh.com\/wp-content\/uploads\/2025\/05\/may-bam-thuoc_result222-1-768x576.webp 768w, https:\/\/congtybinhminh.com\/wp-content\/uploads\/2025\/05\/may-bam-thuoc_result222-1-510x383.webp 510w\" sizes=\"auto, (max-width: 800px) 100vw, 800px\" \/><\/p>\n<p>H\u01a1n n\u1eefa, ng\u01b0\u1eddi d\u00f9ng c\u00f3 th\u1ec3 linh ho\u1ea1t \u0111i\u1ec1u ch\u1ec9nh \u0111\u1ed9 d\u00e0i &#8211; ng\u1eafn c\u1ee7a th\u00e0nh ph\u1ea9m theo mong mu\u1ed1n th\u00f4ng qua tr\u1ee5c kh\u1ee7y g\u1eafn trong th\u00e2n m\u00e1y<\/p>\n<p><img loading=\"lazy\" decoding=\"async\" class=\"aligncenter wp-image-10710 size-full\" src=\"https:\/\/congtybinhminh.com\/wp-content\/uploads\/2025\/05\/truc-dieu-chinh-may-bam_result222.webp\" alt=\"truc-dieu-chinh-may-bam_result222\" width=\"800\" height=\"634\" srcset=\"https:\/\/congtybinhminh.com\/wp-content\/uploads\/2025\/05\/truc-dieu-chinh-may-bam_result222.webp 800w, https:\/\/congtybinhminh.com\/wp-content\/uploads\/2025\/05\/truc-dieu-chinh-may-bam_result222-505x400.webp 505w, https:\/\/congtybinhminh.com\/wp-content\/uploads\/2025\/05\/truc-dieu-chinh-may-bam_result222-768x609.webp 768w, https:\/\/congtybinhminh.com\/wp-content\/uploads\/2025\/05\/truc-dieu-chinh-may-bam_result222-510x404.webp 510w\" sizes=\"auto, (max-width: 800px) 100vw, 800px\" \/><\/p>\n<p>Th\u00e0nh ph\u1ea9m ngay khi \u0111\u01b0\u1ee3c b\u0103m s\u1ebd \u0111\u01b0a tr\u1ef1c ti\u1ebfp mi\u1ec7ng c\u1eeda x\u1ea3, kh\u00f4ng l\u00e0m t\u1eafc &#8211; ngh\u1ebdn m\u00e1y<\/p>\n<h3>Cho n\u0103ng su\u1ea5t cao<\/h3>\n<p>M\u00e1y b\u0103m \u0111a n\u0103ng inox s\u1eed d\u1ee5ng \u0111i\u1ec7n gia \u0111\u00ecnh 220V c\u00f4ng su\u1ea5t 2,2kw motor l\u00f5i d\u00e2y \u0111\u1ed3ng 100% cho n\u0103ng su\u1ea5t \u0111\u1ea1t kho\u1ea3ng 60 kg\/gi\u1edd ( t\u00f9y nguy\u00ean li\u1ec7u)<\/p>\n<p><img loading=\"lazy\" decoding=\"async\" class=\"aligncenter wp-image-10714 size-full\" src=\"https:\/\/congtybinhminh.com\/wp-content\/uploads\/2025\/05\/thai-cay-thuoc_result222.webp\" alt=\"thai-cay-thuoc_result222\" width=\"800\" height=\"600\" srcset=\"https:\/\/congtybinhminh.com\/wp-content\/uploads\/2025\/05\/thai-cay-thuoc_result222.webp 800w, https:\/\/congtybinhminh.com\/wp-content\/uploads\/2025\/05\/thai-cay-thuoc_result222-533x400.webp 533w, https:\/\/congtybinhminh.com\/wp-content\/uploads\/2025\/05\/thai-cay-thuoc_result222-768x576.webp 768w, https:\/\/congtybinhminh.com\/wp-content\/uploads\/2025\/05\/thai-cay-thuoc_result222-510x383.webp 510w\" sizes=\"auto, (max-width: 800px) 100vw, 800px\" \/><\/p>\n<p>M\u00e1y b\u0103m \u0111a n\u0103ng inox b\u0103ng t\u1ea3i kh\u00f4ng ch\u1ec9 l\u00e0 c\u00f4ng c\u1ee5 &#8211; m\u00e0 c\u00f2n l\u00e0 tr\u1ee3 th\u1ee7 t\u0103ng n\u0103ng su\u1ea5t, n\u00e2ng cao ch\u1ea5t l\u01b0\u1ee3ng v\u00e0 ti\u1ebft ki\u1ec7m nh\u00e2n c\u00f4ng<\/p>\n<p>Th\u00edch h\u1ee3p s\u1eed d\u1ee5ng t\u1ea1i c\u00e1c c\u01a1 s\u1edf ch\u1ebf bi\u1ebfn thu\u1ed1c nam, ch\u1ebf bi\u1ebfn n\u00f4ng s\u1ea3n chuy\u00ean nghi\u1ec7p n\u00ean s\u1edf h\u1eefu<\/p>\n<h2>\u0110\u1ecba ch\u1ec9 b\u00e1n m\u00e1y b\u0103m m\u00e1y b\u0103m gi\u00e1 g\u1ed1c t\u1ea1i x\u01b0\u1edfng<\/h2>\n<p>C\u00f4ng ty B\u00ecnh Minh\u00a0 &#8211;\u00a0 \u0111\u01a1n v\u1ecb chuy\u00ean s\u1ea3n xu\u1ea5t v\u00e0 cung c\u1ea5p m\u00e1y n\u00f4ng nghi\u1ec7p s\u1ed1 1 Vi\u1ec7t Nam v\u1edbi h\u01a1n 30 n\u0103m kinh nghi\u1ec7m trong l\u0129nh v\u1ef1c c\u01a1 kh\u00ed<\/p>\n<p>\u0110\u1ec3 \u0111\u1eb7t mua h\u00e0ng ch\u00ednh h\u00e3ng, b\u00e0 con c\u00f3 th\u1ec3 \u0111\u1ebfn tr\u1ee5 s\u1edf g\u1ea7n nh\u1ea5t c\u1ee7a c\u00f4ng ty \u0111\u1ec3 xem v\u00e0 \u0111\u1eb7t mua h\u00e0ng:<\/p>\n<ul>\n<li>Tr\u1ee5 s\u1edf ch\u00ednh: p. L\u00ea L\u1ee3i &#8211; Tx S\u01a1n T\u00e2y &#8211; H\u00e0 N\u1ed9i<\/li>\n<li>Chi nh\u00e1nh mi\u1ec1n Nam: x\u00e3 T\u00e2n Ki\u00ean &#8211; H. B\u00ecnh Ch\u00e1nh &#8211; TP H\u1ed3 Ch\u00ed Minh<\/li>\n<\/ul>\n<p><img loading=\"lazy\" decoding=\"async\" class=\"aligncenter wp-image-10713 size-full\" src=\"https:\/\/congtybinhminh.com\/wp-content\/uploads\/2025\/05\/dia-chi-ban-cay-thuoc-copy_result222.webp\" alt=\"dia-chi-ban-cay-thuoc copy_result222\" width=\"800\" height=\"1048\" srcset=\"https:\/\/congtybinhminh.com\/wp-content\/uploads\/2025\/05\/dia-chi-ban-cay-thuoc-copy_result222.webp 800w, https:\/\/congtybinhminh.com\/wp-content\/uploads\/2025\/05\/dia-chi-ban-cay-thuoc-copy_result222-305x400.webp 305w, https:\/\/congtybinhminh.com\/wp-content\/uploads\/2025\/05\/dia-chi-ban-cay-thuoc-copy_result222-611x800.webp 611w, https:\/\/congtybinhminh.com\/wp-content\/uploads\/2025\/05\/dia-chi-ban-cay-thuoc-copy_result222-768x1006.webp 768w, https:\/\/congtybinhminh.com\/wp-content\/uploads\/2025\/05\/dia-chi-ban-cay-thuoc-copy_result222-510x668.webp 510w\" sizes=\"auto, (max-width: 800px) 100vw, 800px\" \/><\/p>\n<p>Khi \u0111\u1ebfn \u0111\u00e2y, b\u00e0 con s\u1ebd \u0111\u01b0\u1ee3c tr\u1ea3i nghi\u1ec7m v\u1eadn h\u00e0nh m\u00e1y d\u01b0\u1edbi s\u1ef1 h\u01b0\u1edbng d\u1eabn c\u1ee7a \u0111\u1ed9i ng\u0169 k\u1ef9 thu\u1eadt<\/p>\n<p>\u0110\u1ed1i v\u1edbi b\u00e0 con \u1edf xa, c\u00f3 th\u1ec3 li\u00ean h\u1ec7 t\u1edbi s\u1ed1 \u0111i\u1ec7n tho\u1ea1i tr\u00ean website ho\u1eb7c \u0111\u1ec3 l\u1ea1i l\u1eddi nh\u1eafn \u0111\u1ed9i ng\u0169 t\u01b0 v\u1ea5n s\u1ebd li\u00ean h\u1ec7 b\u00e0 con trong th\u1eddi gian s\u1edbm nh\u1ea5t<\/p>\n<p><strong>Th\u00f4ng s\u1ed1 k\u1ef9 thu\u1eadt<\/strong><\/p>\n<table border=\"1\" cellspacing=\"1\" cellpadding=\"1\">\n<tbody>\n<tr>\n<td colspan=\"1\" rowspan=\"3\">\u0110\u1ed9ng c\u01a1<\/td>\n<td>C\u00f4ng su\u1ea5t \u0111\u1ed9ng c\u01a1<\/td>\n<td>2.2kw<\/td>\n<\/tr>\n<tr>\n<td>Ngu\u1ed3n \u0111i\u1ec7n<\/td>\n<td>220V<\/td>\n<\/tr>\n<tr>\n<td>T\u1ed1c \u0111\u1ed9<\/td>\n<td>1450 v\/p<\/td>\n<\/tr>\n<tr>\n<td colspan=\"1\" rowspan=\"2\">B\u1ea3o h\u00e0nh<\/td>\n<td>K\u1ef9 thu\u1eadt<\/td>\n<td>12 th\u00e1ng<\/td>\n<\/tr>\n<tr>\n<td>\u0110\u1ed9ng c\u01a1<\/td>\n<td>Thep t\u1eebng h\u00e3ng s\u1ea3n xu\u1ea5t<\/td>\n<\/tr>\n<tr>\n<td>N\u0103ng su\u1ea5t<\/td>\n<td colspan=\"2\" rowspan=\"1\">\u00a050-60 kg\/gi\u1edd ( nguy\u00ean li\u1ec7u d\u1ea1ng\u00a0th\u00e2n c\u00e2y)<\/td>\n<\/tr>\n<tr>\n<td>K\u00edch th\u01b0\u1edbc (d*c*r)<\/td>\n<td colspan=\"2\" rowspan=\"1\">97*67*44 cm<\/td>\n<\/tr>\n<tr>\n<td>H\u00ecnh th\u1ee9c thanh to\u00e1n<\/td>\n<td colspan=\"2\" rowspan=\"1\">Ti\u1ec1n m\u1eb7t ho\u1eb7c chuy\u1ec3n kho\u1ea3n<\/td>\n<\/tr>\n<\/tbody>\n<\/table>\n","protected":false},"excerpt":{"rendered":"<ul>\n<li><strong>H\u00e3ng s\u1ea3n xu\u1ea5t<\/strong>: B\u00ecnh Qu\u00e2n Minh<\/li>\n<li><strong>C\u00f4ng su\u1ea5t \u0111\u1ed9ng c\u01a1:\u00a0<\/strong>2,2kw<\/li>\n<li><strong>T\u1ed1c \u0111\u1ed9 \u0111\u1ed9ng c<\/strong>\u01a1: 1450 v\/p<\/li>\n<li><strong>Ngu\u1ed3n \u0111i\u1ec7n<\/strong>: 220V<\/li>\n<li><strong>N\u0103ng su\u1ea5t<\/strong>: 50-60kg (nguy\u00ean li\u1ec7u d\u1ea1ng c\u00e0nh c\u00e2y nh\u1ecf)<\/li>\n<li><strong>K\u00edch th\u01b0\u1edbc (d*c*r):<\/strong>\u00a097*67*44 cm<\/li>\n<li><strong>T\u00ednh n\u0103ng<\/strong>: m\u00e1y b\u0103m \u2013 th\u00e1i c\u00e2y thu\u1ed1c, d\u01b0\u1ee3c li\u1ec7u.. th\u00e0nh d\u1ea1ng l\u00e1t (kh\u00fac)<\/li>\n<\/ul>\n","protected":false},"featured_media":10701,"comment_status":"open","ping_status":"closed","template":"","meta":[],"product_brand":[],"product_cat":[194],"product_tag":[],"class_list":{"0":"post-10700","1":"product","2":"type-product","3":"status-publish","4":"has-post-thumbnail","6":"product_cat-may-xay-rau-cu","8":"first","9":"instock","10":"shipping-taxable","11":"product-type-simple"},"_links":{"self":[{"href":"https:\/\/congtybinhminh.com\/index.php?rest_route=\/wp\/v2\/product\/10700","targetHints":{"allow":["GET"]}}],"collection":[{"href":"https:\/\/congtybinhminh.com\/index.php?rest_route=\/wp\/v2\/product"}],"about":[{"href":"https:\/\/congtybinhminh.com\/index.php?rest_route=\/wp\/v2\/types\/product"}],"replies":[{"embeddable":true,"href":"https:\/\/congtybinhminh.com\/index.php?rest_route=%2Fwp%2Fv2%2Fcomments&post=10700"}],"wp:featuredmedia":[{"embeddable":true,"href":"https:\/\/congtybinhminh.com\/index.php?rest_route=\/wp\/v2\/media\/10701"}],"wp:attachment":[{"href":"https:\/\/congtybinhminh.com\/index.php?rest_route=%2Fwp%2Fv2%2Fmedia&parent=10700"}],"wp:term":[{"taxonomy":"product_brand","embeddable":true,"href":"https:\/\/congtybinhminh.com\/index.php?rest_route=%2Fwp%2Fv2%2Fproduct_brand&post=10700"},{"taxonomy":"product_cat","embeddable":true,"href":"https:\/\/congtybinhminh.com\/index.php?rest_route=%2Fwp%2Fv2%2Fproduct_cat&post=10700"},{"taxonomy":"product_tag","embeddable":true,"href":"https:\/\/congtybinhminh.com\/index.php?rest_route=%2Fwp%2Fv2%2Fproduct_tag&post=10700"}],"curies":[{"name":"wp","href":"https:\/\/api.w.org\/{rel}","templated":true}]}}