{"id":10666,"date":"2025-05-13T15:24:10","date_gmt":"2025-05-13T08:24:10","guid":{"rendered":"https:\/\/congtybinhminh.com\/?post_type=product&#038;p=10666"},"modified":"2025-05-13T16:34:43","modified_gmt":"2025-05-13T09:34:43","slug":"may-tron-thuc-an-chan-nuoi-mt50-phien-ban-moi","status":"publish","type":"product","link":"https:\/\/congtybinhminh.com\/?product=may-tron-thuc-an-chan-nuoi-mt50-phien-ban-moi","title":{"rendered":"M\u00e1y tr\u1ed9n th\u1ee9c \u0103n ch\u0103n nu\u00f4i MT50 phi\u00ean b\u1ea3n m\u1edbi"},"content":{"rendered":"<h2>Gi\u1edbi thi\u1ec7u m\u00e1y tr\u1ed9n th\u1ee9c \u0103n ch\u0103n nu\u00f4i MT50 phi\u00ean b\u1ea3n m\u1edbi<\/h2>\n<p>M\u00e1y tr\u1ed9n th\u1ee9c \u0103n ch\u0103n nu\u00f4i MT50 phi\u00ean b\u1ea3n m\u1edbi do c\u00f4ng ty B\u00ecnh Minh s\u1ea3n xu\u1ea5t &#8211; gi\u1ea3i ph\u00e1p gi\u00fap b\u00e0 con ch\u0103n nu\u00f4i hi\u1ec7u qu\u1ea3, n\u0103ng su\u1ea5t cao b\u1edfi:<\/p>\n<p><img loading=\"lazy\" decoding=\"async\" class=\"aligncenter wp-image-10667 size-full\" src=\"https:\/\/congtybinhminh.com\/wp-content\/uploads\/2025\/05\/may-tron-thuc-an-chan-nuoi-mt50-moi_result222.webp\" alt=\"may-tron-thuc-an-chan-nuoi-mt50-moi_result222\" width=\"800\" height=\"1078\" srcset=\"https:\/\/congtybinhminh.com\/wp-content\/uploads\/2025\/05\/may-tron-thuc-an-chan-nuoi-mt50-moi_result222.webp 800w, https:\/\/congtybinhminh.com\/wp-content\/uploads\/2025\/05\/may-tron-thuc-an-chan-nuoi-mt50-moi_result222-297x400.webp 297w, https:\/\/congtybinhminh.com\/wp-content\/uploads\/2025\/05\/may-tron-thuc-an-chan-nuoi-mt50-moi_result222-594x800.webp 594w, https:\/\/congtybinhminh.com\/wp-content\/uploads\/2025\/05\/may-tron-thuc-an-chan-nuoi-mt50-moi_result222-768x1035.webp 768w, https:\/\/congtybinhminh.com\/wp-content\/uploads\/2025\/05\/may-tron-thuc-an-chan-nuoi-mt50-moi_result222-510x687.webp 510w\" sizes=\"auto, (max-width: 800px) 100vw, 800px\" \/><\/p>\n<ul>\n<li>M\u00e1y tr\u1ed9n \u0111\u1ec1u &#8211; tr\u1ed9n nhanh &#8211; kh\u00f4ng b\u1ecb b\u00f3n c\u1ee5c<\/li>\n<li>Ch\u1ee7 \u0111\u1ed9ng c\u00f4ng th\u1ee9c tr\u1ed9n &#8211; t\u0103ng ch\u1ea5t l\u01b0\u1ee3ng c\u00e1m<\/li>\n<li>Gi\u1ea3m c\u00f4ng s\u1ee9c, ti\u1ebft ki\u1ec7m th\u1eddi gian v\u00e0 chi ph\u00ed<\/li>\n<li>T\u0103ng hi\u1ec7u qu\u1ea3 ch\u0103n nu\u00f4i<\/li>\n<\/ul>\n<h2>C\u1ea5u t\u1ea1o m\u00e1y tr\u1ed9n th\u1ee9c \u0103n ch\u0103n nu\u00f4i MT50 m\u1edbi<\/h2>\n<p>M\u00e1y tr\u1ed9n \u0111\u1ee9ng v\u1edbi th\u00f9ng tr\u1ed9n n\u1eb1m ngang, th\u00f9ng ch\u1ee9a s\u00e2u l\u00f2ng d\u1ea1ng v\u00f2m t\u1ea1o nhi\u1ec1u di\u1ec7n t\u00edch thu\u1eadn ti\u1ec7n trong qu\u00e1 tr\u00ecnh tr\u1ed9n<\/p>\n<p><img loading=\"lazy\" decoding=\"async\" class=\"aligncenter wp-image-10668 size-full\" src=\"https:\/\/congtybinhminh.com\/wp-content\/uploads\/2025\/05\/cau-tao-may-tron-bot_result222.webp\" alt=\"cau-tao-may-tron-bot_result222\" width=\"800\" height=\"690\" srcset=\"https:\/\/congtybinhminh.com\/wp-content\/uploads\/2025\/05\/cau-tao-may-tron-bot_result222.webp 800w, https:\/\/congtybinhminh.com\/wp-content\/uploads\/2025\/05\/cau-tao-may-tron-bot_result222-464x400.webp 464w, https:\/\/congtybinhminh.com\/wp-content\/uploads\/2025\/05\/cau-tao-may-tron-bot_result222-768x662.webp 768w, https:\/\/congtybinhminh.com\/wp-content\/uploads\/2025\/05\/cau-tao-may-tron-bot_result222-510x440.webp 510w\" sizes=\"auto, (max-width: 800px) 100vw, 800px\" \/><\/p>\n<p>Ph\u1ea7n khung m\u00e1y \u0111\u01b0\u1ee3c h\u00e0n g\u1eafn ch\u1eafc ch\u1eafn, kh\u00f4ng g\u00e2y rung l\u1eafc trong qu\u00e1 tr\u00ecnh v\u1eadn h\u00e0nh<\/p>\n<p>Bu\u1ed3ng l\u00e0m vi\u1ec7c c\u1ee7a m\u00e1y \u0111\u01b0\u1ee3c thi\u1ebft k\u1ebf r\u1ed9ng, trang b\u1ecb tr\u1ee5c \u0111\u1ea3o nguy\u00ean li\u1ec7u d\u1ea1ng xo\u1eafn k\u00e9p l\u1edbn gi\u00fap nguy\u00ean li\u1ec7u lu\u00f4n \u0111\u01b0\u1ee3c \u0111\u1ea3o \u0111\u1ec1u t\u1eeb trong ra ngo\u00e0i, t\u1eeb \u0111\u1ea7u \u0111\u1ebfn cu\u1ed1i<\/p>\n<p><img loading=\"lazy\" decoding=\"async\" class=\"aligncenter wp-image-10669 size-full\" src=\"https:\/\/congtybinhminh.com\/wp-content\/uploads\/2025\/05\/thung-tron_result222.webp\" alt=\"thung-tron_result222\" width=\"800\" height=\"553\" srcset=\"https:\/\/congtybinhminh.com\/wp-content\/uploads\/2025\/05\/thung-tron_result222.webp 800w, https:\/\/congtybinhminh.com\/wp-content\/uploads\/2025\/05\/thung-tron_result222-579x400.webp 579w, https:\/\/congtybinhminh.com\/wp-content\/uploads\/2025\/05\/thung-tron_result222-768x531.webp 768w, https:\/\/congtybinhminh.com\/wp-content\/uploads\/2025\/05\/thung-tron_result222-510x353.webp 510w\" sizes=\"auto, (max-width: 800px) 100vw, 800px\" \/><\/p>\n<p>Nh\u1edd \u0111\u00f3, h\u1ed7n h\u1ee3p kh\u00f4ng b\u1ecb ph\u00e2n l\u1edbp, kh\u00f4ng d\u1ed3n c\u1ee5c m\u1ed9t g\u00f3c nh\u01b0 khi tr\u1ed9n tay ch\u1ec9 c\u1ea7n v\u00e0i ph\u00fat l\u00e0 ho\u00e0n t\u1ea5t m\u1ebb tr\u1ed9n t\u1eeb 20 &#8211; 50 kg ( t\u00f9y nguy\u00ean li\u1ec7u)<\/p>\n<p><img loading=\"lazy\" decoding=\"async\" class=\"aligncenter wp-image-10670 size-full\" src=\"https:\/\/congtybinhminh.com\/wp-content\/uploads\/2025\/05\/canh-dao-tron-kep_result222.webp\" alt=\"canh-dao-tron-kep_result222\" width=\"800\" height=\"567\" srcset=\"https:\/\/congtybinhminh.com\/wp-content\/uploads\/2025\/05\/canh-dao-tron-kep_result222.webp 800w, https:\/\/congtybinhminh.com\/wp-content\/uploads\/2025\/05\/canh-dao-tron-kep_result222-564x400.webp 564w, https:\/\/congtybinhminh.com\/wp-content\/uploads\/2025\/05\/canh-dao-tron-kep_result222-768x544.webp 768w, https:\/\/congtybinhminh.com\/wp-content\/uploads\/2025\/05\/canh-dao-tron-kep_result222-510x361.webp 510w\" sizes=\"auto, (max-width: 800px) 100vw, 800px\" \/><\/p>\n<p>H\u01a1n n\u1eefa, b\u00ean tr\u00ean th\u00f9ng c\u00f3 n\u1eafp \u0111\u1eady k\u00edn kh\u00f4ng l\u00e0m b\u1eafng nguy\u00ean li\u1ec7u ra ngo\u00e0i<\/p>\n<p><img loading=\"lazy\" decoding=\"async\" class=\"aligncenter wp-image-10671 size-full\" src=\"https:\/\/congtybinhminh.com\/wp-content\/uploads\/2025\/05\/may-tron-nam-ngang_result222.webp\" alt=\"m\u00e1y-tron-nam-ngang_result222\" width=\"800\" height=\"567\" srcset=\"https:\/\/congtybinhminh.com\/wp-content\/uploads\/2025\/05\/may-tron-nam-ngang_result222.webp 800w, https:\/\/congtybinhminh.com\/wp-content\/uploads\/2025\/05\/may-tron-nam-ngang_result222-564x400.webp 564w, https:\/\/congtybinhminh.com\/wp-content\/uploads\/2025\/05\/may-tron-nam-ngang_result222-768x544.webp 768w, https:\/\/congtybinhminh.com\/wp-content\/uploads\/2025\/05\/may-tron-nam-ngang_result222-510x361.webp 510w\" sizes=\"auto, (max-width: 800px) 100vw, 800px\" \/><\/p>\n<p>Th\u00e0nh ph\u1ea9m sau khi tr\u1ed9n \u0111\u01b0\u1ee3c x\u1ea3 th\u1eb3ng tr\u1ef1c ti\u1ebfp d\u01b0\u1edbi \u0111\u00e1y th\u00f9ng, tr\u01b0\u1edbc c\u1eeda x\u1ea3 c\u00f3 n\u1eafp ch\u1eafn thu\u1eadn ti\u1ec7n cho ng\u01b0\u1eddi d\u00f9ng \u0111i\u1ec1u ch\u1ec9nh:<\/p>\n<p><img loading=\"lazy\" decoding=\"async\" class=\"aligncenter wp-image-10672 size-full\" src=\"https:\/\/congtybinhminh.com\/wp-content\/uploads\/2025\/05\/cua-xa-thanh-pham_result222.webp\" alt=\"cua-xa-thanh-pham_result222\" width=\"800\" height=\"492\" srcset=\"https:\/\/congtybinhminh.com\/wp-content\/uploads\/2025\/05\/cua-xa-thanh-pham_result222.webp 800w, https:\/\/congtybinhminh.com\/wp-content\/uploads\/2025\/05\/cua-xa-thanh-pham_result222-650x400.webp 650w, https:\/\/congtybinhminh.com\/wp-content\/uploads\/2025\/05\/cua-xa-thanh-pham_result222-768x472.webp 768w, https:\/\/congtybinhminh.com\/wp-content\/uploads\/2025\/05\/cua-xa-thanh-pham_result222-510x314.webp 510w\" sizes=\"auto, (max-width: 800px) 100vw, 800px\" \/><\/p>\n<ul>\n<li>Xoay tay n\u1eafm xu\u1ed1ng d\u01b0\u1edbi; m\u1edf n\u1eafp ch\u1eafn thu th\u00e0nh ph\u1ea9m<\/li>\n<li>Xoay tay n\u1eafm l\u00ean tr\u00ean, \u0111\u00f3ng n\u1eafp ch\u1eafn<\/li>\n<\/ul>\n<h2>\u0110\u1ecba ch\u1ec9 mua m\u00e1y tr\u1ed9n gi\u00e1 g\u1ed1c t\u1ea1i x\u01b0\u1edfng<\/h2>\n<p>\u0110\u1ec3 \u0111\u1eb7t mua h\u00e0ng ch\u00ednh h\u00e3ng, b\u00e0 con c\u00f3 th\u1ec3 \u0111\u1ebfn tr\u1ee5 s\u1edf g\u1ea7n nh\u1ea5t c\u1ee7a c\u00f4ng ty \u0111\u1ec3 xem v\u00e0 \u0111\u1eb7t mua h\u00e0ng:<\/p>\n<ul>\n<li>Tr\u1ee5 s\u1edf ch\u00ednh: p. L\u00ea L\u1ee3i &#8211; Tx S\u01a1n T\u00e2y &#8211; H\u00e0 N\u1ed9i<\/li>\n<li>Chi nh\u00e1nh mi\u1ec1n Nam: x\u00e3 T\u00e2n Ki\u00ean &#8211; H. B\u00ecnh Ch\u00e1nh &#8211; TP H\u1ed3 Ch\u00ed Minh<\/li>\n<\/ul>\n<p><img loading=\"lazy\" decoding=\"async\" class=\"aligncenter wp-image-10659 size-full\" src=\"https:\/\/congtybinhminh.com\/wp-content\/uploads\/2025\/05\/xuong-san-xuat-may-tron-1_result222.webp\" alt=\"xuong-san-xuat-may-tron-1_result222\" width=\"800\" height=\"1161\" srcset=\"https:\/\/congtybinhminh.com\/wp-content\/uploads\/2025\/05\/xuong-san-xuat-may-tron-1_result222.webp 800w, https:\/\/congtybinhminh.com\/wp-content\/uploads\/2025\/05\/xuong-san-xuat-may-tron-1_result222-276x400.webp 276w, https:\/\/congtybinhminh.com\/wp-content\/uploads\/2025\/05\/xuong-san-xuat-may-tron-1_result222-551x800.webp 551w, https:\/\/congtybinhminh.com\/wp-content\/uploads\/2025\/05\/xuong-san-xuat-may-tron-1_result222-768x1115.webp 768w, https:\/\/congtybinhminh.com\/wp-content\/uploads\/2025\/05\/xuong-san-xuat-may-tron-1_result222-510x740.webp 510w\" sizes=\"auto, (max-width: 800px) 100vw, 800px\" \/><\/p>\n<p>Khi \u0111\u1ebfn \u0111\u00e2y, b\u00e0 con s\u1ebd \u0111\u01b0\u1ee3c th\u1eed nghi\u1ec7m v\u1eadn h\u00e0nh m\u00e1y d\u01b0\u1edbi s\u1ef1 h\u01b0\u1edbng d\u1eabn c\u1ee7a \u0111\u1ed9i ng\u0169 k\u1ef9 thu\u1eadt<\/p>\n<p>\u0110\u1ed1i v\u1edbi b\u00e0 con \u1edf xa, c\u00f3 th\u1ec3 li\u00ean h\u1ec7 t\u1edbi s\u1ed1 \u0111i\u1ec7n tho\u1ea1i Hotline tr\u00ean website ho\u1eb7c \u0111\u1ec3 l\u1ea1i l\u1eddi nh\u1eafn \u0111\u1ed9i ng\u0169 t\u01b0 v\u1ea5n s\u1ebd li\u00ean h\u1ec7 b\u00e0 con trong th\u1eddi gian s\u1edbm nh\u1ea5t<\/p>\n<p><strong>Th\u00f4ng s\u1ed1 k\u1ef9 thu\u1eadt\u00a0<\/strong><\/p>\n<table border=\"1\" cellspacing=\"1\" cellpadding=\"1\">\n<tbody>\n<tr>\n<td colspan=\"1\" rowspan=\"3\">\u0110\u1ed9ng c\u01a1<\/td>\n<td>C\u00f4ng su\u1ea5t \u0111\u1ed9ng c\u01a1<\/td>\n<td>3kw<\/td>\n<\/tr>\n<tr>\n<td>Ngu\u1ed3n \u0111i\u1ec7n<\/td>\n<td>220V<\/td>\n<\/tr>\n<tr>\n<td>T\u1ed1c \u0111\u1ed9 quay<\/td>\n<td>1450 v\/p<\/td>\n<\/tr>\n<tr>\n<td colspan=\"1\" rowspan=\"2\">B\u1ea3o h\u00e0nh<\/td>\n<td>K\u1ef9 thu\u1eadt<\/td>\n<td>12 th\u00e1ng<\/td>\n<\/tr>\n<tr>\n<td>\u0110\u1ed9ng c\u01a1<\/td>\n<td>\u00a0Theo t\u1eebng h\u00e3ng s\u1ea3n xu\u1ea5t<\/td>\n<\/tr>\n<tr>\n<td>N\u0103ng su\u1ea5t<\/td>\n<td colspan=\"2\" rowspan=\"1\">\u00a050 kg\/m\u1ebb<\/td>\n<\/tr>\n<tr>\n<td>K\u00edch th\u01b0\u1edbc (d*c*r)<\/td>\n<td colspan=\"2\" rowspan=\"1\">130*116*76 cm<\/td>\n<\/tr>\n<tr>\n<td>H\u00ecnh th\u1ee9c thanh to\u00e1n<\/td>\n<td colspan=\"2\" rowspan=\"1\">Ti\u1ec1n m\u1eb7t ho\u1eb7c chuy\u1ec3n kho\u1ea3n<\/td>\n<\/tr>\n<\/tbody>\n<\/table>\n","protected":false},"excerpt":{"rendered":"<ul>\n<li><strong>H\u00e3ng s\u1ea3n xu\u1ea5t:<\/strong> B\u00ecnh Minh<\/li>\n<li><strong>C\u00f4ng su\u1ea5t \u0111\u1ed9ng c\u01a1<\/strong>; 3kw<\/li>\n<li><strong>Ngu\u1ed3n \u0111i\u1ec7n:<\/strong>\u00a0220V<\/li>\n<li><strong>T\u1ed1c \u0111\u1ed9:<\/strong>\u00a01450 v\u00f2ng\/ph\u00fat<\/li>\n<li><strong>N\u0103ng su\u1ea5<\/strong>t: 50 kg\/m\u1ebb<\/li>\n<li><strong>K\u00edch th\u01b0\u1edbc (d*c*r):<\/strong>\u00a0130*116*76 cm<\/li>\n<li><strong>T\u00ednh n\u0103ng:<\/strong>\u00a0m\u00e1y tr\u1ed9n \u0111\u1ea3o \u0111\u1ec1u nguy\u00ean li\u1ec7u kh\u00f4 v\u00e0 \u01b0\u1edbt ph\u1ee5c v\u1ee5 trong ch\u0103n nu\u00f4i.<\/li>\n<\/ul>\n","protected":false},"featured_media":10674,"comment_status":"open","ping_status":"closed","template":"","meta":[],"product_brand":[],"product_cat":[98],"product_tag":[],"class_list":{"0":"post-10666","1":"product","2":"type-product","3":"status-publish","4":"has-post-thumbnail","6":"product_cat-may-tron","8":"first","9":"instock","10":"shipping-taxable","11":"product-type-simple"},"_links":{"self":[{"href":"https:\/\/congtybinhminh.com\/index.php?rest_route=\/wp\/v2\/product\/10666","targetHints":{"allow":["GET"]}}],"collection":[{"href":"https:\/\/congtybinhminh.com\/index.php?rest_route=\/wp\/v2\/product"}],"about":[{"href":"https:\/\/congtybinhminh.com\/index.php?rest_route=\/wp\/v2\/types\/product"}],"replies":[{"embeddable":true,"href":"https:\/\/congtybinhminh.com\/index.php?rest_route=%2Fwp%2Fv2%2Fcomments&post=10666"}],"wp:featuredmedia":[{"embeddable":true,"href":"https:\/\/congtybinhminh.com\/index.php?rest_route=\/wp\/v2\/media\/10674"}],"wp:attachment":[{"href":"https:\/\/congtybinhminh.com\/index.php?rest_route=%2Fwp%2Fv2%2Fmedia&parent=10666"}],"wp:term":[{"taxonomy":"product_brand","embeddable":true,"href":"https:\/\/congtybinhminh.com\/index.php?rest_route=%2Fwp%2Fv2%2Fproduct_brand&post=10666"},{"taxonomy":"product_cat","embeddable":true,"href":"https:\/\/congtybinhminh.com\/index.php?rest_route=%2Fwp%2Fv2%2Fproduct_cat&post=10666"},{"taxonomy":"product_tag","embeddable":true,"href":"https:\/\/congtybinhminh.com\/index.php?rest_route=%2Fwp%2Fv2%2Fproduct_tag&post=10666"}],"curies":[{"name":"wp","href":"https:\/\/api.w.org\/{rel}","templated":true}]}}