{"id":10628,"date":"2025-05-07T13:46:07","date_gmt":"2025-05-07T06:46:07","guid":{"rendered":"https:\/\/congtybinhminh.com\/?post_type=product&#038;p=10628"},"modified":"2025-06-07T07:46:27","modified_gmt":"2025-06-07T00:46:27","slug":"may-dun-hon-hop-thuc-an-chan-nuoi","status":"publish","type":"product","link":"https:\/\/congtybinhminh.com\/?product=may-dun-hon-hop-thuc-an-chan-nuoi","title":{"rendered":"M\u00e1y \u0111\u00f9n h\u1ed7n h\u1ee3p th\u1ee9c \u0103n ch\u0103n nu\u00f4i"},"content":{"rendered":"<h2>Video ho\u1ea1t \u0111\u1ed9ng c\u1ee7a m\u00e1y<\/h2>\n<h2>Gi\u1edbi thi\u1ec7u m\u00e1y \u0111\u00f9n h\u1ed7n h\u1ee3p th\u1ee9c \u0103n ch\u0103n nu\u00f4i<\/h2>\n<p>C\u00e1 th\u1ea3i, x\u01b0\u01a1ng g\u00e0, \u0111\u1ea7u c\u1ed5, cua \u1ed1c&#8230; ch\u00fang c\u00f3 \u0111i\u1ec3m chung c\u1ee9ng v\u00e0 kh\u00f3 x\u1eed l\u00fd n\u1ebfu l\u00e0m th\u1ee7 c\u00f4ng n\u00ean b\u00e0 con th\u01b0\u1eddng b\u1ecf \u0111i.<\/p>\n<p><img loading=\"lazy\" decoding=\"async\" class=\"aligncenter wp-image-10641 size-full\" src=\"https:\/\/congtybinhminh.com\/wp-content\/uploads\/2025\/05\/may-dun-ca-75kw_result222-1.webp\" alt=\"may-dun-ca-7,5kw_result222\" width=\"800\" height=\"1078\" srcset=\"https:\/\/congtybinhminh.com\/wp-content\/uploads\/2025\/05\/may-dun-ca-75kw_result222-1.webp 800w, https:\/\/congtybinhminh.com\/wp-content\/uploads\/2025\/05\/may-dun-ca-75kw_result222-1-297x400.webp 297w, https:\/\/congtybinhminh.com\/wp-content\/uploads\/2025\/05\/may-dun-ca-75kw_result222-1-594x800.webp 594w, https:\/\/congtybinhminh.com\/wp-content\/uploads\/2025\/05\/may-dun-ca-75kw_result222-1-768x1035.webp 768w, https:\/\/congtybinhminh.com\/wp-content\/uploads\/2025\/05\/may-dun-ca-75kw_result222-1-510x687.webp 510w\" sizes=\"auto, (max-width: 800px) 100vw, 800px\" \/><\/p>\n<p>Thay v\u00ec l\u00e3ng ph\u00ed, b\u00e0 con c\u00f3 th\u1ec3 cho v\u00e0o m\u00e1y \u0111\u00f9n x\u01b0\u01a1ng c\u00f4ng nghi\u1ec7p m\u1edbi &#8221; t\u1ef1 h\u00fat &#8211; t\u1ef1 nghi\u1ec1n &#8211; t\u1ef1 \u0111\u00f9n&#8221; cho ra d\u1ea1ng nhuy\u1ec5n l\u00e0m th\u1ee9c \u0103n cho gia s\u00fac &#8211; gia c\u1ea7m<\/p>\n<p><img loading=\"lazy\" decoding=\"async\" class=\"aligncenter wp-image-10642 size-full\" src=\"https:\/\/congtybinhminh.com\/wp-content\/uploads\/2025\/05\/may-dun-ca-cong-nghiep-binh-minh_result222.webp\" alt=\"may-dun-ca-cong-nghiep-binh-minh_result222\" width=\"800\" height=\"600\" srcset=\"https:\/\/congtybinhminh.com\/wp-content\/uploads\/2025\/05\/may-dun-ca-cong-nghiep-binh-minh_result222.webp 800w, https:\/\/congtybinhminh.com\/wp-content\/uploads\/2025\/05\/may-dun-ca-cong-nghiep-binh-minh_result222-533x400.webp 533w, https:\/\/congtybinhminh.com\/wp-content\/uploads\/2025\/05\/may-dun-ca-cong-nghiep-binh-minh_result222-768x576.webp 768w, https:\/\/congtybinhminh.com\/wp-content\/uploads\/2025\/05\/may-dun-ca-cong-nghiep-binh-minh_result222-510x383.webp 510w\" sizes=\"auto, (max-width: 800px) 100vw, 800px\" \/><\/p>\n<p>Ngo\u00e0i ra, m\u00e1y c\u00f2n c\u00f3 th\u1ec3 \u0111\u00f9n h\u1ed7n h\u1ee3p b\u1ed9t c\u00e1m\u00a0 t\u1ea1o th\u1ee9c \u0103n h\u1ed7n h\u1ee3p gi\u00e0u dinh d\u01b0\u1ee1ng cho ch\u00fang<\/p>\n<p>\u0110\u1ea7u t\u01b0 v\u00e0o m\u00e1y \u0111\u00f9n c\u00e1 c\u00f4ng nghi\u1ec7p l\u00e0 l\u1ef1a ch\u1ecdn th\u00f4ng minh \u0111\u1ec3 n\u00e2ng cao ch\u1ea5t l\u01b0\u1ee3ng v\u00e0 hi\u1ec7u qu\u1ea3 ch\u0103n nu\u00f4i c\u1ee7a b\u1ea1n<\/p>\n<h2>C\u1ea5u t\u1ea1o m\u00e1y \u0111\u00f9n c\u00e1 c\u00f4ng nghi\u1ec7p m\u1edbi<\/h2>\n<h3>Khung m\u00e1y ch\u1eafc ch\u1eafn<\/h3>\n<p>V\u1edbi thi\u1ebft k\u1ebf hi\u1ec7n \u0111\u1ea1i, b\u00ean trong m\u00e1y \u0111\u01b0\u1ee3c thi\u1ebft k\u1ebf d\u00e0y d\u1eb7n ch\u1ecbu m\u00e0i m\u00f2n t\u1ed1t s\u1eed d\u1ee5ng \u1ed5n \u0111\u1ecbnh l\u00e2u d\u00e0i<\/p>\n<p><img loading=\"lazy\" decoding=\"async\" class=\"aligncenter wp-image-10634 size-full\" src=\"https:\/\/congtybinhminh.com\/wp-content\/uploads\/2025\/05\/cau-tao-may-dun-ca-cong-nghiep_result222.webp\" alt=\"cau-tao-may-dun-ca-cong-nghiep_result222\" width=\"800\" height=\"880\" srcset=\"https:\/\/congtybinhminh.com\/wp-content\/uploads\/2025\/05\/cau-tao-may-dun-ca-cong-nghiep_result222.webp 800w, https:\/\/congtybinhminh.com\/wp-content\/uploads\/2025\/05\/cau-tao-may-dun-ca-cong-nghiep_result222-364x400.webp 364w, https:\/\/congtybinhminh.com\/wp-content\/uploads\/2025\/05\/cau-tao-may-dun-ca-cong-nghiep_result222-727x800.webp 727w, https:\/\/congtybinhminh.com\/wp-content\/uploads\/2025\/05\/cau-tao-may-dun-ca-cong-nghiep_result222-768x845.webp 768w, https:\/\/congtybinhminh.com\/wp-content\/uploads\/2025\/05\/cau-tao-may-dun-ca-cong-nghiep_result222-510x561.webp 510w\" sizes=\"auto, (max-width: 800px) 100vw, 800px\" \/><\/p>\n<h3>T\u00edch h\u1ee3p 2 t\u00ednh n\u0103ng<\/h3>\n<p>M\u00e1y \u0111\u00f9n th\u1ebf h\u1ec7 m\u1edbi t\u00edch h\u1ee3p 2 t\u00ednh n\u0103ng &#8221; nghi\u1ec1n h\u00fat v\u00e0 \u0111\u00f9n nguy\u00ean li\u1ec7u&#8221; li\u00ean t\u1ee5c.<\/p>\n<p><img loading=\"lazy\" decoding=\"async\" class=\"aligncenter wp-image-10637 size-full\" src=\"https:\/\/congtybinhminh.com\/wp-content\/uploads\/2025\/05\/may-dun-ca-75kw_result222.webp\" alt=\"may-dun-ca-7,5kw_result222\" width=\"800\" height=\"600\" srcset=\"https:\/\/congtybinhminh.com\/wp-content\/uploads\/2025\/05\/may-dun-ca-75kw_result222.webp 800w, https:\/\/congtybinhminh.com\/wp-content\/uploads\/2025\/05\/may-dun-ca-75kw_result222-533x400.webp 533w, https:\/\/congtybinhminh.com\/wp-content\/uploads\/2025\/05\/may-dun-ca-75kw_result222-768x576.webp 768w, https:\/\/congtybinhminh.com\/wp-content\/uploads\/2025\/05\/may-dun-ca-75kw_result222-510x383.webp 510w\" sizes=\"auto, (max-width: 800px) 100vw, 800px\" \/><\/p>\n<p>Ph\u00eda tr\u00ean toa n\u1ea1p mi\u1ec7ng r\u1ed9ng v\u1edbi s\u1ee9c ch\u1ee9a 10 &#8211; 15kg nguy\u00ean li\u1ec7u. Hay \u0111\u00f9n nguy\u00ean con c\u00e1 m\u00e0 kh\u00f4ng ph\u1ea3i ch\u1eb7t nh\u1ecf tr\u01b0\u1edbc<\/p>\n<p>H\u1ec7 th\u1ed1ng qu\u1ea3 l\u00f4 hay c\u00f2n g\u1ecdi l\u00e0 tr\u1ee5c cu\u1ed1n \u0111\u00f4i x\u1ebfp xo\u1eafn \u0111an c\u00e1nh t\u1ea1o l\u1ef1c k\u00e9o kh\u1ecfe, v\u1eeba cu\u1ed1n \u0111\u1ec1u nguy\u00ean li\u1ec7u &#8211;\u00a0 v\u1eeba h\u00fat xu\u1ed1ng bu\u1ed3ng nghi\u1ec1n m\u00e0 kh\u00f4ng c\u1ea7n d\u00f9ng tay can thi\u1ec7p<\/p>\n<p><img loading=\"lazy\" decoding=\"async\" class=\"aligncenter wp-image-10636 size-full\" src=\"https:\/\/congtybinhminh.com\/wp-content\/uploads\/2025\/05\/buong-nghien_result222.webp\" alt=\"buong-nghien_result222\" width=\"800\" height=\"600\" srcset=\"https:\/\/congtybinhminh.com\/wp-content\/uploads\/2025\/05\/buong-nghien_result222.webp 800w, https:\/\/congtybinhminh.com\/wp-content\/uploads\/2025\/05\/buong-nghien_result222-533x400.webp 533w, https:\/\/congtybinhminh.com\/wp-content\/uploads\/2025\/05\/buong-nghien_result222-768x576.webp 768w, https:\/\/congtybinhminh.com\/wp-content\/uploads\/2025\/05\/buong-nghien_result222-510x383.webp 510w\" sizes=\"auto, (max-width: 800px) 100vw, 800px\" \/><\/p>\n<p>C\u00e1c thanh r\u0103ng tr\u00ean m\u1ed7i qu\u1ea3 l\u00f4 nghi\u1ec1n v\u1ee1 nguy\u00ean li\u1ec7u r\u1ed3i \u0111\u01b0a xu\u1ed1ng tr\u1ee5c xo\u1eafn \u0111\u1ec3 \u0111\u00f9n ch\u00fang qua l\u1ed7 s\u00e0ng, r\u1ed3i \u0111i ra ngo\u00e0i. G\u00f3p ph\u1ea7n gi\u1ea3m t\u1ea3i cho tr\u1ee5c xo\u1eafn v\u00e0 gi\u00fap m\u00e1y b\u1ec1n h\u01a1n<\/p>\n<h3>Tr\u1ee5c \u0111\u00f9n kh\u1ecfe &#8211; m\u1eb7t s\u00e0ng linh ho\u1ea1t<\/h3>\n<p>\u0110\u1ea7u \u0111\u00f9n kh\u1ecfe k\u1ebft h\u1ee3p v\u1edbi 3 m\u1eb7t s\u00e0ng linh ho\u1ea1t, t\u00f9y nhu c\u1ea7u ng\u01b0\u1eddi d\u00f9ng l\u1eafp \u0111\u1eb7t cho ra th\u00e0nh ph\u1ea9m t\u01b0\u01a1ng \u1ee9ng ( v\u00ed d\u1ee5 s\u00e0ng 6ly; 10ly; 12ly)<\/p>\n<p><img loading=\"lazy\" decoding=\"async\" class=\"aligncenter wp-image-10639 size-full\" src=\"https:\/\/congtybinhminh.com\/wp-content\/uploads\/2025\/05\/mat-sang-may-dun-ca_result222.webp\" alt=\"mat-sang-may-dun-ca_result222\" width=\"800\" height=\"1155\" srcset=\"https:\/\/congtybinhminh.com\/wp-content\/uploads\/2025\/05\/mat-sang-may-dun-ca_result222.webp 800w, https:\/\/congtybinhminh.com\/wp-content\/uploads\/2025\/05\/mat-sang-may-dun-ca_result222-277x400.webp 277w, https:\/\/congtybinhminh.com\/wp-content\/uploads\/2025\/05\/mat-sang-may-dun-ca_result222-554x800.webp 554w, https:\/\/congtybinhminh.com\/wp-content\/uploads\/2025\/05\/mat-sang-may-dun-ca_result222-768x1109.webp 768w, https:\/\/congtybinhminh.com\/wp-content\/uploads\/2025\/05\/mat-sang-may-dun-ca_result222-510x736.webp 510w\" sizes=\"auto, (max-width: 800px) 100vw, 800px\" \/><\/p>\n<h3>Cho n\u0103ng su\u1ea5t cao<\/h3>\n<p>B\u00e1nh r\u0103ng x\u00edch truy\u1ec1n l\u1ef1c ch\u1eafc ch\u1eafn k\u1ebft h\u1ee3p h\u1ed9p s\u1ed1 \u0111i\u1ec1u ch\u1ec9nh t\u1ed1c \u0111\u1ed9, gi\u1ea3m t\u1ed1c \u0111\u1ed9 quay motor. Nh\u1edd v\u1eady, m\u00e1y c\u00f3 th\u1ec3 v\u1eadn h\u00e0nh kh\u1ecfe xuy\u00ean su\u1ed1t qu\u00e1 tr\u00ecnh \u0111\u00f9n. \u0110\u1ed3ng th\u1eddi, g\u00f3p ph\u1ea7n k\u00e9o d\u00e0i tu\u1ed5i th\u1ecd \u0111\u1ed9ng c\u01a1 v\u00e0 c\u00e1c b\u1ed9 ph\u1eadn \u0111i k\u00e8m<\/p>\n<p><img loading=\"lazy\" decoding=\"async\" class=\"aligncenter wp-image-10638 size-full\" src=\"https:\/\/congtybinhminh.com\/wp-content\/uploads\/2025\/05\/banh-rang-xich_result222.webp\" alt=\"banh-rang-xich_result222\" width=\"800\" height=\"600\" srcset=\"https:\/\/congtybinhminh.com\/wp-content\/uploads\/2025\/05\/banh-rang-xich_result222.webp 800w, https:\/\/congtybinhminh.com\/wp-content\/uploads\/2025\/05\/banh-rang-xich_result222-533x400.webp 533w, https:\/\/congtybinhminh.com\/wp-content\/uploads\/2025\/05\/banh-rang-xich_result222-768x576.webp 768w, https:\/\/congtybinhminh.com\/wp-content\/uploads\/2025\/05\/banh-rang-xich_result222-510x383.webp 510w\" sizes=\"auto, (max-width: 800px) 100vw, 800px\" \/><\/p>\n<p>M\u00e1y \u0111\u00f9n c\u00e1 c\u00f4ng nghi\u1ec7p d\u00f9ng \u0111i\u1ec7n 3 pha c\u00f4ng su\u1ea5t 7,5kw motor l\u00f5i d\u00e2y \u0111\u1ed3ng 100% cho n\u0103ng su\u1ea5t \u0111\u00f9n x\u01b0\u01a1ng kho\u1ea3ng 200 &#8211; 300 kg\/gi\u1edd, \u0111\u00f9n \u0111\u1ea7u c\u00e1 kho\u1ea3ng 700 &#8211; 800kg\/gi\u1edd<\/p>\n<p><img loading=\"lazy\" decoding=\"async\" class=\"aligncenter wp-image-10640 size-full\" src=\"https:\/\/congtybinhminh.com\/wp-content\/uploads\/2025\/05\/may-dun-xuong-75kw_result222.webp\" alt=\"may-dun-xuong-7,5kw_result222\" width=\"800\" height=\"600\" srcset=\"https:\/\/congtybinhminh.com\/wp-content\/uploads\/2025\/05\/may-dun-xuong-75kw_result222.webp 800w, https:\/\/congtybinhminh.com\/wp-content\/uploads\/2025\/05\/may-dun-xuong-75kw_result222-533x400.webp 533w, https:\/\/congtybinhminh.com\/wp-content\/uploads\/2025\/05\/may-dun-xuong-75kw_result222-768x576.webp 768w, https:\/\/congtybinhminh.com\/wp-content\/uploads\/2025\/05\/may-dun-xuong-75kw_result222-510x383.webp 510w\" sizes=\"auto, (max-width: 800px) 100vw, 800px\" \/><\/p>\n<h2>\u0110\u1ecba ch\u1ec9 mua m\u00e1y \u0111\u00f9n c\u00e1 c\u00f4ng nghi\u1ec7p gi\u00e1 g\u1ed1c t\u1ea1i x\u01b0\u1edfng<\/h2>\n<p>C\u00f4ng ty B\u00ecnh Minh t\u1ef1 h\u00e0o l\u00e0 \u0111\u01a1n v\u1ecb chuy\u00ean s\u1ea3n xu\u1ea5t v\u00e0 cung c\u1ea5p m\u00e1y n\u00f4ng nghi\u1ec7p s\u1ed1 1 Vi\u1ec7t Nam v\u1edbi h\u01a1n 30 n\u0103m kinh nghi\u1ec7m trong l\u0129nh v\u1ef1c c\u01a1 kh\u00ed<\/p>\n<p><img loading=\"lazy\" decoding=\"async\" class=\"aligncenter wp-image-10643 size-full\" src=\"https:\/\/congtybinhminh.com\/wp-content\/uploads\/2025\/05\/xuong-san-xuat-may-dun-ca_result222.webp\" alt=\"xuong-san-xuat-may-dun-ca_result222\" width=\"800\" height=\"1188\" srcset=\"https:\/\/congtybinhminh.com\/wp-content\/uploads\/2025\/05\/xuong-san-xuat-may-dun-ca_result222.webp 800w, https:\/\/congtybinhminh.com\/wp-content\/uploads\/2025\/05\/xuong-san-xuat-may-dun-ca_result222-269x400.webp 269w, https:\/\/congtybinhminh.com\/wp-content\/uploads\/2025\/05\/xuong-san-xuat-may-dun-ca_result222-539x800.webp 539w, https:\/\/congtybinhminh.com\/wp-content\/uploads\/2025\/05\/xuong-san-xuat-may-dun-ca_result222-768x1140.webp 768w, https:\/\/congtybinhminh.com\/wp-content\/uploads\/2025\/05\/xuong-san-xuat-may-dun-ca_result222-510x757.webp 510w\" sizes=\"auto, (max-width: 800px) 100vw, 800px\" \/><\/p>\n<p>\u0110\u1ec3 \u0111\u1eb7t mua h\u00e0ng ch\u00ednh h\u00e3ng, b\u00e0 con c\u00f3 th\u1ec3 \u0111\u1ebfn tr\u1ee5 s\u1edf g\u1ea7n nh\u1ea5t c\u1ee7a c\u00f4ng ty \u0111\u1ec3 xem v\u00e0 \u0111\u1eb7t mua h\u00e0ng;<\/p>\n<ul>\n<li>Tr\u1ee5 s\u1edf ch\u00ednh: p.L\u00ea L\u1ee3i &#8211; Tx S\u01a1n T\u00e2y &#8211; H\u00e0 N\u1ed9i<\/li>\n<li>Chi nh\u00e1nh mi\u1ec1n Nam: x\u00e3 T\u00e2n Ki\u00ean &#8211; H. B\u00ecnh Ch\u00e1nh &#8211; Tp H\u1ed3 Ch\u00ed Minh<\/li>\n<\/ul>\n<p>Khi \u0111\u1ebfn \u0111\u00e2y, b\u00e0 con s\u1ebd \u0111\u01b0\u1ee3c tr\u1ea3i nghi\u1ec7m v\u1eadn h\u00e0nh m\u00e1y d\u01b0\u1edbi s\u1ef1 h\u01b0\u1edbng d\u1eabn c\u1ee7a \u0111\u1ed9i ng\u0169 k\u1ef9 thu\u1ead<\/p>\n<p>\u0110\u1ed1i v\u1edbi b\u00e0 con \u1edf xa, c\u00f3 th\u1ec3 li\u00ean h\u1ec7 t\u1edbi s\u1ed1 \u0111i\u1ec7n tho\u1ea1i tr\u00ean website ho\u1eb7c \u0111\u1ec3 l\u1ea1i l\u1eddi nh\u1eafn \u0111\u1ed9i ng\u0169 t\u01b0 v\u1ea5n s\u1ebd li\u00ean h\u1ec7 b\u00e0 con trong th\u1eddi gian s\u1edbm nh\u1ea5t<\/p>\n<p><strong>Th\u00f4ng s\u1ed1 k\u1ef9 thu\u1eadt\u00a0<\/strong><\/p>\n<table border=\"1\" cellspacing=\"1\" cellpadding=\"1\">\n<tbody>\n<tr>\n<td colspan=\"1\" rowspan=\"3\">\u0110\u1ed9ng c\u01a1<\/td>\n<td>C\u00f4ng su\u1ea5t \u0111\u1ed9ng c\u01a1<\/td>\n<td>7.5kw<\/td>\n<\/tr>\n<tr>\n<td>Ngu\u1ed3n \u0111i\u1ec7n<\/td>\n<td>380V<\/td>\n<\/tr>\n<tr>\n<td>T\u1ed1c \u0111\u1ed9<\/td>\n<td>1450 v\/p<\/td>\n<\/tr>\n<tr>\n<td colspan=\"1\" rowspan=\"2\">B\u1ea3o h\u00e0nh<\/td>\n<td>K\u1ef9 thu\u1eadt<\/td>\n<td>12 th\u00e1ng<\/td>\n<\/tr>\n<tr>\n<td>\u0110\u1ed9ng c\u01a1<\/td>\n<td>Theo t\u1eebng h\u00e3ng s\u1ea3n xu\u1ea5t<\/td>\n<\/tr>\n<tr>\n<td>N\u0103ng su\u1ea5t<\/td>\n<td colspan=\"2\" rowspan=\"1\">\u00a0kg\/gi\u1edd<\/td>\n<\/tr>\n<tr>\n<td>K\u00edch th\u01b0\u1edbc (d*c*r)<\/td>\n<td colspan=\"2\" rowspan=\"1\">105*80*93 cm<\/td>\n<\/tr>\n<tr>\n<td>H\u00ecnh th\u1ee9c thanh to\u00e1n<\/td>\n<td colspan=\"2\" rowspan=\"1\">Ti\u1ec1n m\u1eb7t ho\u1eb7c chuy\u1ec3n kho\u1ea3n<\/td>\n<\/tr>\n<\/tbody>\n<\/table>\n","protected":false},"excerpt":{"rendered":"<ul>\n<li><strong>H\u00e3ng s\u1ea3n xu\u1ea5t:\u00a0<\/strong>B\u00ecnh Minh<\/li>\n<li><strong>C\u00f4ng su\u1ea5t \u0111\u1ed9ng c\u01a1:\u00a0<\/strong>7,5kw<\/li>\n<li><strong>Ngu\u1ed3n \u0111i\u1ec7n<\/strong>: 380V<\/li>\n<li><strong>T\u1ed1c \u0111\u1ed9: 1<\/strong>450 v\/p<\/li>\n<li><strong>N\u0103ng su\u1ea5t:<\/strong>\u00a0200 &#8211; 300 kg\/gi\u1edd<\/li>\n<li><strong>K\u00edch th\u01b0\u1edbc (d*c*r)<\/strong>: 105*80*93 cm<\/li>\n<li><strong>T\u00ednh n\u0103ng<\/strong>: m\u00e1y chuy\u00ean nghi\u1ec1n \u0111\u00f9n nhuy\u1ec5n x\u01b0\u01a1ng l\u1ee3n, x\u01b0\u01a1ng g\u00e1, c\u00e1, cua, \u1ed1c.. l\u00e0m th\u1ee9c \u0103n cho gia s\u00fac, \u0111\u00f9n c\u00e1m<\/li>\n<\/ul>\n","protected":false},"featured_media":10630,"comment_status":"open","ping_status":"closed","template":"","meta":[],"product_brand":[],"product_cat":[196],"product_tag":[],"class_list":{"0":"post-10628","1":"product","2":"type-product","3":"status-publish","4":"has-post-thumbnail","6":"product_cat-may-dun-ca","8":"first","9":"instock","10":"shipping-taxable","11":"product-type-simple"},"_links":{"self":[{"href":"https:\/\/congtybinhminh.com\/index.php?rest_route=\/wp\/v2\/product\/10628","targetHints":{"allow":["GET"]}}],"collection":[{"href":"https:\/\/congtybinhminh.com\/index.php?rest_route=\/wp\/v2\/product"}],"about":[{"href":"https:\/\/congtybinhminh.com\/index.php?rest_route=\/wp\/v2\/types\/product"}],"replies":[{"embeddable":true,"href":"https:\/\/congtybinhminh.com\/index.php?rest_route=%2Fwp%2Fv2%2Fcomments&post=10628"}],"wp:featuredmedia":[{"embeddable":true,"href":"https:\/\/congtybinhminh.com\/index.php?rest_route=\/wp\/v2\/media\/10630"}],"wp:attachment":[{"href":"https:\/\/congtybinhminh.com\/index.php?rest_route=%2Fwp%2Fv2%2Fmedia&parent=10628"}],"wp:term":[{"taxonomy":"product_brand","embeddable":true,"href":"https:\/\/congtybinhminh.com\/index.php?rest_route=%2Fwp%2Fv2%2Fproduct_brand&post=10628"},{"taxonomy":"product_cat","embeddable":true,"href":"https:\/\/congtybinhminh.com\/index.php?rest_route=%2Fwp%2Fv2%2Fproduct_cat&post=10628"},{"taxonomy":"product_tag","embeddable":true,"href":"https:\/\/congtybinhminh.com\/index.php?rest_route=%2Fwp%2Fv2%2Fproduct_tag&post=10628"}],"curies":[{"name":"wp","href":"https:\/\/api.w.org\/{rel}","templated":true}]}}