{"id":10590,"date":"2025-03-27T08:13:20","date_gmt":"2025-03-27T01:13:20","guid":{"rendered":"https:\/\/congtybinhminh.com\/?post_type=product&#038;p=10590"},"modified":"2025-03-27T08:13:21","modified_gmt":"2025-03-27T01:13:21","slug":"may-ep-cam-vien-s200-4-qua-lo","status":"publish","type":"product","link":"https:\/\/congtybinhminh.com\/?product=may-ep-cam-vien-s200-4-qua-lo","title":{"rendered":"M\u00e1y \u00e9p c\u00e1m vi\u00ean S200 &#8211; 4 qu\u1ea3 l\u00f4"},"content":{"rendered":"<h2>Video ho\u1ea1t \u0111\u1ed9ng c\u1ee7a m\u00e1y<\/h2>\n<p><iframe loading=\"lazy\" title=\"Hot!!! M\u00e1y \u00c9p C\u00e1m Vi\u00ean S200 C\u00f3 4 Qu\u1ea3 L\u00f4 Th\u1ebf H\u1ec7 M\u1edbi N\u0103ng Su\u1ea5t 3,5 T\u1ea1 M\u1ed7i Gi\u1edd\" width=\"1020\" height=\"574\" src=\"https:\/\/www.youtube.com\/embed\/FvvqzNkjBXM?feature=oembed\" frameborder=\"0\" allow=\"accelerometer; autoplay; clipboard-write; encrypted-media; gyroscope; picture-in-picture; web-share\" referrerpolicy=\"strict-origin-when-cross-origin\" allowfullscreen><\/iframe><\/p>\n<h2>Gi\u1edbi thi\u1ec7u m\u00e1y \u00e9p c\u00e1m vi\u00ean S200 &#8211; 4 qu\u1ea3 l\u00f4<\/h2>\n<p>Nu\u00f4i g\u00e0, nu\u00f4i l\u1ee3n m\u00e0 ph\u1ee5 thu\u1ed9c v\u00e0o c\u00e1m c\u00f4ng nghi\u1ec7p th\u00ec t\u1ed1n k\u00e9m. Thay v\u00e0o \u0111\u00f3, b\u00e0 con c\u00f3 th\u1ec3 t\u1ef1 l\u00e0m c\u00e1m s\u1ea1ch ngay t\u1ea1i nh\u00e0 v\u1edbi m\u00e1y \u00e9p c\u00e1m vi\u00ean S200 &#8211; 4 qu\u1ea3 l\u00f4 do c\u00f4ng ty B\u00ecnh Minh s\u1ea3n xu\u1ea5t<\/p>\n<p><img loading=\"lazy\" decoding=\"async\" class=\"aligncenter wp-image-10598 size-full\" src=\"https:\/\/congtybinhminh.com\/wp-content\/uploads\/2025\/03\/may-ep-cam-vien-s200-4-qua-lo_result222-1.webp\" alt=\"may-ep-cam-vien-s200-4-qua-lo_result222\" width=\"800\" height=\"1078\" srcset=\"https:\/\/congtybinhminh.com\/wp-content\/uploads\/2025\/03\/may-ep-cam-vien-s200-4-qua-lo_result222-1.webp 800w, https:\/\/congtybinhminh.com\/wp-content\/uploads\/2025\/03\/may-ep-cam-vien-s200-4-qua-lo_result222-1-297x400.webp 297w, https:\/\/congtybinhminh.com\/wp-content\/uploads\/2025\/03\/may-ep-cam-vien-s200-4-qua-lo_result222-1-594x800.webp 594w, https:\/\/congtybinhminh.com\/wp-content\/uploads\/2025\/03\/may-ep-cam-vien-s200-4-qua-lo_result222-1-768x1035.webp 768w, https:\/\/congtybinhminh.com\/wp-content\/uploads\/2025\/03\/may-ep-cam-vien-s200-4-qua-lo_result222-1-510x687.webp 510w\" sizes=\"auto, (max-width: 800px) 100vw, 800px\" \/><\/p>\n<p>T\u1eadn d\u1ee5ng ngay nguy\u00ean li\u1ec7u s\u1eb5n c\u00f3 nh\u01b0 b\u1ed9t c\u00e1m, rau xanh, cua, c\u00e1, \u1ed1c&#8230; tr\u1ed9n \u0111\u1ec1u r\u1ed3i \u00e9p th\u00e0nh vi\u00ean \u0111\u1ee7 dinh d\u01b0\u1ee1ng cho v\u1eadt nu\u00f4i.<\/p>\n<p><strong data-start=\"485\" data-end=\"520\">Ti\u1ebft ki\u1ec7m \u2013 Ti\u1ec7n l\u1ee3i \u2013 Hi\u1ec7u qu\u1ea3<\/strong>. \u0110\u1ea7u t\u01b0 m\u1ed9t l\u1ea7n, s\u1eed d\u1ee5ng l\u00e2u d\u00e0i, n\u00e2ng t\u1ea7m ch\u1ea5t l\u01b0\u1ee3ng ch\u0103n nu\u00f4i v\u00e0 t\u1eebng b\u01b0\u1edbc x\u00e2y d\u1ef1ng th\u01b0\u01a1ng hi\u1ec7u ri\u00eang cho b\u00e0 con tr\u00ean th\u1ecb tr\u01b0\u1eddng.<\/p>\n<h2>C\u1ea5u t\u1ea1o m\u00e1y \u00e9p c\u00e1m vi\u00ean S200 &#8211; 4 qu\u1ea3 l\u00f4<\/h2>\n<h3>Thi\u1ebft k\u1ebf hi\u1ec7n \u0111\u1ea1i &#8211; v\u1eadn h\u00e0nh \u1ed5n \u0111\u1ecbnh<\/h3>\n<p>M\u00e1y \u00e9p c\u00e1m vi\u00ean tr\u1ee5c \u0111\u1ee9ng v\u1edbi ph\u1ea7n khung m\u00e1y \u0111\u01b0\u1ee3c h\u00e0n g\u1eafn ch\u1eafc ch\u1eafn kh\u00f4ng g\u00e2y rung l\u1eafc hay m\u00f3p m\u00e9o trong qu\u00e1 tr\u00ecnh s\u1eed d\u1ee5ng<\/p>\n<p><img loading=\"lazy\" decoding=\"async\" class=\"aligncenter wp-image-10599 size-full\" src=\"https:\/\/congtybinhminh.com\/wp-content\/uploads\/2025\/03\/cau-tao-may-ep-cam-vien-s200-4-qua-lo_result222-1.webp\" alt=\"cau-tao-may-ep-cam-vien-s200-4-qua-lo_result222\" width=\"800\" height=\"600\" srcset=\"https:\/\/congtybinhminh.com\/wp-content\/uploads\/2025\/03\/cau-tao-may-ep-cam-vien-s200-4-qua-lo_result222-1.webp 800w, https:\/\/congtybinhminh.com\/wp-content\/uploads\/2025\/03\/cau-tao-may-ep-cam-vien-s200-4-qua-lo_result222-1-533x400.webp 533w, https:\/\/congtybinhminh.com\/wp-content\/uploads\/2025\/03\/cau-tao-may-ep-cam-vien-s200-4-qua-lo_result222-1-768x576.webp 768w, https:\/\/congtybinhminh.com\/wp-content\/uploads\/2025\/03\/cau-tao-may-ep-cam-vien-s200-4-qua-lo_result222-1-510x383.webp 510w\" sizes=\"auto, (max-width: 800px) 100vw, 800px\" \/><\/p>\n<p>Ph\u00eda d\u01b0\u1edbi c\u00f2n \u0111\u01b0\u1ee3c l\u1eafp 4 b\u00e1nh xe linh ho\u1ea1t, gi\u00fap di chuy\u1ec3n d\u1ec5 d\u00e0ng trong trang tr\u1ea1i m\u00e0 kh\u00f4ng t\u1ed1n nhi\u1ec1u c\u00f4ng s\u1ee9c<\/p>\n<h3>Toa n\u1ea1p r\u1ed9ng &#8211; nghi\u1ec1n \u00e9p li\u00ean t\u1ee5c<\/h3>\n<p>Toa n\u1ea1p nguy\u00ean li\u1ec7u \u0111\u01b0\u1ee3c thi\u1ebft k\u1ebf h\u00ecnh ph\u1ec5u tr\u00f2n r\u1ed9ng r\u00e3i ch\u1ee9a \u0111\u01b0\u1ee3c l\u01b0\u1ee3ng l\u1edbn h\u1ed7n h\u1ee3p c\u00e1m m\u1ed7i m\u1ebb \u00e9p<\/p>\n<p><img loading=\"lazy\" decoding=\"async\" class=\"aligncenter wp-image-10600 size-full\" src=\"https:\/\/congtybinhminh.com\/wp-content\/uploads\/2025\/03\/toa-nap-may-ep-cam-vien_result222-1.webp\" alt=\"toa-nap-may-ep-cam-vien_result222\" width=\"800\" height=\"600\" srcset=\"https:\/\/congtybinhminh.com\/wp-content\/uploads\/2025\/03\/toa-nap-may-ep-cam-vien_result222-1.webp 800w, https:\/\/congtybinhminh.com\/wp-content\/uploads\/2025\/03\/toa-nap-may-ep-cam-vien_result222-1-533x400.webp 533w, https:\/\/congtybinhminh.com\/wp-content\/uploads\/2025\/03\/toa-nap-may-ep-cam-vien_result222-1-768x576.webp 768w, https:\/\/congtybinhminh.com\/wp-content\/uploads\/2025\/03\/toa-nap-may-ep-cam-vien_result222-1-510x383.webp 510w\" sizes=\"auto, (max-width: 800px) 100vw, 800px\" \/><\/p>\n<p>Thi\u1ebft k\u1ebf n\u00e0y kh\u00f4ng ch\u1ec9 gi\u00fap b\u00e0 con ti\u1ebft ki\u1ec7m th\u1eddi gian m\u00e0 c\u00f2n \u0111\u1ea3m b\u1ea3o m\u00e1y ho\u1ea1t \u0111\u1ed9ng li\u00ean t\u1ee5c, n\u00e2ng cao n\u0103ng su\u1ea5t c\u00e1m vi\u00ean m\u1ed7i ng\u00e0y<\/p>\n<h3>H\u1ec7 th\u1ed1ng bu\u1ed3ng l\u00e0m vi\u1ec7c<\/h3>\n<p>Khi m\u00e1y ho\u1ea1t \u0111\u1ed9ng, m\u1eb7t s\u00e0ng trong k\u1ebft h\u1ee3p v\u1edbi 4 qu\u1ea3 l\u00f4 gi\u00fap nghi\u1ec1n &#8211; \u00e9p h\u1ed7n h\u1ee3p nguy\u00ean li\u1ec7u t\u1ea1o ra nh\u1eefng vi\u00ean c\u00e1m ch\u1eafc<\/p>\n<p><img loading=\"lazy\" decoding=\"async\" class=\"aligncenter wp-image-10601 size-full\" src=\"https:\/\/congtybinhminh.com\/wp-content\/uploads\/2025\/03\/qua-lo-ep-cam-vien_result222.webp\" alt=\"qua-lo-ep-cam-vien_result222\" width=\"800\" height=\"1145\" srcset=\"https:\/\/congtybinhminh.com\/wp-content\/uploads\/2025\/03\/qua-lo-ep-cam-vien_result222.webp 800w, https:\/\/congtybinhminh.com\/wp-content\/uploads\/2025\/03\/qua-lo-ep-cam-vien_result222-279x400.webp 279w, https:\/\/congtybinhminh.com\/wp-content\/uploads\/2025\/03\/qua-lo-ep-cam-vien_result222-559x800.webp 559w, https:\/\/congtybinhminh.com\/wp-content\/uploads\/2025\/03\/qua-lo-ep-cam-vien_result222-768x1099.webp 768w, https:\/\/congtybinhminh.com\/wp-content\/uploads\/2025\/03\/qua-lo-ep-cam-vien_result222-510x730.webp 510w\" sizes=\"auto, (max-width: 800px) 100vw, 800px\" \/><\/p>\n<p>C\u00e1m sau khi \u00e9p s\u1ebd \u0111i qua l\u1ed7 s\u00e0ng, \u0111\u1ecbnh h\u00ecnh vi\u00ean r\u1ed3i \u0111\u01b0\u1ee3c thanh dao c\u1eaft th\u00e0nh t\u1eebng \u0111o\u1ea1n \u0111\u1ec1u nhau tr\u01b0\u1edbc khi \u0111\u1ea9y ra c\u1eeda x\u1ea3<\/p>\n<p>Qu\u00e1 tr\u00ecnh \u00e9p di\u1ec5n ra li\u00ean t\u1ee5c, t\u1ea1o ma s\u00e1t sinh nhi\u1ec7t kho\u1ea3ng 60 &#8211; 70 \u0111\u1ed9 C gi\u00fap vi\u00ean c\u00e1m khi \u00e9p ra c\u00f3 \u0111\u1ed9 \u1ea9m n\u00f3ng, c\u00f3 th\u1ec3 cho v\u1eadt nu\u00f4i \u0103n ngay ho\u1eb7c ph\u01a1i kh\u00f4 d\u00f9ng d\u1ea7n<\/p>\n<p><img loading=\"lazy\" decoding=\"async\" class=\"aligncenter wp-image-10602 size-full\" src=\"https:\/\/congtybinhminh.com\/wp-content\/uploads\/2025\/03\/may-ep-cam-4-qua-lo_result222-1.webp\" alt=\"may-ep-cam-4-qua-lo_result222\" width=\"800\" height=\"612\" srcset=\"https:\/\/congtybinhminh.com\/wp-content\/uploads\/2025\/03\/may-ep-cam-4-qua-lo_result222-1.webp 800w, https:\/\/congtybinhminh.com\/wp-content\/uploads\/2025\/03\/may-ep-cam-4-qua-lo_result222-1-523x400.webp 523w, https:\/\/congtybinhminh.com\/wp-content\/uploads\/2025\/03\/may-ep-cam-4-qua-lo_result222-1-768x588.webp 768w, https:\/\/congtybinhminh.com\/wp-content\/uploads\/2025\/03\/may-ep-cam-4-qua-lo_result222-1-510x390.webp 510w\" sizes=\"auto, (max-width: 800px) 100vw, 800px\" \/><\/p>\n<p>M\u1ed7i qu\u1ea3 l\u00f4 \u0111\u01b0\u1ee3c t\u00f4i cao t\u1ea7n c\u1ee9ng, tr\u00ean b\u1ec1 m\u1eb7t m\u1ed7i qu\u1ea3 thi\u1ebft k\u1ebf khe r\u00e3nh t\u1ea1o \u0111\u1ed9 b\u00e1m t\u0103ng kh\u1ea3 n\u0103ng ch\u1ed1ng m\u00f2n t\u1ed1t h\u01a1n theo th\u1eddi gian<\/p>\n<p><img loading=\"lazy\" decoding=\"async\" class=\"aligncenter wp-image-10603 size-full\" src=\"https:\/\/congtybinhminh.com\/wp-content\/uploads\/2025\/03\/mat-sang-may-ep-cam-vien_result222.webp\" alt=\"mat-sang-may-ep-cam-vien_result222\" width=\"800\" height=\"1145\" srcset=\"https:\/\/congtybinhminh.com\/wp-content\/uploads\/2025\/03\/mat-sang-may-ep-cam-vien_result222.webp 800w, https:\/\/congtybinhminh.com\/wp-content\/uploads\/2025\/03\/mat-sang-may-ep-cam-vien_result222-279x400.webp 279w, https:\/\/congtybinhminh.com\/wp-content\/uploads\/2025\/03\/mat-sang-may-ep-cam-vien_result222-559x800.webp 559w, https:\/\/congtybinhminh.com\/wp-content\/uploads\/2025\/03\/mat-sang-may-ep-cam-vien_result222-768x1099.webp 768w, https:\/\/congtybinhminh.com\/wp-content\/uploads\/2025\/03\/mat-sang-may-ep-cam-vien_result222-510x730.webp 510w\" sizes=\"auto, (max-width: 800px) 100vw, 800px\" \/><\/p>\n<p>M\u1eb7t s\u00e0ng d\u00e0y c\u00f3 th\u1ec3 \u0111\u1ea3o chi\u1ec1u linh ho\u1ea1t k\u00e9o d\u00e0i tu\u1ed5i th\u1ecd s\u1eed d\u1ee5ng<\/p>\n<h3>C\u1eeda x\u1ea3 th\u00e0nh ph\u1ea9m<\/h3>\n<p>Ph\u00eda tr\u01b0\u1edbc c\u1eeda x\u1ea3 c\u00f3 thanh dao c\u1eaft gi\u00fap ng\u01b0\u1eddi d\u00f9ng c\u00f3 th\u1ec3 t\u1ef1 \u0111i\u1ec1u ch\u1ec9nh \u0111\u1ed9 d\u00e0i &#8211; ng\u1eafn c\u1ee7a vi\u00ean c\u00e1m b\u1eb1ng c\u00e1ch:<\/p>\n<p><img loading=\"lazy\" decoding=\"async\" class=\"aligncenter wp-image-10604 size-full\" src=\"https:\/\/congtybinhminh.com\/wp-content\/uploads\/2025\/03\/dieu-chi-dao-cat_result222.webp\" alt=\"dieu-chi-dao-cat_result222\" width=\"800\" height=\"378\" srcset=\"https:\/\/congtybinhminh.com\/wp-content\/uploads\/2025\/03\/dieu-chi-dao-cat_result222.webp 800w, https:\/\/congtybinhminh.com\/wp-content\/uploads\/2025\/03\/dieu-chi-dao-cat_result222-768x363.webp 768w, https:\/\/congtybinhminh.com\/wp-content\/uploads\/2025\/03\/dieu-chi-dao-cat_result222-510x241.webp 510w\" sizes=\"auto, (max-width: 800px) 100vw, 800px\" \/><\/p>\n<ul>\n<li>N\u00e2ng dao c\u1eaft l\u00ean s\u00e1t m\u1eb7t s\u00e0ng: n\u1ebfu mu\u1ed1n vi\u00ean c\u00e1m ra ng\u1eafn<\/li>\n<li>H\u1ea1 dao c\u1eaft xu\u1ed1ng th\u1ea5p: n\u1ebfu mu\u1ed1n vi\u00ean c\u00e1m ra d\u00e0i<\/li>\n<\/ul>\n<p><img loading=\"lazy\" decoding=\"async\" class=\"aligncenter wp-image-10605 size-full\" src=\"https:\/\/congtybinhminh.com\/wp-content\/uploads\/2025\/03\/cach-su-dung-may-ep-cam-vien_result222.webp\" alt=\"cach-su-dung-may-ep-cam-vien_result222\" width=\"800\" height=\"600\" srcset=\"https:\/\/congtybinhminh.com\/wp-content\/uploads\/2025\/03\/cach-su-dung-may-ep-cam-vien_result222.webp 800w, https:\/\/congtybinhminh.com\/wp-content\/uploads\/2025\/03\/cach-su-dung-may-ep-cam-vien_result222-533x400.webp 533w, https:\/\/congtybinhminh.com\/wp-content\/uploads\/2025\/03\/cach-su-dung-may-ep-cam-vien_result222-768x576.webp 768w, https:\/\/congtybinhminh.com\/wp-content\/uploads\/2025\/03\/cach-su-dung-may-ep-cam-vien_result222-510x383.webp 510w\" sizes=\"auto, (max-width: 800px) 100vw, 800px\" \/><\/p>\n<p>M\u00e1y \u00e9p c\u00e1m vi\u00ean c\u00f4ng su\u1ea5t l\u1edbn s\u1eed d\u1ee5ng \u0111i\u1ec7n 3 pha \u0111\u1ed9ng c\u01a1 4kw motor l\u00f5i d\u00e2y \u0111\u1ed3ng 100% cho n\u0103ng su\u1ea5t \u0111\u1ea1t kho\u1ea3ng 250 &#8211; 300 kg\/gi\u1edd.<\/p>\n<p><img loading=\"lazy\" decoding=\"async\" class=\"aligncenter wp-image-10606 size-full\" src=\"https:\/\/congtybinhminh.com\/wp-content\/uploads\/2025\/03\/cam-vien-cho-ga_result222-1.webp\" alt=\"cam-vien-cho-ga_result222\" width=\"800\" height=\"538\" srcset=\"https:\/\/congtybinhminh.com\/wp-content\/uploads\/2025\/03\/cam-vien-cho-ga_result222-1.webp 800w, https:\/\/congtybinhminh.com\/wp-content\/uploads\/2025\/03\/cam-vien-cho-ga_result222-1-595x400.webp 595w, https:\/\/congtybinhminh.com\/wp-content\/uploads\/2025\/03\/cam-vien-cho-ga_result222-1-768x516.webp 768w, https:\/\/congtybinhminh.com\/wp-content\/uploads\/2025\/03\/cam-vien-cho-ga_result222-1-510x343.webp 510w\" sizes=\"auto, (max-width: 800px) 100vw, 800px\" \/><\/p>\n<p>Ch\u0103n nu\u00f4i nh\u00e0n t\u00eanh &#8211; v\u1eeba ti\u1ec7n l\u1ee3i, l\u1ea1i ti\u1ebft ki\u1ec7m kh\u1ed1i ti\u1ec1n m\u1ed7i th\u00e1ng<\/p>\n<h2>\u0110\u1ecba ch\u1ec9 mua m\u00e1y \u00e9p c\u00e1m vi\u00ean gi\u00e1 t\u1ed1t t\u1ea1i x\u01b0\u1edfng<\/h2>\n<p>\u0110\u1ec3 \u0111\u1eb7t mua h\u00e0ng ch\u00ednh h\u00e3ng, b\u00e0 con c\u00f3 th\u1ec3 \u0111\u1ebfn tr\u1ee5 s\u1edf g\u1ea7n nh\u1ea5t c\u1ee7a c\u00f4ng ty \u0111\u1ec3 xem v\u00e0 \u0111\u1eb7t mua h\u00e0ng:<\/p>\n<ul>\n<li>Tr\u1ee5 s\u1edf ch\u00ednh: p. L\u00ea L\u1ee3i &#8211; Tx S\u01a1n T\u00e2y &#8211; H\u00e0 N\u1ed9i<\/li>\n<li>Chi nh\u00e1nh mi\u1ec1n Nam: x\u00e3 T\u00e2n Ki\u00ean &#8211; H, B\u00ecnh Ch\u00e1nh &#8211; TP H\u1ed3 Ch\u00ed Minh<\/li>\n<\/ul>\n<p><img loading=\"lazy\" decoding=\"async\" class=\"aligncenter wp-image-10519 size-full\" src=\"https:\/\/congtybinhminh.com\/wp-content\/uploads\/2019\/10\/dia-chi-ban-may-ep-cam-vien-copy_result222.webp\" alt=\"dia-chi-ban-may-ep-cam-vien copy_result222\" width=\"800\" height=\"1057\" srcset=\"https:\/\/congtybinhminh.com\/wp-content\/uploads\/2019\/10\/dia-chi-ban-may-ep-cam-vien-copy_result222.webp 800w, https:\/\/congtybinhminh.com\/wp-content\/uploads\/2019\/10\/dia-chi-ban-may-ep-cam-vien-copy_result222-303x400.webp 303w, https:\/\/congtybinhminh.com\/wp-content\/uploads\/2019\/10\/dia-chi-ban-may-ep-cam-vien-copy_result222-605x800.webp 605w, https:\/\/congtybinhminh.com\/wp-content\/uploads\/2019\/10\/dia-chi-ban-may-ep-cam-vien-copy_result222-768x1015.webp 768w, https:\/\/congtybinhminh.com\/wp-content\/uploads\/2019\/10\/dia-chi-ban-may-ep-cam-vien-copy_result222-510x674.webp 510w\" sizes=\"auto, (max-width: 800px) 100vw, 800px\" \/><\/p>\n<p>Khi \u0111\u1ebfn \u0111\u00e2y, b\u00e0 con s\u1ebd \u0111\u01b0\u1ee3c th\u1eed nghi\u1ec7m v\u1eadn h\u00e0nh m\u00e1y d\u01b0\u1edbi s\u1ef1 h\u01b0\u1edbng d\u1eabn c\u1ee7a \u0111\u1ed9i ng\u0169 k\u1ef9 thu\u1eadt<\/p>\n<p>\u0110\u1ed1i v\u1edbi b\u00e0 con \u1edf xa, c\u00f3 th\u1ec3 li\u00ean h\u1ec7 t\u1edbi s\u1ed1 \u0111i\u1ec7n tho\u1ea1i tr\u00ean website ho\u1eb7c \u0111\u1ec3 l\u1ea1i l\u1eddi nh\u1eafn \u0111\u1ed9i ng\u0169 t\u01b0 v\u1ea5n s\u1ebd li\u00ean h\u1ec7 b\u00e0 con trong th\u1eddi gian s\u1edbm nh\u1ea5t<\/p>\n<p><strong>Th\u00f4ng s\u1ed1 k\u1ef9 thu\u1eadt\u00a0<\/strong><\/p>\n<table border=\"1\" cellspacing=\"1\" cellpadding=\"1\">\n<tbody>\n<tr>\n<td colspan=\"1\" rowspan=\"3\">\u0110\u1ed9ng c\u01a1<\/td>\n<td>C\u00f4ng su\u1ea5t \u0111\u1ed9ng c\u01a1<\/td>\n<td>4kw<\/td>\n<\/tr>\n<tr>\n<td>Ngu\u1ed3n \u0111i\u1ec7n<\/td>\n<td>380V<\/td>\n<\/tr>\n<tr>\n<td>T\u1ed1c \u0111\u1ed9<\/td>\n<td>1450 v\/p<\/td>\n<\/tr>\n<tr>\n<td colspan=\"1\" rowspan=\"2\">B\u1ea3o h\u00e0nh<\/td>\n<td>K\u1ef9 thu\u1eadt<\/td>\n<td>\u00a012 th\u00e1ng<\/td>\n<\/tr>\n<tr>\n<td>\u0110\u1ed9ng c\u01a1<\/td>\n<td>\u00a0Theo t\u1eebng h\u00e3ng s\u1ea3n xu\u1ea5t<\/td>\n<\/tr>\n<tr>\n<td>N\u0103ng su\u1ea5t<\/td>\n<td colspan=\"2\" rowspan=\"1\">\u00a0250 \u2013 350 kg\/gi\u1edd<\/td>\n<\/tr>\n<tr>\n<td>K\u00edch th\u01b0\u1edbc (d*c*r)<\/td>\n<td colspan=\"2\" rowspan=\"1\">93*95*52 cm<\/td>\n<\/tr>\n<tr>\n<td>H\u00ecnh th\u1ee9c thanh to\u00e1n<\/td>\n<td colspan=\"2\" rowspan=\"1\">\u00a0Ti\u1ec1n m\u1eb7t ho\u1eb7c chuy\u1ec3n kho\u1ea3n<\/td>\n<\/tr>\n<\/tbody>\n<\/table>\n","protected":false},"excerpt":{"rendered":"<ul>\n<li><strong>H\u00e3ng s\u1ea3n xu\u1ea5t:<\/strong> B\u00ecnh Minh<\/li>\n<li><strong>C\u00f4ng su\u1ea5t \u0111\u1ed9ng c\u01a1:<\/strong>\u00a04kw<\/li>\n<li><strong>Ngu\u1ed3n \u0111i\u1ec7n<\/strong>: 380V<\/li>\n<li><strong>T\u1ed1c \u0111\u1ed9:<\/strong>\u00a01450 v\/p<\/li>\n<li><strong>N\u0103ng su\u1ea5t:<\/strong>\u00a0250 \u2013 350 kg\/gi\u1edd<\/li>\n<li><strong>K\u00edch th\u01b0\u1edbc (d*c*r)<\/strong>: 93*95*52 cm<\/li>\n<li><strong>T\u00ednh n\u0103ng<\/strong>: m\u00e1y chuy\u00ean d\u00f9ng nghi\u1ec1n \u2013 \u00e9p h\u1ed7n h\u1ee3p b\u1ed9t c\u00e1m t\u1ea1o th\u00e0nh vi\u00ean l\u00e0m th\u1ee9c \u0103n cho gia s\u00fac \u2013 gia c\u1ea7m<\/li>\n<\/ul>\n","protected":false},"featured_media":10591,"comment_status":"open","ping_status":"closed","template":"","meta":[],"product_brand":[],"product_cat":[64,63],"product_tag":[],"class_list":{"0":"post-10590","1":"product","2":"type-product","3":"status-publish","4":"has-post-thumbnail","6":"product_cat-may-ep-cam","7":"product_cat-may-ep-cam-vien-truc-dung","9":"first","10":"instock","11":"shipping-taxable","12":"product-type-simple"},"_links":{"self":[{"href":"https:\/\/congtybinhminh.com\/index.php?rest_route=\/wp\/v2\/product\/10590","targetHints":{"allow":["GET"]}}],"collection":[{"href":"https:\/\/congtybinhminh.com\/index.php?rest_route=\/wp\/v2\/product"}],"about":[{"href":"https:\/\/congtybinhminh.com\/index.php?rest_route=\/wp\/v2\/types\/product"}],"replies":[{"embeddable":true,"href":"https:\/\/congtybinhminh.com\/index.php?rest_route=%2Fwp%2Fv2%2Fcomments&post=10590"}],"wp:featuredmedia":[{"embeddable":true,"href":"https:\/\/congtybinhminh.com\/index.php?rest_route=\/wp\/v2\/media\/10591"}],"wp:attachment":[{"href":"https:\/\/congtybinhminh.com\/index.php?rest_route=%2Fwp%2Fv2%2Fmedia&parent=10590"}],"wp:term":[{"taxonomy":"product_brand","embeddable":true,"href":"https:\/\/congtybinhminh.com\/index.php?rest_route=%2Fwp%2Fv2%2Fproduct_brand&post=10590"},{"taxonomy":"product_cat","embeddable":true,"href":"https:\/\/congtybinhminh.com\/index.php?rest_route=%2Fwp%2Fv2%2Fproduct_cat&post=10590"},{"taxonomy":"product_tag","embeddable":true,"href":"https:\/\/congtybinhminh.com\/index.php?rest_route=%2Fwp%2Fv2%2Fproduct_tag&post=10590"}],"curies":[{"name":"wp","href":"https:\/\/api.w.org\/{rel}","templated":true}]}}