{"id":10573,"date":"2025-03-26T15:16:22","date_gmt":"2025-03-26T08:16:22","guid":{"rendered":"https:\/\/congtybinhminh.com\/?post_type=product&#038;p=10573"},"modified":"2025-05-19T15:12:10","modified_gmt":"2025-05-19T08:12:10","slug":"may-nghien-ngo-vo-manh-1-pha","status":"publish","type":"product","link":"https:\/\/congtybinhminh.com\/?product=may-nghien-ngo-vo-manh-1-pha","title":{"rendered":"M\u00e1y nghi\u1ec1n ng\u00f4 v\u1ee1 m\u1ea3nh 1 pha"},"content":{"rendered":"<h2>Video ho\u1ea1t \u0111\u1ed9ng c\u1ee7a m\u00e1y<\/h2>\n<p><iframe loading=\"lazy\" title=\"Gi\u00e1 B\u00e1n M\u00e1y Xay Ng\u00f4 V\u1ee1 M\u1ea3nh N\u0103ng Su\u1ea5t Cao 7 T\u1ea1 1 Gi\u1edd Cho M\u1ecdi H\u1ed9 Ch\u0103n Nu\u00f4i\" width=\"1020\" height=\"574\" src=\"https:\/\/www.youtube.com\/embed\/Nz1AU6xJa3c?feature=oembed\" frameborder=\"0\" allow=\"accelerometer; autoplay; clipboard-write; encrypted-media; gyroscope; picture-in-picture; web-share\" referrerpolicy=\"strict-origin-when-cross-origin\" allowfullscreen><\/iframe><\/p>\n<h2>Gi\u1edbi thi\u1ec7u m\u00e1y nghi\u1ec1n ng\u00f4 v\u1ee1 m\u1ea3nh 1 pha<\/h2>\n<p>Mu\u1ed1n ch\u0103n nu\u00f4i hi\u1ec7u qu\u1ea3 m\u00e0 kh\u00f4ng b\u1ecb &#8221; b\u00f3p v\u00ed&#8221; gi\u00e1 c\u00e1m t\u0103ng cao, b\u00e0 con h\u00e3y s\u1eed d\u1ee5ng m\u00e1y nghi\u1ec1n ng\u00f4 v\u1ee1 m\u1ea3nh 1 pha do c\u00f4ng ty B\u00ecnh Minh s\u1ea3n xu\u1ea5t<\/p>\n<p><img loading=\"lazy\" decoding=\"async\" class=\"aligncenter wp-image-10574 size-full\" src=\"https:\/\/congtybinhminh.com\/wp-content\/uploads\/2025\/03\/may-nghien-ngo-vo-manh-1-pha_result222.webp\" alt=\"may-nghien-ngo-vo-manh-1-pha_result222\" width=\"800\" height=\"1078\" srcset=\"https:\/\/congtybinhminh.com\/wp-content\/uploads\/2025\/03\/may-nghien-ngo-vo-manh-1-pha_result222.webp 800w, https:\/\/congtybinhminh.com\/wp-content\/uploads\/2025\/03\/may-nghien-ngo-vo-manh-1-pha_result222-297x400.webp 297w, https:\/\/congtybinhminh.com\/wp-content\/uploads\/2025\/03\/may-nghien-ngo-vo-manh-1-pha_result222-594x800.webp 594w, https:\/\/congtybinhminh.com\/wp-content\/uploads\/2025\/03\/may-nghien-ngo-vo-manh-1-pha_result222-768x1035.webp 768w, https:\/\/congtybinhminh.com\/wp-content\/uploads\/2025\/03\/may-nghien-ngo-vo-manh-1-pha_result222-510x687.webp 510w\" sizes=\"auto, (max-width: 800px) 100vw, 800px\" \/><\/p>\n<p>M\u00e1y d\u00f9ng \u0111i\u1ec7n gia \u0111\u00ecnh 220V l\u00e0 m\u00e1y ch\u1ea1y \u00eam ru &#8211; nghi\u1ec1n nhanh &#8211; nghi\u1ec1n kh\u1ecfe. Ng\u00f4 nghi\u1ec1n v\u1ee1 m\u1ea3nh \u0111\u1ec1u, d\u1ec5 tr\u1ed9n, d\u1ec5 ti\u00eau h\u00f3a v\u1eadt nu\u00f4i \u0103n \u0111\u01b0\u1ee3c nhi\u1ec1u h\u01a1n.<\/p>\n<h2>C\u1ea5u t\u1ea1o m\u00e1y nghi\u1ec1n ng\u00f4 v\u1ee1 m\u1ea3nh 1 pha<\/h2>\n<p>&#8221; Tuy nh\u1ecf m\u00e0 c\u00f3 v\u00f5&#8221;\u00a0 m\u1ed9t chi\u1ebfc m\u00e1y nh\u1ecf nh\u01b0ng gi\u1ea3i quy\u1ebft b\u00e0i to\u00e1n l\u1edbn trong ch\u0103n nu\u00f4i.<\/p>\n<p><img loading=\"lazy\" decoding=\"async\" class=\"aligncenter wp-image-10575 size-full\" src=\"https:\/\/congtybinhminh.com\/wp-content\/uploads\/2025\/03\/cau-tao-may-nghien-ngo-vo-manh-copy_result222.webp\" alt=\"cau-tao-may-nghien-ngo-vo-manh copy_result222\" width=\"800\" height=\"694\" srcset=\"https:\/\/congtybinhminh.com\/wp-content\/uploads\/2025\/03\/cau-tao-may-nghien-ngo-vo-manh-copy_result222.webp 800w, https:\/\/congtybinhminh.com\/wp-content\/uploads\/2025\/03\/cau-tao-may-nghien-ngo-vo-manh-copy_result222-461x400.webp 461w, https:\/\/congtybinhminh.com\/wp-content\/uploads\/2025\/03\/cau-tao-may-nghien-ngo-vo-manh-copy_result222-768x666.webp 768w, https:\/\/congtybinhminh.com\/wp-content\/uploads\/2025\/03\/cau-tao-may-nghien-ngo-vo-manh-copy_result222-510x442.webp 510w\" sizes=\"auto, (max-width: 800px) 100vw, 800px\" \/><\/p>\n<p>Ph\u1ea7n khung m\u00e1y \u0111\u01b0\u1ee3c h\u00e0n g\u1eafn ch\u1eafc ch\u1eafn, b\u00ean d\u01b0\u1edbi t\u00edch h\u1ee3p 4 b\u00e1nh xe thu\u1eadn ti\u1ec7n di chuy\u1ec3n v\u1ecb tr\u00ed \u0111\u1eb7t m\u00e1y<\/p>\n<h3>Toa n\u1ea1p nguy\u00ean li\u1ec7u r\u1ed9ng<\/h3>\n<p>Toa n\u1ea1p d\u1ea1ng ph\u1ec5u \u0111\u1ee9ng, thi\u1ebft k\u1ebf r\u1ed9ng c\u00f3 th\u1ec3 ch\u1ee9a h\u00e0ng c\u00e2n ng\u00f4 m\u1ed7i l\u1ea7n nghi\u1ec1n<\/p>\n<p><img loading=\"lazy\" decoding=\"async\" class=\"aligncenter wp-image-10576 size-full\" src=\"https:\/\/congtybinhminh.com\/wp-content\/uploads\/2025\/03\/toa-nap-nguyen-lieu_result222.webp\" alt=\"toa-nap-nguyen-lieu_result222\" width=\"800\" height=\"600\" srcset=\"https:\/\/congtybinhminh.com\/wp-content\/uploads\/2025\/03\/toa-nap-nguyen-lieu_result222.webp 800w, https:\/\/congtybinhminh.com\/wp-content\/uploads\/2025\/03\/toa-nap-nguyen-lieu_result222-533x400.webp 533w, https:\/\/congtybinhminh.com\/wp-content\/uploads\/2025\/03\/toa-nap-nguyen-lieu_result222-768x576.webp 768w, https:\/\/congtybinhminh.com\/wp-content\/uploads\/2025\/03\/toa-nap-nguyen-lieu_result222-510x383.webp 510w\" sizes=\"auto, (max-width: 800px) 100vw, 800px\" \/><\/p>\n<p>T\u1ea5m ch\u1eafn \u0111i\u1ec1u ch\u1ec9nh l\u01b0\u1ee3ng n\u1ea1p gi\u00fap tr\u00e1nh t\u00ecnh tr\u1ea1ng t\u1eafc ngh\u1ebdn m\u00e1y:<\/p>\n<ul>\n<li>M\u1edf t\u1ea5m ch\u1eafn to: n\u1ebfu mu\u1ed1n cho nguy\u00ean li\u1ec7u nhi\u1ec1u h\u01a1n<\/li>\n<li>M\u1edf t\u1ea5m ch\u1eafn nh\u1ecf: n\u1ebfu mu\u1ed1n cho nguy\u00ean li\u1ec7u t\u1eeb t\u1eeb<\/li>\n<\/ul>\n<h3>C\u1eeda x\u1ea3 th\u00e0nh ph\u1ea9m<\/h3>\n<p>\u0110\u1eb7c bi\u1ec7t, m\u00e1y thi\u1ebft k\u1ebf v\u1edbi 2 c\u1eeda x\u1ea3 ri\u00eang bi\u1ec7t:<\/p>\n<p><img loading=\"lazy\" decoding=\"async\" class=\"aligncenter wp-image-10580 size-full\" src=\"https:\/\/congtybinhminh.com\/wp-content\/uploads\/2025\/03\/cua-xa-thanh-pham-may-nghien_result222.webp\" alt=\"cua-xa-thanh-pham-may-nghien_result222\" width=\"800\" height=\"600\" srcset=\"https:\/\/congtybinhminh.com\/wp-content\/uploads\/2025\/03\/cua-xa-thanh-pham-may-nghien_result222.webp 800w, https:\/\/congtybinhminh.com\/wp-content\/uploads\/2025\/03\/cua-xa-thanh-pham-may-nghien_result222-533x400.webp 533w, https:\/\/congtybinhminh.com\/wp-content\/uploads\/2025\/03\/cua-xa-thanh-pham-may-nghien_result222-768x576.webp 768w, https:\/\/congtybinhminh.com\/wp-content\/uploads\/2025\/03\/cua-xa-thanh-pham-may-nghien_result222-510x383.webp 510w\" sizes=\"auto, (max-width: 800px) 100vw, 800px\" \/><\/p>\n<ul>\n<li>Th\u00e0nh ph\u1ea9m ng\u00f4 m\u1ea3nh sau khi nghi\u1ec1n s\u1ebd \u0111\u01b0\u1ee3c \u0111\u01b0a ra c\u1eeda x\u1ea3 ch\u00ednh<\/li>\n<li>C\u00f2n ph\u1ea7n b\u1ed9t, hay v\u1ea9y ng\u00f4 c\u00f2n s\u00f3t l\u1ea1i s\u1ebd \u0111\u01b0\u1ee3c \u0111\u01b0a ra c\u1ee7a x\u1ea3 ph\u1ee5<\/li>\n<\/ul>\n<p>\u0110i\u1ec1u n\u00e0y s\u1ebd gi\u00fap th\u00e0nh ph\u1ea9m thu v\u1ec1 kh\u00f4ng b\u1ecb b\u1ee5i, thay v\u00e0o \u0111\u00f3 l\u00e0 nh\u1eefng h\u1ea1t m\u1ea3nh ng\u00f4 v\u1ee1 \u0111\u1ed3ng \u0111\u1ec1u<\/p>\n<h3>Bu\u1ed3ng nghi\u1ec1n hi\u1ec7u su\u1ea5t cao<\/h3>\n<p>B\u00ean trong h\u1ec7 th\u1ed1ng bu\u1ed3ng nghi\u1ec1n g\u1ed3m 2 qu\u1ea3 l\u00f4 l\u1edbn \u0111\u01b0\u1ee3c bao ph\u1ee7 v\u1edbi c\u00e1c khe r\u00e3nh tr\u00ean b\u1ec1 m\u1eb7t t\u1ea1o \u0111\u1ed9 b\u00e1m<\/p>\n<p><img loading=\"lazy\" decoding=\"async\" class=\"aligncenter wp-image-10578 size-full\" src=\"https:\/\/congtybinhminh.com\/wp-content\/uploads\/2025\/03\/qua-lo-nghien_result222.webp\" alt=\"qua-lo-nghien_result222\" width=\"800\" height=\"600\" srcset=\"https:\/\/congtybinhminh.com\/wp-content\/uploads\/2025\/03\/qua-lo-nghien_result222.webp 800w, https:\/\/congtybinhminh.com\/wp-content\/uploads\/2025\/03\/qua-lo-nghien_result222-533x400.webp 533w, https:\/\/congtybinhminh.com\/wp-content\/uploads\/2025\/03\/qua-lo-nghien_result222-768x576.webp 768w, https:\/\/congtybinhminh.com\/wp-content\/uploads\/2025\/03\/qua-lo-nghien_result222-510x383.webp 510w\" sizes=\"auto, (max-width: 800px) 100vw, 800px\" \/><\/p>\n<p>Khi nguy\u00ean li\u1ec7u \u0111\u01b0\u1ee3c \u0111\u01b0a v\u00e0o bu\u1ed3ng nghi\u1ec1n qu\u1ea3 l\u00f4 s\u1ebd quay tr\u00f2n \u0111\u01b0a ch\u00fang v\u00e0o kho\u1ea3ng gi\u1eefa v\u00e0 gi\u1eef ch\u1eb7t \u0111\u1ed3ng th\u1eddi d\u1eadp v\u1ee1 ch\u00fang th\u00e0nh m\u1ea3nh<\/p>\n<h3>Cho n\u0103ng su\u1ea5t cao<\/h3>\n<p>M\u00e1y nghi\u1ec1n ng\u00f4 v\u1ee1 m\u1ea3nh 1 pha s\u1eed d\u1ee5ng \u0111\u1ed9ng c\u01a1 3kw motor l\u00f5i d\u00e2y \u0111\u1ed3ng 100% cho n\u0103ng su\u1ea5t \u0111\u1ea1t kho\u1ea3ng 700 kg\/gi\u1edd<\/p>\n<p><img loading=\"lazy\" decoding=\"async\" class=\"aligncenter wp-image-10579 size-full\" src=\"https:\/\/congtybinhminh.com\/wp-content\/uploads\/2025\/03\/ngo-vo-manh-cho-ga_result222.webp\" alt=\"ngo-vo-manh-cho-ga_result222\" width=\"800\" height=\"600\" srcset=\"https:\/\/congtybinhminh.com\/wp-content\/uploads\/2025\/03\/ngo-vo-manh-cho-ga_result222.webp 800w, https:\/\/congtybinhminh.com\/wp-content\/uploads\/2025\/03\/ngo-vo-manh-cho-ga_result222-533x400.webp 533w, https:\/\/congtybinhminh.com\/wp-content\/uploads\/2025\/03\/ngo-vo-manh-cho-ga_result222-768x576.webp 768w, https:\/\/congtybinhminh.com\/wp-content\/uploads\/2025\/03\/ngo-vo-manh-cho-ga_result222-510x383.webp 510w\" sizes=\"auto, (max-width: 800px) 100vw, 800px\" \/><\/p>\n<h2>\u0110\u1ecba ch\u1ec9 mua m\u00e1y nghi\u1ec1n ng\u00f4 v\u1ee1 m\u1ea3nh gi\u00e1 g\u1ed1c t\u1ea1i x\u01b0\u1edfng<\/h2>\n<p>C\u00f4ng ty B\u00ecnh Minh t\u1ef1 h\u00e0o l\u00e0 \u0111\u01a1n v\u1ecb chuy\u00ean s\u1ea3n xu\u1ea5t v\u00e0 cung c\u1ea5p m\u00e1y n\u00f4ng nghi\u1ec7p s\u1ed1 1 Vi\u1ec7t Nam v\u1edbi h\u01a1n 30 n\u0103m kinh nghi\u1ec7m trong l\u0129nh v\u1ef1c c\u01a1 kh\u00ed<\/p>\n<p><img loading=\"lazy\" decoding=\"async\" class=\"aligncenter wp-image-10581 size-full\" src=\"https:\/\/congtybinhminh.com\/wp-content\/uploads\/2025\/03\/dia-chi-ban-may-nghien-ngo-vo-manh_result222.webp\" alt=\"dia-chi-ban-may-nghien-ngo-vo-manh_result222\" width=\"800\" height=\"600\" srcset=\"https:\/\/congtybinhminh.com\/wp-content\/uploads\/2025\/03\/dia-chi-ban-may-nghien-ngo-vo-manh_result222.webp 800w, https:\/\/congtybinhminh.com\/wp-content\/uploads\/2025\/03\/dia-chi-ban-may-nghien-ngo-vo-manh_result222-533x400.webp 533w, https:\/\/congtybinhminh.com\/wp-content\/uploads\/2025\/03\/dia-chi-ban-may-nghien-ngo-vo-manh_result222-768x576.webp 768w, https:\/\/congtybinhminh.com\/wp-content\/uploads\/2025\/03\/dia-chi-ban-may-nghien-ngo-vo-manh_result222-510x383.webp 510w\" sizes=\"auto, (max-width: 800px) 100vw, 800px\" \/><\/p>\n<p>V\u1edbi trang thi\u1ebft b\u1ecb hi\u1ec7n \u0111\u1ea1i &#8211; \u0111\u1ed9i ng\u0169 k\u1ef9 thu\u1eadt tr\u00ecnh \u0111\u1ed9 cao. Ch\u00fang t\u00f4i cam k\u1ebft mang \u0111\u1ebfn cho b\u1ea1n nh\u1eefng s\u1ea3n ph\u1ea9m CH\u00cdNH H\u00c3NG &#8211; CH\u1ea4T L\u01af\u1ee2NG &#8211; GI\u00c1 TH\u00c0NH T\u1ed0T NH\u1ea4T &#8211; D\u1ecaCH V\u1ee4 CHU \u0110\u00c1O<\/p>\n<p>\u0110\u1ec3 \u0111\u1eb7t mua h\u00e0ng ch\u00ednh h\u00e3ng, b\u00e0 con c\u00f3 th\u1ec3 \u0111\u1ebfn tr\u1ee5 s\u1edf g\u1ea7n c\u1ee7a c\u00f4ng ty \u0111\u1ec3 xem v\u00e0 \u0111\u1eb7t mua h\u00e0ng :<\/p>\n<ul>\n<li>Tr\u1ee5 s\u1edf ch\u00ednh: p. L\u00ea L\u1ee3i &#8211; Tx S\u01a1n T\u00e2y &#8211; H\u00e0 N\u1ed9i<\/li>\n<li>Chi nh\u00e1nh mi\u1ec1n Nam: x\u00e3 T\u00e2n Ki\u00ean &#8211; H. B\u00ecnh Ch\u00e1nh &#8211; TP H\u1ed3 Ch\u00ed Minh<\/li>\n<\/ul>\n<p><img loading=\"lazy\" decoding=\"async\" class=\"aligncenter wp-image-9695 size-full\" src=\"https:\/\/congtybinhminh.com\/wp-content\/uploads\/2024\/05\/dia-chi-mua-may-nghien_result222.webp\" alt=\"dia-chi-mua-may-nghien_result222\" width=\"800\" height=\"1231\" srcset=\"https:\/\/congtybinhminh.com\/wp-content\/uploads\/2024\/05\/dia-chi-mua-may-nghien_result222.webp 800w, https:\/\/congtybinhminh.com\/wp-content\/uploads\/2024\/05\/dia-chi-mua-may-nghien_result222-260x400.webp 260w, https:\/\/congtybinhminh.com\/wp-content\/uploads\/2024\/05\/dia-chi-mua-may-nghien_result222-520x800.webp 520w, https:\/\/congtybinhminh.com\/wp-content\/uploads\/2024\/05\/dia-chi-mua-may-nghien_result222-768x1182.webp 768w, https:\/\/congtybinhminh.com\/wp-content\/uploads\/2024\/05\/dia-chi-mua-may-nghien_result222-510x785.webp 510w\" sizes=\"auto, (max-width: 800px) 100vw, 800px\" \/><\/p>\n<p>Khi \u0111\u1ebfn \u0111\u00e2y, b\u00e0\u00a0 con s\u1ebd \u0111\u01b0\u1ee3c th\u1eed nghi\u1ec7m v\u1eadn h\u00e0nh m\u00e1y d\u01b0\u1edbi s\u1ef1 h\u01b0\u1edbng d\u1eabn c\u1ee7a \u0111\u1ed9i ng\u0169 k\u1ef9 thu\u1eadt<\/p>\n<p>\u0110\u1ed1i v\u1edbi b\u00e0 con \u1edf xa, c\u00f3 th\u1ec3 li\u00ean h\u1ec7 t\u1edbi s\u1ed1 \u0111i\u1ec7n tho\u1ea1i tr\u00ean website ho\u1eb7c \u0111\u1ec3 l\u1ea1i l\u1eddi nh\u1eafn \u0111\u1ed9i ng\u0169 t\u01b0 v\u1ea5n s\u1ebd li\u00ean h\u1ec7 t\u1edbi b\u00e0 con trong th\u1eddi gian s\u1edbm nh\u1ea5t<\/p>\n<p><strong>Th\u00f4ng s\u1ed1 k\u1ef9 thu\u1eadt\u00a0<\/strong><\/p>\n<table border=\"1\" cellspacing=\"1\" cellpadding=\"1\">\n<tbody>\n<tr>\n<td colspan=\"1\" rowspan=\"3\">\u0110\u1ed9ng c\u01a1<\/td>\n<td>C\u00f4ng su\u1ea5t \u0111\u1ed9ng c\u01a1<\/td>\n<td>3kw<\/td>\n<\/tr>\n<tr>\n<td>Ngu\u1ed3n \u0111i\u1ec7n<\/td>\n<td>220V<\/td>\n<\/tr>\n<tr>\n<td>T\u1ed1c \u0111\u1ed9<\/td>\n<td>1450 v\/p<\/td>\n<\/tr>\n<tr>\n<td colspan=\"1\" rowspan=\"2\">B\u1ea3o h\u00e0nh<\/td>\n<td>K\u1ef9 thu\u1eadt<\/td>\n<td>12 th\u00e1ng<\/td>\n<\/tr>\n<tr>\n<td>\u0110\u1ed9ng c\u01a1<\/td>\n<td>Theo t\u1eebng h\u00e3ng s\u1ea3n xu\u1ea5t<\/td>\n<\/tr>\n<tr>\n<td>N\u0103ng su\u1ea5t<\/td>\n<td colspan=\"2\" rowspan=\"1\">\u00a0700 kg\/gi\u1edd<\/td>\n<\/tr>\n<tr>\n<td>K\u00edch th\u01b0\u1edbc (d*c*r)<\/td>\n<td colspan=\"2\" rowspan=\"1\">\u00a069*108*47 cm<\/td>\n<\/tr>\n<tr>\n<td>H\u00ecnh th\u1ee9c thanh to\u00e1n<\/td>\n<td colspan=\"2\" rowspan=\"1\">Ti\u1ec1n m\u1eb7t ho\u1eb7c chuy\u1ec1n kho\u1ea3n<\/td>\n<\/tr>\n<\/tbody>\n<\/table>\n","protected":false},"excerpt":{"rendered":"<ul>\n<li><strong>H\u00e3ng s\u1ea3n xu\u1ea5t:<\/strong> B\u00ecnh Minh<\/li>\n<li><strong>C\u00f4ng su\u1ea5t \u0111\u1ed9ng c\u01a1:<\/strong>\u00a03kw<\/li>\n<li><strong>Ngu\u1ed3n \u0111i\u1ec7n:\u00a0<\/strong>220V<\/li>\n<li><strong>T\u1ed1c \u0111\u1ed9:\u00a0<\/strong>1450 v\u00f2ng\/ph\u00fat<\/li>\n<li><strong>N\u0103ng su\u1ea5t:<\/strong>\u00a0700 kg\/gi\u1edd<\/li>\n<li><strong>T\u00ednh n\u0103ng:<\/strong>\u00a0m\u00e1y chuy\u00ean nghi\u1ec1n ng\u00f4 h\u1ea1t th\u00e0nh m\u1ea3nh s\u1ed1 l\u01b0\u1ee3ng l\u1edbn l\u00e0m th\u1ee9c \u0103n cho g\u00e0, v\u1ecbt, ngan, ng\u1ed7ng.<\/li>\n<\/ul>\n","protected":false},"featured_media":10582,"comment_status":"open","ping_status":"closed","template":"","meta":[],"product_brand":[],"product_cat":[32],"product_tag":[],"class_list":{"0":"post-10573","1":"product","2":"type-product","3":"status-publish","4":"has-post-thumbnail","6":"product_cat-may-nghien","8":"first","9":"instock","10":"shipping-taxable","11":"product-type-simple"},"_links":{"self":[{"href":"https:\/\/congtybinhminh.com\/index.php?rest_route=\/wp\/v2\/product\/10573","targetHints":{"allow":["GET"]}}],"collection":[{"href":"https:\/\/congtybinhminh.com\/index.php?rest_route=\/wp\/v2\/product"}],"about":[{"href":"https:\/\/congtybinhminh.com\/index.php?rest_route=\/wp\/v2\/types\/product"}],"replies":[{"embeddable":true,"href":"https:\/\/congtybinhminh.com\/index.php?rest_route=%2Fwp%2Fv2%2Fcomments&post=10573"}],"wp:featuredmedia":[{"embeddable":true,"href":"https:\/\/congtybinhminh.com\/index.php?rest_route=\/wp\/v2\/media\/10582"}],"wp:attachment":[{"href":"https:\/\/congtybinhminh.com\/index.php?rest_route=%2Fwp%2Fv2%2Fmedia&parent=10573"}],"wp:term":[{"taxonomy":"product_brand","embeddable":true,"href":"https:\/\/congtybinhminh.com\/index.php?rest_route=%2Fwp%2Fv2%2Fproduct_brand&post=10573"},{"taxonomy":"product_cat","embeddable":true,"href":"https:\/\/congtybinhminh.com\/index.php?rest_route=%2Fwp%2Fv2%2Fproduct_cat&post=10573"},{"taxonomy":"product_tag","embeddable":true,"href":"https:\/\/congtybinhminh.com\/index.php?rest_route=%2Fwp%2Fv2%2Fproduct_tag&post=10573"}],"curies":[{"name":"wp","href":"https:\/\/api.w.org\/{rel}","templated":true}]}}