{"id":10486,"date":"2025-03-11T13:48:30","date_gmt":"2025-03-11T06:48:30","guid":{"rendered":"https:\/\/congtybinhminh.com\/?post_type=product&#038;p=10486"},"modified":"2025-03-11T13:51:30","modified_gmt":"2025-03-11T06:51:30","slug":"may-dun-thuc-an-chan-nuoi-md7k","status":"publish","type":"product","link":"https:\/\/congtybinhminh.com\/?product=may-dun-thuc-an-chan-nuoi-md7k","title":{"rendered":"M\u00e1y \u0111\u00f9n th\u1ee9c \u0103n ch\u0103n nu\u00f4i M\u01107K"},"content":{"rendered":"<h2>Video ho\u1ea1t \u0111\u1ed9ng c\u1ee7a m\u00e1y<\/h2>\n<p><iframe loading=\"lazy\" title=\"M\u00e1y \u0110\u00f9n TACN MD7K Xay Nhuy\u1ec5n H\u00e0ng T\u1ea5n X\u01b0\u01a1ng G\u00e0, C\u00e1, L\u1ee3n Th\u1ea3i Lo\u1ea1i C\u00f9ng \u0110\u00f9n \u00c9p C\u00e1m Vi\u00ean\" width=\"1020\" height=\"574\" src=\"https:\/\/www.youtube.com\/embed\/JWS5w9sM0Us?feature=oembed\" frameborder=\"0\" allow=\"accelerometer; autoplay; clipboard-write; encrypted-media; gyroscope; picture-in-picture; web-share\" referrerpolicy=\"strict-origin-when-cross-origin\" allowfullscreen><\/iframe><\/p>\n<h2>Gi\u1edbi thi\u1ec7u m\u00e1y \u0111\u00f9n th\u1ee9c \u0103n ch\u0103n nu\u00f4i M\u01107K<\/h2>\n<p>M\u00e1y \u0111\u00f9n th\u1ee9c \u0103n ch\u0103n nu\u00f4i 7,5kw &#8211; tr\u1ee3 th\u1ee7 \u0111\u1eafc l\u1ef1c cho c\u00e1c h\u1ed9 ch\u0103n nu\u00f4i quy m\u00f4 v\u1eeba v\u00e0 l\u1edbn. V\u00f3i kh\u1ea3 n\u0103ng nghi\u1ec1n v\u00e0 \u0111\u00f9n nhuy\u1ec5n c\u00e1c lo\u1ea1i cua, c\u00e1, \u1ed1c \u0111\u1ebfn x\u01b0\u01a1ng g\u00e0, l\u1ee3n gi\u00fap b\u00e0 con t\u1ef1 s\u1ea3n xu\u1ea5t th\u1ee9c \u0103n ngay t\u1ea1i nh\u00e0.<\/p>\n<p><img loading=\"lazy\" decoding=\"async\" class=\"aligncenter wp-image-10494 size-full\" src=\"https:\/\/congtybinhminh.com\/wp-content\/uploads\/2025\/03\/may-dun-thuc-an-chan-nuoi-md7k-binh-minh_result222.webp\" alt=\"may-dun-thuc-an-chan-nuoi-md7k-binh-minh_result222\" width=\"800\" height=\"1078\" srcset=\"https:\/\/congtybinhminh.com\/wp-content\/uploads\/2025\/03\/may-dun-thuc-an-chan-nuoi-md7k-binh-minh_result222.webp 800w, https:\/\/congtybinhminh.com\/wp-content\/uploads\/2025\/03\/may-dun-thuc-an-chan-nuoi-md7k-binh-minh_result222-297x400.webp 297w, https:\/\/congtybinhminh.com\/wp-content\/uploads\/2025\/03\/may-dun-thuc-an-chan-nuoi-md7k-binh-minh_result222-594x800.webp 594w, https:\/\/congtybinhminh.com\/wp-content\/uploads\/2025\/03\/may-dun-thuc-an-chan-nuoi-md7k-binh-minh_result222-768x1035.webp 768w, https:\/\/congtybinhminh.com\/wp-content\/uploads\/2025\/03\/may-dun-thuc-an-chan-nuoi-md7k-binh-minh_result222-510x687.webp 510w\" sizes=\"auto, (max-width: 800px) 100vw, 800px\" \/><\/p>\n<p>Nguy\u00ean li\u1ec7u \u0111\u01b0\u1ee3c ki\u1ec3m so\u00e1t ngay t\u1eeb \u0111\u1ea7u v\u00e0o, \u0111\u1ea3m b\u1ea3o ch\u1ea5t l\u01b0\u1ee3ng v\u00e0 an to\u00e0n cho v\u1eadt nu\u00f4i.<\/p>\n<p>S\u1ea3n ph\u1ea9m sau khi nghi\u1ec1n c\u00f3 th\u1ec3 s\u01a1 ch\u1ebf ho\u1eb7c tr\u1ed9n v\u1edbi b\u1ed9t c\u00e1m t\u1ea1o th\u00e0nh vi\u00ean, gi\u00fap ti\u1ebft ki\u1ec7m chi ph\u00ed v\u00e0 gi\u1ea3i ph\u00f3ng s\u1ee9c lao \u0111\u1ed9ng<\/p>\n<p><img loading=\"lazy\" decoding=\"async\" class=\"aligncenter wp-image-10497 size-full\" src=\"https:\/\/congtybinhminh.com\/wp-content\/uploads\/2025\/03\/may-xay-xuong_result222.webp\" alt=\"may-xay-xuong_result222\" width=\"800\" height=\"1369\" srcset=\"https:\/\/congtybinhminh.com\/wp-content\/uploads\/2025\/03\/may-xay-xuong_result222.webp 800w, https:\/\/congtybinhminh.com\/wp-content\/uploads\/2025\/03\/may-xay-xuong_result222-234x400.webp 234w, https:\/\/congtybinhminh.com\/wp-content\/uploads\/2025\/03\/may-xay-xuong_result222-467x800.webp 467w, https:\/\/congtybinhminh.com\/wp-content\/uploads\/2025\/03\/may-xay-xuong_result222-768x1314.webp 768w, https:\/\/congtybinhminh.com\/wp-content\/uploads\/2025\/03\/may-xay-xuong_result222-510x873.webp 510w\" sizes=\"auto, (max-width: 800px) 100vw, 800px\" \/><\/p>\n<p>\u0110\u1ea7u t\u01b0 v\u00e0o m\u00e1y \u0111\u00f9n c\u00e1 kh\u00f4ng ch\u1ec9 gi\u00fap b\u00e0 con ch\u1ee7 \u0111\u1ed9ng ngu\u1ed3n th\u1ee9c \u0103n m\u00e0 c\u00f2n t\u1ea1o ra hi\u1ec7u qu\u1ea3 kinh t\u1ebf b\u1ec1n v\u1eefng cho h\u1ed9 ch\u0103n nu\u00f4i<\/p>\n<p><img loading=\"lazy\" decoding=\"async\" class=\"aligncenter wp-image-10498 size-full\" src=\"https:\/\/congtybinhminh.com\/wp-content\/uploads\/2025\/03\/may-dun-thuc-an-chan-nuoi-md7k-3-pha_result222.webp\" alt=\"may-dun-thuc-an-chan-nuoi-md7k-3-pha_result222\" width=\"800\" height=\"900\" srcset=\"https:\/\/congtybinhminh.com\/wp-content\/uploads\/2025\/03\/may-dun-thuc-an-chan-nuoi-md7k-3-pha_result222.webp 800w, https:\/\/congtybinhminh.com\/wp-content\/uploads\/2025\/03\/may-dun-thuc-an-chan-nuoi-md7k-3-pha_result222-356x400.webp 356w, https:\/\/congtybinhminh.com\/wp-content\/uploads\/2025\/03\/may-dun-thuc-an-chan-nuoi-md7k-3-pha_result222-711x800.webp 711w, https:\/\/congtybinhminh.com\/wp-content\/uploads\/2025\/03\/may-dun-thuc-an-chan-nuoi-md7k-3-pha_result222-768x864.webp 768w, https:\/\/congtybinhminh.com\/wp-content\/uploads\/2025\/03\/may-dun-thuc-an-chan-nuoi-md7k-3-pha_result222-510x574.webp 510w\" sizes=\"auto, (max-width: 800px) 100vw, 800px\" \/><\/p>\n<h2>C\u1ea5u t\u1ea1o m\u00e1y \u0111\u00f9n th\u1ee9c \u0103n ch\u0103n nu\u00f4i M\u01107K<\/h2>\n<p>Thu\u1ed9c d\u00f2ng m\u00e1y ch\u1ebf bi\u1ebfn th\u1ee9c \u0103n ch\u0103n nu\u00f4i. m\u00e1y \u0111\u01b0\u1ee3c thi\u1ebft k\u1ebf khung cao v\u1eeba t\u1ea7m ng\u01b0\u1eddi d\u00f9ng, t\u1eebng b\u1ed9 ph\u1eadn \u0111\u01b0\u1ee3c h\u00e0n g\u1eafn ch\u1eafc ch\u1eafn kh\u00f4ng g\u00e2y rung l\u1eafc trong qu\u00e1 tr\u00ecnh v\u1eadn h\u00e0nh<\/p>\n<p><img loading=\"lazy\" decoding=\"async\" class=\"aligncenter wp-image-10495 size-full\" src=\"https:\/\/congtybinhminh.com\/wp-content\/uploads\/2025\/03\/cau-tao-may-dun-thuc-an-chan-nuoi-md7k_result222.webp\" alt=\"cau-tao-may-dun-thuc-an-chan-nuoi-m\u01117k_result222\" width=\"800\" height=\"600\" srcset=\"https:\/\/congtybinhminh.com\/wp-content\/uploads\/2025\/03\/cau-tao-may-dun-thuc-an-chan-nuoi-md7k_result222.webp 800w, https:\/\/congtybinhminh.com\/wp-content\/uploads\/2025\/03\/cau-tao-may-dun-thuc-an-chan-nuoi-md7k_result222-533x400.webp 533w, https:\/\/congtybinhminh.com\/wp-content\/uploads\/2025\/03\/cau-tao-may-dun-thuc-an-chan-nuoi-md7k_result222-768x576.webp 768w, https:\/\/congtybinhminh.com\/wp-content\/uploads\/2025\/03\/cau-tao-may-dun-thuc-an-chan-nuoi-md7k_result222-510x383.webp 510w\" sizes=\"auto, (max-width: 800px) 100vw, 800px\" \/><\/p>\n<p>Ph\u00eda d\u01b0\u1edbi ch\u00e2n m\u00e1y l\u1eafp \u0111\u1eb7t 4 b\u00e1nh xe thu\u1eadn ti\u1ec7n di chuy\u1ec3n v\u1ecb tr\u00ed \u0111\u1eb7t m\u00e1y m\u00e0 kh\u00f4ng t\u1ed1n nhi\u1ec1u th\u1eddi gian v\u00e0 c\u00f4ng s\u1ee9c<\/p>\n<p><img loading=\"lazy\" decoding=\"async\" class=\"aligncenter wp-image-10499 size-full\" src=\"https:\/\/congtybinhminh.com\/wp-content\/uploads\/2025\/03\/toa-nap-nguyen-lieu-may-dun_result222.webp\" alt=\"toa-nap-nguyen-lieu-may-dun_result222\" width=\"800\" height=\"586\" srcset=\"https:\/\/congtybinhminh.com\/wp-content\/uploads\/2025\/03\/toa-nap-nguyen-lieu-may-dun_result222.webp 800w, https:\/\/congtybinhminh.com\/wp-content\/uploads\/2025\/03\/toa-nap-nguyen-lieu-may-dun_result222-546x400.webp 546w, https:\/\/congtybinhminh.com\/wp-content\/uploads\/2025\/03\/toa-nap-nguyen-lieu-may-dun_result222-768x563.webp 768w, https:\/\/congtybinhminh.com\/wp-content\/uploads\/2025\/03\/toa-nap-nguyen-lieu-may-dun_result222-510x374.webp 510w\" sizes=\"auto, (max-width: 800px) 100vw, 800px\" \/><\/p>\n<p>Toa n\u1ea1p nguy\u00ean li\u1ec7u \u0111\u01b0\u1ee3c thi\u1ebft k\u1ebf d\u1ea1ng m\u00e1ng h\u00ecnh ch\u1eef nh\u1eadt v\u1edbi b\u1ec1 m\u1eb7t ti\u1ebfp x\u00fac l\u1edbn g\u00f3p ph\u1ea7n t\u0103ng kh\u1ea3 n\u0103ng s\u1ee9c ch\u1ee9a nguy\u00ean li\u1ec7u, thu\u1eadn ti\u1ec7n \u0111\u01b0a ch\u00fang v\u00e0o tr\u1ee5c \u00e9p<\/p>\n<p><img loading=\"lazy\" decoding=\"async\" class=\"aligncenter wp-image-10503 size-full\" src=\"https:\/\/congtybinhminh.com\/wp-content\/uploads\/2025\/03\/dau-dun-cam_result222.webp\" alt=\"dau-dun-cam_result222\" width=\"800\" height=\"583\" srcset=\"https:\/\/congtybinhminh.com\/wp-content\/uploads\/2025\/03\/dau-dun-cam_result222.webp 800w, https:\/\/congtybinhminh.com\/wp-content\/uploads\/2025\/03\/dau-dun-cam_result222-549x400.webp 549w, https:\/\/congtybinhminh.com\/wp-content\/uploads\/2025\/03\/dau-dun-cam_result222-768x560.webp 768w, https:\/\/congtybinhminh.com\/wp-content\/uploads\/2025\/03\/dau-dun-cam_result222-510x372.webp 510w\" sizes=\"auto, (max-width: 800px) 100vw, 800px\" \/><\/p>\n<p>Nguy\u00ean li\u1ec7u khi \u0111\u01b0\u1ee3c \u0111\u01b0a v\u00e0o bu\u1ed3ng nghi\u1ec1n, h\u1eb9 th\u1ed1ng tr\u1ee5c \u00e9p xo\u1eafn tr\u00f2n l\u1ea7n l\u01b0\u1ee3t nghi\u1ec1n v\u00e0 \u0111\u00f9n nhuy\u1ec5n ch\u00fang \u0111i qua m\u1eb7t s\u00e0ng r\u1ed3i tho\u00e1t ra ngo\u00e0i<\/p>\n<p><img loading=\"lazy\" decoding=\"async\" class=\"aligncenter wp-image-10502 size-full\" src=\"https:\/\/congtybinhminh.com\/wp-content\/uploads\/2025\/03\/truc-xoan-may-dun-ca-md7k-copy_result222.webp\" alt=\"truc-xoan-may-dun-ca-m\u01117k copy_result222\" width=\"800\" height=\"1555\" srcset=\"https:\/\/congtybinhminh.com\/wp-content\/uploads\/2025\/03\/truc-xoan-may-dun-ca-md7k-copy_result222.webp 800w, https:\/\/congtybinhminh.com\/wp-content\/uploads\/2025\/03\/truc-xoan-may-dun-ca-md7k-copy_result222-206x400.webp 206w, https:\/\/congtybinhminh.com\/wp-content\/uploads\/2025\/03\/truc-xoan-may-dun-ca-md7k-copy_result222-412x800.webp 412w, https:\/\/congtybinhminh.com\/wp-content\/uploads\/2025\/03\/truc-xoan-may-dun-ca-md7k-copy_result222-768x1493.webp 768w, https:\/\/congtybinhminh.com\/wp-content\/uploads\/2025\/03\/truc-xoan-may-dun-ca-md7k-copy_result222-790x1536.webp 790w, https:\/\/congtybinhminh.com\/wp-content\/uploads\/2025\/03\/truc-xoan-may-dun-ca-md7k-copy_result222-510x991.webp 510w\" sizes=\"auto, (max-width: 800px) 100vw, 800px\" \/><\/p>\n<p>Qu\u00e1 tr\u00ecnh m\u00e1y ho\u1ea1t \u0111\u1ed9ng th\u00f4ng qua h\u1ec7 th\u1ed1ng b\u1ea3ng \u0111i\u1ec1u khi\u1ec3n, bao g\u1ed3m:<\/p>\n<p><img loading=\"lazy\" decoding=\"async\" class=\"aligncenter wp-image-10496 size-full\" src=\"https:\/\/congtybinhminh.com\/wp-content\/uploads\/2025\/03\/bang-dieu-khien_result222.webp\" alt=\"bang-dieu-khien_result222\" width=\"800\" height=\"583\" srcset=\"https:\/\/congtybinhminh.com\/wp-content\/uploads\/2025\/03\/bang-dieu-khien_result222.webp 800w, https:\/\/congtybinhminh.com\/wp-content\/uploads\/2025\/03\/bang-dieu-khien_result222-549x400.webp 549w, https:\/\/congtybinhminh.com\/wp-content\/uploads\/2025\/03\/bang-dieu-khien_result222-768x560.webp 768w, https:\/\/congtybinhminh.com\/wp-content\/uploads\/2025\/03\/bang-dieu-khien_result222-510x372.webp 510w\" sizes=\"auto, (max-width: 800px) 100vw, 800px\" \/><\/p>\n<ul>\n<li>C\u00f4ng t\u1eafc t\u1eaft \/ m\u1edf kh\u1edfi \u0111\u1ed9ng m\u00e1y<\/li>\n<li>C\u00f4ng t\u1eafc \u0111\u00e8n b\u00e1o v\u00f4n<\/li>\n<li>N\u00fat d\u1eebng kh\u1ea9n c\u1ea5p<\/li>\n<\/ul>\n<p>M\u00e1y \u0111\u00f9n th\u1ee9c \u0103n ch\u0103n nu\u00f4i 3 pha \u0111\u1ed9ng c\u01a1 7,5kw motor l\u00f5i d\u00e2y \u0111\u1ed3ng 100% c\u00f9ng h\u1ed9p s\u1ed1 gi\u1ea3m t\u1ed1c v\u00e0 kh\u1edbp n\u1ed1i d\u1ea1ng x\u00edch t\u0103ng kh\u1ea3 n\u0103ng m\u00e1y \u00e9p kh\u1ecfe h\u01a1n<\/p>\n<p><img loading=\"lazy\" decoding=\"async\" class=\"aligncenter wp-image-10500 size-full\" src=\"https:\/\/congtybinhminh.com\/wp-content\/uploads\/2025\/03\/may-dun-ca-3-pha_result222.webp\" alt=\"may-dun-ca-3-pha_result222\" width=\"800\" height=\"600\" srcset=\"https:\/\/congtybinhminh.com\/wp-content\/uploads\/2025\/03\/may-dun-ca-3-pha_result222.webp 800w, https:\/\/congtybinhminh.com\/wp-content\/uploads\/2025\/03\/may-dun-ca-3-pha_result222-533x400.webp 533w, https:\/\/congtybinhminh.com\/wp-content\/uploads\/2025\/03\/may-dun-ca-3-pha_result222-768x576.webp 768w, https:\/\/congtybinhminh.com\/wp-content\/uploads\/2025\/03\/may-dun-ca-3-pha_result222-510x383.webp 510w\" sizes=\"auto, (max-width: 800px) 100vw, 800px\" \/><\/p>\n<p>M\u00e1y \u0111\u00f9n th\u1ee9c \u0103n ch\u0103n nu\u00f4i th\u00f4 th\u00e0nh d\u1ea1ng nhuy\u1ec5n cho n\u0103ng su\u1ea5t \u0111\u1ea1t 250 &#8211; 300 kg\/gi\u1edd<\/p>\n<p><img loading=\"lazy\" decoding=\"async\" class=\"aligncenter wp-image-10501 size-full\" src=\"https:\/\/congtybinhminh.com\/wp-content\/uploads\/2025\/03\/xay-ca_result222.webp\" alt=\"xay-ca_result222\" width=\"800\" height=\"600\" srcset=\"https:\/\/congtybinhminh.com\/wp-content\/uploads\/2025\/03\/xay-ca_result222.webp 800w, https:\/\/congtybinhminh.com\/wp-content\/uploads\/2025\/03\/xay-ca_result222-533x400.webp 533w, https:\/\/congtybinhminh.com\/wp-content\/uploads\/2025\/03\/xay-ca_result222-768x576.webp 768w, https:\/\/congtybinhminh.com\/wp-content\/uploads\/2025\/03\/xay-ca_result222-510x383.webp 510w\" sizes=\"auto, (max-width: 800px) 100vw, 800px\" \/><\/p>\n<h2>T\u1ed5ng h\u1ee3p c\u00e1c d\u00f2ng m\u00e1y \u0111\u00f9n th\u1ee9c \u0103n ch\u0103n nu\u00f4i<\/h2>\n<p>Ngo\u00e0i d\u00f2ng m\u00e1y \u0111\u00f9n M\u01107K c\u00f3 b\u1ea3ng \u0111i\u1ec1u khi\u1ec3n, c\u00f4ng ty B\u00ecnh Minh c\u00f2n s\u1ea3n xu\u1ea5t nhi\u1ec1u lo\u1ea1i m\u00e1y \u0111\u00f9n kh\u00e1c nhau v\u1ec1 k\u00edch th\u01b0\u1edbc v\u00e0 c\u00f4ng su\u1ea5t ph\u00f9 h\u1ee3p v\u1edbi t\u1eebng \u0111\u1ed1i t\u01b0\u1ee3ng<\/p>\n<p><img loading=\"lazy\" decoding=\"async\" class=\"aligncenter wp-image-10504 size-full\" src=\"https:\/\/congtybinhminh.com\/wp-content\/uploads\/2025\/03\/tong-hop-may-dun-thuc-an-chan-nuoi_result222.webp\" alt=\"tong-hop-may-dun-thuc-an-chan-nuoi_result222\" width=\"800\" height=\"1078\" srcset=\"https:\/\/congtybinhminh.com\/wp-content\/uploads\/2025\/03\/tong-hop-may-dun-thuc-an-chan-nuoi_result222.webp 800w, https:\/\/congtybinhminh.com\/wp-content\/uploads\/2025\/03\/tong-hop-may-dun-thuc-an-chan-nuoi_result222-297x400.webp 297w, https:\/\/congtybinhminh.com\/wp-content\/uploads\/2025\/03\/tong-hop-may-dun-thuc-an-chan-nuoi_result222-594x800.webp 594w, https:\/\/congtybinhminh.com\/wp-content\/uploads\/2025\/03\/tong-hop-may-dun-thuc-an-chan-nuoi_result222-768x1035.webp 768w, https:\/\/congtybinhminh.com\/wp-content\/uploads\/2025\/03\/tong-hop-may-dun-thuc-an-chan-nuoi_result222-510x687.webp 510w\" sizes=\"auto, (max-width: 800px) 100vw, 800px\" \/><\/p>\n<h2>V\u00ec sao n\u00ean d\u00f9ng m\u00e1y \u0111\u00f9n th\u1ee9c \u0103n ch\u0103n nu\u00f4i B\u00ecnh Minh ?<\/h2>\n<p>C\u00f4ng ty B\u00ecnh Minh t\u1ef1 h\u00e0o l\u00e0 \u0111\u01a1n v\u1ecb chuy\u00ean s\u1ea3n xu\u1ea5t v\u00e0 cung c\u1ea5p m\u00e1y n\u00f4ng nghi\u1ec7p s\u1ed1 1 Vi\u1ec7t Nam v\u1edbi h\u01a1n 30 n\u0103m kinh nghi\u1ec7m trong l\u0129nh v\u1ef1c c\u01a1 kh\u00ed<\/p>\n<p>V\u1edbi trang thi\u1ebft b\u1ecb hi\u1ec7n \u0111\u1ea1i &#8211; \u0111\u1ed9i ng\u0169 k\u1ef9 thu\u1eadt tr\u00ecnh \u0111\u1ed9 cao. Ch\u00fang t\u00f4i mang \u0111\u1ebfn cho b\u1ea1n nh\u1eefng s\u1ea3n ph\u1ea9m CH\u00cdNH H\u00c3NG &#8211; CH\u1ea4T L\u01af\u1ee2NG &#8211; GI\u00c1 TH\u00c0NH T\u1ed0T NH\u1ea4T &#8211; D\u1ecaCH V\u1ee4 CHU \u0110\u00c1O NH\u1ea4T<\/p>\n<p><img loading=\"lazy\" decoding=\"async\" class=\"aligncenter wp-image-10505 size-full\" src=\"https:\/\/congtybinhminh.com\/wp-content\/uploads\/2025\/03\/xuong-san-xuat-may-dun-ca_result222.webp\" alt=\"xuong-san-xuat-may-dun-ca_result222\" width=\"800\" height=\"1188\" srcset=\"https:\/\/congtybinhminh.com\/wp-content\/uploads\/2025\/03\/xuong-san-xuat-may-dun-ca_result222.webp 800w, https:\/\/congtybinhminh.com\/wp-content\/uploads\/2025\/03\/xuong-san-xuat-may-dun-ca_result222-269x400.webp 269w, https:\/\/congtybinhminh.com\/wp-content\/uploads\/2025\/03\/xuong-san-xuat-may-dun-ca_result222-539x800.webp 539w, https:\/\/congtybinhminh.com\/wp-content\/uploads\/2025\/03\/xuong-san-xuat-may-dun-ca_result222-768x1140.webp 768w, https:\/\/congtybinhminh.com\/wp-content\/uploads\/2025\/03\/xuong-san-xuat-may-dun-ca_result222-510x757.webp 510w\" sizes=\"auto, (max-width: 800px) 100vw, 800px\" \/><\/p>\n<p>\u0110\u1ec3 \u0111\u1eb7t mua h\u00e0ng ch\u00ednh h\u00e3ng, b\u00e0 con c\u00f3 th\u1ec3 \u0111\u1ebfn tr\u1ee5 s\u1edf g\u1ea7n nh\u1ea5t c\u1ee7a c\u00f4ng ty \u0111\u1ec3 xem v\u00e0 \u0111\u1eb7t mua h\u00e0ng;<\/p>\n<ul>\n<li>Tr\u1ee5 s\u1edf ch\u00ednh: p. L\u00ea L\u1ee3i &#8211; Tx S\u01a1n T\u00e2y &#8211; H\u00e0 N\u1ed9i<\/li>\n<li>Chi nh\u00e1nh mi\u1ec1n Nam: x\u00e3 T\u00e2n Ki\u00ean &#8211; H. B\u00ecnh Ch\u00e1nh &#8211; Tp H\u1ed3 Ch\u00ed Minh<\/li>\n<\/ul>\n<p>Khi \u0111\u1ebfn \u0111\u00e2y, b\u00e0 con s\u1ebd \u0111\u01b0\u1ee3c tr\u1ea3i nghi\u1ec7m v\u1eadn h\u00e0nh m\u00e1y d\u01b0\u1edbi s\u1ef1 h\u01b0\u1edbng d\u1eabn c\u1ee7a \u0111\u1ed9i ng\u0169 k\u1ef9 thu\u1eadt<\/p>\n<p>\u0110\u1ed1i v\u1edbi b\u00e0 \u1edf xa, c\u00f3 th\u1ec3 li\u00ean h\u1ec7 t\u1edbi s\u1ed1 \u0111i\u1ec7n tho\u1ea1i tr\u00ean website ho\u1eb7c \u0111\u1ec3 l\u1ea1i l\u1eddi nh\u1eafn \u0111\u1ed9i ng\u0169 t\u01b0 v\u1ea5n s\u1ebd li\u00ean h\u1ec7 b\u00e0 con trong th\u1eddi gian s\u1edbm nh\u1ea5t<\/p>\n<p><strong>Th\u00f4ng s\u1ed1 k\u1ef9 thu\u1eadt\u00a0<\/strong><\/p>\n<table border=\"1\" cellspacing=\"1\" cellpadding=\"1\">\n<tbody>\n<tr>\n<td colspan=\"1\" rowspan=\"3\">\u0110\u1ed9ng c\u01a1<\/td>\n<td>C\u00f4ng su\u1ea5t \u0111\u1ed9ng c\u01a1<\/td>\n<td>7.5kw<\/td>\n<\/tr>\n<tr>\n<td>Ngu\u1ed3n \u0111i\u1ec7n<\/td>\n<td>380V<\/td>\n<\/tr>\n<tr>\n<td>T\u1ed1c \u0111\u1ed9<\/td>\n<td>1450V<\/td>\n<\/tr>\n<tr>\n<td colspan=\"1\" rowspan=\"2\">B\u1ea3o h\u00e0nh<\/td>\n<td>K\u1ef9 thu\u1eadt<\/td>\n<td>06 th\u00e1ng<\/td>\n<\/tr>\n<tr>\n<td>\u0110\u1ed9ng c\u01a1<\/td>\n<td>Theo t\u1eebng h\u00e3ng s\u1ea3n xu\u1ea5t<\/td>\n<\/tr>\n<tr>\n<td>N\u0103ng su\u1ea5t<\/td>\n<td colspan=\"2\" rowspan=\"1\">\u00a0250 \u2013 300 kg\/gi\u1edd<\/td>\n<\/tr>\n<tr>\n<td>K\u00edch th\u01b0\u1edbc (d*c*r)<\/td>\n<td colspan=\"2\" rowspan=\"1\">95*88*60 cm<\/td>\n<\/tr>\n<tr>\n<td>H\u00ecnh th\u1ee9c thanh to\u00e0n<\/td>\n<td colspan=\"2\" rowspan=\"1\">Ti\u1ec1n m\u1eb7t ho\u1eb7c chuy\u1ec3n kho\u1ea3n<\/td>\n<\/tr>\n<\/tbody>\n<\/table>\n","protected":false},"excerpt":{"rendered":"<ul>\n<li><strong>H\u00e3ng s\u1ea3n xu\u1ea5t<\/strong>: B\u00ecnh Minh<\/li>\n<li><strong>C\u00f4ng su\u1ea5t \u0111\u1ed9ng c\u01a1<\/strong>: 7,5kw<\/li>\n<li><strong>Ngu\u1ed3n \u0111i\u1ec7n:\u00a0<\/strong>380V<\/li>\n<li><strong>N\u0103ng su\u1ea5t:\u00a0<\/strong>250 \u2013 300 kg\/gi\u1edd<\/li>\n<li><strong>K\u00edch th\u01b0\u1edbc (D*C*R):\u00a0<\/strong>95*88*60 cm<\/li>\n<li><strong>T\u00ednh n\u0103ng:\u00a0<\/strong>m\u00e1y chuy\u00ean nghi\u1ec1n nhuy\u1ec5n c\u00e1c lo\u1ea1i nguy\u00ean li\u1ec7u nh\u01b0 x\u01b0\u01a1ng g\u00e0, c\u00e1, \u1ed1c.. l\u00e0m th\u1ee9c \u0103n cho gia s\u00fac, \u0111\u00f9n c\u00e1m<\/li>\n<\/ul>\n","protected":false},"featured_media":10487,"comment_status":"closed","ping_status":"closed","template":"","meta":[],"product_brand":[],"product_cat":[196],"product_tag":[],"class_list":{"0":"post-10486","1":"product","2":"type-product","3":"status-publish","4":"has-post-thumbnail","6":"product_cat-may-dun-ca","8":"first","9":"instock","10":"shipping-taxable","11":"product-type-simple"},"_links":{"self":[{"href":"https:\/\/congtybinhminh.com\/index.php?rest_route=\/wp\/v2\/product\/10486","targetHints":{"allow":["GET"]}}],"collection":[{"href":"https:\/\/congtybinhminh.com\/index.php?rest_route=\/wp\/v2\/product"}],"about":[{"href":"https:\/\/congtybinhminh.com\/index.php?rest_route=\/wp\/v2\/types\/product"}],"replies":[{"embeddable":true,"href":"https:\/\/congtybinhminh.com\/index.php?rest_route=%2Fwp%2Fv2%2Fcomments&post=10486"}],"wp:featuredmedia":[{"embeddable":true,"href":"https:\/\/congtybinhminh.com\/index.php?rest_route=\/wp\/v2\/media\/10487"}],"wp:attachment":[{"href":"https:\/\/congtybinhminh.com\/index.php?rest_route=%2Fwp%2Fv2%2Fmedia&parent=10486"}],"wp:term":[{"taxonomy":"product_brand","embeddable":true,"href":"https:\/\/congtybinhminh.com\/index.php?rest_route=%2Fwp%2Fv2%2Fproduct_brand&post=10486"},{"taxonomy":"product_cat","embeddable":true,"href":"https:\/\/congtybinhminh.com\/index.php?rest_route=%2Fwp%2Fv2%2Fproduct_cat&post=10486"},{"taxonomy":"product_tag","embeddable":true,"href":"https:\/\/congtybinhminh.com\/index.php?rest_route=%2Fwp%2Fv2%2Fproduct_tag&post=10486"}],"curies":[{"name":"wp","href":"https:\/\/api.w.org\/{rel}","templated":true}]}}