{"id":10462,"date":"2025-03-07T13:39:52","date_gmt":"2025-03-07T06:39:52","guid":{"rendered":"https:\/\/congtybinhminh.com\/?post_type=product&#038;p=10462"},"modified":"2025-03-07T13:53:59","modified_gmt":"2025-03-07T06:53:59","slug":"may-ep-cam-vien-s250-2lv","status":"publish","type":"product","link":"https:\/\/congtybinhminh.com\/?product=may-ep-cam-vien-s250-2lv","title":{"rendered":"M\u00e1y \u00e9p c\u00e1m vi\u00ean S250 &#8211; 2LV"},"content":{"rendered":"<h2>Video ho\u1ea1t \u0111\u1ed9ng c\u1ee7a m\u00e1y<\/h2>\n<p><iframe loading=\"lazy\" title=\"Gi\u00e1 B\u00e1n M\u00e1y \u00c9p C\u00e1m Vi\u00ean S250 Thi\u1ebft K\u1ebf 2 Qu\u1ea3 L\u00f4 V\u00e1t Duy Nh\u1ea5t Hi\u1ec7n C\u00f3 T\u1ea1i Vi\u1ec7t Nam\" width=\"1020\" height=\"574\" src=\"https:\/\/www.youtube.com\/embed\/7u3HuT14ccY?feature=oembed\" frameborder=\"0\" allow=\"accelerometer; autoplay; clipboard-write; encrypted-media; gyroscope; picture-in-picture; web-share\" referrerpolicy=\"strict-origin-when-cross-origin\" allowfullscreen><\/iframe><\/p>\n<h2>Gi\u1edbi thi\u1ec7u m\u00e1y \u00e9p c\u00e1m vi\u00ean S250 &#8211; 2LV<\/h2>\n<p>M\u00e1y \u00e9p c\u00e1m vi\u00ean S250 &#8211; 2LV mang \u0111\u1ebfn cho b\u00e0 con gi\u1ea3i ph\u00e1p ch\u0103n nu\u00f4i m\u1edbi. Thay v\u00ec ph\u1ee5 thu\u1ed9c v\u00e0o c\u00e1c lo\u1ea1i th\u1ee9c \u0103n c\u00f4ng nghi\u1ec7p \u0111\u1eaft \u0111\u1ecf, b\u00e0 con gi\u1edd \u0111\u00e2y c\u00f3 th\u1ec3 t\u1ef1 \u00e9p c\u00e1m vi\u00ean t\u1ea1i nh\u00e0 t\u1eeb ch\u00ednh nguy\u00ean li\u1ec7u s\u1eb5n c\u00f3 ti\u1ebft ki\u1ec7m chi ph\u00ed<\/p>\n<p><img loading=\"lazy\" decoding=\"async\" class=\"aligncenter wp-image-10463 size-full\" src=\"https:\/\/congtybinhminh.com\/wp-content\/uploads\/2025\/03\/may-ep-cam-vien-s250-2lv_result222.webp\" alt=\"may-ep-cam-vien-s250-2lv_result222\" width=\"800\" height=\"1078\" srcset=\"https:\/\/congtybinhminh.com\/wp-content\/uploads\/2025\/03\/may-ep-cam-vien-s250-2lv_result222.webp 800w, https:\/\/congtybinhminh.com\/wp-content\/uploads\/2025\/03\/may-ep-cam-vien-s250-2lv_result222-297x400.webp 297w, https:\/\/congtybinhminh.com\/wp-content\/uploads\/2025\/03\/may-ep-cam-vien-s250-2lv_result222-594x800.webp 594w, https:\/\/congtybinhminh.com\/wp-content\/uploads\/2025\/03\/may-ep-cam-vien-s250-2lv_result222-768x1035.webp 768w, https:\/\/congtybinhminh.com\/wp-content\/uploads\/2025\/03\/may-ep-cam-vien-s250-2lv_result222-510x687.webp 510w\" sizes=\"auto, (max-width: 800px) 100vw, 800px\" \/><\/p>\n<p>B\u00e0 con d\u1ec5 d\u00e0ng s\u1ea3n xu\u1ea5t l\u01b0\u1ee3ng c\u00e1m vi\u00ean \u0111\u1ee7 d\u00f9ng m\u1ed7i ng\u00e0y m\u00e0 kh\u00f4ng t\u1ed1n nhi\u1ec1u c\u00f4ng s\u1ee9c.T\u1ed1i \u01b0u h\u00f3a quy tr\u00ecnh ch\u0103n nu\u00f4i mang l\u1ea1i hi\u1ec7u qu\u1ea3 kinh t\u1ebf v\u01b0\u1ee3t tr\u1ed9i<\/p>\n<p><img loading=\"lazy\" decoding=\"async\" class=\"aligncenter wp-image-10472 size-full\" src=\"https:\/\/congtybinhminh.com\/wp-content\/uploads\/2025\/03\/may-ep-cam-vien-kho_result222.webp\" alt=\"may-ep-cam-vien-kho_result222\" width=\"800\" height=\"1507\" srcset=\"https:\/\/congtybinhminh.com\/wp-content\/uploads\/2025\/03\/may-ep-cam-vien-kho_result222.webp 800w, https:\/\/congtybinhminh.com\/wp-content\/uploads\/2025\/03\/may-ep-cam-vien-kho_result222-212x400.webp 212w, https:\/\/congtybinhminh.com\/wp-content\/uploads\/2025\/03\/may-ep-cam-vien-kho_result222-425x800.webp 425w, https:\/\/congtybinhminh.com\/wp-content\/uploads\/2025\/03\/may-ep-cam-vien-kho_result222-768x1447.webp 768w, https:\/\/congtybinhminh.com\/wp-content\/uploads\/2025\/03\/may-ep-cam-vien-kho_result222-510x961.webp 510w\" sizes=\"auto, (max-width: 800px) 100vw, 800px\" \/><\/p>\n<h2>V\u00ec sao n\u00ean ch\u1ecdn m\u00e1y \u00e9p c\u00e1m vi\u00ean S250-2LV<\/h2>\n<h3>Khung m\u00e1y ch\u1eafc ch\u1eafn<\/h3>\n<p>Thu\u1ed9c d\u00f2ng m\u00e1y \u00e9p c\u00e1m vi\u00ean tr\u1ee5c \u0111\u1ee9ng v\u1edbi ph\u1ea7n khung m\u00e1y \u0111\u01b0\u1ee3c h\u00e0n g\u1eafn ch\u1eafc ch\u1eafn, kh\u00f4ng g\u00e2y rung l\u1eafc hay m\u00f3p m\u00e9o trong qu\u00e1 tr\u00ecnh s\u1eed d\u1ee5ng<\/p>\n<p><img loading=\"lazy\" decoding=\"async\" class=\"aligncenter wp-image-10464 size-full\" src=\"https:\/\/congtybinhminh.com\/wp-content\/uploads\/2025\/03\/cau-tao-may-ep-cam-vien-s250-2lv_result222.webp\" alt=\"cau-tao-may-ep-cam-vien-s250-2lv_result222\" width=\"800\" height=\"620\" srcset=\"https:\/\/congtybinhminh.com\/wp-content\/uploads\/2025\/03\/cau-tao-may-ep-cam-vien-s250-2lv_result222.webp 800w, https:\/\/congtybinhminh.com\/wp-content\/uploads\/2025\/03\/cau-tao-may-ep-cam-vien-s250-2lv_result222-516x400.webp 516w, https:\/\/congtybinhminh.com\/wp-content\/uploads\/2025\/03\/cau-tao-may-ep-cam-vien-s250-2lv_result222-768x595.webp 768w, https:\/\/congtybinhminh.com\/wp-content\/uploads\/2025\/03\/cau-tao-may-ep-cam-vien-s250-2lv_result222-510x395.webp 510w\" sizes=\"auto, (max-width: 800px) 100vw, 800px\" \/><\/p>\n<p>Ph\u00eda d\u01b0\u1edbi ch\u00e2n m\u00e1y l\u1eafp \u0111\u1eb7t 4 b\u00e1nh xe linh ho\u1ea1t, gi\u00fap b\u00e0 con d\u1ec5 d\u00e0ng di chuy\u1ec3n \u0111\u1eb7t m\u00e1y m\u00e0 kh\u00f4ng c\u1ea7n t\u1ed1n nhi\u1ec1u s\u1ee9c l\u1ef1c<\/p>\n<h3>Toa n\u1ea1p nguy\u00ean li\u1ec7u<\/h3>\n<p>Toa n\u1ea1p c\u1ee7a m\u00e1y \u0111\u01b0\u1ee3c thi\u1ebft k\u1ebf d\u1ea1ng ph\u1ec5u tr\u00f2n r\u1ed9ng, ch\u1ee9a \u0111\u01b0\u1ee3c l\u01b0\u1ee3ng l\u1edbn h\u1ed7n h\u1ee3p c\u00e1m trong m\u1ed7i l\u1ea7n \u00e9p<\/p>\n<p><img loading=\"lazy\" decoding=\"async\" class=\"alignnone size-medium wp-image-10465\" src=\"https:\/\/congtybinhminh.com\/wp-content\/uploads\/2025\/03\/toa-nap-may-ep-cam-vien_result222-796x400.webp\" alt=\"toa-nap-may-ep-cam-vien_result222\" width=\"796\" height=\"400\" srcset=\"https:\/\/congtybinhminh.com\/wp-content\/uploads\/2025\/03\/toa-nap-may-ep-cam-vien_result222-796x400.webp 796w, https:\/\/congtybinhminh.com\/wp-content\/uploads\/2025\/03\/toa-nap-may-ep-cam-vien_result222-768x386.webp 768w, https:\/\/congtybinhminh.com\/wp-content\/uploads\/2025\/03\/toa-nap-may-ep-cam-vien_result222-510x256.webp 510w, https:\/\/congtybinhminh.com\/wp-content\/uploads\/2025\/03\/toa-nap-may-ep-cam-vien_result222.webp 800w\" sizes=\"auto, (max-width: 796px) 100vw, 796px\" \/><\/p>\n<p>\u0110i\u1ec1u n\u00e0y gi\u00fap ti\u1ebft ki\u1ec7m th\u1eddi gian v\u00e0 c\u00f4ng s\u1ee9c, \u0111\u1eb7c bi\u1ec7t h\u1eefu \u00edch trong nh\u1eefng \u0111\u1ee3t ch\u0103n nu\u00f4i cao \u0111i\u1ec3m<\/p>\n<h3>H\u1ec7 th\u1ed1ng bu\u1ed3ng l\u00e0m vi\u1ec7c hi\u1ec7n \u0111\u1ea1i<\/h3>\n<p>M\u00e1y \u00e9p c\u00e1m 2 qu\u1ea3 l\u00f4, \u0111\u1eb7c bi\u1ec7t m\u1ed7i qu\u1ea3 l\u00f4 \u0111\u01b0\u1ee3c thi\u1ebft k\u1ebf \u00f4m s\u00e1t s\u00e0ng k\u1ebft h\u1ee3p v\u1edbi 2 c\u00e1nh g\u1ea1t \u0111i\u1ec1u ch\u1ec9nh t\u1ea1o n\u00ean 2 t\u00ednh n\u0103ng trong 1 m\u00e1y &#8221; v\u1eeba tr\u1ed9n &#8211; v\u1eeba \u00e9p&#8221; nguy\u00ean li\u1ec7u<\/p>\n<p><img loading=\"lazy\" decoding=\"async\" class=\"aligncenter wp-image-10467 size-full\" src=\"https:\/\/congtybinhminh.com\/wp-content\/uploads\/2025\/03\/qua-lo-may-ep-cam-vien-copy_result222.webp\" alt=\"qua-lo-may-ep-cam-vien copy_result222\" width=\"800\" height=\"931\" srcset=\"https:\/\/congtybinhminh.com\/wp-content\/uploads\/2025\/03\/qua-lo-may-ep-cam-vien-copy_result222.webp 800w, https:\/\/congtybinhminh.com\/wp-content\/uploads\/2025\/03\/qua-lo-may-ep-cam-vien-copy_result222-344x400.webp 344w, https:\/\/congtybinhminh.com\/wp-content\/uploads\/2025\/03\/qua-lo-may-ep-cam-vien-copy_result222-687x800.webp 687w, https:\/\/congtybinhminh.com\/wp-content\/uploads\/2025\/03\/qua-lo-may-ep-cam-vien-copy_result222-768x894.webp 768w, https:\/\/congtybinhminh.com\/wp-content\/uploads\/2025\/03\/qua-lo-may-ep-cam-vien-copy_result222-510x594.webp 510w\" sizes=\"auto, (max-width: 800px) 100vw, 800px\" \/><\/p>\n<p>Gi\u00fap qu\u00e1 tr\u00ecnh \u00e9p tr\u01a1n tru \u0111\u1ebfn khi vi\u00ean c\u00e1m tho\u00e1t ra ngo\u00e0i c\u1eeda x\u1ea3<\/p>\n<p>Qu\u00e1 tr\u00ecnh \u00e9p c\u00e1c b\u1ed9 ph\u1eadn l\u00e0m vi\u1ec7c t\u1ea1o ma s\u00e1t sinh kho\u1ea3ng 60 &#8211; 70 \u0111\u1ed9 C, vi\u00ean c\u00e1m cho ra c\u00f3 \u0111\u1ed9 \u1ea5m n\u00f3ng c\u00f3 th\u1ec3 cho v\u1eadt nu\u00f4i d\u00f9ng lu\u00f4n<\/p>\n<p><img loading=\"lazy\" decoding=\"async\" class=\"aligncenter wp-image-10469 size-full\" src=\"https:\/\/congtybinhminh.com\/wp-content\/uploads\/2025\/03\/mat-sang-may-ep-cam_result222.webp\" alt=\"mat-sang-may-ep-cam_result222\" width=\"800\" height=\"600\" srcset=\"https:\/\/congtybinhminh.com\/wp-content\/uploads\/2025\/03\/mat-sang-may-ep-cam_result222.webp 800w, https:\/\/congtybinhminh.com\/wp-content\/uploads\/2025\/03\/mat-sang-may-ep-cam_result222-533x400.webp 533w, https:\/\/congtybinhminh.com\/wp-content\/uploads\/2025\/03\/mat-sang-may-ep-cam_result222-768x576.webp 768w, https:\/\/congtybinhminh.com\/wp-content\/uploads\/2025\/03\/mat-sang-may-ep-cam_result222-510x383.webp 510w\" sizes=\"auto, (max-width: 800px) 100vw, 800px\" \/><\/p>\n<p>M\u1eb7t s\u00e0ng d\u00e0y 2 m\u1eb7t \u0111\u1ec1u c\u00f3 th\u1ec3 s\u1eed d\u1ee5ng, m\u00e1y c\u00f3 th\u1ec3 thay \u0111\u1ed5i k\u00edch th\u01b0\u1edbc m\u1eb7t s\u00e0ng \u00e9p v\u1edbi k\u00edch th\u01b0\u1edbc 3ly; 4ly; 5ly&#8230; cho ra vi\u00ean c\u00e1m t\u01b0\u01a1ng \u1ee9ng v\u1edbi l\u1ed7 s\u00e0ng t\u00f9y nhu c\u1ea7u s\u1eed d\u1ee5ng<\/p>\n<p><img loading=\"lazy\" decoding=\"async\" class=\"aligncenter wp-image-10466 size-full\" src=\"https:\/\/congtybinhminh.com\/wp-content\/uploads\/2025\/03\/thanh-dao-cat-cam_result222.webp\" alt=\"thanh-dao-cat-cam_result222\" width=\"800\" height=\"600\" srcset=\"https:\/\/congtybinhminh.com\/wp-content\/uploads\/2025\/03\/thanh-dao-cat-cam_result222.webp 800w, https:\/\/congtybinhminh.com\/wp-content\/uploads\/2025\/03\/thanh-dao-cat-cam_result222-533x400.webp 533w, https:\/\/congtybinhminh.com\/wp-content\/uploads\/2025\/03\/thanh-dao-cat-cam_result222-768x576.webp 768w, https:\/\/congtybinhminh.com\/wp-content\/uploads\/2025\/03\/thanh-dao-cat-cam_result222-510x383.webp 510w\" sizes=\"auto, (max-width: 800px) 100vw, 800px\" \/><\/p>\n<h3>Cho n\u0103ng su\u1ea5t cao<\/h3>\n<p>M\u00e1y \u00e9p c\u00e1m vi\u00ean 3 pha s\u1eed d\u1ee5ng \u0111\u1ed9ng c\u01a1 7,5kw motor l\u00f5i d\u00e2y \u0111\u1ed3ng 100% cho n\u0103ng su\u1ea5t 250 &#8211; 300 kg\/gi\u1edd. Th\u00edch h\u1ee3p s\u1eed d\u1ee5ng t\u1ea1i c\u00e1c h\u1ed9 gia \u0111\u00ecnh, c\u00e1c trang tr\u1ea1i ch\u0103n nu\u00f4i quy m\u00f4 v\u1eeba v\u00e0 l\u1edbn<\/p>\n<p><img loading=\"lazy\" decoding=\"async\" class=\"aligncenter wp-image-10470 size-full\" src=\"https:\/\/congtybinhminh.com\/wp-content\/uploads\/2025\/03\/cam-vien-cho-ga_result222.webp\" alt=\"cam-vien-cho-ga_result222\" width=\"800\" height=\"600\" srcset=\"https:\/\/congtybinhminh.com\/wp-content\/uploads\/2025\/03\/cam-vien-cho-ga_result222.webp 800w, https:\/\/congtybinhminh.com\/wp-content\/uploads\/2025\/03\/cam-vien-cho-ga_result222-533x400.webp 533w, https:\/\/congtybinhminh.com\/wp-content\/uploads\/2025\/03\/cam-vien-cho-ga_result222-768x576.webp 768w, https:\/\/congtybinhminh.com\/wp-content\/uploads\/2025\/03\/cam-vien-cho-ga_result222-510x383.webp 510w\" sizes=\"auto, (max-width: 800px) 100vw, 800px\" \/><\/p>\n<p>S\u1edf h\u1eefu m\u00e1y \u00e9p c\u00e1m vi\u00ean tr\u1ee5c \u0111\u1ee9ng kh\u00f4ng ch\u1ec9 gi\u00fap b\u00e0 con ti\u1ebft ki\u1ec7m chi ph\u00ed m\u00e0 c\u00f2n t\u1ea1o ra ngu\u1ed3n th\u1ee9c \u0103n s\u1ea1ch &#8211; an to\u00e0n &#8211; gi\u00fap x\u00e2y d\u1ef1ng th\u01b0\u01a1ng hi\u1ec7u ch\u0103n nu\u00f4i uy t\u00edn<\/p>\n<h2>\u0110\u1ecba ch\u1ec9 mua m\u00e1y \u00e9p c\u00e1m vi\u00ean gi\u00e1 g\u1ed1c t\u1ea1i H\u00e0 N\u1ed9i<\/h2>\n<p>C\u00f4ng ty B\u00ecnh Minh &#8211; \u0111\u01a1n v\u1ecb tr\u1ef1c ti\u1ebfp ch\u1ebf t\u1ea1o m\u00e1y \u00e9p c\u00e1m vi\u00ean t\u1ea1i H\u00e0 N\u1ed9i v\u1edbi cam k\u1ebft 100% h\u00e0ng m\u1edbi ch\u00ednh h\u00e3ng\u00a0 &#8211; kh\u00f4ng qua \u0111\u1ea1i l\u00fd trung gian:<\/p>\n<p>\u0110\u1ec3 bi\u1ebft th\u00f4ng tin chi ti\u1ebft li\u00ean h\u1ec7 v\u1edbi ch\u00fang t\u00f4i v\u1edbi 3 c\u00e1ch sau:<\/p>\n<ul>\n<li>Truy c\u1eadp website: <strong><a href=\"https:\/\/congtybinhminh.com\/\">congtybinhminh.com<\/a><\/strong><\/li>\n<li>Truy c\u1eadp youtube: c\u00f4ng ty B\u00ecnh Minh<\/li>\n<li>\u0110\u1ebfn tr\u1ef1c ti\u1ebfp x\u01b0\u1edfng s\u1ea3n xu\u1ea5t tr\u1ee5 s\u1edf t\u1ea1i H\u00e0 N\u1ed9i v\u00e0 Tp H\u1ed3 Ch\u00ed Minh<\/li>\n<\/ul>\n<p><img loading=\"lazy\" decoding=\"async\" class=\"aligncenter wp-image-10014 size-full\" src=\"https:\/\/congtybinhminh.com\/wp-content\/uploads\/2024\/08\/dia-chi-ban-may-ep-cam-vien-copy_result222.webp\" alt=\"dia-chi-ban-may-ep-cam-vien copy_result222\" width=\"800\" height=\"1057\" srcset=\"https:\/\/congtybinhminh.com\/wp-content\/uploads\/2024\/08\/dia-chi-ban-may-ep-cam-vien-copy_result222.webp 800w, https:\/\/congtybinhminh.com\/wp-content\/uploads\/2024\/08\/dia-chi-ban-may-ep-cam-vien-copy_result222-303x400.webp 303w, https:\/\/congtybinhminh.com\/wp-content\/uploads\/2024\/08\/dia-chi-ban-may-ep-cam-vien-copy_result222-605x800.webp 605w, https:\/\/congtybinhminh.com\/wp-content\/uploads\/2024\/08\/dia-chi-ban-may-ep-cam-vien-copy_result222-768x1015.webp 768w, https:\/\/congtybinhminh.com\/wp-content\/uploads\/2024\/08\/dia-chi-ban-may-ep-cam-vien-copy_result222-510x674.webp 510w\" sizes=\"auto, (max-width: 800px) 100vw, 800px\" \/><\/p>\n<p>Khi \u0111\u1ebfn tr\u1ef1c ti\u1ebfp t\u1ea1i x\u01b0\u1edfng mua h\u00e0ng, b\u00e0 con s\u1ebd \u0111\u01b0\u1ee3c tr\u1ea3i nghi\u1ec7m v\u1eadn h\u00e0nh m\u00e1y d\u01b0\u1edbi s\u1ef1 h\u01b0\u1edbng d\u1eabn c\u1ee7a \u0111\u1ed9i ng\u0169 k\u1ef9 thu\u1eadt<\/p>\n<p>\u0110\u1ed1i v\u1edbi b\u00e0 con \u1edf xa, c\u00f3 th\u1ec3 li\u00ean h\u1ec7 t\u1edbi s\u1ed1 \u0111i\u1ec7n tho\u1ea1i Hotline tr\u00ean website ho\u1eb7c \u0111\u1ec3 l\u1ea1i l\u1eddi nh\u1eafn ph\u1ea7n &#8220;B\u00ecnh lu\u1eadn&#8221; \u0111\u1ed9i ng\u0169 t\u01b0 v\u1eabn s\u1ebd li\u00ean h\u1ec7 b\u00e0 con trong th\u1eddi gian s\u1edbm nh\u1ea5t<\/p>\n<p>V\u1edbi h\u01a1n 30 n\u0103m x\u00e2y d\u1ef1ng v\u00e0 ph\u00e1t tri\u1ec3n trong l\u0129nh v\u1ef1c c\u01a1 kh\u00ed. T\u1ef1 h\u00e0o l\u00e0 \u0111\u01a1n v\u1ecb UY T\u00cdN cam k\u1ebft mang \u0111\u1ebfn cho b\u1ea1n nh\u1eefng s\u1ea3n ph\u1ea9m CH\u00cdNH H\u00c3NG &#8211; CH\u1ea4T L\u01af\u1ee2NG &#8211; GI\u00c1 C\u1ea2 T\u1ed0T NH\u1ea4T V\u00c0 D\u1ecaCH V\u1ee4 CHU \u0110\u00c1O NH\u1ea4T<\/p>\n<p><strong>Th\u00f4ng s\u1ed1 k\u1ef9 thu\u1eadt\u00a0<\/strong><\/p>\n<table border=\"1\" cellspacing=\"1\" cellpadding=\"1\">\n<tbody>\n<tr>\n<td colspan=\"1\" rowspan=\"3\">\u0110\u1ed9ng c\u01a1<\/td>\n<td>C\u00f4ng su\u1ea5t \u0111\u1ed9ng c\u01a1<\/td>\n<td>7.5kw<\/td>\n<\/tr>\n<tr>\n<td>T\u1ed1c \u0111\u1ed9<\/td>\n<td>1450 v\/p<\/td>\n<\/tr>\n<tr>\n<td>Ngu\u1ed3n \u0111i\u1ec7n<\/td>\n<td>380 V<\/td>\n<\/tr>\n<tr>\n<td colspan=\"1\" rowspan=\"2\">B\u1ea3o h\u00e0nh<\/td>\n<td>K\u1ef9 thu\u1eadt<\/td>\n<td>06 th\u00e1ng<\/td>\n<\/tr>\n<tr>\n<td>\u0110\u1ed9ng c\u01a1<\/td>\n<td>Theo t\u1eebng h\u00e3ng s\u1ea3n xu\u1ea5t<\/td>\n<\/tr>\n<tr>\n<td>N\u0103ng su\u1ea5t<\/td>\n<td colspan=\"2\" rowspan=\"1\">250 \u2013 300 kg\/gi\u1edd<\/td>\n<\/tr>\n<tr>\n<td>K\u00edch th\u01b0\u1edbc (d*c*r)<\/td>\n<td colspan=\"2\" rowspan=\"1\">110*113*68 cm<\/td>\n<\/tr>\n<tr>\n<td>H\u00ecnh th\u1ee9c thanh to\u00e1n<\/td>\n<td colspan=\"2\" rowspan=\"1\">Ti\u1ec1n m\u1eb7t ho\u1eb7c chuy\u1ec3n kho\u1ea3n<\/td>\n<\/tr>\n<\/tbody>\n<\/table>\n<p>&nbsp;<\/p>\n","protected":false},"excerpt":{"rendered":"<ul>\n<li><strong>H\u00e3ng s\u1ea3n xu\u1ea5t:<\/strong> B\u00ecnh Minh<\/li>\n<li><strong>C\u00f4ng su\u1ea5t \u0111\u1ed9ng c\u01a1<\/strong>; 7,5kw<\/li>\n<li><strong>Ngu\u1ed3n \u0111i\u1ec7<\/strong>n: 380V<\/li>\n<li><strong>T\u1ed1c \u0111\u1ed9:<\/strong>\u00a01450 v\/p<\/li>\n<li><strong>N\u0103ng su\u1ea5t<\/strong>: 250-300 kg\/gi\u1edd<\/li>\n<li><strong>K\u00edch th\u01b0\u1edbc (d*c*r):<\/strong>\u00a0110*113*68 cm<\/li>\n<li><strong>T\u00ednh n\u0103ng:<\/strong>\u00a0m\u00e1y\u00a0 chuy\u00ean d\u00f9ng nghi\u1ec1n \u2013 \u00e9p h\u1ed7n h\u1ee3p b\u1ed9t c\u00e1m, ng\u00f4 h\u1ea1t, rau xanh.. t\u1ea1o th\u00e0nh vi\u00ean l\u00e0m th\u1ee9c \u0103n cho gia s\u00fac \u2013 gia c\u1ea7m<\/li>\n<\/ul>\n","protected":false},"featured_media":10473,"comment_status":"closed","ping_status":"closed","template":"","meta":[],"product_brand":[],"product_cat":[64,63],"product_tag":[],"class_list":{"0":"post-10462","1":"product","2":"type-product","3":"status-publish","4":"has-post-thumbnail","6":"product_cat-may-ep-cam","7":"product_cat-may-ep-cam-vien-truc-dung","9":"first","10":"instock","11":"shipping-taxable","12":"product-type-simple"},"_links":{"self":[{"href":"https:\/\/congtybinhminh.com\/index.php?rest_route=\/wp\/v2\/product\/10462","targetHints":{"allow":["GET"]}}],"collection":[{"href":"https:\/\/congtybinhminh.com\/index.php?rest_route=\/wp\/v2\/product"}],"about":[{"href":"https:\/\/congtybinhminh.com\/index.php?rest_route=\/wp\/v2\/types\/product"}],"replies":[{"embeddable":true,"href":"https:\/\/congtybinhminh.com\/index.php?rest_route=%2Fwp%2Fv2%2Fcomments&post=10462"}],"wp:featuredmedia":[{"embeddable":true,"href":"https:\/\/congtybinhminh.com\/index.php?rest_route=\/wp\/v2\/media\/10473"}],"wp:attachment":[{"href":"https:\/\/congtybinhminh.com\/index.php?rest_route=%2Fwp%2Fv2%2Fmedia&parent=10462"}],"wp:term":[{"taxonomy":"product_brand","embeddable":true,"href":"https:\/\/congtybinhminh.com\/index.php?rest_route=%2Fwp%2Fv2%2Fproduct_brand&post=10462"},{"taxonomy":"product_cat","embeddable":true,"href":"https:\/\/congtybinhminh.com\/index.php?rest_route=%2Fwp%2Fv2%2Fproduct_cat&post=10462"},{"taxonomy":"product_tag","embeddable":true,"href":"https:\/\/congtybinhminh.com\/index.php?rest_route=%2Fwp%2Fv2%2Fproduct_tag&post=10462"}],"curies":[{"name":"wp","href":"https:\/\/api.w.org\/{rel}","templated":true}]}}