{"id":10328,"date":"2025-03-19T08:00:44","date_gmt":"2025-03-19T01:00:44","guid":{"rendered":"https:\/\/congtybinhminh.com\/?post_type=product&#038;p=10328"},"modified":"2025-03-19T08:01:28","modified_gmt":"2025-03-19T01:01:28","slug":"may-bam-rau-cu-qua","status":"publish","type":"product","link":"https:\/\/congtybinhminh.com\/?product=may-bam-rau-cu-qua","title":{"rendered":"M\u00e1y b\u0103m rau c\u1ee7 qu\u1ea3"},"content":{"rendered":"<h2>\u00a0Video ho\u1ea1t \u0111\u1ed9ng c\u1ee7a m\u00e1y<\/h2>\n<p><iframe loading=\"lazy\" title=\"M\u00e1y B\u0103m Rau C\u1ee7 Qu\u1ea3 Th\u1ea3i Lo\u1ea1i Gi \u00e1 R\u1ebb Cho C\u00e1c H\u1ed9 Ch\u0103n Nu\u00f4i L\u00e0m Th\u1ee9c \u0102n \u1ee6 Chua Cho V\u1eadt Nu\u00f4i\" width=\"1020\" height=\"574\" src=\"https:\/\/www.youtube.com\/embed\/08xMhELiWwA?feature=oembed\" frameborder=\"0\" allow=\"accelerometer; autoplay; clipboard-write; encrypted-media; gyroscope; picture-in-picture; web-share\" referrerpolicy=\"strict-origin-when-cross-origin\" allowfullscreen><\/iframe><\/p>\n<h2>Gi\u1edbi thi\u1ec7u m\u00e1y b\u0103m rau c\u1ee7 qu\u1ea3<\/h2>\n<p>M\u00e1y b\u0103m rau c\u1ee7 qu\u1ea3 do c\u00f4ng ty B\u00ecnh Minh s\u1ea3n xu\u1ea5t &#8211; thi\u1ebft b\u1ecb gi\u00fap b\u00e0 con ti\u1ebft ki\u1ec7m th\u1eddi gian v\u00e0 c\u00f4ng s\u1ee9c trong vi\u1ec7c chu\u1ea9n b\u1ecb th\u1ee9c \u0103n cho v\u1eadt nu\u00f4i.<\/p>\n<p><img loading=\"lazy\" decoding=\"async\" class=\"aligncenter wp-image-10336 size-full\" src=\"https:\/\/congtybinhminh.com\/wp-content\/uploads\/2024\/11\/may-bam-rau-cu-qua-1-pha_result222.webp\" alt=\"may-bam-rau-cu-qua-1-pha_result222\" width=\"800\" height=\"1078\" srcset=\"https:\/\/congtybinhminh.com\/wp-content\/uploads\/2024\/11\/may-bam-rau-cu-qua-1-pha_result222.webp 800w, https:\/\/congtybinhminh.com\/wp-content\/uploads\/2024\/11\/may-bam-rau-cu-qua-1-pha_result222-297x400.webp 297w, https:\/\/congtybinhminh.com\/wp-content\/uploads\/2024\/11\/may-bam-rau-cu-qua-1-pha_result222-594x800.webp 594w, https:\/\/congtybinhminh.com\/wp-content\/uploads\/2024\/11\/may-bam-rau-cu-qua-1-pha_result222-768x1035.webp 768w, https:\/\/congtybinhminh.com\/wp-content\/uploads\/2024\/11\/may-bam-rau-cu-qua-1-pha_result222-510x687.webp 510w\" sizes=\"auto, (max-width: 800px) 100vw, 800px\" \/><\/p>\n<p>Thi\u1ebft b\u1ecb chuy\u00ean b\u0103m nh\u1ecf c\u00e1c lo\u1ea1i rau c\u1ee7 qu\u1ea3 s\u1ed1 l\u01b0\u1ee3ng l\u1edbn l\u00e0m th\u1ee9c \u0103n cho gia s\u00fac, gia c\u1ea7m. G\u00f3p ph\u1ea7n gi\u1ea3m b\u1edbt kh\u1ed1i l\u01b0\u1ee3ng c\u00f4ng vi\u1ec7c mang l\u1ea1i hi\u1ec7u qu\u1ea3 cao, \u1ee9ng d\u1ee5ng trong nhi\u1ec1u l\u0129nh v\u1ef1c:<\/p>\n<p><img loading=\"lazy\" decoding=\"async\" class=\"aligncenter wp-image-10342 size-full\" src=\"https:\/\/congtybinhminh.com\/wp-content\/uploads\/2024\/11\/may-bam-rau-cu-qua-binh-minh_result222.webp\" alt=\"may-bam-rau-cu-qua-binh-minh_result222\" width=\"800\" height=\"600\" srcset=\"https:\/\/congtybinhminh.com\/wp-content\/uploads\/2024\/11\/may-bam-rau-cu-qua-binh-minh_result222.webp 800w, https:\/\/congtybinhminh.com\/wp-content\/uploads\/2024\/11\/may-bam-rau-cu-qua-binh-minh_result222-533x400.webp 533w, https:\/\/congtybinhminh.com\/wp-content\/uploads\/2024\/11\/may-bam-rau-cu-qua-binh-minh_result222-768x576.webp 768w, https:\/\/congtybinhminh.com\/wp-content\/uploads\/2024\/11\/may-bam-rau-cu-qua-binh-minh_result222-510x383.webp 510w\" sizes=\"auto, (max-width: 800px) 100vw, 800px\" \/><\/p>\n<ul>\n<li>Trong ch\u0103n nu\u00f4i: l\u00e0m th\u1ee9c \u0103n cho gia s\u00fac &#8211; gia c\u1ea7m..<\/li>\n<li>Trong n\u00f4ng nghi\u1ec7p: l\u00e0m ph\u00e2n b\u00f3n tr\u1ed3ng c\u00e2y..<\/li>\n<\/ul>\n<h2>C\u1ea5u t\u1ea1o m\u00e1y b\u0103m rau c\u1ee7 qu\u1ea3<\/h2>\n<h3>Khung m\u00e1y ch\u1eafc ch\u1eafn<\/h3>\n<p>Thi\u1ebft k\u1ebf nh\u1ecf g\u1ecdn, v\u1edbi ph\u1ea7n k\u1ebft c\u1ea5u m\u00e1y \u0111\u01b0\u1ee3c h\u00e0n g\u1eafn ch\u1eafc ch\u1eafn kh\u00f4ng g\u00e2y rung l\u1eafc trong qu\u00e1 tr\u00ecnh b\u0103m<\/p>\n<p><img loading=\"lazy\" decoding=\"async\" class=\"aligncenter wp-image-10337 size-full\" src=\"https:\/\/congtybinhminh.com\/wp-content\/uploads\/2024\/11\/cau-tao-may-bam-rau-cu-binh-minh_result222.webp\" alt=\"cau-tao-may-bam-rau-cu-binh-minh_result222\" width=\"800\" height=\"654\" srcset=\"https:\/\/congtybinhminh.com\/wp-content\/uploads\/2024\/11\/cau-tao-may-bam-rau-cu-binh-minh_result222.webp 800w, https:\/\/congtybinhminh.com\/wp-content\/uploads\/2024\/11\/cau-tao-may-bam-rau-cu-binh-minh_result222-489x400.webp 489w, https:\/\/congtybinhminh.com\/wp-content\/uploads\/2024\/11\/cau-tao-may-bam-rau-cu-binh-minh_result222-768x628.webp 768w, https:\/\/congtybinhminh.com\/wp-content\/uploads\/2024\/11\/cau-tao-may-bam-rau-cu-binh-minh_result222-510x417.webp 510w\" sizes=\"auto, (max-width: 800px) 100vw, 800px\" \/><\/p>\n<p>C\u1ea5u t\u1ea1o m\u00e1y g\u1ed3m 5 ph\u1ea7n ch\u00ednh: bu\u1ed3ng b\u0103m, c\u1eeda x\u1ea3, toa n\u1ea1p, aptomat v\u00e0 \u0111\u1ed9ng c\u01a1<\/p>\n<h3>Toa n\u1ea1p v\u00e0 c\u1eeda x\u1ea3<\/h3>\n<p>Toa n\u1ea1p \u0111\u01b0\u1ee3c thi\u1ebft k\u1ebf d\u1ea1ng \u0111\u1ee9ng k\u1ebft h\u1ee3p ph\u1ea7n mi\u1ec7ng v\u00e0 khoang ch\u1ee9a r\u1ed9ng ch\u1ee9a \u0111\u01b0\u1ee3c nhi\u1ec1u nguy\u00ean li\u1ec7u h\u01a1n trong m\u1ed7i l\u1ea7n b\u0103m<\/p>\n<p><img loading=\"lazy\" decoding=\"async\" class=\"aligncenter wp-image-10338 size-full\" src=\"https:\/\/congtybinhminh.com\/wp-content\/uploads\/2024\/11\/toa-nap-nguyen-lieu-may-bam-rau_result222.webp\" alt=\"toa-nap-nguyen-lieu-may-bam-rau_result222\" width=\"800\" height=\"450\" srcset=\"https:\/\/congtybinhminh.com\/wp-content\/uploads\/2024\/11\/toa-nap-nguyen-lieu-may-bam-rau_result222.webp 800w, https:\/\/congtybinhminh.com\/wp-content\/uploads\/2024\/11\/toa-nap-nguyen-lieu-may-bam-rau_result222-711x400.webp 711w, https:\/\/congtybinhminh.com\/wp-content\/uploads\/2024\/11\/toa-nap-nguyen-lieu-may-bam-rau_result222-768x432.webp 768w, https:\/\/congtybinhminh.com\/wp-content\/uploads\/2024\/11\/toa-nap-nguyen-lieu-may-bam-rau_result222-510x287.webp 510w\" sizes=\"auto, (max-width: 800px) 100vw, 800px\" \/><\/p>\n<p>Th\u00e0nh ph\u1ea9m sau khi b\u0103m \u0111\u01b0\u1ee3c \u0111\u01b0a tr\u1ef1c ti\u1ebfp ra ngo\u00e0i c\u1eeda x\u1ea3. Ph\u1ea7n c\u1eeda thi\u1ebft k\u1ebf h\u01b0\u1edbng d\u1ed1c th\u1eb3ng thu\u1eadn ti\u1ec7n trong qu\u00e1 tr\u00ecnh thu gom th\u00e0nh ph\u1ea9m<\/p>\n<h3>Bu\u1ed3ng dao b\u0103m<\/h3>\n<p>B\u00ean trong h\u1ec7 th\u1ed1ng bu\u1ed3ng l\u00e0m vi\u1ec7c \u0111\u01b0\u1ee3c thi\u1ebft k\u1ebf g\u1ed3m 27 l\u01b0\u1ee1i dao v\u00e0 4 \u0111\u0129a nghi\u1ec1n b\u0103m nh\u1ecf nguy\u00ean li\u1ec7u v\u1edbi m\u1eb7t s\u00e0ng \u0111\u1ebfn khi \u0111\u1ea1t chu\u1ea9n qua l\u1ed7 s\u00e0ng tho\u00e1t ra ngo\u00e0i<\/p>\n<p><img loading=\"lazy\" decoding=\"async\" class=\"aligncenter wp-image-10339 size-full\" src=\"https:\/\/congtybinhminh.com\/wp-content\/uploads\/2024\/11\/dao-bam-rau_result222.webp\" alt=\"dao-bam-rau_result222\" width=\"800\" height=\"1260\" srcset=\"https:\/\/congtybinhminh.com\/wp-content\/uploads\/2024\/11\/dao-bam-rau_result222.webp 800w, https:\/\/congtybinhminh.com\/wp-content\/uploads\/2024\/11\/dao-bam-rau_result222-254x400.webp 254w, https:\/\/congtybinhminh.com\/wp-content\/uploads\/2024\/11\/dao-bam-rau_result222-508x800.webp 508w, https:\/\/congtybinhminh.com\/wp-content\/uploads\/2024\/11\/dao-bam-rau_result222-768x1210.webp 768w, https:\/\/congtybinhminh.com\/wp-content\/uploads\/2024\/11\/dao-bam-rau_result222-510x803.webp 510w\" sizes=\"auto, (max-width: 800px) 100vw, 800px\" \/><\/p>\n<p>M\u1eb7t s\u00e0ng bi\u00ean \u0111\u1ed9 cong n\u1eb1m d\u01b0\u1edbi h\u1ec7 th\u1ed1ng dao. V\u1edbi thi\u1ebft k\u1ebf m\u1edbi, ng\u01b0\u1eddi d\u00f9ng c\u00f3 th\u1ec3 ch\u1ee7 \u0111\u1ed9ng th\u00e1o l\u1eafp thu\u1eadn ti\u1ec7n v\u1ec7 sinh bu\u1ed3ng b\u0103m<\/p>\n<h3>C\u00f4ng t\u1eafc aptomat<\/h3>\n<p>C\u00f4ng t\u1eafc aptomat b\u1ea3o v\u1ec7 m\u1ea1ch \u0111i\u1ec7n, ng\u0103n c\u00e1c tr\u01b0\u1eddng h\u1ee3p qu\u00e1 t\u1ea3i, s\u1ee5t \u00e1p \u0111\u1ea3m b\u1ea3o an to\u00e0n cho ng\u01b0\u1eddi d\u00f9ng<\/p>\n<p><img loading=\"lazy\" decoding=\"async\" class=\"aligncenter wp-image-10340 size-full\" src=\"https:\/\/congtybinhminh.com\/wp-content\/uploads\/2024\/11\/cong-tac-aptomat_result222.webp\" alt=\"cong-tac-aptomat_result222\" width=\"800\" height=\"600\" srcset=\"https:\/\/congtybinhminh.com\/wp-content\/uploads\/2024\/11\/cong-tac-aptomat_result222.webp 800w, https:\/\/congtybinhminh.com\/wp-content\/uploads\/2024\/11\/cong-tac-aptomat_result222-533x400.webp 533w, https:\/\/congtybinhminh.com\/wp-content\/uploads\/2024\/11\/cong-tac-aptomat_result222-768x576.webp 768w, https:\/\/congtybinhminh.com\/wp-content\/uploads\/2024\/11\/cong-tac-aptomat_result222-510x383.webp 510w\" sizes=\"auto, (max-width: 800px) 100vw, 800px\" \/><\/p>\n<ul>\n<li>M\u1edf aptomat: khi mu\u1ed1n ch\u1ea1y m\u00e1y<\/li>\n<li>Ng\u1eaft aptomat: khi mu\u1ed1n d\u1eebng m\u00e1y<\/li>\n<\/ul>\n<h3>Cho n\u0103ng su\u1ea5t cao<\/h3>\n<p>M\u00e1y b\u0103m rau c\u1ee7 qu\u1ea3 1 pha s\u1eed d\u1ee5ng \u0111\u1ed9ng c\u01a1 1,1kw motor l\u00f5i d\u00e2y \u0111\u1ed3ng 100% cho n\u0103ng su\u1ea5t cao<\/p>\n<p>Th\u00edch h\u1ee3p s\u1eed d\u1ee5ng t\u1ea1i c\u00e1c c\u01a1 s\u1edf t\u00e1i ch\u1ebf quy m\u00f4 v\u1eeba v\u00e0 nh\u1ecf<\/p>\n<h2>\u0110\u1ecba ch\u1ec9 mua m\u00e1y b\u0103m rau c\u1ee7 qu\u1ea3 B\u00ecnh Minh<\/h2>\n<p>C\u00f4ng ty B\u00ecnh Minh t\u1ef1 h\u00e0o l\u00e0 \u0111\u01a1n v\u1ecb chuy\u00ean s\u1ea3n xu\u1ea5t v\u00e0 cung c\u1ea5p m\u00e1y n\u00f4ng nghi\u1ec7p s\u1ed1 1 Vi\u1ec7t Nam v\u1edbi h\u01a1n 30 n\u0103m kinh nghi\u1ec7m trong l\u0129nh v\u1ef1c c\u01a1 kh\u00ed<\/p>\n<p>V\u1edbi trang thi\u1ebft b\u1ecb hi\u1ec7n \u0111\u1ea1i &#8211; \u0111\u1ed9i ng\u0169 k\u1ef9 thu\u1eadt tr\u00ecnh \u0111\u1ed9 cao. Ch\u00fang t\u00f4i cam k\u1ebft mang \u0111\u1ebfn cho b\u1ea1n nh\u1eefng s\u1ea3n ph\u1ea9m CH\u00cdNH H\u00c3NG &#8211; CH\u1ea4T L\u01af\u1ee2NG &#8211; GI\u00c1 TH\u00c0NH T\u1ed0T NH\u1ea4T &#8211; D\u1ecaCH V\u1ee4 CHU \u0110\u00c1O<\/p>\n<p><img loading=\"lazy\" decoding=\"async\" class=\"aligncenter wp-image-10341 size-full\" src=\"https:\/\/congtybinhminh.com\/wp-content\/uploads\/2024\/11\/dia-chi-ban-may-bam-rau-cua-qua-copy_result222.webp\" alt=\"dia-chi-ban-may-bam-rau-cua-qua copy_result222\" width=\"800\" height=\"1085\" srcset=\"https:\/\/congtybinhminh.com\/wp-content\/uploads\/2024\/11\/dia-chi-ban-may-bam-rau-cua-qua-copy_result222.webp 800w, https:\/\/congtybinhminh.com\/wp-content\/uploads\/2024\/11\/dia-chi-ban-may-bam-rau-cua-qua-copy_result222-295x400.webp 295w, https:\/\/congtybinhminh.com\/wp-content\/uploads\/2024\/11\/dia-chi-ban-may-bam-rau-cua-qua-copy_result222-590x800.webp 590w, https:\/\/congtybinhminh.com\/wp-content\/uploads\/2024\/11\/dia-chi-ban-may-bam-rau-cua-qua-copy_result222-768x1042.webp 768w, https:\/\/congtybinhminh.com\/wp-content\/uploads\/2024\/11\/dia-chi-ban-may-bam-rau-cua-qua-copy_result222-510x692.webp 510w\" sizes=\"auto, (max-width: 800px) 100vw, 800px\" \/><\/p>\n<p>\u0110\u1ec3 \u0111\u1eb7t mua h\u00e0ng ch\u00ednh h\u00e3ng, b\u00e0 con c\u00f3 th\u1ec3 \u0111\u1ebfn tr\u1ee5 s\u1edf g\u1ea7n nh\u1ea5t c\u1ee7a c\u00f4ng ty \u0111\u1ec3 xem v\u00e0 \u0111\u1eb7t mua h\u00e0ng:<\/p>\n<ul>\n<li>Tr\u1ee5 s\u1edf ch\u00ednh: p.L\u00ea L\u1ee3i &#8211; Tx S\u01a1n T\u00e2y &#8211; H\u00e0 N\u1ed9i<\/li>\n<li>Chi nh\u00e1nh mi\u1ec1n Nam: x\u00e3 T\u00e2n Ki\u00ean &#8211; H. B\u00ecnh Ch\u00e1nh &#8211; Tp H\u1ed3 Ch\u00ed Minh<\/li>\n<\/ul>\n<p>Khi \u0111\u1ebfn \u0111\u00e2y, b\u00e0 con s\u1ebd \u0111\u01b0\u1ee3c th\u1eed nghi\u1ec7m v\u1eadn h\u00e0nh m\u00e1y d\u01b0\u1edbi s\u1ef1 h\u01b0\u1edbng d\u1eabn c\u1ee7a \u0111\u1ed9i ng\u0169 k\u1ef9 thu\u1eadt<\/p>\n<p>\u0110\u1ed1i v\u1edbi b\u00e0 con \u1edf xa, c\u00f3 th\u1ec3 li\u00ean h\u1ec7 t\u1edbi s\u1ed1 \u0111i\u1ec7n tho\u1ea1i tr\u00ean website ho\u1eb7c \u0111\u1ec3 l\u1ea1i l\u1eddi nh\u1eafn \u0111\u1ed9i ng\u0169 t\u01b0 v\u1ea5n s\u1ebd li\u00ean h\u1ec7 t\u1edbi b\u00e0 con trong th\u1eddi gian s\u1edbm nh\u1ea5t<\/p>\n<p><strong>Th\u00f4ng s\u1ed1 k\u1ef9 thu\u1eadt\u00a0<\/strong><\/p>\n<table border=\"1\" cellspacing=\"1\" cellpadding=\"1\">\n<tbody>\n<tr>\n<td colspan=\"1\" rowspan=\"3\">\u0110\u1ed9ng c\u01a1<\/td>\n<td>C\u00f4ng su\u1ea5t \u0111\u1ed9ng c\u01a1<\/td>\n<td>1.1kw<\/td>\n<\/tr>\n<tr>\n<td>T\u1ed1c \u0111\u1ed9<\/td>\n<td>1450 v\/p<\/td>\n<\/tr>\n<tr>\n<td>Ngu\u1ed3n \u0111i\u1ec7n<\/td>\n<td>220V<\/td>\n<\/tr>\n<tr>\n<td colspan=\"1\" rowspan=\"2\">B\u1ea3o h\u00e0nh<\/td>\n<td>K\u1ef9 thu\u1eadt<\/td>\n<td>06 th\u00e1ng<\/td>\n<\/tr>\n<tr>\n<td>\u0110\u1ed9ng c\u01a1<\/td>\n<td>Theo t\u1eebng h\u00e3ng s\u1ea3n xu\u1ea5t<\/td>\n<\/tr>\n<tr>\n<td>N\u0103ng su\u1ea5t<\/td>\n<td colspan=\"2\" rowspan=\"1\">\u00a0kg\/gi\u1edd<\/td>\n<\/tr>\n<tr>\n<td>K\u00edch th\u01b0\u1edbc (d*c*r)<\/td>\n<td colspan=\"2\" rowspan=\"1\">60*94*45 cm<\/td>\n<\/tr>\n<tr>\n<td>H\u00ecnh th\u1ee9c thanh to\u00e1n<\/td>\n<td colspan=\"2\" rowspan=\"1\">Ti\u1ec1n m\u1eb7t ho\u1eb7c chuy\u1ec3n kho\u1ea3n<\/td>\n<\/tr>\n<\/tbody>\n<\/table>\n","protected":false},"excerpt":{"rendered":"<ul>\n<li><strong>H\u00e3ng s\u1ea3n xu\u1ea5t:<\/strong> B\u00ecnh Minh<\/li>\n<li><strong>C\u00f4ng su\u1ea5t \u0111\u1ed9ng c\u01a1:<\/strong> 1,1kw<\/li>\n<li><strong>T\u1ed1c \u0111\u1ed9:<\/strong> 1450 v\u00f2ng\/ph\u00fat<\/li>\n<li><strong>Ngu\u1ed3n \u0111i\u1ec7n:<\/strong> 220V<\/li>\n<li><strong>K\u00edch th\u01b0\u1edbc (d*c*r):<\/strong> 60*94*45 cm<\/li>\n<li><strong>T\u00ednh n\u0103ng:<\/strong> m\u00e1y chuy\u00ean b\u0103m nh\u1ecf c\u00e1c lo\u1ea1i rau c\u1ee7 qu\u1ea3 s\u1ed1 l\u01b0\u1ee3ng l\u1edbn l\u00e0m th\u1ee9c \u0103n cho gia s\u00fac, gia c\u1ea7m<\/li>\n<\/ul>\n","protected":false},"featured_media":10330,"comment_status":"closed","ping_status":"closed","template":"","meta":[],"product_brand":[],"product_cat":[194],"product_tag":[],"class_list":{"0":"post-10328","1":"product","2":"type-product","3":"status-publish","4":"has-post-thumbnail","6":"product_cat-may-xay-rau-cu","8":"first","9":"instock","10":"shipping-taxable","11":"product-type-simple"},"_links":{"self":[{"href":"https:\/\/congtybinhminh.com\/index.php?rest_route=\/wp\/v2\/product\/10328","targetHints":{"allow":["GET"]}}],"collection":[{"href":"https:\/\/congtybinhminh.com\/index.php?rest_route=\/wp\/v2\/product"}],"about":[{"href":"https:\/\/congtybinhminh.com\/index.php?rest_route=\/wp\/v2\/types\/product"}],"replies":[{"embeddable":true,"href":"https:\/\/congtybinhminh.com\/index.php?rest_route=%2Fwp%2Fv2%2Fcomments&post=10328"}],"wp:featuredmedia":[{"embeddable":true,"href":"https:\/\/congtybinhminh.com\/index.php?rest_route=\/wp\/v2\/media\/10330"}],"wp:attachment":[{"href":"https:\/\/congtybinhminh.com\/index.php?rest_route=%2Fwp%2Fv2%2Fmedia&parent=10328"}],"wp:term":[{"taxonomy":"product_brand","embeddable":true,"href":"https:\/\/congtybinhminh.com\/index.php?rest_route=%2Fwp%2Fv2%2Fproduct_brand&post=10328"},{"taxonomy":"product_cat","embeddable":true,"href":"https:\/\/congtybinhminh.com\/index.php?rest_route=%2Fwp%2Fv2%2Fproduct_cat&post=10328"},{"taxonomy":"product_tag","embeddable":true,"href":"https:\/\/congtybinhminh.com\/index.php?rest_route=%2Fwp%2Fv2%2Fproduct_tag&post=10328"}],"curies":[{"name":"wp","href":"https:\/\/api.w.org\/{rel}","templated":true}]}}