{"id":10256,"date":"2025-09-22T16:13:01","date_gmt":"2025-09-22T09:13:01","guid":{"rendered":"https:\/\/congtybinhminh.com\/?post_type=product&#038;p=10256"},"modified":"2026-01-29T16:33:26","modified_gmt":"2026-01-29T09:33:26","slug":"may-no-bong-1-pha-lap-2-dong-co","status":"publish","type":"product","link":"https:\/\/congtybinhminh.com\/?product=may-no-bong-1-pha-lap-2-dong-co","title":{"rendered":"M\u00e1y n\u1ed5 b\u1ecfng 1 pha l\u1eafp 2 \u0111\u1ed9ng c\u01a1"},"content":{"rendered":"<h2>Video ho\u1ea1t \u0111\u1ed9ng c\u1ee7a m\u00e1y<\/h2>\n<p><iframe loading=\"lazy\" title=\"\ud83d\udd25M\u00e1y N\u1ed5 B\u1ecfng 1 Pha 2 \u0110\u1ed9ng C\u01a1 \u2013 N\u1ed5 4 Lo\u1ea1i B\u1ecfng, 20Kg\/H \u26a1 \u0110\u1ea7u T\u01b0 Th\u1ea5p L\u1eddi Cao - T\u1eb7ng 2 B\u1ed9 Ru\u1ed9t B\u1ecfng\" width=\"1020\" height=\"574\" src=\"https:\/\/www.youtube.com\/embed\/CCl-MbvDwbU?feature=oembed\" frameborder=\"0\" allow=\"accelerometer; autoplay; clipboard-write; encrypted-media; gyroscope; picture-in-picture; web-share\" referrerpolicy=\"strict-origin-when-cross-origin\" allowfullscreen><\/iframe><\/p>\n<h2>Gi\u1edbi thi\u1ec7u m\u00e1y n\u1ed5 b\u1ecfng 1 pha l\u1eafp 2 \u0111\u1ed9ng c\u01a1<\/h2>\n<p>M\u00e1y n\u1ed5 b\u1ecfng 1 pha l\u1eafp 2 \u0111\u1ed9ng c\u01a1 &#8211; phi\u00ean b\u1ea3n m\u1edbi do c\u00f4ng ty B\u00ecnh Minh s\u1ea3n xu\u1ea5t gi\u1ea3i ph\u00e1p ho\u00e0n h\u1ea3o cho nh\u1eefng ai\u00a0 mu\u1ed1n kh\u1edfi nghi\u1ec7p kinh doanh b\u1ecfng v\u1edbi v\u1ed1n \u0111\u1ea7u t\u01b0 nh\u1ecf m\u00e0 hi\u1ec7u qu\u1ea3<\/p>\n<p><img loading=\"lazy\" decoding=\"async\" class=\"aligncenter wp-image-10263 size-full\" src=\"https:\/\/congtybinhminh.com\/wp-content\/uploads\/2024\/10\/may-no-bong-1-pha-lap-2-dong-co-binh-minh_result222.webp\" alt=\"may-no-bong-1-pha-lap-2-dong-co-binh-minh_result222\" width=\"800\" height=\"1083\" srcset=\"https:\/\/congtybinhminh.com\/wp-content\/uploads\/2024\/10\/may-no-bong-1-pha-lap-2-dong-co-binh-minh_result222.webp 800w, https:\/\/congtybinhminh.com\/wp-content\/uploads\/2024\/10\/may-no-bong-1-pha-lap-2-dong-co-binh-minh_result222-295x400.webp 295w, https:\/\/congtybinhminh.com\/wp-content\/uploads\/2024\/10\/may-no-bong-1-pha-lap-2-dong-co-binh-minh_result222-591x800.webp 591w, https:\/\/congtybinhminh.com\/wp-content\/uploads\/2024\/10\/may-no-bong-1-pha-lap-2-dong-co-binh-minh_result222-768x1040.webp 768w, https:\/\/congtybinhminh.com\/wp-content\/uploads\/2024\/10\/may-no-bong-1-pha-lap-2-dong-co-binh-minh_result222-510x690.webp 510w\" sizes=\"auto, (max-width: 800px) 100vw, 800px\" \/><\/p>\n<p>V\u1edbi hi\u1ec7u su\u1ea5t v\u01b0\u1ee3t tr\u1ed9i v\u00e0 t\u00ednh n\u0103ng linh ho\u1ea1t, m\u00e1y s\u1ebd gi\u00fap b\u1ea1n t\u1ea1o ra nh\u1eefng s\u1ea3n ph\u1ea9m ch\u1ea5t l\u01b0\u1ee3ng, \u0111\u00e1p \u1ee9ng m\u1ecdi y\u00eau c\u1ea7u c\u1ee7a kh\u00e1ch h\u00e0ng, v\u1edbi \u0111a d\u1ea1ng c\u00e1c lo\u1ea1i b\u1ecfng:<\/p>\n<p><img loading=\"lazy\" decoding=\"async\" class=\"size-medium wp-image-10915 aligncenter\" src=\"https:\/\/congtybinhminh.com\/wp-content\/uploads\/2025\/09\/may-no-bong-mini_result222-714x400.webp\" alt=\"may-no-bong-mini_result222\" width=\"714\" height=\"400\" srcset=\"https:\/\/congtybinhminh.com\/wp-content\/uploads\/2025\/09\/may-no-bong-mini_result222-714x400.webp 714w, https:\/\/congtybinhminh.com\/wp-content\/uploads\/2025\/09\/may-no-bong-mini_result222-768x430.webp 768w, https:\/\/congtybinhminh.com\/wp-content\/uploads\/2025\/09\/may-no-bong-mini_result222-510x286.webp 510w, https:\/\/congtybinhminh.com\/wp-content\/uploads\/2025\/09\/may-no-bong-mini_result222.webp 800w\" sizes=\"auto, (max-width: 714px) 100vw, 714px\" \/><\/p>\n<ul>\n<li>B\u1ecfng \u1ed1ng, b\u1ecfng g\u1eady<\/li>\n<li>B\u1ecfng k\u00e9n t\u1eb1m<\/li>\n<li>B\u1ecfng bizonzon<\/li>\n<li>B\u1ecfng h\u1ea1t \u0111u \u0111\u1ee7<\/li>\n<\/ul>\n<h2>C\u1ea5u t\u1ea1o m\u00e1y n\u1ed5 b\u1ecfng 1 pha l\u1eafp 2 \u0111\u1ed9ng c\u01a1<\/h2>\n<p>Thi\u1ebft k\u1ebf nh\u1ecf g\u1ecdn, m\u00e1y \u0111\u01b0\u1ee3c thi\u1ebft k\u1ebf t\u1ed1i \u01b0u ch\u1ecbu nhi\u1ec7t \u0111\u1ed9 cao. S\u1ea3n ph\u1ea9m kh\u00f4ng b\u1ecb ch\u1ea1y kh\u00e9t hay b\u1ecb k\u1eb9t trong qu\u00e1 tr\u00ecnh n\u1ed5 b\u1ecfng an to\u00e0n trong qu\u00e1 tr\u00ecnh s\u1eed d\u1ee5ng<\/p>\n<p><img loading=\"lazy\" decoding=\"async\" class=\"aligncenter wp-image-10264 size-full\" src=\"https:\/\/congtybinhminh.com\/wp-content\/uploads\/2024\/10\/cau-tao-may-no-bong-1-pha-lap-2-dong-co-binh-minh_result222.webp\" alt=\"cau-tao-may-no-bong-1-pha-lap-2-dong-co-binh-minh_result222\" width=\"800\" height=\"600\" srcset=\"https:\/\/congtybinhminh.com\/wp-content\/uploads\/2024\/10\/cau-tao-may-no-bong-1-pha-lap-2-dong-co-binh-minh_result222.webp 800w, https:\/\/congtybinhminh.com\/wp-content\/uploads\/2024\/10\/cau-tao-may-no-bong-1-pha-lap-2-dong-co-binh-minh_result222-533x400.webp 533w, https:\/\/congtybinhminh.com\/wp-content\/uploads\/2024\/10\/cau-tao-may-no-bong-1-pha-lap-2-dong-co-binh-minh_result222-768x576.webp 768w, https:\/\/congtybinhminh.com\/wp-content\/uploads\/2024\/10\/cau-tao-may-no-bong-1-pha-lap-2-dong-co-binh-minh_result222-510x383.webp 510w\" sizes=\"auto, (max-width: 800px) 100vw, 800px\" \/><\/p>\n<p>M\u00e1y \u0111\u01b0\u1ee3c c\u1ea5u t\u1ea1o t\u1eeb c\u00e1c b\u1ed9 ph\u1eadn nh\u01b0: ph\u1ec5u c\u1ea5p li\u1ec7u, \u0111\u1ed9ng c\u01a1, g\u1ed1i bi, tr\u1ee5c xo\u1eafn \u00e9p..<\/p>\n<p>Toa n\u1ea1p \u0111\u01b0\u1ee3c thi\u1ebft k\u1ebf d\u1ea1ng ph\u1ec5u \u0111\u1ee9ng, n\u01a1i nguy\u00ean li\u1ec7u \u0111\u01b0\u1ee3c \u0111\u01b0a v\u00e0o m\u00e1y. Ph\u1ec5u c\u00f3 van \u0111i\u1ec1u ch\u1ec9nh l\u01b0u l\u01b0\u1ee3ng gi\u00fap ki\u1ec3m so\u00e1t l\u01b0\u1ee3ng nguy\u00ean li\u1ec7u \u0111i xu\u1ed1ng tr\u1ee5c n\u1ed5<\/p>\n<p><img loading=\"lazy\" decoding=\"async\" class=\"aligncenter wp-image-10266 size-full\" src=\"https:\/\/congtybinhminh.com\/wp-content\/uploads\/2024\/10\/toa-nap-nguyen-lieu-may-no-bong-copy-2_result222.webp\" alt=\"toa-nap-nguyen-lieu-may-no-bong copy 2_result222\" width=\"800\" height=\"1039\" srcset=\"https:\/\/congtybinhminh.com\/wp-content\/uploads\/2024\/10\/toa-nap-nguyen-lieu-may-no-bong-copy-2_result222.webp 800w, https:\/\/congtybinhminh.com\/wp-content\/uploads\/2024\/10\/toa-nap-nguyen-lieu-may-no-bong-copy-2_result222-308x400.webp 308w, https:\/\/congtybinhminh.com\/wp-content\/uploads\/2024\/10\/toa-nap-nguyen-lieu-may-no-bong-copy-2_result222-616x800.webp 616w, https:\/\/congtybinhminh.com\/wp-content\/uploads\/2024\/10\/toa-nap-nguyen-lieu-may-no-bong-copy-2_result222-768x997.webp 768w, https:\/\/congtybinhminh.com\/wp-content\/uploads\/2024\/10\/toa-nap-nguyen-lieu-may-no-bong-copy-2_result222-510x662.webp 510w\" sizes=\"auto, (max-width: 800px) 100vw, 800px\" \/><\/p>\n<p>Khi m\u00e1y ho\u1ea1t \u0111\u1ed9ng, motor quay chuy\u1ec3n \u0111\u1ed9ng \u0111\u1ebfn bu\u1ed3ng l\u00e0m vi\u1ec7c<\/p>\n<p><img loading=\"lazy\" decoding=\"async\" class=\"aligncenter wp-image-10267 size-full\" src=\"https:\/\/congtybinhminh.com\/wp-content\/uploads\/2024\/10\/cach-su-lap-may-no-bong_result222.webp\" alt=\"cach-lap-may-no-bong_result222\" width=\"800\" height=\"600\" srcset=\"https:\/\/congtybinhminh.com\/wp-content\/uploads\/2024\/10\/cach-su-lap-may-no-bong_result222.webp 800w, https:\/\/congtybinhminh.com\/wp-content\/uploads\/2024\/10\/cach-su-lap-may-no-bong_result222-533x400.webp 533w, https:\/\/congtybinhminh.com\/wp-content\/uploads\/2024\/10\/cach-su-lap-may-no-bong_result222-768x576.webp 768w, https:\/\/congtybinhminh.com\/wp-content\/uploads\/2024\/10\/cach-su-lap-may-no-bong_result222-510x383.webp 510w\" sizes=\"auto, (max-width: 800px) 100vw, 800px\" \/><\/p>\n<p>L\u00fac n\u00e0y, h\u1ec7 th\u1ed1ng ru\u1ed9t m\u00e1y n\u1ed5 b\u1ecfng bao g\u1ed3m: l\u00f5i xo\u1eafn v\u00e0 ru\u1ed9t th\u1ef1c hi\u1ec7n nghi\u1ec1n nh\u1ecf v\u00e0 \u00e9p h\u1ed7n h\u1ee3p nguy\u00ean li\u1ec7u v\u00e0o khu\u00f4n. \u0110\u1ed3ng th\u1eddi, th\u1ed5i ph\u1ed5ng qua b\u00e9p b\u1ecfng v\u00e0 \u0111\u01b0a th\u00e0nh ph\u1ea9m ra ngo\u00e0i<\/p>\n<p><img loading=\"lazy\" decoding=\"async\" class=\"aligncenter wp-image-10268 size-full\" src=\"https:\/\/congtybinhminh.com\/wp-content\/uploads\/2024\/10\/ruot-bong-may-no-bong-copy-2_result222.webp\" alt=\"ruot-bong-may-no-bong copy 2_result222\" width=\"800\" height=\"1274\" srcset=\"https:\/\/congtybinhminh.com\/wp-content\/uploads\/2024\/10\/ruot-bong-may-no-bong-copy-2_result222.webp 800w, https:\/\/congtybinhminh.com\/wp-content\/uploads\/2024\/10\/ruot-bong-may-no-bong-copy-2_result222-251x400.webp 251w, https:\/\/congtybinhminh.com\/wp-content\/uploads\/2024\/10\/ruot-bong-may-no-bong-copy-2_result222-502x800.webp 502w, https:\/\/congtybinhminh.com\/wp-content\/uploads\/2024\/10\/ruot-bong-may-no-bong-copy-2_result222-768x1223.webp 768w, https:\/\/congtybinhminh.com\/wp-content\/uploads\/2024\/10\/ruot-bong-may-no-bong-copy-2_result222-510x812.webp 510w\" sizes=\"auto, (max-width: 800px) 100vw, 800px\" \/><\/p>\n<p>Qu\u00e1 tr\u00ecnh m\u00e1y ho\u1ea1t \u0111\u1ed9ng sinh nhi\u1ec7t, b\u1ecfng n\u1ed5 ra ch\u00edn \u0111\u1ec1u &#8211; th\u01a1m gi\u00f2n x\u1ed1p \u0111\u1ea3m b\u1ea3o v\u1ec7 sinh an to\u00e0n th\u1ef1c ph\u1ea9m<\/p>\n<p>&nbsp;<\/p>\n<p>M\u00e1y \u0111\u01b0\u1ee3c l\u1eafp \u0111\u1eb7t th\u00eam thi\u1ebft b\u1ecb aptomat b\u1ea3o v\u1ec7 m\u1ea1ch \u0111i\u1ec7n, ng\u0103n c\u00e1c tr\u01b0\u1eddng h\u1ee3p qu\u00e1 t\u1ea3i, s\u1ee5p \u00e1p v\u00e0 ch\u1ed1ng gi\u1eadt &#8211; ch\u1ed1ng r\u00f2 \u0111\u1ea3m b\u1ea3o an to\u00e0n cho ng\u01b0\u1eddi d\u00f9ng:<\/p>\n<p><img loading=\"lazy\" decoding=\"async\" class=\"aligncenter wp-image-10265 size-full\" src=\"https:\/\/congtybinhminh.com\/wp-content\/uploads\/2024\/10\/may-no-bong-co-aptomat_result222.webp\" alt=\"may-no-bong-co-aptomat_result222\" width=\"800\" height=\"488\" srcset=\"https:\/\/congtybinhminh.com\/wp-content\/uploads\/2024\/10\/may-no-bong-co-aptomat_result222.webp 800w, https:\/\/congtybinhminh.com\/wp-content\/uploads\/2024\/10\/may-no-bong-co-aptomat_result222-656x400.webp 656w, https:\/\/congtybinhminh.com\/wp-content\/uploads\/2024\/10\/may-no-bong-co-aptomat_result222-768x468.webp 768w, https:\/\/congtybinhminh.com\/wp-content\/uploads\/2024\/10\/may-no-bong-co-aptomat_result222-510x311.webp 510w\" sizes=\"auto, (max-width: 800px) 100vw, 800px\" \/><\/p>\n<ul>\n<li>M\u1edf aptomat: khi mu\u1ed1n ch\u1ea1y m\u00e1y<\/li>\n<li>Ng\u1eaft aptomat: khi mu\u1ed1n d\u1eebng m\u00e1y<\/li>\n<\/ul>\n<p>M\u00e1y n\u1ed5 b\u1ecfng 1 pha s\u1eed d\u1ee5ng 2 \u0111\u1ed9ng c\u01a1 3kw ph\u00e2n chia t\u1ea3i l\u1ef1c, gi\u00fap m\u00e1y ch\u1ea1y kh\u1ecfe v\u00e0 \u1ed5n \u0111\u1ecbnh h\u01a1n cho n\u0103ng su\u1ea5t cao<\/p>\n<p>H\u01a1n n\u1eefa, bao b\u1ecdc b\u00ean ngo\u00e0i buly v\u00e0 d\u00e2y curoa c\u00f3 l\u1edbp ch\u1eafn b\u1ea3o v\u1ec7 \u0111\u1ea3m b\u1ea3o an to\u00e0n cho ng\u01b0\u1eddi d\u00f9ng trong su\u1ed1t qu\u00e1 tr\u00ecnh m\u00e1y ho\u1ea1t \u0111\u1ed9ng<\/p>\n<p><img loading=\"lazy\" decoding=\"async\" class=\"aligncenter wp-image-10269 size-full\" src=\"https:\/\/congtybinhminh.com\/wp-content\/uploads\/2024\/10\/buly-may-no-bong_result222.webp\" alt=\"buly-may-no-bong_result222\" width=\"800\" height=\"710\" srcset=\"https:\/\/congtybinhminh.com\/wp-content\/uploads\/2024\/10\/buly-may-no-bong_result222.webp 800w, https:\/\/congtybinhminh.com\/wp-content\/uploads\/2024\/10\/buly-may-no-bong_result222-451x400.webp 451w, https:\/\/congtybinhminh.com\/wp-content\/uploads\/2024\/10\/buly-may-no-bong_result222-768x682.webp 768w, https:\/\/congtybinhminh.com\/wp-content\/uploads\/2024\/10\/buly-may-no-bong_result222-510x453.webp 510w\" sizes=\"auto, (max-width: 800px) 100vw, 800px\" \/><\/p>\n<p>Ngo\u00e0i ra, \u0111\u1ed1i v\u1edbi nh\u1eefng h\u1ed9 \u0111i\u1ec7n y\u1ebfu, \u0111i\u1ec7n kh\u00f4ng \u0111\u1ee7 t\u1ea3i c\u00f3 th\u1ec3 d\u00f9ng \u0111\u1ea7u cole \u0111\u1ec3 ch\u1ea1y m\u00e1y m\u00e0 v\u1eabn \u0111\u1ea3m b\u1ea3o n\u0103ng su\u1ea5t<\/p>\n<p><img loading=\"lazy\" decoding=\"async\" class=\"aligncenter wp-image-10270 size-full\" src=\"https:\/\/congtybinhminh.com\/wp-content\/uploads\/2024\/10\/may-no-bong-lap-dau-no-copy_result222.webp\" alt=\"may-no-bong-lap-dau-no copy_result222\" width=\"800\" height=\"1065\" srcset=\"https:\/\/congtybinhminh.com\/wp-content\/uploads\/2024\/10\/may-no-bong-lap-dau-no-copy_result222.webp 800w, https:\/\/congtybinhminh.com\/wp-content\/uploads\/2024\/10\/may-no-bong-lap-dau-no-copy_result222-300x400.webp 300w, https:\/\/congtybinhminh.com\/wp-content\/uploads\/2024\/10\/may-no-bong-lap-dau-no-copy_result222-601x800.webp 601w, https:\/\/congtybinhminh.com\/wp-content\/uploads\/2024\/10\/may-no-bong-lap-dau-no-copy_result222-768x1022.webp 768w, https:\/\/congtybinhminh.com\/wp-content\/uploads\/2024\/10\/may-no-bong-lap-dau-no-copy_result222-510x679.webp 510w\" sizes=\"auto, (max-width: 800px) 100vw, 800px\" \/><\/p>\n<p>L\u1ef1a ch\u1ecdn m\u00e1y n\u1ed5 b\u1ecfng 1 pha c\u1ee7a B\u00ecnh Minh \u0111\u1ec3 \u0111\u1ea3m b\u1ea3o ho\u1ea1t \u0111\u1ed9ng kinh doanh th\u00e0nh c\u00f4ng v\u00e0 hi\u1ec7u qu\u1ea3 cao nh\u1ea5t<\/p>\n<h2>\u0110\u1ecba ch\u1ec9 b\u00e1n m\u00e1y n\u1ed5 b\u1ecfng 1 pha gi\u00e1 t\u1ed1t t\u1ea1i x\u01b0\u1edfng<\/h2>\n<p>\u0110\u1ec3 \u0111\u1eb7t mua h\u00e0ng ch\u00ednh h\u00e3ng, b\u00e0 con c\u00f3 th\u1ec3 \u0111\u1ebfn tr\u1ee5 s\u1edf g\u1ea7n nh\u1ea5t c\u1ee7a c\u00f4ng ty \u0111\u1ec3 xem v\u00e0 \u0111\u1eb7t mua h\u00e0ng:<\/p>\n<ul>\n<li>Tr\u1ee5 s\u1edf ch\u00ednh: p. L\u00ea L\u1ee3i &#8211; Tx S\u01a1n T\u00e2y &#8211; H\u00e0 N\u1ed9i<\/li>\n<li>Chi nh\u00e1nh mi\u1ec1n Nam: x\u00e3 T\u00e2n Ki\u00ean &#8211; H. B\u00ecnh Ch\u00e1nh &#8211; Tp H\u1ed3 Ch\u00ed Minh<\/li>\n<\/ul>\n<p><img loading=\"lazy\" decoding=\"async\" class=\"aligncenter wp-image-9910 size-full\" src=\"https:\/\/congtybinhminh.com\/wp-content\/uploads\/2024\/08\/dgia-ban-may-no-bong_result222.webp\" alt=\"dia-chi-ban-may-no-bong_result222\" width=\"800\" height=\"1085\" srcset=\"https:\/\/congtybinhminh.com\/wp-content\/uploads\/2024\/08\/dgia-ban-may-no-bong_result222.webp 800w, https:\/\/congtybinhminh.com\/wp-content\/uploads\/2024\/08\/dgia-ban-may-no-bong_result222-295x400.webp 295w, https:\/\/congtybinhminh.com\/wp-content\/uploads\/2024\/08\/dgia-ban-may-no-bong_result222-590x800.webp 590w, https:\/\/congtybinhminh.com\/wp-content\/uploads\/2024\/08\/dgia-ban-may-no-bong_result222-768x1042.webp 768w, https:\/\/congtybinhminh.com\/wp-content\/uploads\/2024\/08\/dgia-ban-may-no-bong_result222-510x692.webp 510w\" sizes=\"auto, (max-width: 800px) 100vw, 800px\" \/><\/p>\n<p>Khi \u0111\u1ebfn \u0111\u00e2y, b\u00e0 con s\u1ebd \u0111\u01b0\u1ee3c th\u1eed nghi\u1ec7m v\u1eadn h\u00e0nh m\u00e1y d\u01b0\u1edbi s\u1ef1 h\u01b0\u1edbng d\u1eabn c\u1ee7a \u0111\u1ed9i ng\u0169 k\u1ef9 thu\u1eadt<\/p>\n<p>\u0110\u1ed1i v\u1edbi b\u00e0 con \u1edf xa, c\u00f3 th\u1ec3 li\u00ean h\u1ec7 t\u1edbi s\u1ed1 \u0111i\u1ec7n tho\u1ea1i Hotline tr\u00ean website ho\u1eb7c \u0111\u1ec3 l\u1ea1i l\u1eddi nh\u1eafn \u0111\u1ed9i ng\u0169 t\u01b0 v\u1ea5n s\u1ebd li\u00ean h\u1ec7 b\u00e0 con trong th\u1eddi gian s\u1edbm nh\u1ea5t<\/p>\n<p><strong>Th\u00f4ng s\u1ed1 k\u1ef9 thu\u1eadt\u00a0<\/strong><\/p>\n<table border=\"1\" cellspacing=\"1\" cellpadding=\"1\">\n<tbody>\n<tr>\n<td colspan=\"1\" rowspan=\"3\">\u0110\u1ed9ng c\u01a1<\/td>\n<td>C\u00f4ng su\u1ea5t \u0111\u1ed9ng c\u01a1<\/td>\n<td>\u00a02 \u0111\u1ed9ng c\u01a1 3kw<\/td>\n<\/tr>\n<tr>\n<td>Ngu\u1ed3n \u0111i\u1ec7n<\/td>\n<td>220V<\/td>\n<\/tr>\n<tr>\n<td>T\u1ed1c \u0111\u1ed9 quay<\/td>\n<td>1450 v\/p<\/td>\n<\/tr>\n<tr>\n<td colspan=\"1\" rowspan=\"2\">B\u1ea3o h\u00e0nh<\/td>\n<td>K\u1ef9 thu\u1eadt<\/td>\n<td>06 th\u00e1ng<\/td>\n<\/tr>\n<tr>\n<td>\u0110\u1ed9ng c\u01a1<\/td>\n<td>Theo t\u1eebng h\u00e3ng s\u1ea3n xu\u1ea5t<\/td>\n<\/tr>\n<tr>\n<td>N\u0103ng su\u1ea5t<\/td>\n<td colspan=\"2\" rowspan=\"1\">\u00a010 \u2013 15 kg\/gi\u1edd<\/td>\n<\/tr>\n<tr>\n<td>K\u00edch th\u01b0\u1edbc (D*C*R)<\/td>\n<td colspan=\"2\" rowspan=\"1\">75*60*42 cm<\/td>\n<\/tr>\n<tr>\n<td>H\u00ecnh th\u1ee9c thanh to\u00e1n<\/td>\n<td colspan=\"2\" rowspan=\"1\">Ti\u1ec1n m\u1eb7t ho\u1eb7c chuy\u1ec3n kho\u1ea3n<\/td>\n<\/tr>\n<\/tbody>\n<\/table>\n","protected":false},"excerpt":{"rendered":"<ul>\n<li><strong>H\u00e3ng s\u1ea3n xu\u1ea5t:<\/strong> B\u00ecnh Minh<\/li>\n<li><strong>C\u00f4ng su\u1ea5t \u0111\u1ed9ng c\u01a1:<\/strong>\u00a02 \u0111\u1ed9ng c\u01a1 3kw<\/li>\n<li><strong>Ngu\u1ed3n \u0111i\u1ec7n:<\/strong>\u00a0220V<\/li>\n<li><strong>T\u1ed1c \u0111\u1ed9:<\/strong>\u00a01450 v\u00f2ng\/ph\u00fat<\/li>\n<li><strong>K\u00edch th\u01b0\u1edbc:<\/strong>\u00a075*60*42 cm<\/li>\n<li><strong>T\u00ednh n\u0103ng:<\/strong>\u00a0m\u00e1y chuy\u00ean n\u1ed5 b\u1ecfng \u1ed1ng, b\u1ecfng k\u00e9n t\u1eb1m; b\u1ecfng bizonzon v\u1edbi \u0111a d\u1ea1ng nguyen li\u1ec7u: g\u1ea1o, d\u01b0\u1eddng, b\u00e1nh quy..<\/li>\n<\/ul>\n","protected":false},"featured_media":11205,"comment_status":"closed","ping_status":"closed","template":"","meta":[],"product_brand":[],"product_cat":[205],"product_tag":[],"class_list":{"0":"post-10256","1":"product","2":"type-product","3":"status-publish","4":"has-post-thumbnail","6":"product_cat-may-no-bong","8":"first","9":"instock","10":"shipping-taxable","11":"product-type-simple"},"_links":{"self":[{"href":"https:\/\/congtybinhminh.com\/index.php?rest_route=\/wp\/v2\/product\/10256","targetHints":{"allow":["GET"]}}],"collection":[{"href":"https:\/\/congtybinhminh.com\/index.php?rest_route=\/wp\/v2\/product"}],"about":[{"href":"https:\/\/congtybinhminh.com\/index.php?rest_route=\/wp\/v2\/types\/product"}],"replies":[{"embeddable":true,"href":"https:\/\/congtybinhminh.com\/index.php?rest_route=%2Fwp%2Fv2%2Fcomments&post=10256"}],"wp:featuredmedia":[{"embeddable":true,"href":"https:\/\/congtybinhminh.com\/index.php?rest_route=\/wp\/v2\/media\/11205"}],"wp:attachment":[{"href":"https:\/\/congtybinhminh.com\/index.php?rest_route=%2Fwp%2Fv2%2Fmedia&parent=10256"}],"wp:term":[{"taxonomy":"product_brand","embeddable":true,"href":"https:\/\/congtybinhminh.com\/index.php?rest_route=%2Fwp%2Fv2%2Fproduct_brand&post=10256"},{"taxonomy":"product_cat","embeddable":true,"href":"https:\/\/congtybinhminh.com\/index.php?rest_route=%2Fwp%2Fv2%2Fproduct_cat&post=10256"},{"taxonomy":"product_tag","embeddable":true,"href":"https:\/\/congtybinhminh.com\/index.php?rest_route=%2Fwp%2Fv2%2Fproduct_tag&post=10256"}],"curies":[{"name":"wp","href":"https:\/\/api.w.org\/{rel}","templated":true}]}}