{"id":10236,"date":"2024-10-23T08:56:37","date_gmt":"2024-10-23T01:56:37","guid":{"rendered":"https:\/\/congtybinhminh.com\/?post_type=product&#038;p=10236"},"modified":"2025-03-26T08:06:13","modified_gmt":"2025-03-26T01:06:13","slug":"may-bam-chuoi-da-nang-inox-co-banh-xe","status":"publish","type":"product","link":"https:\/\/congtybinhminh.com\/?product=may-bam-chuoi-da-nang-inox-co-banh-xe","title":{"rendered":"M\u00e1y b\u0103m chu\u1ed1i \u0111a n\u0103ng inox c\u00f3 b\u00e1nh xe"},"content":{"rendered":"<h2>Video ho\u1ea1t \u0111\u1ed9ng c\u1ee7a m\u00e1y<\/h2>\n<p><iframe loading=\"lazy\" title=\"M\u00e1y B\u0103m Chu\u1ed1i \u0110a N\u0103ng Inox Gi\u00e1 R\u1ebb B\u0103m C\u1ea3 T\u1ea5n Th\u00e2n Chu\u1ed1i M\u1ed7i Gi\u1edd C\u00f3 G\u00ec \u0110\u1eb7c Bi\u1ec7t?\" width=\"1020\" height=\"574\" src=\"https:\/\/www.youtube.com\/embed\/QV7Tf9outvA?feature=oembed\" frameborder=\"0\" allow=\"accelerometer; autoplay; clipboard-write; encrypted-media; gyroscope; picture-in-picture; web-share\" referrerpolicy=\"strict-origin-when-cross-origin\" allowfullscreen><\/iframe><\/p>\n<h2>Gi\u1edbi thi\u1ec7u m\u00e1y b\u0103m chu\u1ed1i \u0111a n\u0103ng inox c\u00f3 b\u00e1nh xe<\/h2>\n<p>M\u00e1y b\u0103m chu\u1ed1i \u0111a n\u0103ng inox do c\u00f4ng ty B\u00ecnh Minh s\u1ea3n xu\u1ea5t &#8211; tr\u1ee3 th\u1ee7 \u0111\u1eafc l\u00fac cho c\u00e1c h\u1ed9 gia \u0111\u00ecnh v\u00e0 trang tr\u1ea1i ch\u0103n nu\u00f4i<\/p>\n<p><img loading=\"lazy\" decoding=\"async\" class=\"aligncenter wp-image-10253 size-full\" src=\"https:\/\/congtybinhminh.com\/wp-content\/uploads\/2024\/10\/may-bam-chuoi-da-nang-inox-co-banh-xe-cong-ty-binh-minh_result222.webp\" alt=\"may-bam-chuoi-da-nang-inox-co-banh-xe-cong-ty-binh-minh_result222\" width=\"800\" height=\"1078\" srcset=\"https:\/\/congtybinhminh.com\/wp-content\/uploads\/2024\/10\/may-bam-chuoi-da-nang-inox-co-banh-xe-cong-ty-binh-minh_result222.webp 800w, https:\/\/congtybinhminh.com\/wp-content\/uploads\/2024\/10\/may-bam-chuoi-da-nang-inox-co-banh-xe-cong-ty-binh-minh_result222-297x400.webp 297w, https:\/\/congtybinhminh.com\/wp-content\/uploads\/2024\/10\/may-bam-chuoi-da-nang-inox-co-banh-xe-cong-ty-binh-minh_result222-594x800.webp 594w, https:\/\/congtybinhminh.com\/wp-content\/uploads\/2024\/10\/may-bam-chuoi-da-nang-inox-co-banh-xe-cong-ty-binh-minh_result222-768x1035.webp 768w, https:\/\/congtybinhminh.com\/wp-content\/uploads\/2024\/10\/may-bam-chuoi-da-nang-inox-co-banh-xe-cong-ty-binh-minh_result222-510x687.webp 510w\" sizes=\"auto, (max-width: 800px) 100vw, 800px\" \/><\/p>\n<p>Thi\u1ebft b\u1ecb c\u00f3 kh\u1ea3 n\u0103ng b\u0103m nh\u1ecf c\u00e2y chu\u1ed1i, c\u1ecf voi v\u00e0 c\u00e1c lo\u1ea1i rau xanh g\u00f3p ph\u1ea7n r\u00fat ng\u1eafn th\u1eddi gian chu\u1ea9n b\u1ecb th\u1ee9c \u0103n cho gia s\u00fac &#8211; gia c\u1ea7m n\u00e2ng cao hi\u1ec7u qu\u1ea3 ch\u0103n nu\u00f4i, l\u00e0 s\u1ef1 \u0111\u1ea7u t\u01b0 th\u00f4ng minh cho m\u1ecdi n\u00f4ng d\u00e2n<\/p>\n<h2>L\u1ee3i \u00edch khi d\u00f9ng m\u00e1y b\u0103m chu\u1ed1i \u0111a n\u0103ng inox c\u00f3 b\u00e1nh xe<\/h2>\n<p>&#8221; M\u00e1y m\u00f3c thay th\u1ebf s\u1ee9c ng\u01b0\u1eddi&#8221; vi\u1ec7c \u1ee9ng d\u1ee5ng m\u00e1y m\u00f3c v\u00e0o ch\u0103n nu\u00f4i mang l\u1ea1i nhi\u1ec1u l\u1ee3i \u00edch cho b\u00e0 con:<\/p>\n<p><img loading=\"lazy\" decoding=\"async\" class=\"aligncenter wp-image-10254 size-full\" src=\"https:\/\/congtybinhminh.com\/wp-content\/uploads\/2024\/10\/may-bam-cay-chuoi-copy_result222.webp\" alt=\"may-bam-cay-chuoi copy_result222\" width=\"800\" height=\"580\" srcset=\"https:\/\/congtybinhminh.com\/wp-content\/uploads\/2024\/10\/may-bam-cay-chuoi-copy_result222.webp 800w, https:\/\/congtybinhminh.com\/wp-content\/uploads\/2024\/10\/may-bam-cay-chuoi-copy_result222-552x400.webp 552w, https:\/\/congtybinhminh.com\/wp-content\/uploads\/2024\/10\/may-bam-cay-chuoi-copy_result222-768x557.webp 768w, https:\/\/congtybinhminh.com\/wp-content\/uploads\/2024\/10\/may-bam-cay-chuoi-copy_result222-510x370.webp 510w\" sizes=\"auto, (max-width: 800px) 100vw, 800px\" \/><\/p>\n<ul>\n<li>Qu\u00e1 tr\u00ecnh b\u0103m t\u1ef1 \u0111\u1ed9ng ch\u1ec9 c\u1ea7n 1 &#8211; 2 ng\u01b0\u1eddi v\u1eadn h\u00e0nh m\u00e1y<\/li>\n<li>T\u1ed1c \u0111\u1ed9 b\u0103m nhanh h\u01a1n &#8211; R\u00fat ng\u1eafn th\u1eddi gian b\u0103m &#8211; gi\u1ea3m s\u1ee9c lao \u0111\u1ed9ng<\/li>\n<li>Ki\u1ec3m so\u00e1t d\u1ef1 ph\u00f2ng ngu\u1ed3n th\u1ee9c \u0103n<\/li>\n<li>Th\u00e0nh ph\u1ea9m b\u0103m \u0111\u1ec1u &#8211; v\u1eadt nu\u00f4i th\u00edch \u0103n &#8211; \u0103n \u0111\u01b0\u1ee3c nhi\u1ec1u h\u01a1n<\/li>\n<\/ul>\n<h2>C\u1ea5u t\u1ea1o m\u00e1y b\u0103m chu\u1ed1i inox c\u00f3 b\u00e1nh xe<\/h2>\n<h3>Khung m\u00e1y ch\u1eafc ch\u1eafn<\/h3>\n<p>M\u00e1y \u0111\u01b0\u1ee3c l\u00e0m b\u1eb1ng ch\u1ea5t li\u1ec7u inox cao c\u1ea5p kh\u00f4ng g\u00e2y han g\u1ec9, v\u1edbi ph\u1ea7n khung m\u00e1y \u0111\u01b0\u1ee3c h\u00e0n g\u1eafn ch\u1eafc ch\u1eafn kh\u00f4ng g\u00e2y rung l\u1eafc trong qu\u00e1 tr\u00ecnh b\u0103m<\/p>\n<p><img loading=\"lazy\" decoding=\"async\" class=\"aligncenter wp-image-10244 size-full\" src=\"https:\/\/congtybinhminh.com\/wp-content\/uploads\/2024\/10\/cau-tao-may-bam-chuoi-da-nang-inox-co-banh-xe_result222.webp\" alt=\"cau-tao-may-bam-chuoi-da-nang-inox-co-banh-xe_result222\" width=\"800\" height=\"620\" srcset=\"https:\/\/congtybinhminh.com\/wp-content\/uploads\/2024\/10\/cau-tao-may-bam-chuoi-da-nang-inox-co-banh-xe_result222.webp 800w, https:\/\/congtybinhminh.com\/wp-content\/uploads\/2024\/10\/cau-tao-may-bam-chuoi-da-nang-inox-co-banh-xe_result222-516x400.webp 516w, https:\/\/congtybinhminh.com\/wp-content\/uploads\/2024\/10\/cau-tao-may-bam-chuoi-da-nang-inox-co-banh-xe_result222-768x595.webp 768w, https:\/\/congtybinhminh.com\/wp-content\/uploads\/2024\/10\/cau-tao-may-bam-chuoi-da-nang-inox-co-banh-xe_result222-510x395.webp 510w\" sizes=\"auto, (max-width: 800px) 100vw, 800px\" \/><\/p>\n<p>Ph\u00eda d\u01b0\u1edbi ch\u00e2n m\u00e1y l\u1eafp \u0111\u1eb7t 2 b\u00e1nh xe v\u00e0 2 ch\u00e2n tr\u1ee5 gi\u1eef ch\u1eafc m\u00e1y k\u1ebft h\u1ee3p tay \u0111\u1ea9y thu\u1eadn ti\u1ec7n di chuy\u1ec3n v\u1ecb tr\u00ed \u0111\u1eb7t m\u00e1y, t\u1ea1o s\u1ef1 ti\u1ec7n l\u1ee3i cho ng\u01b0\u1eddi d\u00f9ng<\/p>\n<h3>Toa n\u1ea1p nguy\u00ean li\u1ec7u<\/h3>\n<p>Toa n\u1ea1p thi\u1ebft k\u1ebf d\u1ea1ng \u0111\u1ee9ng, mi\u1ec7ng ph\u1ec5u tr\u00f2n r\u1ed9ng c\u00f3 th\u1ec3 ch\u1ee9a nhi\u1ec1u nguy\u00ean li\u1ec7u<\/p>\n<p><img loading=\"lazy\" decoding=\"async\" class=\"aligncenter wp-image-10245 size-full\" src=\"https:\/\/congtybinhminh.com\/wp-content\/uploads\/2024\/10\/toa-nap-nguyen-lieu_result222.webp\" alt=\"toa-nap-nguyen-lieu_result222\" width=\"800\" height=\"502\" srcset=\"https:\/\/congtybinhminh.com\/wp-content\/uploads\/2024\/10\/toa-nap-nguyen-lieu_result222.webp 800w, https:\/\/congtybinhminh.com\/wp-content\/uploads\/2024\/10\/toa-nap-nguyen-lieu_result222-637x400.webp 637w, https:\/\/congtybinhminh.com\/wp-content\/uploads\/2024\/10\/toa-nap-nguyen-lieu_result222-768x482.webp 768w, https:\/\/congtybinhminh.com\/wp-content\/uploads\/2024\/10\/toa-nap-nguyen-lieu_result222-510x320.webp 510w\" sizes=\"auto, (max-width: 800px) 100vw, 800px\" \/><\/p>\n<p>Nh\u1edd \u0111\u00f3, m\u00e1y c\u00f3 th\u1ec3 b\u0103m nh\u1ecf th\u00e2n c\u00e2y chu\u1ed1i c\u00f3 \u0111\u01b0\u1eddng k\u00ednh 16 cm tr\u1edf l\u1ea1i m\u00e0 kh\u00f4ng ph\u1ea3i ch\u1eb7t nh\u1ecf tr\u01b0\u1edbc<\/p>\n<p>\u0110\u1ed1i v\u1edbi nh\u1eefng th\u00e2n c\u00e2y chu\u1ed1i l\u1edbn h\u01a1n c\u00f3 th\u1ec3 t\u00e1ch b\u1edbt b\u1eb9 r\u1ed3i l\u1ef1a mi\u1ec7ng toa l\u00e0 \u0111\u01b0\u1ee3c<\/p>\n<h3>Bu\u1ed3ng dao b\u0103m<\/h3>\n<p>H\u1ec7 th\u1ed1ng bu\u1ed3ng dao b\u0103m c\u1ee7a m\u00e1y \u0111\u01b0\u1ee3c b\u1ed1 tr\u00ed g\u1ed3m 1 dao th\u00e9p to 2 l\u01b0\u1ee1i v\u00e0 14 dao inox nh\u1ecf \u0111\u01b0\u1ee3c x\u1ebfp 2 t\u1ea7ng dao b\u0103m linh ho\u1ea1t b\u0103m nh\u1ecf nguy\u00ean li\u1ec7u<\/p>\n<p><img loading=\"lazy\" decoding=\"async\" class=\"aligncenter wp-image-10248 size-full\" src=\"https:\/\/congtybinhminh.com\/wp-content\/uploads\/2024\/10\/dao-bam-chuoi_result222.webp\" alt=\"dao-bam-chuoi_result222\" width=\"800\" height=\"1146\" srcset=\"https:\/\/congtybinhminh.com\/wp-content\/uploads\/2024\/10\/dao-bam-chuoi_result222.webp 800w, https:\/\/congtybinhminh.com\/wp-content\/uploads\/2024\/10\/dao-bam-chuoi_result222-279x400.webp 279w, https:\/\/congtybinhminh.com\/wp-content\/uploads\/2024\/10\/dao-bam-chuoi_result222-558x800.webp 558w, https:\/\/congtybinhminh.com\/wp-content\/uploads\/2024\/10\/dao-bam-chuoi_result222-768x1100.webp 768w, https:\/\/congtybinhminh.com\/wp-content\/uploads\/2024\/10\/dao-bam-chuoi_result222-510x731.webp 510w\" sizes=\"auto, (max-width: 800px) 100vw, 800px\" \/><\/p>\n<p>H\u01a1n n\u1eefa, b\u1ea1n c\u00f3 th\u1ec3 t\u1ef1 \u0111i\u1ec1u ch\u1ec9nh k\u00edch th\u01b0\u1edbc th\u00e0nh ph\u1ea9m to hay nh\u1ecf b\u1eb1ng c\u00e1ch:<\/p>\n<p><img loading=\"lazy\" decoding=\"async\" class=\"aligncenter wp-image-10249 size-full\" src=\"https:\/\/congtybinhminh.com\/wp-content\/uploads\/2024\/10\/may-bam-cay-chuoi-inox_result222.webp\" alt=\"may-bam-cay-chuoi-inox_result222\" width=\"800\" height=\"600\" srcset=\"https:\/\/congtybinhminh.com\/wp-content\/uploads\/2024\/10\/may-bam-cay-chuoi-inox_result222.webp 800w, https:\/\/congtybinhminh.com\/wp-content\/uploads\/2024\/10\/may-bam-cay-chuoi-inox_result222-533x400.webp 533w, https:\/\/congtybinhminh.com\/wp-content\/uploads\/2024\/10\/may-bam-cay-chuoi-inox_result222-768x576.webp 768w, https:\/\/congtybinhminh.com\/wp-content\/uploads\/2024\/10\/may-bam-cay-chuoi-inox_result222-510x383.webp 510w\" sizes=\"auto, (max-width: 800px) 100vw, 800px\" \/><\/p>\n<ul>\n<li>Mu\u1ed1n b\u0103m nh\u1ecf; g\u1eadp n\u1eafp bu\u1ed3ng b\u0103m, b\u1ea1n gi\u1eef cho c\u00e2y chu\u1ed1i b\u0103m t\u1eeb t\u1eeb trong bu\u1ed3ng b\u0103m<\/li>\n<li>Mu\u1ed1n b\u0103m\u00a0 to; n\u00e2ng n\u1eafp bu\u1ed3ng b\u0103m, b\u1ea1n cho c\u00e2y chu\u1ed1i b\u0103m nhanh l\u00e0 \u0111\u01b0\u1ee3c<\/li>\n<\/ul>\n<h3>C\u1eeda x\u1ea3 th\u00e0nh ph\u1ea9m<\/h3>\n<p>Th\u00e0nh ph\u1ea9m sau khi b\u0103m \u0111\u01b0\u1ee3c thanh g\u1ea1t \u0111\u01b0a ra ngo\u00e0i c\u1eeda x\u1ea3. Ph\u00eda tr\u01b0\u1edbc c\u1eeda x\u1ea3 c\u00f3 n\u1eafp ch\u1eafn thu\u1eadn ti\u1ec7n cho b\u00e0 con \u0111i\u1ec1u ch\u1ec9nh h\u01b0\u1edbng phun:<\/p>\n<p><img loading=\"lazy\" decoding=\"async\" class=\"aligncenter wp-image-10246 size-full\" src=\"https:\/\/congtybinhminh.com\/wp-content\/uploads\/2024\/10\/cua-xa-thanh-pham_result222.webp\" alt=\"cua-xa-thanh-pham_result222\" width=\"800\" height=\"600\" srcset=\"https:\/\/congtybinhminh.com\/wp-content\/uploads\/2024\/10\/cua-xa-thanh-pham_result222.webp 800w, https:\/\/congtybinhminh.com\/wp-content\/uploads\/2024\/10\/cua-xa-thanh-pham_result222-533x400.webp 533w, https:\/\/congtybinhminh.com\/wp-content\/uploads\/2024\/10\/cua-xa-thanh-pham_result222-768x576.webp 768w, https:\/\/congtybinhminh.com\/wp-content\/uploads\/2024\/10\/cua-xa-thanh-pham_result222-510x383.webp 510w\" sizes=\"auto, (max-width: 800px) 100vw, 800px\" \/><\/p>\n<ul>\n<li>N\u00e2ng n\u1eafp ch\u1eafn: n\u1ebfu mu\u1ed1n c\u1ecf phun xa<\/li>\n<li>H\u1ea1 n\u1eafp ch\u1eafn: n\u1ebfu mu\u1ed1n c\u1ecf phun g\u1ea7n<\/li>\n<\/ul>\n<h3>Cho n\u0103ng su\u1ea5t cao<\/h3>\n<p>M\u00e1y b\u0103m chu\u1ed1i 1 pha s\u1eed d\u1ee5ng \u0111\u1ed9ng c\u01a1 3kw motor l\u00f5i d\u00e2y \u0111\u1ed3ng 100% cho n\u0103ng su\u1ea5t cao<\/p>\n<p><img loading=\"lazy\" decoding=\"async\" class=\"aligncenter wp-image-10247 size-full\" src=\"https:\/\/congtybinhminh.com\/wp-content\/uploads\/2024\/10\/bam-chuoi-cho-lon_result222.webp\" alt=\"bam-chuoi-cho-lon_result222\" width=\"800\" height=\"600\" srcset=\"https:\/\/congtybinhminh.com\/wp-content\/uploads\/2024\/10\/bam-chuoi-cho-lon_result222.webp 800w, https:\/\/congtybinhminh.com\/wp-content\/uploads\/2024\/10\/bam-chuoi-cho-lon_result222-533x400.webp 533w, https:\/\/congtybinhminh.com\/wp-content\/uploads\/2024\/10\/bam-chuoi-cho-lon_result222-768x576.webp 768w, https:\/\/congtybinhminh.com\/wp-content\/uploads\/2024\/10\/bam-chuoi-cho-lon_result222-510x383.webp 510w\" sizes=\"auto, (max-width: 800px) 100vw, 800px\" \/><\/p>\n<p>Ch\u1ec9 trong 1 ph\u00fat m\u00e1y c\u00f3 th\u1ec3 b\u0103m 2 &#8211; 3 c\u00e2y chu\u1ed1i t\u00ednh ra qu\u00e1 tr\u00ecnh b\u0103m t\u1ef1 \u0111\u1ed9ng ch\u1ec9 m\u1ea5t kho\u1ea3ng 20 &#8211; 30 gi\u00e2y<\/p>\n<h2>\u0110\u1ecba ch\u1ec9 mua m\u00e1y b\u0103m chu\u1ed1i gi\u00e1 g\u1ed1c t\u1ea1i x\u01b0\u1edfng<\/h2>\n<p>C\u00f4ng ty B\u00ecnh Minh &#8211; t\u1ef1 h\u00e0o l\u00e0 \u0111\u1ecba ch\u1ec9 s\u1ea3n xu\u1ea5t v\u00e0 cung c\u1ea5p m\u00e1y n\u00f4ng nghi\u1ec7p s\u1ed1 1 Vi\u1ec7t nam v\u1edbi h\u01a1n 30 n\u0103m kinh nghi\u1ec7m trong l\u0129nh v\u1ef1c c\u01a1 kh\u00ed<\/p>\n<p>V\u1edbi trang thi\u1ebft b\u1ecb hi\u1ec7n \u0111\u1ea1i &#8211; \u0111\u1ed9i ng\u0169 k\u1ef9 thu\u1eadt tr\u00ecnh \u0111\u1ed9 cao. Ch\u00fang t\u00f4i cam k\u1ebft mang \u0111\u1ebfn cho b\u1ea1n nh\u1eefng s\u1ea3n ph\u1ea9m CH\u00cdNH H\u00c3NG &#8211; CH\u1ea4T L\u01af\u1ee2NG &#8211; GI\u00c1 TH\u00c0NH T\u1ed0T NH\u1ea4T<\/p>\n<p><img loading=\"lazy\" decoding=\"async\" class=\"aligncenter wp-image-10250 size-full\" src=\"https:\/\/congtybinhminh.com\/wp-content\/uploads\/2024\/10\/dia-chi-ban-may-bam-chuoi_result222.webp\" alt=\"dia-chi-ban-may-bam-chuoi_result222\" width=\"800\" height=\"1058\" srcset=\"https:\/\/congtybinhminh.com\/wp-content\/uploads\/2024\/10\/dia-chi-ban-may-bam-chuoi_result222.webp 800w, https:\/\/congtybinhminh.com\/wp-content\/uploads\/2024\/10\/dia-chi-ban-may-bam-chuoi_result222-302x400.webp 302w, https:\/\/congtybinhminh.com\/wp-content\/uploads\/2024\/10\/dia-chi-ban-may-bam-chuoi_result222-605x800.webp 605w, https:\/\/congtybinhminh.com\/wp-content\/uploads\/2024\/10\/dia-chi-ban-may-bam-chuoi_result222-768x1016.webp 768w, https:\/\/congtybinhminh.com\/wp-content\/uploads\/2024\/10\/dia-chi-ban-may-bam-chuoi_result222-510x674.webp 510w\" sizes=\"auto, (max-width: 800px) 100vw, 800px\" \/><\/p>\n<p>\u0110\u1ec3 \u0111\u1eb7t mua h\u00e0ng ch\u00ednh h\u00e3ng, b\u00e0 con c\u00f3 th\u1ec3 \u0111\u1ebfn tr\u1ee5 s\u1edf g\u1ea7n nh\u1ea5t c\u1ee7a c\u00f4ng ty \u0111\u1ec3 xem v\u00e0 \u0111\u1eb7t mua h\u00e0ng:<\/p>\n<ul>\n<li>Tr\u1ee5 s\u1edf ch\u00ednh: p. L\u00ea L\u1ee3i\u00a0 &#8211; Tx S\u01a1n T\u00e2y &#8211; H\u00e0 N\u1ed9i<\/li>\n<li>Chi nh\u00e1nh mi\u1ec1n Nam: x\u00e3 T\u00e2n Ki\u00ean &#8211; H. B\u00ecnh Ch\u00e1nh &#8211; TP H\u1ed3 Ch\u00ed Minh<\/li>\n<\/ul>\n<p>Khi \u0111\u1ebfn \u0111\u00e2y, b\u00e0 con s\u1ebd \u0111\u01b0\u1ee3c tr\u1ea3i nghi\u1ec7m v\u1eadn h\u00e0nh m\u00e1y d\u01b0\u1edbi s\u1ef1 h\u01b0\u1edbng d\u1eabn c\u1ee7a \u0111\u1ed9i ng\u0169 k\u1ef9 thu\u1eadt<\/p>\n<p>\u0110\u1ed1i v\u1edbi b\u00e0 con \u1edf xa, c\u00f3 th\u1ec3 li\u00ean h\u1ec7 t\u1edbi s\u1ed1 \u0111i\u1ec7n tho\u1ea1i tr\u00ean website ho\u1eb7c \u0111\u1ec3 l\u1ea1i l\u1eddi nh\u1eafn \u0111\u1ed9i ng\u0169 t\u01b0 v\u1ea5n s\u1ebd li\u00ean h\u1ec7 b\u00e0 con trong th\u1eddi gian s\u1edbm nh\u1ea5t<\/p>\n<p><strong>Th\u00f4ng s\u1ed1 k\u1ef9 thu\u1eadt\u00a0<\/strong><\/p>\n<table border=\"1\" cellspacing=\"1\" cellpadding=\"1\">\n<tbody>\n<tr>\n<td colspan=\"1\" rowspan=\"3\">\u0110\u1ed9ng c\u01a1<\/td>\n<td>C\u00f4ng su\u1ea5t \u0111\u1ed9ng c\u01a1<\/td>\n<td>3kw<\/td>\n<\/tr>\n<tr>\n<td>T\u1ed1c \u0111\u1ed9<\/td>\n<td>1450 v\/p<\/td>\n<\/tr>\n<tr>\n<td>Ngu\u1ed3n \u0111i\u1ec7n<\/td>\n<td>220V<\/td>\n<\/tr>\n<tr>\n<td colspan=\"1\" rowspan=\"2\">B\u1ea3o h\u00e0nh<\/td>\n<td>K\u1ef9 thu\u1eadt<\/td>\n<td>06 th\u00e1ng<\/td>\n<\/tr>\n<tr>\n<td>\u0110\u1ed9ng c\u01a1<\/td>\n<td>Theo t\u1eebng h\u00e3ng s\u1ea3n xu\u1ea5t<\/td>\n<\/tr>\n<tr>\n<td>N\u0103ng su\u1ea5t<\/td>\n<td colspan=\"2\" rowspan=\"1\">\u00a0kg\/gi\u1edd<\/td>\n<\/tr>\n<tr>\n<td>K\u00edch th\u01b0\u1edbc (d*c*r)<\/td>\n<td colspan=\"2\" rowspan=\"1\">85*83*47 cm<\/td>\n<\/tr>\n<tr>\n<td>H\u00ecnh th\u1ee9c thanh to\u00e1n<\/td>\n<td colspan=\"2\" rowspan=\"1\">\u00a0Ti\u1ec1n m\u1eb7t ho\u1eb7c chuy\u1ec3n kho\u1ea3n<\/td>\n<\/tr>\n<\/tbody>\n<\/table>\n","protected":false},"excerpt":{"rendered":"<ul>\n<li><strong>H\u00e3ng s\u1ea3n xu\u1ea5t:<\/strong> B\u00ecnh Minh<\/li>\n<li><strong>Ch\u1ea5t li\u1ec7u:<\/strong> inox<\/li>\n<li><strong>C\u00f4ng su\u1ea5t \u0111\u1ed9ng c\u01a1:<\/strong> 3kw<\/li>\n<li><strong>Ngu\u1ed3n \u0111i\u1ec7n:<\/strong> 220V<\/li>\n<li><strong>T\u1ed1c \u0111\u1ed9:<\/strong> 1450 v\/p<\/li>\n<li><strong>T\u00ednh n\u0103ng:<\/strong> m\u00e1y c\u00f3 ch\u1ee9c n\u0103ng th\u00e1i, b\u0103m c\u00e2y chu\u1ed1i, c\u1ecf voi v\u00e0 c\u00e1c lo\u1ea1i rau xanh.. l\u00e0m th\u1ee9c \u0103n cho gia s\u00fac &#8211; gia c\u1ea7m<\/li>\n<\/ul>\n","protected":false},"featured_media":10404,"comment_status":"closed","ping_status":"closed","template":"","meta":[],"product_brand":[],"product_cat":[33],"product_tag":[],"class_list":{"0":"post-10236","1":"product","2":"type-product","3":"status-publish","4":"has-post-thumbnail","6":"product_cat-may-bam-chuoi-da-nang","8":"first","9":"instock","10":"shipping-taxable","11":"product-type-simple"},"_links":{"self":[{"href":"https:\/\/congtybinhminh.com\/index.php?rest_route=\/wp\/v2\/product\/10236","targetHints":{"allow":["GET"]}}],"collection":[{"href":"https:\/\/congtybinhminh.com\/index.php?rest_route=\/wp\/v2\/product"}],"about":[{"href":"https:\/\/congtybinhminh.com\/index.php?rest_route=\/wp\/v2\/types\/product"}],"replies":[{"embeddable":true,"href":"https:\/\/congtybinhminh.com\/index.php?rest_route=%2Fwp%2Fv2%2Fcomments&post=10236"}],"wp:featuredmedia":[{"embeddable":true,"href":"https:\/\/congtybinhminh.com\/index.php?rest_route=\/wp\/v2\/media\/10404"}],"wp:attachment":[{"href":"https:\/\/congtybinhminh.com\/index.php?rest_route=%2Fwp%2Fv2%2Fmedia&parent=10236"}],"wp:term":[{"taxonomy":"product_brand","embeddable":true,"href":"https:\/\/congtybinhminh.com\/index.php?rest_route=%2Fwp%2Fv2%2Fproduct_brand&post=10236"},{"taxonomy":"product_cat","embeddable":true,"href":"https:\/\/congtybinhminh.com\/index.php?rest_route=%2Fwp%2Fv2%2Fproduct_cat&post=10236"},{"taxonomy":"product_tag","embeddable":true,"href":"https:\/\/congtybinhminh.com\/index.php?rest_route=%2Fwp%2Fv2%2Fproduct_tag&post=10236"}],"curies":[{"name":"wp","href":"https:\/\/api.w.org\/{rel}","templated":true}]}}