{"id":10205,"date":"2024-10-09T13:42:23","date_gmt":"2024-10-09T06:42:23","guid":{"rendered":"https:\/\/congtybinhminh.com\/?post_type=product&#038;p=10205"},"modified":"2024-10-09T14:06:09","modified_gmt":"2024-10-09T07:06:09","slug":"may-nghien-hut-gd150-inox","status":"publish","type":"product","link":"https:\/\/congtybinhminh.com\/?product=may-nghien-hut-gd150-inox","title":{"rendered":"M\u00e1y nghi\u1ec1n h\u00fat GD150 inox"},"content":{"rendered":"<h2>Gi\u1edbi thi\u1ec7u m\u00e1y nghi\u1ec1n h\u00fat GD150 inox<\/h2>\n<p>B\u1ea1n \u0111ang loay hoay t\u00ecm ki\u1ebfm gi\u1ea3i ph\u00e1p t\u1ed1i \u01b0u s\u1ea3n cho vi\u1ec7c s\u1ea3n xu\u1ea5t th\u1ee9c \u0103n ch\u0103n nu\u00f4i t\u1ea1i nh\u00e0 &#8211; m\u00e1y nghi\u1ec1n h\u00fat GD150 inox ch\u00ednh l\u00e0 l\u1ef1a ch\u1ecdn l\u00fd t\u01b0\u1edfng<\/p>\n<p><img loading=\"lazy\" decoding=\"async\" class=\"aligncenter wp-image-10209 size-full\" src=\"https:\/\/congtybinhminh.com\/wp-content\/uploads\/2024\/10\/may-nghien-hut-gd150-inox-binh-minh_result222.webp\" alt=\"may-nghien-hut-gd150-inox-binh-minh_result222\" width=\"800\" height=\"1078\" srcset=\"https:\/\/congtybinhminh.com\/wp-content\/uploads\/2024\/10\/may-nghien-hut-gd150-inox-binh-minh_result222.webp 800w, https:\/\/congtybinhminh.com\/wp-content\/uploads\/2024\/10\/may-nghien-hut-gd150-inox-binh-minh_result222-297x400.webp 297w, https:\/\/congtybinhminh.com\/wp-content\/uploads\/2024\/10\/may-nghien-hut-gd150-inox-binh-minh_result222-594x800.webp 594w, https:\/\/congtybinhminh.com\/wp-content\/uploads\/2024\/10\/may-nghien-hut-gd150-inox-binh-minh_result222-768x1035.webp 768w, https:\/\/congtybinhminh.com\/wp-content\/uploads\/2024\/10\/may-nghien-hut-gd150-inox-binh-minh_result222-510x687.webp 510w\" sizes=\"auto, (max-width: 800px) 100vw, 800px\" \/><\/p>\n<p>V\u1edbi thi\u1ebft k\u1ebf hi\u1ec7n \u0111\u1ea1i, m\u00e1y t\u00edch h\u1ee3p 2 t\u00ednh n\u0103ng &#8220;t\u1ef1 \u0111\u1ed9ng c\u1ea5p li\u1ec7u v\u00e0 nghi\u1ec1n b\u1ed9t&#8221; m\u00e0 kh\u00f4ng ph\u1ea3i \u0111\u1ee9ng b\u00ean m\u00e1y \u0111\u1ec3 cung c\u1ea5p nguy\u00ean li\u1ec7u gi\u00fap b\u1ea1n ti\u1ebft ki\u1ec7m th\u1eddi gian v\u00e0 ho\u00e0n th\u00e0nh c\u00f4ng vi\u1ec7c nhanh ch\u00f3ng.<\/p>\n<p><img loading=\"lazy\" decoding=\"async\" class=\"aligncenter wp-image-10217 size-full\" src=\"https:\/\/congtybinhminh.com\/wp-content\/uploads\/2024\/10\/may-nghien-bot-1-pha_result222-1.webp\" alt=\"may-nghien-bot-1-pha_result222\" width=\"800\" height=\"890\" srcset=\"https:\/\/congtybinhminh.com\/wp-content\/uploads\/2024\/10\/may-nghien-bot-1-pha_result222-1.webp 800w, https:\/\/congtybinhminh.com\/wp-content\/uploads\/2024\/10\/may-nghien-bot-1-pha_result222-1-360x400.webp 360w, https:\/\/congtybinhminh.com\/wp-content\/uploads\/2024\/10\/may-nghien-bot-1-pha_result222-1-719x800.webp 719w, https:\/\/congtybinhminh.com\/wp-content\/uploads\/2024\/10\/may-nghien-bot-1-pha_result222-1-768x854.webp 768w, https:\/\/congtybinhminh.com\/wp-content\/uploads\/2024\/10\/may-nghien-bot-1-pha_result222-1-510x567.webp 510w\" sizes=\"auto, (max-width: 800px) 100vw, 800px\" \/><\/p>\n<p>V\u1edbi m\u00e1y nghi\u1ec1n h\u00fat GD150 inox vi\u1ec7c t\u1ef1 s\u1ea3n xu\u1ea5t th\u1ee9c \u0103n ch\u0103n nu\u00f4i tr\u1edf n\u00ean \u0111\u01a1n gi\u1ea3n h\u01a1n bao gi\u1edd h\u1ebft<\/p>\n<h2>C\u1ea5u t\u1ea1o\u00a0 m\u00e1y nghi\u1ec1n h\u00fat GD150 inox<\/h2>\n<p>M\u00e1y nghi\u1ec1n \u0111\u01b0\u1ee3c l\u00e0m b\u1eb1ng ch\u1ea5t li\u00eau inox cao c\u1ea5p, mang l\u1ea1i gi\u00e1 tr\u1ecb l\u00e2u d\u00e0i cho ng\u01b0\u1eddi s\u1eed d\u1ee5ng. K\u1ebft c\u1ea5u m\u00e1y \u0111\u01b0\u1ee3c h\u00e0n g\u1eafn ch\u1eafc ch\u1eafn kh\u00f4ng g\u00e2y rung l\u1eafc trong qu\u00e1 tr\u00ecnh nghi\u1ec1n<\/p>\n<p><img loading=\"lazy\" decoding=\"async\" class=\"aligncenter wp-image-10210 size-full\" src=\"https:\/\/congtybinhminh.com\/wp-content\/uploads\/2024\/10\/cau-tao-may-nghien-hut-gd150-inox_result222.webp\" alt=\"cau-tao-may-nghien-h\u00fat-gd150-inox_result222\" width=\"800\" height=\"642\" srcset=\"https:\/\/congtybinhminh.com\/wp-content\/uploads\/2024\/10\/cau-tao-may-nghien-hut-gd150-inox_result222.webp 800w, https:\/\/congtybinhminh.com\/wp-content\/uploads\/2024\/10\/cau-tao-may-nghien-hut-gd150-inox_result222-498x400.webp 498w, https:\/\/congtybinhminh.com\/wp-content\/uploads\/2024\/10\/cau-tao-may-nghien-hut-gd150-inox_result222-768x616.webp 768w, https:\/\/congtybinhminh.com\/wp-content\/uploads\/2024\/10\/cau-tao-may-nghien-hut-gd150-inox_result222-510x409.webp 510w\" sizes=\"auto, (max-width: 800px) 100vw, 800px\" \/><\/p>\n<p>Nguy\u00ean li\u1ec7u \u0111\u01b0\u1ee3c h\u00fat qua \u1ed1ng nh\u1ef1a v\u00e0 d\u1eabn nguy\u00ean li\u1ec7u v\u00e0o bu\u1ed3ng nghi\u1ec1n. C\u00e1c thanh b\u00faa s\u1ebd l\u00e0m v\u1ee1 v\u00e0 nghi\u1ec1n nguy\u00ean li\u1ec7u v\u1edbi m\u1eb7t s\u00e0ng<\/p>\n<p><img loading=\"lazy\" decoding=\"async\" class=\"aligncenter wp-image-10211 size-full\" src=\"https:\/\/congtybinhminh.com\/wp-content\/uploads\/2024\/10\/voi-hut_result222.webp\" alt=\"voi-hut_result222\" width=\"800\" height=\"600\" srcset=\"https:\/\/congtybinhminh.com\/wp-content\/uploads\/2024\/10\/voi-hut_result222.webp 800w, https:\/\/congtybinhminh.com\/wp-content\/uploads\/2024\/10\/voi-hut_result222-533x400.webp 533w, https:\/\/congtybinhminh.com\/wp-content\/uploads\/2024\/10\/voi-hut_result222-768x576.webp 768w, https:\/\/congtybinhminh.com\/wp-content\/uploads\/2024\/10\/voi-hut_result222-510x383.webp 510w\" sizes=\"auto, (max-width: 800px) 100vw, 800px\" \/><\/p>\n<p>Tr\u01b0\u1edbc c\u1eeda bu\u1ed3ng nghi\u1ec1n n\u1ed1i li\u00ean v\u1edbi v\u00f2i h\u00fat c\u00f3 t\u1ea5m ng\u0103n \u0111\u1ec3 ng\u01b0\u1eddi d\u00f9ng \u0111i\u1ec1u ch\u1ec9nh l\u01b0\u1ee3ng nguy\u00ean li\u1ec7u \u0111i v\u00e0o nhi\u1ec1u hay \u00edt tr\u00e1nh l\u00e0m ngh\u1eb9n m\u00e1y<\/p>\n<p><img loading=\"lazy\" decoding=\"async\" class=\"aligncenter wp-image-10212 size-full\" src=\"https:\/\/congtybinhminh.com\/wp-content\/uploads\/2024\/10\/tam-chan-may-nghien_result222-1.webp\" alt=\"tam-chan-may-nghien_result222\" width=\"800\" height=\"600\" srcset=\"https:\/\/congtybinhminh.com\/wp-content\/uploads\/2024\/10\/tam-chan-may-nghien_result222-1.webp 800w, https:\/\/congtybinhminh.com\/wp-content\/uploads\/2024\/10\/tam-chan-may-nghien_result222-1-533x400.webp 533w, https:\/\/congtybinhminh.com\/wp-content\/uploads\/2024\/10\/tam-chan-may-nghien_result222-1-768x576.webp 768w, https:\/\/congtybinhminh.com\/wp-content\/uploads\/2024\/10\/tam-chan-may-nghien_result222-1-510x383.webp 510w\" sizes=\"auto, (max-width: 800px) 100vw, 800px\" \/><\/p>\n<p>B\u00ean trong h\u1ec7 th\u1ed1ng bu\u1ed3ng nghi\u1ec1n \u0111\u01b0\u1ee3c thi\u1ebft k\u1ebf g\u1ed3m 8 b\u00faa nghi\u1ec1n chuy\u1ec3n \u0111\u1ed9ng tr\u00ean \u0111\u0129a xoay v\u00e0 6 b\u00faa nghi\u1ec1n c\u1ed1 \u0111\u1ecbnh tr\u00ean c\u00e1nh c\u1eeda ch\u1eafc ch\u1eafn, l\u00e0m nhi\u1ec7m v\u1ee5 \u0111\u1eadp v\u1ee1 v\u00e0 nghi\u1ec1n nguy\u00ean li\u00eau v\u1edbi m\u1eb7t s\u00e0ng th\u00e0nh b\u1ed9t<\/p>\n<p><img loading=\"lazy\" decoding=\"async\" class=\"aligncenter wp-image-10213 size-full\" src=\"https:\/\/congtybinhminh.com\/wp-content\/uploads\/2024\/10\/sang-may-nghien_result222.webp\" alt=\"sang-may-nghien_result222\" width=\"800\" height=\"590\" srcset=\"https:\/\/congtybinhminh.com\/wp-content\/uploads\/2024\/10\/sang-may-nghien_result222.webp 800w, https:\/\/congtybinhminh.com\/wp-content\/uploads\/2024\/10\/sang-may-nghien_result222-542x400.webp 542w, https:\/\/congtybinhminh.com\/wp-content\/uploads\/2024\/10\/sang-may-nghien_result222-768x566.webp 768w, https:\/\/congtybinhminh.com\/wp-content\/uploads\/2024\/10\/sang-may-nghien_result222-510x376.webp 510w\" sizes=\"auto, (max-width: 800px) 100vw, 800px\" \/><\/p>\n<p>Ng\u01b0\u1eddi d\u00f9ng c\u00f3 th\u1ec3 \u0111i\u1ec1u ch\u1ec9nh \u0111\u1ed9 m\u1ecbn c\u1ee7a th\u00e0nh ph\u1ea9m b\u1eb1ng c\u00e1ch l\u1ef1a ch\u1ecdn m\u1eb7t s\u00e0ng l\u1eafp trong m\u00e1y ( v\u00ed d\u1ee5: 2ly; 2,5ly; 3ly..)<\/p>\n<p>M\u00e1y nghi\u1ec1n h\u00fat GD150 inox l\u1eafp \u0111\u1ed9ng c\u01a1 3kw &#8211; 3,5kw s\u1eed d\u1ee5ng \u0111i\u1ec7n 1 pha 220V motor l\u00f5i d\u00e2y \u0111\u1ed3ng 100% cho n\u0103ng su\u1ea5t cao<\/p>\n<p><img loading=\"lazy\" decoding=\"async\" class=\"aligncenter wp-image-10214 size-full\" src=\"https:\/\/congtybinhminh.com\/wp-content\/uploads\/2024\/10\/bau-hut-gio_result222.webp\" alt=\"bau-hut-gio_result222\" width=\"800\" height=\"600\" srcset=\"https:\/\/congtybinhminh.com\/wp-content\/uploads\/2024\/10\/bau-hut-gio_result222.webp 800w, https:\/\/congtybinhminh.com\/wp-content\/uploads\/2024\/10\/bau-hut-gio_result222-533x400.webp 533w, https:\/\/congtybinhminh.com\/wp-content\/uploads\/2024\/10\/bau-hut-gio_result222-768x576.webp 768w, https:\/\/congtybinhminh.com\/wp-content\/uploads\/2024\/10\/bau-hut-gio_result222-510x383.webp 510w\" sizes=\"auto, (max-width: 800px) 100vw, 800px\" \/><\/p>\n<p>Th\u00e0nh ph\u1ea9m sau khi nghi\u1ec1n c\u00f3 th\u1ec3 cho v\u1eadt nu\u00f4i d\u00f9ng ngay ho\u1eb7c cho v\u00e0o m\u00e1y \u00e9p t\u1ea1o th\u00e0nh vi\u00ean d\u00f9ng d\u1ea7n<\/p>\n<h2>V\u00ec sao n\u00ean d\u00f9ng m\u00e1y nghi\u1ec1n h\u00fat GD150 inox<\/h2>\n<p>Vi\u1ec7c s\u1eed d\u1ee5ng m\u00e1y m\u00f3c hi\u1ec7n \u0111\u1ea1i \u0111ang d\u1ea7n thay th\u1ebf ho\u00e0n to\u00e0n s\u1ee9c lao \u0111\u1ed9ng th\u1ee7 c\u00f4ng, gi\u00fap b\u00e0 con n\u00e2ng cao hi\u1ec7u qu\u1ea3 v\u00e0 ch\u1ea5t l\u01b0\u1ee3ng c\u00f4ng vi\u1ec7c:<\/p>\n<p><img loading=\"lazy\" decoding=\"async\" class=\"aligncenter wp-image-10216 size-full\" src=\"https:\/\/congtybinhminh.com\/wp-content\/uploads\/2024\/10\/may-nghien-ngo-tu-hut_result222.webp\" alt=\"may-nghien-ngo-tu-hut_result222\" width=\"800\" height=\"569\" srcset=\"https:\/\/congtybinhminh.com\/wp-content\/uploads\/2024\/10\/may-nghien-ngo-tu-hut_result222.webp 800w, https:\/\/congtybinhminh.com\/wp-content\/uploads\/2024\/10\/may-nghien-ngo-tu-hut_result222-562x400.webp 562w, https:\/\/congtybinhminh.com\/wp-content\/uploads\/2024\/10\/may-nghien-ngo-tu-hut_result222-768x546.webp 768w, https:\/\/congtybinhminh.com\/wp-content\/uploads\/2024\/10\/may-nghien-ngo-tu-hut_result222-510x363.webp 510w\" sizes=\"auto, (max-width: 800px) 100vw, 800px\" \/><\/p>\n<ul>\n<li>Qu\u00e1 tr\u00ecnh m\u00e1y nghi\u1ec1n t\u1ef1 \u0111\u1ed9ng, ch\u1ec9 c\u1ea7n 1 &#8211; 2 ng\u01b0\u1eddi v\u1eadn h\u00e0nh m\u00e1y m\u00e0 v\u1eabn \u0111\u1ea3m b\u1ea3o n\u0103ng su\u1ea5t<\/li>\n<li>M\u00e1y nghi\u1ec1n 1 pha ph\u00f9 h\u1ee3p v\u1edbi \u0111\u1ea1i \u0111a s\u1ed1 c\u00e1c h\u1ed9 gia \u0111\u00ecnh, kh\u00f4ng y\u00eau c\u1ea7u h\u1ec7 th\u1ed1ng \u0111i\u1ec7n ph\u1ee9c t\u1ea1p<\/li>\n<li>Linh ho\u1ea1t l\u1ef1a ch\u1ecdn m\u1eb7t s\u00e0ng \u0111i\u1ec1u ch\u1ec9nh \u0111\u1ed9 m\u1ecbn c\u1ee7a b\u1ed9t<\/li>\n<li>N\u0103ng su\u1ea5t cao v\u01b0\u1ee3t tr\u1ed9i &#8211; ch\u1ea5t l\u01b0\u1ee3ng th\u00e0nh ph\u1ea9m \u0111\u1ed3ng \u0111\u1ec1u<\/li>\n<li>M\u00e1y nghi\u1ec1n \u0111a d\u1ea1ng nguy\u00ean li\u1ec7u: nghi\u1ec1n b\u1ed9t g\u1ea1o; b\u1ed9t ng\u00f4; b\u1ed9t d\u01b0\u1ee3c li\u1ec7u&#8230;<\/li>\n<\/ul>\n<h2>\u0110\u1ecba ch\u1ec9 b\u00e1n m\u00e1y nghi\u1ec1n b\u1ed9t gi\u00e1 g\u1ed1c t\u1ea1i x\u01b0\u1edfng<\/h2>\n<p>C\u00f4ng ty B\u00ecnh Minh t\u1ef1 h\u00e0o l\u00e0 \u0111\u01a1n v\u1ecb chuy\u00ean s\u1ea3n xu\u1ea5t v\u00e0 cung c\u1ea5p m\u00e1y n\u00f4ng nghi\u1ec7p s\u1ed1 1 Vi\u1ec7t Nam v\u1edbi h\u01a1n 30 n\u0103m kinh nghi\u1ec7m trong l\u0129nh v\u1ef1c c\u01a1 kh\u00ed<\/p>\n<p>V\u1edbi trang thi\u1ebft b\u1ecb hi\u1ec7n \u0111\u1ea1i &#8211; \u0111\u1ed9i ng\u0169 k\u1ef9 thu\u1eadt tr\u00ecnh \u0111\u1ed9 cao. Ch\u00fang t\u00f4i cam k\u1ebft mang \u0111\u1ebfn cho b\u1ea1n nh\u1eefng s\u1ea3n ph\u1ea9m CH\u00cdNH H\u00c3NG &#8211; CH\u1ea4T L\u01af\u1ee2NG &#8211; GI\u00c1 TH\u00c0NH T\u1ed0T NH\u1ea4T<\/p>\n<p><img loading=\"lazy\" decoding=\"async\" class=\"aligncenter wp-image-9695 size-full\" src=\"https:\/\/congtybinhminh.com\/wp-content\/uploads\/2024\/05\/dia-chi-mua-may-nghien_result222.webp\" alt=\"dia-chi-mua-may-nghien_result222\" width=\"800\" height=\"1231\" srcset=\"https:\/\/congtybinhminh.com\/wp-content\/uploads\/2024\/05\/dia-chi-mua-may-nghien_result222.webp 800w, https:\/\/congtybinhminh.com\/wp-content\/uploads\/2024\/05\/dia-chi-mua-may-nghien_result222-260x400.webp 260w, https:\/\/congtybinhminh.com\/wp-content\/uploads\/2024\/05\/dia-chi-mua-may-nghien_result222-520x800.webp 520w, https:\/\/congtybinhminh.com\/wp-content\/uploads\/2024\/05\/dia-chi-mua-may-nghien_result222-768x1182.webp 768w, https:\/\/congtybinhminh.com\/wp-content\/uploads\/2024\/05\/dia-chi-mua-may-nghien_result222-510x785.webp 510w\" sizes=\"auto, (max-width: 800px) 100vw, 800px\" \/><\/p>\n<p>\u0110\u1ec3 \u0111\u1eb7t mua h\u00e0ng ch\u00ednh h\u00e3ng, b\u00e0 con c\u00f3 th\u1ec3 \u0111\u1ebfn tr\u1ee5 s\u1edf g\u1ea7n nh\u1ea5t c\u1ee7a c\u00f4ng ty \u0111\u1ec3 xem v\u00e0 \u0111\u1eb7t mua h\u00e0ng:<\/p>\n<ul>\n<li>Tr\u1ee5 s\u1edf ch\u00ednh: p. L\u00ea L\u1ecdi &#8211; Tx S\u01a1n T\u00e2y &#8211; H\u00e0 N\u1ed9i<\/li>\n<li>Chi nh\u00e1nh mi\u1ec1n Nam: x\u00e3 T\u00e2n Ki\u00ean &#8211; H. B\u00ecnh Ch\u00e1nh &#8211; Tp H\u1ed3 Ch\u00ed Minh<\/li>\n<\/ul>\n<p>Khi \u0111\u1ebfn \u0111\u00e2y, b\u00e0 con s\u1ebd \u0111\u01b0\u1ee3c tr\u1ea3i nghi\u1ec7m v\u1eadn h\u00e0nh m\u00e1y d\u01b0\u1edbi s\u1ef1 h\u01b0\u1edbng d\u1eabn c\u1ee7a \u0111\u1ed9i ng\u0169 k\u1ef9 thu\u1eadt<\/p>\n<p>\u0110\u1ed1i v\u1edbi b\u00e0 con \u1edf xa, c\u00f3 th\u1ec3 li\u00ean h\u1ec7 t\u1edbi s\u1ed1 \u0111i\u1ec7n tho\u1ea1i tr\u00ean website ho\u1eb7c \u0111\u1ec3 l\u1ea1i l\u1eddi nh\u1eafn \u0111\u1ed9i ng\u0169 t\u01b0 v\u1ea5n s\u1ebd li\u00ean h\u1ec7 b\u00e0 con trong th\u1eddi gian s\u1edbm nh\u1ea5t<\/p>\n<p><strong>Th\u00f4ng s\u1ed1 k\u1ef9 thu\u1eadt\u00a0<\/strong><\/p>\n<table border=\"1\" cellspacing=\"1\" cellpadding=\"1\">\n<tbody>\n<tr>\n<td colspan=\"1\" rowspan=\"3\">\u0110\u1ed9ng c\u01a1<\/td>\n<td>C\u00f4ng su\u00e1t \u0111\u1ed9ng c\u01a1<\/td>\n<td>3 \u2013 3.5kw<\/td>\n<\/tr>\n<tr>\n<td>Ngu\u1ed3n \u0111i\u1ec7n<\/td>\n<td>\u00a0220V<\/td>\n<\/tr>\n<tr>\n<td>\u00a0T\u1ed1c \u0111\u1ed9<\/td>\n<td>\u00a0v\/p<\/td>\n<\/tr>\n<tr>\n<td colspan=\"1\" rowspan=\"2\">B\u1ea3o h\u00e0nh<\/td>\n<td>K\u1ef9 thu\u1eadt<\/td>\n<td>\u00a006 th\u00e1ng<\/td>\n<\/tr>\n<tr>\n<td>\u0110\u1ed9ng c\u01a1<\/td>\n<td>\u00a0Theo t\u1eebng h\u00e3ng s\u1ea3n xu\u1ea5t<\/td>\n<\/tr>\n<tr>\n<td>N\u0103ng su\u1ea5t<\/td>\n<td colspan=\"2\" rowspan=\"1\">\u00a0kg\/gi\u1edd<\/td>\n<\/tr>\n<tr>\n<td>K\u00edch th\u01b0\u1edbc (d*c*r)<\/td>\n<td colspan=\"2\" rowspan=\"1\">57*115*76 cm<\/td>\n<\/tr>\n<tr>\n<td>H\u00ecnh th\u1ee9c thanh to\u00e1n<\/td>\n<td colspan=\"2\" rowspan=\"1\">\u00a0Ti\u1ec1n m\u1eb7t ho\u1eb7c chuy\u1ec3n kho\u1ea3n<\/td>\n<\/tr>\n<\/tbody>\n<\/table>\n","protected":false},"excerpt":{"rendered":"<ul>\n<li><strong>H\u00e3ng s\u1ea3n xu\u1ea5t:<\/strong>\u00a0B\u00ecnh Minh<\/li>\n<li><strong>C\u00f4ng su\u1ea5t \u0111\u1ed9ng c\u01a1:\u00a0<\/strong>3kw \u2013 3,5kw<\/li>\n<li><strong>Ngu\u1ed3n \u0111i\u1ec7n:\u00a0<\/strong>220V<\/li>\n<li><strong>T\u1ed1c \u0111\u1ed9:\u00a0<\/strong>2900 v\/p<\/li>\n<li><strong>T\u00ednh n\u0103ng:<\/strong>\u00a0M\u00e1y chuy\u00ean d\u00f9ng nghi\u1ec1n c\u00e1c lo\u1ea1i n\u00f4ng ph\u1ea9m kh\u00f4 nh\u01b0: ng\u00f4 h\u1ea1t, th\u00f3c, tr\u1ea5u\u2026. th\u00e0nh b\u1ed9t c\u00e1m l\u00e0m th\u1ee9c \u0103n cho gia s\u00fac \u2013 gia c\u1ea7m<\/li>\n<\/ul>\n","protected":false},"featured_media":10208,"comment_status":"closed","ping_status":"closed","template":"","meta":[],"product_brand":[],"product_cat":[32],"product_tag":[],"class_list":{"0":"post-10205","1":"product","2":"type-product","3":"status-publish","4":"has-post-thumbnail","6":"product_cat-may-nghien","8":"first","9":"instock","10":"shipping-taxable","11":"product-type-simple"},"_links":{"self":[{"href":"https:\/\/congtybinhminh.com\/index.php?rest_route=\/wp\/v2\/product\/10205","targetHints":{"allow":["GET"]}}],"collection":[{"href":"https:\/\/congtybinhminh.com\/index.php?rest_route=\/wp\/v2\/product"}],"about":[{"href":"https:\/\/congtybinhminh.com\/index.php?rest_route=\/wp\/v2\/types\/product"}],"replies":[{"embeddable":true,"href":"https:\/\/congtybinhminh.com\/index.php?rest_route=%2Fwp%2Fv2%2Fcomments&post=10205"}],"wp:featuredmedia":[{"embeddable":true,"href":"https:\/\/congtybinhminh.com\/index.php?rest_route=\/wp\/v2\/media\/10208"}],"wp:attachment":[{"href":"https:\/\/congtybinhminh.com\/index.php?rest_route=%2Fwp%2Fv2%2Fmedia&parent=10205"}],"wp:term":[{"taxonomy":"product_brand","embeddable":true,"href":"https:\/\/congtybinhminh.com\/index.php?rest_route=%2Fwp%2Fv2%2Fproduct_brand&post=10205"},{"taxonomy":"product_cat","embeddable":true,"href":"https:\/\/congtybinhminh.com\/index.php?rest_route=%2Fwp%2Fv2%2Fproduct_cat&post=10205"},{"taxonomy":"product_tag","embeddable":true,"href":"https:\/\/congtybinhminh.com\/index.php?rest_route=%2Fwp%2Fv2%2Fproduct_tag&post=10205"}],"curies":[{"name":"wp","href":"https:\/\/api.w.org\/{rel}","templated":true}]}}