{"id":10187,"date":"2024-10-03T16:26:12","date_gmt":"2024-10-03T09:26:12","guid":{"rendered":"https:\/\/congtybinhminh.com\/?post_type=product&#038;p=10187"},"modified":"2026-01-19T08:53:35","modified_gmt":"2026-01-19T01:53:35","slug":"may-nghien-thuc-an-chan-nuoi-bi24","status":"publish","type":"product","link":"https:\/\/congtybinhminh.com\/?product=may-nghien-thuc-an-chan-nuoi-bi24","title":{"rendered":"M\u00e1y nghi\u1ec1n th\u1ee9c \u0103n ch\u0103n nu\u00f4i Bi24"},"content":{"rendered":"<h2>Gi\u1edbi thi\u1ec7u m\u00e1y nghi\u1ec1n th\u1ee9c \u0103n ch\u0103n nu\u00f4i Bi24<\/h2>\n<p>M\u00e1y nghi\u1ec1n th\u1ee9c \u0103n ch\u0103n nu\u00f4i Bi24 do c\u00f4ng ty B\u00ecnh Minh s\u1ea3n xu\u1ea5t &#8211; s\u1ef1 l\u1ef1a ch\u1ecdn ho\u00e0n h\u1ea3o cho nh\u1eefng h\u1ed9 ch\u0103n nu\u00f4i gia \u0111\u00ecnh mu\u1ed1n t\u1ed1i \u01b0u h\u00f3a quy tr\u00ecnh ch\u0103n nu\u00f4i<\/p>\n<p><img loading=\"lazy\" decoding=\"async\" class=\"aligncenter wp-image-10194 size-full\" src=\"https:\/\/congtybinhminh.com\/wp-content\/uploads\/2024\/10\/may-nghien-thuc-an-chan-nuoi-bi24-cong-ty-binh-minh_result222.webp\" alt=\"may-nghien-thuc-an-chan-nuoi-bi24-cong-ty-binh-minh_result222\" width=\"800\" height=\"1078\" srcset=\"https:\/\/congtybinhminh.com\/wp-content\/uploads\/2024\/10\/may-nghien-thuc-an-chan-nuoi-bi24-cong-ty-binh-minh_result222.webp 800w, https:\/\/congtybinhminh.com\/wp-content\/uploads\/2024\/10\/may-nghien-thuc-an-chan-nuoi-bi24-cong-ty-binh-minh_result222-297x400.webp 297w, https:\/\/congtybinhminh.com\/wp-content\/uploads\/2024\/10\/may-nghien-thuc-an-chan-nuoi-bi24-cong-ty-binh-minh_result222-594x800.webp 594w, https:\/\/congtybinhminh.com\/wp-content\/uploads\/2024\/10\/may-nghien-thuc-an-chan-nuoi-bi24-cong-ty-binh-minh_result222-768x1035.webp 768w, https:\/\/congtybinhminh.com\/wp-content\/uploads\/2024\/10\/may-nghien-thuc-an-chan-nuoi-bi24-cong-ty-binh-minh_result222-510x687.webp 510w\" sizes=\"auto, (max-width: 800px) 100vw, 800px\" \/><\/p>\n<p>V\u1edbi kh\u1ea3 n\u0103ng nghi\u1ec1n c\u00e1c lo\u1ea1i n\u00f4ng ph\u1ea9m kh\u00f4 th\u00e0nh d\u1ea1ng b\u1ed9t, g\u00f3p ph\u1ea7n gi\u00fap b\u1ea1n t\u1eadn d\u1ee5ng t\u1ed1i \u0111a nguy\u00ean li\u1ec7u, \u1ee9ng d\u1ee5ng trong nhi\u1ec1u l\u0129nh v\u1ef1c:<\/p>\n<ul>\n<li>Nghi\u1ec1n c\u00e1c lo\u1ea1i n\u00f4ng ph\u1ea9m kh\u00f4: ng\u00f4 h\u1ea1t, th\u00f3c tr\u1ea5u,,,<\/li>\n<li>Nghi\u1ec1n c\u00e1c lo\u1ea1i h\u1ea1t \u0111\u1ed7: \u0111\u1ed7 xanh; \u0111\u1ed7 \u0111en; \u0111\u1ed7 t\u01b0\u01a1ng&#8230;<\/li>\n<li>Nghi\u1ec1n d\u01b0\u1ee3c li\u1ec7u, l\u00e1 kh\u00f4..<\/li>\n<\/ul>\n<h2>C\u1ea5u t\u1ea1o m\u00e1y nghi\u1ec1n th\u1ee9c \u0103n ch\u0103n nu\u00f4i Bi24<\/h2>\n<h3>Khung m\u00e1y ch\u1eafc ch\u1eafn<\/h3>\n<p>M\u00e1y nghi\u1ec1n \u0111\u01b0\u1ee3c l\u00e0m b\u1eb1ng ch\u1ea5t li\u1ec7u inox cao c\u1ea5p, v\u1edbi ph\u1ea7n k\u1ebft c\u1ea5u m\u00e1y \u0111\u01b0\u1ee3c h\u00e0n g\u1eafn ch\u1eafc ch\u1eafn kh\u00f4ng g\u00e2y rung l\u1eafc trong qu\u00e1 tr\u00ecnh v\u1eadn h\u00e0nh<\/p>\n<p><img loading=\"lazy\" decoding=\"async\" class=\"aligncenter wp-image-10195 size-full\" src=\"https:\/\/congtybinhminh.com\/wp-content\/uploads\/2024\/10\/cau-tao-may-nghien-thuc-an-chan-nuoi-b240inox_result222.webp\" alt=\"cau-tao-may-nghien-thuc-an-chan-nuoi-b240inox_result222\" width=\"800\" height=\"648\" srcset=\"https:\/\/congtybinhminh.com\/wp-content\/uploads\/2024\/10\/cau-tao-may-nghien-thuc-an-chan-nuoi-b240inox_result222.webp 800w, https:\/\/congtybinhminh.com\/wp-content\/uploads\/2024\/10\/cau-tao-may-nghien-thuc-an-chan-nuoi-b240inox_result222-494x400.webp 494w, https:\/\/congtybinhminh.com\/wp-content\/uploads\/2024\/10\/cau-tao-may-nghien-thuc-an-chan-nuoi-b240inox_result222-768x622.webp 768w, https:\/\/congtybinhminh.com\/wp-content\/uploads\/2024\/10\/cau-tao-may-nghien-thuc-an-chan-nuoi-b240inox_result222-510x413.webp 510w\" sizes=\"auto, (max-width: 800px) 100vw, 800px\" \/><\/p>\n<p>M\u00e1y nghi\u1ec1n \u0111\u01b0\u1ee3c thi\u1ebft k\u1ebf g\u1ed3m 5 b\u1ed9 ph\u1eadn ch\u00ednh: bu\u1ed3ng nghi\u1ec1n; \u0111\u1ed9ng c\u01a1; toa n\u1ea1p li\u1ec7u; \u1ed1ng n\u1ed1i v\u00e0 silo b\u1ea7u gi\u00f3, s\u1ef1 k\u1ebft h\u1ee3p t\u1ea1o n\u00ean s\u1ef1 ti\u1ec7n l\u1ee3i cho ng\u01b0\u1eddi d\u00f9ng<\/p>\n<h3>Toa n\u1ea1p v\u00e0 c\u1eeda x\u1ea3<\/h3>\n<p>Ph\u1ea7n toa n\u1ea1p \u0111\u01b0\u1ee3c thi\u1ebft k\u1ebf d\u1ea1ng m\u00e1ng l\u1edbn h\u01b0\u1edbng d\u1ed1c v\u1ec1 bu\u1ed3ng nghi\u1ec1n<\/p>\n<p><img loading=\"lazy\" decoding=\"async\" class=\"aligncenter wp-image-10199 size-full\" src=\"https:\/\/congtybinhminh.com\/wp-content\/uploads\/2024\/10\/toa-nap-nghien-lieu-may-nghien_result222.webp\" alt=\"toa-nap-nghien-lieu-may-nghien_result222\" width=\"800\" height=\"538\" srcset=\"https:\/\/congtybinhminh.com\/wp-content\/uploads\/2024\/10\/toa-nap-nghien-lieu-may-nghien_result222.webp 800w, https:\/\/congtybinhminh.com\/wp-content\/uploads\/2024\/10\/toa-nap-nghien-lieu-may-nghien_result222-595x400.webp 595w, https:\/\/congtybinhminh.com\/wp-content\/uploads\/2024\/10\/toa-nap-nghien-lieu-may-nghien_result222-768x516.webp 768w, https:\/\/congtybinhminh.com\/wp-content\/uploads\/2024\/10\/toa-nap-nghien-lieu-may-nghien_result222-510x343.webp 510w\" sizes=\"auto, (max-width: 800px) 100vw, 800px\" \/><\/p>\n<p>Ph\u00eda tr\u01b0\u1edbc c\u1eeda n\u1ea1p c\u00f3 t\u1ea5m ng\u0103n, cho ph\u00e9p ng\u01b0\u1eddi d\u00f9ng \u0111i\u1ec1u ch\u1ec9nh l\u01b0\u1ee3ng nguy\u00ean li\u1ec7u \u0111i v\u00e0o bu\u1ed3ng nghi\u1ec1n. Tr\u00e1nh t\u00ecnh tr\u1ea1ng ngh\u1eb9n m\u00e1y do nguy\u00ean li\u1ec7u r\u01a1i xu\u1ed1ng qu\u00e1 nhi\u1ec1u m\u1ed9t l\u00fac, \u0111\u1ea3m b\u1ea3o hi\u1ec7u su\u1ea5t nghi\u1ec1n \u1ed5n \u0111\u1ecbnh li\u00ean t\u1ee5c<\/p>\n<p><img loading=\"lazy\" decoding=\"async\" class=\"aligncenter wp-image-10200 size-full\" src=\"https:\/\/congtybinhminh.com\/wp-content\/uploads\/2024\/10\/tam-chan-may-nghien_result222.webp\" alt=\"tam-chan-may-nghien_result222\" width=\"800\" height=\"538\" srcset=\"https:\/\/congtybinhminh.com\/wp-content\/uploads\/2024\/10\/tam-chan-may-nghien_result222.webp 800w, https:\/\/congtybinhminh.com\/wp-content\/uploads\/2024\/10\/tam-chan-may-nghien_result222-595x400.webp 595w, https:\/\/congtybinhminh.com\/wp-content\/uploads\/2024\/10\/tam-chan-may-nghien_result222-768x516.webp 768w, https:\/\/congtybinhminh.com\/wp-content\/uploads\/2024\/10\/tam-chan-may-nghien_result222-510x343.webp 510w\" sizes=\"auto, (max-width: 800px) 100vw, 800px\" \/><\/p>\n<p>Th\u00e0nh ph\u1ea9m sau khi nghi\u1ec1n th\u00e0nh b\u1ed9t, t\u1ea5t c\u1ea3 s\u1ebd \u0111\u01b0\u1ee3c h\u1ec7 th\u1ed1ng c\u00e1nh qu\u1ea1t h\u00fat sang b\u1ea7u silo r\u1ed3i tho\u00e1t ra ngo\u00e0i c\u1eeda x\u1ea3<\/p>\n<p><img loading=\"lazy\" decoding=\"async\" class=\"aligncenter wp-image-10201 size-full\" src=\"https:\/\/congtybinhminh.com\/wp-content\/uploads\/2024\/10\/canh-quat-may-nghien_result222.webp\" alt=\"canh-quat-may-nghien_result222\" width=\"800\" height=\"600\" srcset=\"https:\/\/congtybinhminh.com\/wp-content\/uploads\/2024\/10\/canh-quat-may-nghien_result222.webp 800w, https:\/\/congtybinhminh.com\/wp-content\/uploads\/2024\/10\/canh-quat-may-nghien_result222-533x400.webp 533w, https:\/\/congtybinhminh.com\/wp-content\/uploads\/2024\/10\/canh-quat-may-nghien_result222-768x576.webp 768w, https:\/\/congtybinhminh.com\/wp-content\/uploads\/2024\/10\/canh-quat-may-nghien_result222-510x383.webp 510w\" sizes=\"auto, (max-width: 800px) 100vw, 800px\" \/><\/p>\n<p>Silo b\u1ea7u gi\u00f3 s\u1ebd h\u00fat v\u00e0 ch\u1ee9a to\u00e0n b\u1ed9 b\u1ed9t ngay khi \u0111\u01b0\u1ee3c nghi\u1ec1n \u0111\u01b0a xu\u1ed1ng c\u1eeda x\u1ea3, \u0111i\u1ec1u n\u00e0y s\u1ebd gi\u00fap qu\u00e1 tr\u00ecnh nghi\u1ec1n kh\u00f4ng g\u00e2y b\u1ee5i &#8211; gi\u1ea3m th\u1ea5t tho\u00e1t nguy\u00ean li\u1ec7u<\/p>\n<p><img loading=\"lazy\" decoding=\"async\" class=\"aligncenter wp-image-10202 size-full\" src=\"https:\/\/congtybinhminh.com\/wp-content\/uploads\/2024\/10\/silo-bau-gio_result222.webp\" alt=\"silo-bau-gio_result222\" width=\"800\" height=\"600\" srcset=\"https:\/\/congtybinhminh.com\/wp-content\/uploads\/2024\/10\/silo-bau-gio_result222.webp 800w, https:\/\/congtybinhminh.com\/wp-content\/uploads\/2024\/10\/silo-bau-gio_result222-533x400.webp 533w, https:\/\/congtybinhminh.com\/wp-content\/uploads\/2024\/10\/silo-bau-gio_result222-768x576.webp 768w, https:\/\/congtybinhminh.com\/wp-content\/uploads\/2024\/10\/silo-bau-gio_result222-510x383.webp 510w\" sizes=\"auto, (max-width: 800px) 100vw, 800px\" \/><\/p>\n<h3>Bu\u1ed3ng nghi\u1ec1n linh ho\u1ea1t<\/h3>\n<p>B\u00ean trong m\u00e1y nghi\u1ec1n \u0111\u01b0\u1ee3c thi\u1ebft k\u1ebf g\u1ed3m 24 b\u00faa nghi\u1ec1n chuy\u1ec3n \u0111\u1ed9ng k\u1ebft h\u1ee3p v\u1edbi 4 \u0111\u0129a \u0111\u00e0 v\u00e0 9 b\u00faa c\u1ed1 \u0111\u1ecbnh l\u00e0m nhi\u1ec7m v\u1ee5 \u0111\u1eadp v\u1ee1 v\u00e0 nghi\u1ec1n nguy\u00ean li\u1ec7u li\u1ec7u v\u1edbi m\u1eb7t s\u00e0ng, \u0111\u1ebfn khi b\u1ed9t \u0111\u1ea1t chu\u1ea9n s\u1ebd qua l\u1ed7 s\u00e0ng tho\u00e1t ra ngo\u00e0i<\/p>\n<p><img loading=\"lazy\" decoding=\"async\" class=\"aligncenter wp-image-10198 size-full\" src=\"https:\/\/congtybinhminh.com\/wp-content\/uploads\/2024\/10\/may-nghien-bua-1-pha_result222.webp\" alt=\"may-nghien-bua-1-pha_result222\" width=\"800\" height=\"1463\" srcset=\"https:\/\/congtybinhminh.com\/wp-content\/uploads\/2024\/10\/may-nghien-bua-1-pha_result222.webp 800w, https:\/\/congtybinhminh.com\/wp-content\/uploads\/2024\/10\/may-nghien-bua-1-pha_result222-219x400.webp 219w, https:\/\/congtybinhminh.com\/wp-content\/uploads\/2024\/10\/may-nghien-bua-1-pha_result222-437x800.webp 437w, https:\/\/congtybinhminh.com\/wp-content\/uploads\/2024\/10\/may-nghien-bua-1-pha_result222-768x1404.webp 768w, https:\/\/congtybinhminh.com\/wp-content\/uploads\/2024\/10\/may-nghien-bua-1-pha_result222-510x933.webp 510w\" sizes=\"auto, (max-width: 800px) 100vw, 800px\" \/><\/p>\n<p>Ng\u01b0\u1eddi d\u00f9ng c\u00f3 th\u1ec3 \u0111i\u1ec1u ch\u1ec9nh \u0111\u1ed9 m\u1ecbn c\u1ee7a th\u00e0nh ph\u1ea9m b\u1eb1ng c\u00e1ch l\u1ef1a ch\u1ecdn m\u1eb7t s\u00e0ng l\u1eafp trong m\u00e1y<\/p>\n<h3>C\u00f4ng t\u1eafc aptomat an to\u00e0n<\/h3>\n<p>M\u00e1y thi\u1ebft k\u1ebf c\u00f4ng t\u1eafc b\u00ean khung, b\u1ea3o v\u1ec7 m\u1ea1ch \u0111i\u1ec7n ng\u0103n c\u00e1c tr\u01b0\u1eddng h\u1ee3p qu\u00e1 t\u1ea3i, s\u1ee5t \u00e1p v\u00e0 ch\u1ed1ng gi\u1eadt b\u1ea3o \u0111\u1ea3m an to\u00e0n cho ng\u01b0\u1eddi d\u00f9ng<\/p>\n<p><img loading=\"lazy\" decoding=\"async\" class=\"aligncenter wp-image-10196 size-full\" src=\"https:\/\/congtybinhminh.com\/wp-content\/uploads\/2024\/10\/cong-tac-aptomat_result222.webp\" alt=\"cong-tac-aptomat_result222\" width=\"800\" height=\"572\" srcset=\"https:\/\/congtybinhminh.com\/wp-content\/uploads\/2024\/10\/cong-tac-aptomat_result222.webp 800w, https:\/\/congtybinhminh.com\/wp-content\/uploads\/2024\/10\/cong-tac-aptomat_result222-559x400.webp 559w, https:\/\/congtybinhminh.com\/wp-content\/uploads\/2024\/10\/cong-tac-aptomat_result222-768x549.webp 768w, https:\/\/congtybinhminh.com\/wp-content\/uploads\/2024\/10\/cong-tac-aptomat_result222-510x365.webp 510w\" sizes=\"auto, (max-width: 800px) 100vw, 800px\" \/><\/p>\n<ul>\n<li>M\u1edf c\u00f4ng t\u1eafc: khi mu\u1ed1n ch\u1ea1y m\u00e1y<\/li>\n<li>Ng\u1eaft c\u00f4ng t\u1eafc: khi mu\u1ed1n d\u1eebng m\u00e1y<\/li>\n<\/ul>\n<h3>Cho n\u0103ng su\u1ea5t cao<\/h3>\n<p>M\u00e1y nghi\u1ec1n th\u1ee9c \u0103n ch\u0103n nu\u00f4i 1 pha s\u1eed d\u1ee5ng \u0111\u1ed9ng c\u01a1 3,5kw motor l\u00f5i d\u00e2y \u0111\u1ed3ng 100% cho n\u0103ng su\u1ea5t cao<\/p>\n<p><img loading=\"lazy\" decoding=\"async\" class=\"aligncenter wp-image-10197 size-full\" src=\"https:\/\/congtybinhminh.com\/wp-content\/uploads\/2024\/10\/dong-co-may-nghien_result222.webp\" alt=\"dong-co-may-nghien_result222\" width=\"800\" height=\"572\" srcset=\"https:\/\/congtybinhminh.com\/wp-content\/uploads\/2024\/10\/dong-co-may-nghien_result222.webp 800w, https:\/\/congtybinhminh.com\/wp-content\/uploads\/2024\/10\/dong-co-may-nghien_result222-559x400.webp 559w, https:\/\/congtybinhminh.com\/wp-content\/uploads\/2024\/10\/dong-co-may-nghien_result222-768x549.webp 768w, https:\/\/congtybinhminh.com\/wp-content\/uploads\/2024\/10\/dong-co-may-nghien_result222-510x365.webp 510w\" sizes=\"auto, (max-width: 800px) 100vw, 800px\" \/><\/p>\n<p>Th\u00e0nh ph\u1ea9m sau khi nghi\u1ec1n c\u00f3 th\u1ec3 cho v\u1eadt nu\u00f4i d\u00f9ng ngay ho\u1eb7c cho v\u00e0o m\u00e1y \u00e9p t\u1ea1o th\u00e0nh vi\u00ean d\u00f9ng d\u1ea7n<\/p>\n<h2>M\u00e1y nghi\u1ec1n th\u1ee9c \u0103n ch\u0103n nu\u00f4i Bi24 mang t\u1edbi gi\u1ea3i ph\u00e1p g\u00ec cho b\u1ea1n ?<\/h2>\n<p>Hi\u1ec7n nay, c\u00e1c c\u01a1 s\u1edf s\u1ea3n xu\u1ea5t th\u1ef1c ph\u1ea9m \u0111\u00e3 d\u1ea7n thay th\u1ebf ph\u01b0\u01a1ng ph\u00e1p t\u1ee7 c\u00f4ng sang s\u1eed d\u1ee5ng thi\u1ebft b\u1ecb chuy\u00ean d\u1ee5ng, g\u00f3p ph\u1ea7n n\u00e2ng cao ch\u1ea5t l\u01b0\u1ee3ng v\u00e0 \u0111\u00e1p \u1ee9ng nhu c\u1ea7u th\u1ecb tr\u01b0\u1eddng:<\/p>\n<p><img loading=\"lazy\" decoding=\"async\" class=\"aligncenter wp-image-10219 size-full\" src=\"https:\/\/congtybinhminh.com\/wp-content\/uploads\/2024\/10\/may-nghien-inox_result222.webp\" alt=\"may-nghien-inox_result222\" width=\"800\" height=\"575\" srcset=\"https:\/\/congtybinhminh.com\/wp-content\/uploads\/2024\/10\/may-nghien-inox_result222.webp 800w, https:\/\/congtybinhminh.com\/wp-content\/uploads\/2024\/10\/may-nghien-inox_result222-557x400.webp 557w, https:\/\/congtybinhminh.com\/wp-content\/uploads\/2024\/10\/may-nghien-inox_result222-768x552.webp 768w, https:\/\/congtybinhminh.com\/wp-content\/uploads\/2024\/10\/may-nghien-inox_result222-510x367.webp 510w\" sizes=\"auto, (max-width: 800px) 100vw, 800px\" \/><\/p>\n<ul>\n<li>Qu\u00e1 tr\u00ecnh nghi\u1ec1n t\u1ef1 \u0111\u1ed9ng, r\u00fat ng\u1eafn th\u1eddi gian nhanh h\u01a1n ti\u1ebft ki\u1ec7m th\u1eddi gian v\u00e0 c\u00f4ng s\u1ee9c<\/li>\n<li>N\u0103ng su\u1ea5t cao v\u01b0\u1ee3t tr\u1ed9i &#8211; ch\u1ea5t l\u01b0\u1ee3ng th\u00e0nh ph\u1ea9m \u0111\u1ed3ng \u0111\u1ec1u<\/li>\n<li>Linh ho\u1ea1t l\u1ef1a ch\u1ecdn m\u1eb7t s\u00e0ng \u0111i\u1ec1u ch\u1ec9nh \u0111\u1ed9 m\u1ecbn c\u1ee7a b\u1ed9t<\/li>\n<li>M\u00e1y nghi\u1ec1n \u0111a d\u1ea1ng nguy\u00ean li\u1ec7u: nghi\u1ec1n b\u1ed9t g\u1ea1o; b\u1ed9t ng\u00f4; b\u1ed9t d\u01b0\u1ee3c li\u1ec7u..<\/li>\n<\/ul>\n<h2>\u0110\u1ecba ch\u1ec9 mua m\u00e1y nghi\u1ec1n gi\u00e1 g\u1ed1c t\u1ea1i x\u01b0\u1edfng<\/h2>\n<p>\u0110\u1ec3 \u0111\u1eb7t mua h\u00e0ng ch\u00ednh h\u00e3ng, b\u00e0 con c\u00f3 th\u1ec3 \u0111\u1ebfn tr\u1ee5 s\u1edf g\u1ea7n nh\u1ea5t c\u1ee7a c\u00f4ng ty \u0111\u1ec3 xem v\u00e0 \u0111\u1eb7t mua h\u00e0ng;<\/p>\n<ul>\n<li>Tr\u1ee5 s\u1edf ch\u00ednh: P.L\u00ea L\u1ee3i &#8211; Tx S\u01a1n T\u00e2y &#8211; H\u00e0 N\u1ed9i<\/li>\n<li>Chi nh\u00e1nh mi\u1ec1n Nam: x\u00e3 T\u00e2n Ki\u00ean &#8211; H. B\u00ecnh Ch\u00e1nh &#8211; Tp H\u1ed3 Ch\u00ed Minh<\/li>\n<\/ul>\n<p><img loading=\"lazy\" decoding=\"async\" class=\"aligncenter wp-image-9695 size-full\" src=\"https:\/\/congtybinhminh.com\/wp-content\/uploads\/2024\/05\/dia-chi-mua-may-nghien_result222.webp\" alt=\"dia-chi-mua-may-nghien_result222\" width=\"800\" height=\"1231\" srcset=\"https:\/\/congtybinhminh.com\/wp-content\/uploads\/2024\/05\/dia-chi-mua-may-nghien_result222.webp 800w, https:\/\/congtybinhminh.com\/wp-content\/uploads\/2024\/05\/dia-chi-mua-may-nghien_result222-260x400.webp 260w, https:\/\/congtybinhminh.com\/wp-content\/uploads\/2024\/05\/dia-chi-mua-may-nghien_result222-520x800.webp 520w, https:\/\/congtybinhminh.com\/wp-content\/uploads\/2024\/05\/dia-chi-mua-may-nghien_result222-768x1182.webp 768w, https:\/\/congtybinhminh.com\/wp-content\/uploads\/2024\/05\/dia-chi-mua-may-nghien_result222-510x785.webp 510w\" sizes=\"auto, (max-width: 800px) 100vw, 800px\" \/><\/p>\n<p>Khi \u0111\u1ebfn \u0111\u00e2y, b\u00e0 con s\u1ebd \u0111\u01b0\u1ee3c th\u1eed nghi\u1ec7m v\u1eadn h\u00e0nh m\u00e1y d\u01b0\u1edbi s\u1ef1 h\u01b0\u1edbng d\u1eabn c\u1ee7a \u0111\u1ed9i ng\u0169 k\u1ef9 thu\u1eadt<\/p>\n<p>\u0110\u1ed1i v\u1edbi b\u00e0 con \u1edf xa, c\u00f3 th\u1ec3 li\u00ean h\u1ec7 t\u1edbi s\u1ed1 \u0111i\u1ec7n tho\u1ea1i tr\u00ean website ho\u1eb7c \u0111\u1ec3 l\u1ea1i l\u1eddi nh\u1eafn \u0111\u1ed9i ng\u0169 t\u01b0 v\u1ea5n s\u1ebd li\u00ean h\u1ec7 b\u00e0 con trong th\u1eddi gian s\u1edbm nh\u1ea5t<\/p>\n<p><strong>Th\u00f4ng s\u1ed1 k\u1ef9 thu\u1eadt<\/strong><\/p>\n<table border=\"1\" cellspacing=\"1\" cellpadding=\"1\">\n<tbody>\n<tr>\n<td colspan=\"1\" rowspan=\"3\">\u0110\u1ed9ng c\u01a1<\/td>\n<td>C\u00f4ng su\u1ea5t \u0111\u1ed9ng c\u01a1<\/td>\n<td>3.5kw<\/td>\n<\/tr>\n<tr>\n<td>Ngu\u1ed3n \u0111i\u1ec7n<\/td>\n<td>220V<\/td>\n<\/tr>\n<tr>\n<td>T\u1ed1c \u0111\u1ed9<\/td>\n<td>2900 v\/p<\/td>\n<\/tr>\n<tr>\n<td colspan=\"1\" rowspan=\"2\">B\u1ea3o h\u00e0nh<\/td>\n<td>K\u1ef9 thu\u1eadt<\/td>\n<td>06 th\u00e1ng<\/td>\n<\/tr>\n<tr>\n<td>\u0110\u1ed9ng c\u01a1<\/td>\n<td>Theo t\u1eebng h\u00e3ng s\u1ea3n xu\u1ea5t<\/td>\n<\/tr>\n<tr>\n<td>N\u0103ng su\u1ea5t<\/td>\n<td colspan=\"2\" rowspan=\"1\">\u00a0kg\/gi\u1edd<\/td>\n<\/tr>\n<tr>\n<td>K\u00edch th\u01b0\u1edbc (d*c*r)<\/td>\n<td colspan=\"2\" rowspan=\"1\">107*128*94 cm<\/td>\n<\/tr>\n<tr>\n<td>H\u00ecnh th\u1ee9c thanh to\u00e1n<\/td>\n<td colspan=\"2\" rowspan=\"1\">Ti\u1ec1n m\u1eb7t ho\u1eb7c chuy\u1ec3n kho\u1ea3n<\/td>\n<\/tr>\n<\/tbody>\n<\/table>\n","protected":false},"excerpt":{"rendered":"<ul>\n<li><strong>H\u00e3ng s\u1ea3n xu\u1ea5t:\u00a0<\/strong>B\u00ecnh Minh<\/li>\n<li><strong>C\u00f4ng su\u1ea5t \u0111\u1ed9ng c\u01a1:\u00a0<\/strong>3,5kw<\/li>\n<li><strong>Ngu\u1ed3n \u0111i\u1ec7n:\u00a0<\/strong>220V<\/li>\n<li><strong>T\u1ed1c \u0111\u1ed9:\u00a0<\/strong>2900 v\/p<\/li>\n<li><strong>K\u00edch th\u01b0\u1edbc (d*c*r):<\/strong> 107*128*94 cm<\/li>\n<li><strong>T\u00ednh n\u0103ng:\u00a0<\/strong>M\u00e1y chuy\u00ean d\u00f9ng nghi\u1ec1n c\u00e1c lo\u1ea1i g\u1ea1o, ng\u00f4 h\u1ea1t, th\u00f3c, tr\u1ea5u&#8230; v\u00e0 c\u00e1c lo\u1ea1i ph\u1ee5 ph\u1ea9m kh\u00e1c<\/li>\n<\/ul>\n","protected":false},"featured_media":10188,"comment_status":"closed","ping_status":"closed","template":"","meta":[],"product_brand":[],"product_cat":[32],"product_tag":[],"class_list":{"0":"post-10187","1":"product","2":"type-product","3":"status-publish","4":"has-post-thumbnail","6":"product_cat-may-nghien","8":"first","9":"instock","10":"shipping-taxable","11":"product-type-simple"},"_links":{"self":[{"href":"https:\/\/congtybinhminh.com\/index.php?rest_route=\/wp\/v2\/product\/10187","targetHints":{"allow":["GET"]}}],"collection":[{"href":"https:\/\/congtybinhminh.com\/index.php?rest_route=\/wp\/v2\/product"}],"about":[{"href":"https:\/\/congtybinhminh.com\/index.php?rest_route=\/wp\/v2\/types\/product"}],"replies":[{"embeddable":true,"href":"https:\/\/congtybinhminh.com\/index.php?rest_route=%2Fwp%2Fv2%2Fcomments&post=10187"}],"wp:featuredmedia":[{"embeddable":true,"href":"https:\/\/congtybinhminh.com\/index.php?rest_route=\/wp\/v2\/media\/10188"}],"wp:attachment":[{"href":"https:\/\/congtybinhminh.com\/index.php?rest_route=%2Fwp%2Fv2%2Fmedia&parent=10187"}],"wp:term":[{"taxonomy":"product_brand","embeddable":true,"href":"https:\/\/congtybinhminh.com\/index.php?rest_route=%2Fwp%2Fv2%2Fproduct_brand&post=10187"},{"taxonomy":"product_cat","embeddable":true,"href":"https:\/\/congtybinhminh.com\/index.php?rest_route=%2Fwp%2Fv2%2Fproduct_cat&post=10187"},{"taxonomy":"product_tag","embeddable":true,"href":"https:\/\/congtybinhminh.com\/index.php?rest_route=%2Fwp%2Fv2%2Fproduct_tag&post=10187"}],"curies":[{"name":"wp","href":"https:\/\/api.w.org\/{rel}","templated":true}]}}