{"id":10172,"date":"2024-09-30T15:08:17","date_gmt":"2024-09-30T08:08:17","guid":{"rendered":"https:\/\/congtybinhminh.com\/?post_type=product&#038;p=10172"},"modified":"2024-09-30T15:08:18","modified_gmt":"2024-09-30T08:08:18","slug":"may-bam-co-g250-inox","status":"publish","type":"product","link":"https:\/\/congtybinhminh.com\/?product=may-bam-co-g250-inox","title":{"rendered":"M\u00e1y b\u0103m c\u1ecf G250 inox"},"content":{"rendered":"<h2>Gi\u1edbi thi\u1ec7u m\u00e1y b\u0103m c\u1ecf G250 inox<\/h2>\n<p>M\u00e1y b\u0103m c\u1ecf G250 inox do c\u00f4ng ty B\u00ecnh Minh s\u1ea3n xu\u1ea5t &#8211; gi\u1ea3i ph\u00e1p l\u00fd t\u01b0\u1edfng cho c\u00e1c ch\u0103n nu\u00f4i gia \u0111\u00ecnh hay c\u00e1c c\u01a1 s\u1edf ch\u1ebf bi\u1ebfn<\/p>\n<p><img loading=\"lazy\" decoding=\"async\" class=\"aligncenter wp-image-10178 size-full\" src=\"https:\/\/congtybinhminh.com\/wp-content\/uploads\/2024\/09\/may-bam-co-g250-inox-binh-minh_result222.webp\" alt=\"may-bam-co-g250-inox-binh-minh_result222\" width=\"800\" height=\"1078\" srcset=\"https:\/\/congtybinhminh.com\/wp-content\/uploads\/2024\/09\/may-bam-co-g250-inox-binh-minh_result222.webp 800w, https:\/\/congtybinhminh.com\/wp-content\/uploads\/2024\/09\/may-bam-co-g250-inox-binh-minh_result222-297x400.webp 297w, https:\/\/congtybinhminh.com\/wp-content\/uploads\/2024\/09\/may-bam-co-g250-inox-binh-minh_result222-594x800.webp 594w, https:\/\/congtybinhminh.com\/wp-content\/uploads\/2024\/09\/may-bam-co-g250-inox-binh-minh_result222-768x1035.webp 768w, https:\/\/congtybinhminh.com\/wp-content\/uploads\/2024\/09\/may-bam-co-g250-inox-binh-minh_result222-510x687.webp 510w\" sizes=\"auto, (max-width: 800px) 100vw, 800px\" \/><\/p>\n<p>M\u00e1y chuy\u00ean d\u00f9ng b\u0103m nh\u1ecf c\u00e1c lo\u1ea1i c\u1ecf, d\u01b0\u1ee3c li\u1ec7u.. gi\u00fap t\u1ed1i \u01b0u h\u00f3a qu\u00e1 tr\u00ecnh ch\u1ebf bi\u1ebfn mang l\u1ea1i nhi\u1ec1u ti\u1ec7n \u00edch cho ng\u01b0\u1eddi d\u00f9ng:<\/p>\n<ul>\n<li>Th\u00edch h\u1ee3p s\u1eed d\u1ee5ng t\u1ea1i c\u00e1c h\u1ed9 gia \u0111\u00ecnh, n\u00f4ng tr\u1ea1i nh\u1ecf<\/li>\n<li>Gi\u00fap b\u00e0 con gi\u1ea3m b\u1edbt s\u1ee9c lao \u0111\u1ed9ng, ti\u1ebft ki\u1ec7m th\u1eddi gian<\/li>\n<li>N\u00e2ng cao ch\u1ea5t l\u01b0\u1ee3ng th\u00e0nh ph\u1ea9m<\/li>\n<\/ul>\n<h2>C\u1ea5u t\u1ea1o m\u00e1y b\u0103m c\u1ecf G250 inox<\/h2>\n<h3>Khung m\u00e1y ch\u1eafc ch\u1eafn<\/h3>\n<p>M\u00e1y \u0111\u01b0\u1ee3c l\u00e0m b\u1eb1ng ch\u1ea5t li\u1ec7u inox cao c\u1ea5p kh\u00f4ng g\u00e2y han g\u1ec9, v\u1edbi ph\u1ea7n k\u1ebft c\u1ea5u m\u00e1y \u0111\u01b0\u1ee3c h\u00e0n g\u1eafn ch\u1eafc ch\u1eafn kh\u00f4ng g\u00e2y rung l\u1eafc trong qu\u00e1 tr\u00ecnh v\u1eadn h\u00e0nh<\/p>\n<p><img loading=\"lazy\" decoding=\"async\" class=\"aligncenter wp-image-10179 size-full\" src=\"https:\/\/congtybinhminh.com\/wp-content\/uploads\/2024\/09\/cau-tao-may-bam-co-g250-inox_result222-1.webp\" alt=\"cau-tao-may-bam-co-g250-inox_result222\" width=\"800\" height=\"600\" srcset=\"https:\/\/congtybinhminh.com\/wp-content\/uploads\/2024\/09\/cau-tao-may-bam-co-g250-inox_result222-1.webp 800w, https:\/\/congtybinhminh.com\/wp-content\/uploads\/2024\/09\/cau-tao-may-bam-co-g250-inox_result222-1-533x400.webp 533w, https:\/\/congtybinhminh.com\/wp-content\/uploads\/2024\/09\/cau-tao-may-bam-co-g250-inox_result222-1-768x576.webp 768w, https:\/\/congtybinhminh.com\/wp-content\/uploads\/2024\/09\/cau-tao-may-bam-co-g250-inox_result222-1-510x383.webp 510w\" sizes=\"auto, (max-width: 800px) 100vw, 800px\" \/><\/p>\n<p>Ph\u00eda d\u01b0\u1edbi ch\u00e2n m\u00e1y l\u1eafp \u0111\u1eb7t 4 b\u00e1nh xe thu\u1eadn ti\u1ec7n di chuy\u1ec3n v\u1ecb tr\u00ed \u0111\u1eb7t m\u00e1y<\/p>\n<h3>H\u1ec7 th\u1ed1ng b\u0103ng t\u1ea3i t\u1ef1 \u0111\u1ed9ng<\/h3>\n<p>M\u00e1y b\u0103m c\u1ecf c\u00f3 b\u0103ng t\u1ea3i t\u1ef1 \u0111\u1ed9ng \u0111\u01b0a nguy\u00ean li\u1ec7u v\u00e0o bu\u1ed3ng b\u0103m m\u00e0 ng\u01b0\u1eddi d\u00f9ng kh\u00f4ng ph\u1ea3i d\u00f9ng tay \u0111\u01b0a tr\u1ef1c ti\u1ebfp nguy\u00ean li\u1ec7u v\u00e0o toa<\/p>\n<p><img loading=\"lazy\" decoding=\"async\" class=\"aligncenter wp-image-10180 size-full\" src=\"https:\/\/congtybinhminh.com\/wp-content\/uploads\/2024\/09\/may-bam-co-co-bang-tai_result222-2.webp\" alt=\"may-bam-co-co-bang-tai_result222\" width=\"800\" height=\"450\" srcset=\"https:\/\/congtybinhminh.com\/wp-content\/uploads\/2024\/09\/may-bam-co-co-bang-tai_result222-2.webp 800w, https:\/\/congtybinhminh.com\/wp-content\/uploads\/2024\/09\/may-bam-co-co-bang-tai_result222-2-711x400.webp 711w, https:\/\/congtybinhminh.com\/wp-content\/uploads\/2024\/09\/may-bam-co-co-bang-tai_result222-2-768x432.webp 768w, https:\/\/congtybinhminh.com\/wp-content\/uploads\/2024\/09\/may-bam-co-co-bang-tai_result222-2-510x287.webp 510w\" sizes=\"auto, (max-width: 800px) 100vw, 800px\" \/><\/p>\n<p>B\u0103ng t\u1ea3i \u0111\u01b0\u1ee3c thi\u1ebft k\u1ebf n\u1eb1m ngang v\u1edbi \u0111\u1ed9 cao v\u1eeba t\u1ea7m ng\u01b0\u1eddi d\u00f9ng an to\u00e0n khi s\u1eed d\u1ee5ng<\/p>\n<p>Th\u00e0nh ph\u1ea9m sau khi b\u0103m \u0111\u01b0\u1ee3c \u0111\u01b0a ra ngo\u00e0i c\u1eeda x\u1ea3. Ph\u00eda tr\u01b0\u1edbc c\u1eeda x\u1ea3 c\u00f3 t\u1ea5m ch\u1eafn \u0111i\u1ec1u h\u01b0\u1edbng phun c\u1ee7a c\u1ecf;<\/p>\n<p><img loading=\"lazy\" decoding=\"async\" class=\"aligncenter wp-image-10181 size-full\" src=\"https:\/\/congtybinhminh.com\/wp-content\/uploads\/2024\/09\/may-bam-co-inox_result222-1.webp\" alt=\"may-bam-co-inox_result222\" width=\"800\" height=\"441\" srcset=\"https:\/\/congtybinhminh.com\/wp-content\/uploads\/2024\/09\/may-bam-co-inox_result222-1.webp 800w, https:\/\/congtybinhminh.com\/wp-content\/uploads\/2024\/09\/may-bam-co-inox_result222-1-726x400.webp 726w, https:\/\/congtybinhminh.com\/wp-content\/uploads\/2024\/09\/may-bam-co-inox_result222-1-768x423.webp 768w, https:\/\/congtybinhminh.com\/wp-content\/uploads\/2024\/09\/may-bam-co-inox_result222-1-510x281.webp 510w\" sizes=\"auto, (max-width: 800px) 100vw, 800px\" \/><\/p>\n<ul>\n<li>G\u1eadp t\u1ea5m ch\u1eafn xu\u1ed1ng n\u1ebfu mu\u1ed1n c\u1ecf phun g\u1ea7n<\/li>\n<li>N\u00e2ng t\u1ea5m ch\u1eafn l\u00ean n\u1ebfu mu\u1ed1n c\u1ecf phun xa<\/li>\n<\/ul>\n<h3>Bu\u1ed3ng dao b\u0103m linh ho\u1ea1t<\/h3>\n<p>Kh\u00e1c v\u1edbi c\u00e1c d\u00f2ng m\u00e1y b\u0103m th\u00f4ng th\u01b0\u1eddng, m\u00e1y b\u0103m c\u1ecf G250 \u0111\u01b0\u1ee3c thi\u1ebft k\u1ebf v\u1edbi 2 bu\u1ed3ng l\u00e0m vi\u1ec7c:<\/p>\n<p><img loading=\"lazy\" decoding=\"async\" class=\"aligncenter wp-image-10182 size-full\" src=\"https:\/\/congtybinhminh.com\/wp-content\/uploads\/2024\/09\/dao-bam-co_result222-2.webp\" alt=\"dao-bam-co_result222\" width=\"800\" height=\"1146\" srcset=\"https:\/\/congtybinhminh.com\/wp-content\/uploads\/2024\/09\/dao-bam-co_result222-2.webp 800w, https:\/\/congtybinhminh.com\/wp-content\/uploads\/2024\/09\/dao-bam-co_result222-2-279x400.webp 279w, https:\/\/congtybinhminh.com\/wp-content\/uploads\/2024\/09\/dao-bam-co_result222-2-558x800.webp 558w, https:\/\/congtybinhminh.com\/wp-content\/uploads\/2024\/09\/dao-bam-co_result222-2-768x1100.webp 768w, https:\/\/congtybinhminh.com\/wp-content\/uploads\/2024\/09\/dao-bam-co_result222-2-510x731.webp 510w\" sizes=\"auto, (max-width: 800px) 100vw, 800px\" \/><\/p>\n<ul>\n<li>1 bu\u1ed3ng b\u0103m ch\u00ednh g\u1ed3m 5 doa to 2 l\u01b0\u1ee1i \u0111\u01b0\u1ee3c r\u00e8n s\u1eafc b\u00e9n<\/li>\n<li>1 b\u0103m ph\u1ee5 \u0111\u01b0\u1ee3c thi\u1ebft k\u1ebf g\u1ed3m 15 l\u01b0\u1ee1i dao h\u00ecnh tam gi\u00e1c n\u1eb1m tr\u00ean tr\u1ee5c ngang tr\u01b0\u1edbc c\u1eeda x\u1ea3. K\u1ebft h\u1ee3p 2 thanh dao xung quanh g\u1ed3m 12 l\u01b0\u1ee1i dao g\u1eafn c\u1ed1 \u0111\u1ecbnh tr\u01b0\u1edbc c\u1eeda x\u1ea3<\/li>\n<\/ul>\n<h3>C\u1ea7n g\u1ea1t \u0111i\u1ec1u ch\u1ec9nh th\u00f4ng minh<\/h3>\n<p>M\u00e1y \u0111\u01b0\u1ee3c trang b\u1ecb c\u1ea7n g\u1ea1t gi\u00fap ng\u01b0\u1eddi d\u00f9ng \u0111i\u1ec1u ch\u1ec9nh t\u1ed1c \u0111\u1ed9 nhanh &#8211; ch\u1eadm c\u1ee7a b\u0103ng t\u1ea3i v\u00e0 l\u00f4 cu\u1ed1n. Qua \u0111\u00f3, cho ra k\u00edch th\u01b0\u1edbc th\u00e0nh ph\u1ea9m to &#8211; nh\u1ecf nh\u01b0 mong mu\u1ed1n<\/p>\n<p><img loading=\"lazy\" decoding=\"async\" class=\"aligncenter wp-image-10184 size-full\" src=\"https:\/\/congtybinhminh.com\/wp-content\/uploads\/2024\/09\/can-gat-dieu-chinh_result222.webp\" alt=\"can-gat-dieu-chinh_result222\" width=\"800\" height=\"537\" srcset=\"https:\/\/congtybinhminh.com\/wp-content\/uploads\/2024\/09\/can-gat-dieu-chinh_result222.webp 800w, https:\/\/congtybinhminh.com\/wp-content\/uploads\/2024\/09\/can-gat-dieu-chinh_result222-596x400.webp 596w, https:\/\/congtybinhminh.com\/wp-content\/uploads\/2024\/09\/can-gat-dieu-chinh_result222-768x516.webp 768w, https:\/\/congtybinhminh.com\/wp-content\/uploads\/2024\/09\/can-gat-dieu-chinh_result222-510x342.webp 510w\" sizes=\"auto, (max-width: 800px) 100vw, 800px\" \/><\/p>\n<ul>\n<li>G\u1ea1t c\u1ea7n b\u00ean trong: t\u1ed1c \u0111\u1ed9 l\u00f4 cu\u1ed1n b\u0103m nhanh &#8211; cho ra th\u00e0nh ph\u1ea9m to<\/li>\n<li>G\u1ea1t c\u1ea7n b\u00ean ngo\u00e0i: t\u1ed1c \u0111\u1ed9 cu\u1ed1n b\u0103m ch\u1eadm &#8211; cho ra th\u00e0nh ph\u1ea9m nh\u1ecf<\/li>\n<\/ul>\n<h3>\u0110\u1ed9ng c\u01a1 l\u00f5i \u0111\u1ed3ng 100%<\/h3>\n<p>M\u00e1y b\u0103m c\u1ecf s\u1eed d\u1ee5ng d\u00e2y curoa k\u1ebft n\u1ed1i gi\u1eefa c\u00e1c buly truy\u1ec1n l\u1ef1c t\u1eeb \u0111\u1ed9ng c\u01a1 t\u1edbi buly m\u00e1y v\u00e0o bu\u1ed3ng b\u0103m<\/p>\n<p><img loading=\"lazy\" decoding=\"async\" class=\"aligncenter wp-image-10185 size-full\" src=\"https:\/\/congtybinhminh.com\/wp-content\/uploads\/2024\/09\/phu-kien-may-bam-co_result222.webp\" alt=\"phu-kien-may-bam-co_result222\" width=\"800\" height=\"600\" srcset=\"https:\/\/congtybinhminh.com\/wp-content\/uploads\/2024\/09\/phu-kien-may-bam-co_result222.webp 800w, https:\/\/congtybinhminh.com\/wp-content\/uploads\/2024\/09\/phu-kien-may-bam-co_result222-533x400.webp 533w, https:\/\/congtybinhminh.com\/wp-content\/uploads\/2024\/09\/phu-kien-may-bam-co_result222-768x576.webp 768w, https:\/\/congtybinhminh.com\/wp-content\/uploads\/2024\/09\/phu-kien-may-bam-co_result222-510x383.webp 510w\" sizes=\"auto, (max-width: 800px) 100vw, 800px\" \/><\/p>\n<p>M\u00e1y b\u0103m c\u1ecf 1 pha s\u1eed d\u1ee5ng \u0111\u1ed9ng c\u01a1 3kw &#8211; 3,5kw motor l\u00f5i d\u00e2y \u0111\u1ed3ng 100% cho n\u0103ng su\u1ea5t cao<\/p>\n<p>Ngo\u00e0i ra, \u0111\u1ed1i v\u1edbi nh\u1eefng h\u1ed9 \u0111i\u1ec7n y\u1ebfu, \u0111i\u1ec7n kh\u00f4ng \u0111\u1ee7 t\u1ea3i c\u00f3 th\u1ec3 s\u1eed d\u1ee5ng \u0111\u1ea7u n\u1ed5 \u0111\u1ec3 ch\u1ea1y m\u00e1y m\u00e0 v\u1eabn \u0111\u1ea3m b\u1ea3o n\u0103ng su\u1ea5t<\/p>\n<h2>Nh\u1eefng l\u01b0u \u00fd khi s\u1eed d\u1ee5ng m\u00e1y b\u0103m c\u1ecf<\/h2>\n<p>Khi s\u1eed d\u1ee5ng m\u00e1y b\u0103m c\u1ecf G250 inox, b\u00e0 con c\u1ea7n l\u01b0u \u00fd nh\u1eefng \u0111i\u1ec3m sau \u0111\u1ec3 \u0111\u1ea3m b\u1ea3o an to\u00e0n v\u00e0 hi\u1ec7u qu\u1ea3:<\/p>\n<ul>\n<li>\u0110\u1ecdc k\u1ef9 h\u01b0\u1edbng d\u1eabn s\u1eed d\u1ee5ng tr\u01b0\u1edbc khi d\u00f9ng<\/li>\n<li>Ki\u1ec3m tra m\u00e1y tr\u01b0\u1edbc khi s\u1eed d\u1ee5ng, \u0111\u1ea3m b\u1ea3o m\u00e1y \u0111\u01b0\u1ee3c \u0111\u1eb7t \u1edf v\u1ecb tr\u00ed \u1ed5n \u0111\u1ecbnh c\u00e1c b\u1ed9 ph\u1eadn c\u1ee7a m\u00e1y \u0111\u01b0\u1ee3c l\u1eafp \u0111\u00fang c\u00e1ch v\u00e0 ho\u1ea1t \u0111\u1ed9ng tr\u01a1n tru<\/li>\n<\/ul>\n<p><img loading=\"lazy\" decoding=\"async\" class=\"aligncenter wp-image-10183 size-full\" src=\"https:\/\/congtybinhminh.com\/wp-content\/uploads\/2024\/09\/dao-bam-co-voi_result222.webp\" alt=\"dao-bam-co-voi_result222\" width=\"800\" height=\"575\" srcset=\"https:\/\/congtybinhminh.com\/wp-content\/uploads\/2024\/09\/dao-bam-co-voi_result222.webp 800w, https:\/\/congtybinhminh.com\/wp-content\/uploads\/2024\/09\/dao-bam-co-voi_result222-557x400.webp 557w, https:\/\/congtybinhminh.com\/wp-content\/uploads\/2024\/09\/dao-bam-co-voi_result222-768x552.webp 768w, https:\/\/congtybinhminh.com\/wp-content\/uploads\/2024\/09\/dao-bam-co-voi_result222-510x367.webp 510w\" sizes=\"auto, (max-width: 800px) 100vw, 800px\" \/><\/p>\n<ul>\n<li>Kh\u00f4ng cho tay hay c\u00e1c v\u1eadt c\u1ee9ng v\u00e0o bu\u1ed3ng b\u0103m<\/li>\n<li>\u0110\u1ea3m b\u1ea3o ngu\u1ed3n \u0111i\u1ec7n \u1ed5n \u0111\u1ecbnh xuy\u00ean su\u1ed1t qu\u00e1 tr\u00ecnh ch\u1ea1y m\u00e1y<\/li>\n<li>Kh\u00f4ng n\u00ean cho c\u00e1c v\u1eadt li\u1ec7u c\u1ee9ng ho\u1ea1t kh\u00f4ng ph\u00f9 h\u1ee3p v\u00e0o m\u00e1y tr\u00e1nh l\u00e0m h\u1ecfng l\u01b0\u1ee1i dao v\u00e0 \u0111\u1ed9ng c\u01a1<\/li>\n<li>Th\u01b0\u1eddng xuy\u00ean b\u1ea3o d\u01b0\u1ee1ng \u0111\u1ecbnh k\u1ef3 \u0111\u1ec3 \u0111\u1ea3m b\u1ea3o tu\u1ed5i th\u1ecd m\u00e1y l\u00e2u d\u00e0i v\u00e0 hi\u1ec7u su\u1ea5t ho\u1ea1t \u0111\u1ed9ng t\u1ed1t nh\u1ea5t<\/li>\n<\/ul>\n<h2>V\u00ec sao n\u00ean d\u00f9ng m\u00e1y b\u0103m c\u1ecf inox B\u00ecnh Minh<\/h2>\n<p>C\u00f4ng ty B\u00ecnh Minh t\u1ef1 h\u00e0o l\u00e0 \u0111\u01a1n v\u1ecb chuy\u00ean s\u1ea3n xu\u1ea5t v\u00e0 cung c\u1ea5p m\u00e1y n\u00f4ng nghi\u1ec7p s\u1ed1 1 Vi\u1ec7t Nam v\u1edbi h\u01a1n 30 n\u0103m kinh nghi\u1ec7m trong l\u0129nh v\u1ef1c c\u01a1 kh\u00ed<\/p>\n<p>V\u1edbi trang thi\u1ebft b\u1ecb hi\u1ec7n \u0111\u1ea1i &#8211; \u0111\u1ed9i ng\u0169 k\u1ef9 thu\u1eadt tr\u00ecnh \u0111\u1ed9 cao. Ch\u00fang t\u00f4i cam k\u1ebft mang \u0111\u1ebfn cho b\u1ea1n nh\u1eefng s\u1ea3n ph\u1ea9m CH\u00cdNH H\u00c3NG &#8211; CH\u1ea4T L\u01af\u1ee2NG &#8211; GI\u00c1 TH\u00c0NH T\u1ed0T NH\u1ea4T<\/p>\n<p><img loading=\"lazy\" decoding=\"async\" class=\"aligncenter wp-image-9743 size-full\" src=\"https:\/\/congtybinhminh.com\/wp-content\/uploads\/2024\/04\/dia-chi-mua-may-bam-co_result222-1.webp\" alt=\"dia-chi-mua-may-bam-co_result222\" width=\"800\" height=\"1021\" srcset=\"https:\/\/congtybinhminh.com\/wp-content\/uploads\/2024\/04\/dia-chi-mua-may-bam-co_result222-1.webp 800w, https:\/\/congtybinhminh.com\/wp-content\/uploads\/2024\/04\/dia-chi-mua-may-bam-co_result222-1-313x400.webp 313w, https:\/\/congtybinhminh.com\/wp-content\/uploads\/2024\/04\/dia-chi-mua-may-bam-co_result222-1-627x800.webp 627w, https:\/\/congtybinhminh.com\/wp-content\/uploads\/2024\/04\/dia-chi-mua-may-bam-co_result222-1-768x980.webp 768w, https:\/\/congtybinhminh.com\/wp-content\/uploads\/2024\/04\/dia-chi-mua-may-bam-co_result222-1-510x651.webp 510w\" sizes=\"auto, (max-width: 800px) 100vw, 800px\" \/><\/p>\n<p>\u0110\u1ec3 \u0111\u1eb7t mua h\u00e0ng ch\u00ednh h\u00e3ng, b\u00e0 con c\u00f3 th\u1ec3 \u0111\u1ebfn tr\u1ee5 s\u1edf g\u1ea7n nh\u1ea5t c\u1ee7a c\u00f4ng ty \u0111\u1ec3 xem v\u00e0 \u0111\u1eb7t mua h\u00e0ng:<\/p>\n<ul>\n<li>Tr\u1ee5 s\u1edf ch\u00ednh : P. L\u00ea L\u1ee3i &#8211; Tx S\u01a1n T\u00e2y &#8211; H\u00e0 N\u1ed9i<\/li>\n<li>Chi nh\u00e1nh mi\u1ec1n Nam: x\u00e3 T\u00e2n Ki\u00ean &#8211; H, B\u00ecnh Ch\u00e1nh &#8211; TP H\u1ed3 Ch\u00ed Minh<\/li>\n<\/ul>\n<p>Khi \u0111\u1ebfn \u0111\u00e2y, b\u00e0 con s\u1ebd \u0111\u01b0\u1ee3c th\u1eed nghi\u1ec7m v\u1eadn h\u00e0nh m\u00e1y d\u01b0\u1edbi s\u1ef1 h\u01b0\u1edbng d\u1eabn c\u1ee7a \u0111\u1ed9i ng\u0169 k\u1ef9 thu\u1eadt<\/p>\n<p>\u0110\u1ed1i v\u1edbi b\u00e0 con \u1edf xa, c\u00f3 th\u1ec3 li\u00ean h\u1ec7 t\u1edbi s\u1ed1 \u0111i\u1ec7n tho\u1ea1i tr\u00ean website ho\u1eb7c \u0111\u1ec3 l\u1ea1i l\u1eddi nh\u1eafn \u0111\u1ed9i ng\u0169 t\u01b0 v\u1ea5n s\u1ebd li\u00ean h\u1ec7 t\u1edbi b\u00e0 con trong th\u1eddi gian s\u1edbm nh\u1ea5t<\/p>\n<p><strong>Th\u00f4ng s\u1ed1 k\u1ef9 thu\u1eadt\u00a0<\/strong><\/p>\n<table border=\"1\" cellspacing=\"1\" cellpadding=\"1\">\n<tbody>\n<tr>\n<td colspan=\"1\" rowspan=\"3\">\u0110\u1ed9ng c\u01a1<\/td>\n<td>C\u00f4ng su\u1ea5t \u0111\u1ed9ng c\u01a1<\/td>\n<td>3kw &#8211; 3.5kw<\/td>\n<\/tr>\n<tr>\n<td>T\u1ed1c \u0111\u1ed9<\/td>\n<td>v\/p<\/td>\n<\/tr>\n<tr>\n<td>Ngu\u1ed3n \u0111i\u1ec7n<\/td>\n<td>220V<\/td>\n<\/tr>\n<tr>\n<td colspan=\"1\" rowspan=\"2\">B\u1ea3o h\u00e0nh<\/td>\n<td>\u00a0K\u1ef9 thu\u1eadt<\/td>\n<td>06 th\u00e1ng<\/td>\n<\/tr>\n<tr>\n<td>\u0110\u1ed9ng c\u01a1<\/td>\n<td>Theo t\u1eebng h\u00e3ng s\u1ea3n xu\u1ea5t<\/td>\n<\/tr>\n<tr>\n<td>N\u0103ng su\u1ea5t<\/td>\n<td colspan=\"2\" rowspan=\"1\">kg\/gi\u1edd<\/td>\n<\/tr>\n<tr>\n<td>K\u00edch th\u01b0\u1edbc (d*c*r)<\/td>\n<td colspan=\"2\" rowspan=\"1\">130*80*51 cm<\/td>\n<\/tr>\n<tr>\n<td>H\u00ecnh th\u1ee9c thanh to\u00e1n<\/td>\n<td colspan=\"2\" rowspan=\"1\">Ti\u1ec1n m\u1eb7t ho\u1eb7c chuy\u1ec3n kho\u1ea3n<\/td>\n<\/tr>\n<\/tbody>\n<\/table>\n","protected":false},"excerpt":{"rendered":"<ul>\n<li><strong>H\u00e3ng s\u1ea3n xu\u1ea5t:<\/strong> B\u00ecnh Minh<\/li>\n<li><strong>C\u00f4ng su\u1ea5t \u0111\u1ed9ng c\u01a1 :<\/strong> 3 &#8211; 3.5kw<\/li>\n<li><strong>Ngu\u1ed3n \u0111i\u1ec7n:<\/strong> 220V<\/li>\n<li><strong>Ch\u1ea5t li\u1ec7u:<\/strong> inox<\/li>\n<li><strong>T\u00ednh n\u0103ng:<\/strong> m\u00e1y chuy\u00ean b\u0103m c\u00e1c lo\u1ea1i nguy\u00ean li\u1ec7u d\u1ea1ng c\u1ecf, d\u01b0\u1ee3c li\u1ec7u&#8230;<\/li>\n<\/ul>\n","protected":false},"featured_media":10173,"comment_status":"closed","ping_status":"closed","template":"","meta":[],"product_brand":[],"product_cat":[40],"product_tag":[],"class_list":{"0":"post-10172","1":"product","2":"type-product","3":"status-publish","4":"has-post-thumbnail","6":"product_cat-may-bam-co","8":"first","9":"instock","10":"shipping-taxable","11":"product-type-simple"},"_links":{"self":[{"href":"https:\/\/congtybinhminh.com\/index.php?rest_route=\/wp\/v2\/product\/10172","targetHints":{"allow":["GET"]}}],"collection":[{"href":"https:\/\/congtybinhminh.com\/index.php?rest_route=\/wp\/v2\/product"}],"about":[{"href":"https:\/\/congtybinhminh.com\/index.php?rest_route=\/wp\/v2\/types\/product"}],"replies":[{"embeddable":true,"href":"https:\/\/congtybinhminh.com\/index.php?rest_route=%2Fwp%2Fv2%2Fcomments&post=10172"}],"wp:featuredmedia":[{"embeddable":true,"href":"https:\/\/congtybinhminh.com\/index.php?rest_route=\/wp\/v2\/media\/10173"}],"wp:attachment":[{"href":"https:\/\/congtybinhminh.com\/index.php?rest_route=%2Fwp%2Fv2%2Fmedia&parent=10172"}],"wp:term":[{"taxonomy":"product_brand","embeddable":true,"href":"https:\/\/congtybinhminh.com\/index.php?rest_route=%2Fwp%2Fv2%2Fproduct_brand&post=10172"},{"taxonomy":"product_cat","embeddable":true,"href":"https:\/\/congtybinhminh.com\/index.php?rest_route=%2Fwp%2Fv2%2Fproduct_cat&post=10172"},{"taxonomy":"product_tag","embeddable":true,"href":"https:\/\/congtybinhminh.com\/index.php?rest_route=%2Fwp%2Fv2%2Fproduct_tag&post=10172"}],"curies":[{"name":"wp","href":"https:\/\/api.w.org\/{rel}","templated":true}]}}