{"id":10141,"date":"2024-09-21T17:22:29","date_gmt":"2024-09-21T10:22:29","guid":{"rendered":"https:\/\/congtybinhminh.com\/?post_type=product&#038;p=10141"},"modified":"2024-09-22T08:51:55","modified_gmt":"2024-09-22T01:51:55","slug":"may-bam-co-cong-nghiep-3t-dau-no","status":"publish","type":"product","link":"https:\/\/congtybinhminh.com\/?product=may-bam-co-cong-nghiep-3t-dau-no","title":{"rendered":"M\u00e1y b\u0103m c\u1ecf c\u00f4ng nghi\u1ec7p 3T \u0111\u1ea7u n\u1ed5"},"content":{"rendered":"<h2>Gi\u1edbi thi\u1ec7u m\u00e1y b\u0103m c\u1ecf c\u00f4ng nghi\u1ec7p 3T \u0111\u1ea7u n\u1ed5<\/h2>\n<p>M\u00e1y b\u0103m c\u1ecf c\u00f4ng nghi\u1ec7p 3T d\u00f9ng \u0111\u1ea7u n\u1ed5 do c\u00f4ng ty B\u00ecnh Minh s\u1ea3n xu\u1ea5t -V\u1edbi kh\u1ea3 n\u0103ng b\u0103m nh\u1ecf c\u1ecf, th\u00e2n c\u00e2y ng\u00f4, ng\u1ecdn m\u00eda.. m\u00e1y gi\u00fap cung c\u1ea5p ngu\u1ed3n th\u1ee9c \u0103n gi\u00e0u dinh d\u01b0\u1ee1ng cho gia s\u00fac &#8211; gia c\u1ea7m m\u00e0 kh\u00f4ng ph\u1ea3i lo \u0111i\u1ec7n y\u1ebfu hay \u0111i\u1ec7n kh\u00f4ng \u0111\u1ee7 t\u1ea3i \u0111\u1ec3 ch\u1ea1y m\u00e1y.<\/p>\n<p><img loading=\"lazy\" decoding=\"async\" class=\"aligncenter wp-image-10147 size-full\" src=\"https:\/\/congtybinhminh.com\/wp-content\/uploads\/2024\/09\/may-bam-co-nghiep-3t-dau-no-binh-minh_result222.webp\" alt=\"may-bam-co-nghiep-3t-dau-no-binh-minh_result222\" width=\"800\" height=\"1078\" srcset=\"https:\/\/congtybinhminh.com\/wp-content\/uploads\/2024\/09\/may-bam-co-nghiep-3t-dau-no-binh-minh_result222.webp 800w, https:\/\/congtybinhminh.com\/wp-content\/uploads\/2024\/09\/may-bam-co-nghiep-3t-dau-no-binh-minh_result222-297x400.webp 297w, https:\/\/congtybinhminh.com\/wp-content\/uploads\/2024\/09\/may-bam-co-nghiep-3t-dau-no-binh-minh_result222-594x800.webp 594w, https:\/\/congtybinhminh.com\/wp-content\/uploads\/2024\/09\/may-bam-co-nghiep-3t-dau-no-binh-minh_result222-768x1035.webp 768w, https:\/\/congtybinhminh.com\/wp-content\/uploads\/2024\/09\/may-bam-co-nghiep-3t-dau-no-binh-minh_result222-510x687.webp 510w\" sizes=\"auto, (max-width: 800px) 100vw, 800px\" \/><\/p>\n<p>Thi\u1ebft b\u1ecb mang l\u1ea1i gi\u1ea3i ph\u00e1p ho\u00e0n h\u1ea3o cho nh\u1eefng trang tr\u1ea1i ch\u0103n nu\u00f4i quy m\u00f4 v\u1eeba v\u00e0 l\u1edbn:<\/p>\n<ul>\n<li>M\u00e1y b\u0103m \u0111a d\u1ea1ng nguy\u00ean li\u1ec7u d\u1ea1ng c\u1ecf; c\u1ecf voi, th\u00e2n c\u00e2y ng\u00f4, c\u00e2y m\u00eda..<\/li>\n<li>T\u00e1i ch\u1ebf b\u0103m nh\u1eefng ph\u1ee5 ph\u1ea9m n\u00f4ng nghi\u1ec7p; b\u00e3 m\u00eda, t\u00e0u l\u00e1 chu\u1ed1i kh\u00f4..<\/li>\n<\/ul>\n<h2>C\u1ea5u t\u1ea1o m\u00e1y b\u0103m c\u1ecf c\u00f4ng nghi\u1ec7p 3T d\u00f9ng \u0111\u1ea7u n\u1ed5<\/h2>\n<h3>Khung m\u00e1y ch\u1eafc ch\u1eafn<\/h3>\n<p>Thu\u1ed9c d\u00f2ng m\u00e1y c\u00f4ng nghi\u1ec7p, m\u00e1y b\u0103m c\u1ecf 3T \u0111\u01b0\u1ee3c thi\u1ebft k\u1ebf l\u1edbn v\u1edbi ph\u1ea7n k\u1ebft c\u1ea5u m\u00e1y \u0111\u01b0\u1ee3c h\u00e0n g\u1eafn ch\u1eafc ch\u1eafn kh\u00f4ng g\u00e2y rung l\u1eafc trong qu\u00e1 tr\u00ecnh b\u0103m<\/p>\n<p><img loading=\"lazy\" decoding=\"async\" class=\"aligncenter wp-image-10148 size-full\" src=\"https:\/\/congtybinhminh.com\/wp-content\/uploads\/2024\/09\/cau-tao-may-bam-co-cong-nghiep-3t-dau-no_result222-1.webp\" alt=\"cau-tao-may-bam-co-cong-nghiep-3t-dau-no_result222\" width=\"800\" height=\"612\" srcset=\"https:\/\/congtybinhminh.com\/wp-content\/uploads\/2024\/09\/cau-tao-may-bam-co-cong-nghiep-3t-dau-no_result222-1.webp 800w, https:\/\/congtybinhminh.com\/wp-content\/uploads\/2024\/09\/cau-tao-may-bam-co-cong-nghiep-3t-dau-no_result222-1-523x400.webp 523w, https:\/\/congtybinhminh.com\/wp-content\/uploads\/2024\/09\/cau-tao-may-bam-co-cong-nghiep-3t-dau-no_result222-1-768x588.webp 768w, https:\/\/congtybinhminh.com\/wp-content\/uploads\/2024\/09\/cau-tao-may-bam-co-cong-nghiep-3t-dau-no_result222-1-510x390.webp 510w\" sizes=\"auto, (max-width: 800px) 100vw, 800px\" \/><\/p>\n<p>Ph\u00eda d\u01b0\u1edbi ch\u00e2n m\u00e1y l\u1eafp \u0111\u1eb7t 4 b\u00e1nh xe k\u1ebft h\u1ee3p tay k\u00e9o thu\u1eadn ti\u1ec7n di chuy\u1ec3n v\u1ecb tr\u00ed \u0111\u1eb7t m\u00e1y, s\u1ef1 k\u1ebft h\u1ee3p t\u1ea1o n\u00ean s\u1ef1 ti\u1ec7n l\u1ee3i cho ng\u01b0\u1eddi d\u00f9ng<\/p>\n<h3>Toa n\u1ea1p v\u00e0 c\u1eeda x\u1ea3 linh ho\u1ea1t<\/h3>\n<p>M\u00e1y b\u0103m c\u1ecf c\u00f3 b\u0103ng t\u1ea3i t\u1ef1 \u0111\u1ed9ng, ch\u1ec9 c\u1ea7n \u0111\u1eb7t nguy\u00ean li\u1ec7u l\u00ean h\u1ec7 th\u1ed1ng b\u0103ng truy\u1ec1n, nguy\u00ean li\u1ec7u s\u1ebd \u0111\u01b0\u1ee3c qu\u1ea3 l\u00f4 k\u1eb9p k\u00e9o \u0111i v\u00e0o bu\u1ed3ng b\u0103m<\/p>\n<p><img loading=\"lazy\" decoding=\"async\" class=\"aligncenter wp-image-10150 size-full\" src=\"https:\/\/congtybinhminh.com\/wp-content\/uploads\/2024\/09\/bang-tai-may-bam-co_result222-1.webp\" alt=\"bang-tai-may-bam-co_result222\" width=\"800\" height=\"450\" srcset=\"https:\/\/congtybinhminh.com\/wp-content\/uploads\/2024\/09\/bang-tai-may-bam-co_result222-1.webp 800w, https:\/\/congtybinhminh.com\/wp-content\/uploads\/2024\/09\/bang-tai-may-bam-co_result222-1-711x400.webp 711w, https:\/\/congtybinhminh.com\/wp-content\/uploads\/2024\/09\/bang-tai-may-bam-co_result222-1-768x432.webp 768w, https:\/\/congtybinhminh.com\/wp-content\/uploads\/2024\/09\/bang-tai-may-bam-co_result222-1-510x287.webp 510w\" sizes=\"auto, (max-width: 800px) 100vw, 800px\" \/><\/p>\n<p>B\u0103ng t\u1ea3i \u0111\u01b0\u1ee3c thi\u1ebft k\u1ebf n\u1eb1m ngang c\u00f3 \u0111\u1ed9 cao v\u1eeba t\u1ea7m ng\u01b0\u1eddi d\u00f9ng an to\u00e0n khi s\u1eed d\u1ee5ng<\/p>\n<p>C\u1eeda x\u1ea3 d\u1ea1ng v\u00f2i cao v\u1eeba t\u1ea7m v\u1edbi ng\u01b0\u1eddi d\u00f9ng an to\u00e0n khi s\u1eed d\u1ee5ng<\/p>\n<p><img loading=\"lazy\" decoding=\"async\" class=\"aligncenter wp-image-10152 size-full\" src=\"https:\/\/congtybinhminh.com\/wp-content\/uploads\/2024\/09\/may-bam-co-dau-no_result222.webp\" alt=\"may-bam-co-dau-no_result222\" width=\"800\" height=\"546\" srcset=\"https:\/\/congtybinhminh.com\/wp-content\/uploads\/2024\/09\/may-bam-co-dau-no_result222.webp 800w, https:\/\/congtybinhminh.com\/wp-content\/uploads\/2024\/09\/may-bam-co-dau-no_result222-586x400.webp 586w, https:\/\/congtybinhminh.com\/wp-content\/uploads\/2024\/09\/may-bam-co-dau-no_result222-768x524.webp 768w, https:\/\/congtybinhminh.com\/wp-content\/uploads\/2024\/09\/may-bam-co-dau-no_result222-510x348.webp 510w\" sizes=\"auto, (max-width: 800px) 100vw, 800px\" \/><\/p>\n<p>C\u1eeda x\u1ea3 d\u1ea1ng v\u00f2i cao, th\u00e0nh ph\u1ea9m sau khi b\u0103m s\u1ebd \u0111\u01b0\u1ee3c \u0111\u01b0a l\u00ean c\u1eeda x\u1ea3 tr\u00ean v\u00e0 c\u00f3 th\u1ec3 x\u1ea3 phun xa t\u1eeb 1 &#8211; 3m ho\u1eb7c x\u1ea3 tr\u1ef1c ti\u1ebfp v\u00e0o th\u00f9ng ch\u1ee9a m\u1ed9t c\u00e1ch thu\u1eadn ti\u1ec7n<\/p>\n<h3>Bu\u1ed3ng dao b\u0103m<\/h3>\n<p>H\u1ec7 th\u1ed1ng bu\u1ed3ng dao b\u0103m g\u1ed3m: 4 dao to b\u0103m ch\u00ednh d\u00e0y d\u1eb7n \u0111\u01b0\u1ee3c r\u00e8n s\u1eafc b\u00e9n c\u00f9ng 12 b\u00faa \u0111\u1eadp v\u00e0 c\u00e1c c\u00e1nh \u0111\u00e0 l\u1edbn ho\u1ea1t \u0111\u1ed9ng b\u0103m nh\u1ecf nguy\u00ean li\u1ec7u v\u00e0 \u0111\u1ea9y th\u00e0nh ph\u1ea9m ra ngo\u00e0i<\/p>\n<p><img loading=\"lazy\" decoding=\"async\" class=\"aligncenter wp-image-10105 size-full\" src=\"https:\/\/congtybinhminh.com\/wp-content\/uploads\/2021\/01\/dao-bam-co_result222.webp\" alt=\"dao-bam-co_result222\" width=\"800\" height=\"1218\" srcset=\"https:\/\/congtybinhminh.com\/wp-content\/uploads\/2021\/01\/dao-bam-co_result222.webp 800w, https:\/\/congtybinhminh.com\/wp-content\/uploads\/2021\/01\/dao-bam-co_result222-263x400.webp 263w, https:\/\/congtybinhminh.com\/wp-content\/uploads\/2021\/01\/dao-bam-co_result222-525x800.webp 525w, https:\/\/congtybinhminh.com\/wp-content\/uploads\/2021\/01\/dao-bam-co_result222-768x1169.webp 768w, https:\/\/congtybinhminh.com\/wp-content\/uploads\/2021\/01\/dao-bam-co_result222-510x776.webp 510w\" sizes=\"auto, (max-width: 800px) 100vw, 800px\" \/><\/p>\n<h3>H\u1ed9p s\u1ed1 \u0111i\u1ec1u ch\u1ec9nh linh ho\u1ea1t<\/h3>\n<p>Tr\u00ean th\u00e2n m\u00e1y \u0111\u01b0\u1ee3c thi\u1ebft k\u1ebf h\u1ed9p s\u1ed1 \u0111i\u1ec1u ch\u1ec9nh t\u1ed1c \u0111\u1ed9 nhanh\/ch\u1eadm c\u1ee7a l\u00f4 cu\u1ed1n v\u00e0 b\u0103ng t\u1ea3i<\/p>\n<p><img loading=\"lazy\" decoding=\"async\" class=\"aligncenter wp-image-10151 size-full\" src=\"https:\/\/congtybinhminh.com\/wp-content\/uploads\/2024\/09\/hop-can-so-dieu-chinh_result222.webp\" alt=\"hop-can-so-dieu-chinh_result222\" width=\"800\" height=\"546\" srcset=\"https:\/\/congtybinhminh.com\/wp-content\/uploads\/2024\/09\/hop-can-so-dieu-chinh_result222.webp 800w, https:\/\/congtybinhminh.com\/wp-content\/uploads\/2024\/09\/hop-can-so-dieu-chinh_result222-586x400.webp 586w, https:\/\/congtybinhminh.com\/wp-content\/uploads\/2024\/09\/hop-can-so-dieu-chinh_result222-768x524.webp 768w, https:\/\/congtybinhminh.com\/wp-content\/uploads\/2024\/09\/hop-can-so-dieu-chinh_result222-510x348.webp 510w\" sizes=\"auto, (max-width: 800px) 100vw, 800px\" \/><\/p>\n<p>Nh\u1edd \u0111\u00f3, cho ra th\u00e0nh ph\u1ea9m to &#8211; nh\u1ecf v\u1edbi k\u00edch th\u01b0\u1edbc t\u1eeb 1 &#8211; 3 cm. \u0110\u1eb7c bi\u1ec7t, b\u0103ng t\u1ea3i c\u00f3 th\u1ec3 \u0111i\u1ec1u ch\u1ec9nh cu\u1ed1n theo chi\u1ec1u ng\u01b0\u1ee3c l\u1ea1i gi\u00fap \u0111\u01b0a nguy\u00ean li\u1ec7u ra ngo\u00e0i d\u1ec5 d\u00e0ng n\u1ebfu qu\u1ea3 l\u00f4 b\u1ecb k\u1eb9t<\/p>\n<h2>V\u00ec sao n\u00ean d\u00f9ng m\u00e1y b\u0103m c\u1ecf c\u00f4ng nghi\u1ec7p 3T \u0111\u1ea7u n\u1ed5<\/h2>\n<p>&#8221; M\u00e1y m\u00f3c thay th\u1ebf s\u1ee9c ng\u01b0\u1eddi&#8221; vi\u1ec7c \u1ee9ng d\u1ee5ng m\u00e1y m\u00f3c v\u00e0o s\u01a1 ch\u1ebf gi\u00fap b\u00e0 con ch\u0103n nu\u00f4i hi\u1ec7u qu\u1ea3, n\u00e2ng cao hi\u1ec7u su\u1ea5t b\u1edfi:<\/p>\n<p><img loading=\"lazy\" decoding=\"async\" class=\"aligncenter wp-image-10154 size-full\" src=\"https:\/\/congtybinhminh.com\/wp-content\/uploads\/2024\/09\/bam-co-cho-bo_result222.webp\" alt=\"bam-co-cho-bo_result222\" width=\"800\" height=\"546\" srcset=\"https:\/\/congtybinhminh.com\/wp-content\/uploads\/2024\/09\/bam-co-cho-bo_result222.webp 800w, https:\/\/congtybinhminh.com\/wp-content\/uploads\/2024\/09\/bam-co-cho-bo_result222-586x400.webp 586w, https:\/\/congtybinhminh.com\/wp-content\/uploads\/2024\/09\/bam-co-cho-bo_result222-768x524.webp 768w, https:\/\/congtybinhminh.com\/wp-content\/uploads\/2024\/09\/bam-co-cho-bo_result222-510x348.webp 510w\" sizes=\"auto, (max-width: 800px) 100vw, 800px\" \/><\/p>\n<ul>\n<li>Qu\u00e1 tr\u00ecnh b\u0103m t\u1ef1 \u0111\u1ed9ng, ch\u1ec9 c\u1ea7n 1 &#8211; 2 ng\u01b0\u1eddi v\u1eadn h\u00e0nh m\u00e1y m\u00e0 v\u1eabn \u0111\u1ea3m b\u1ea3o n\u0103ng su\u1ea5t<\/li>\n<li>Th\u00e0nh ph\u1ea9m sau khi b\u0103m c\u00f3 th\u1ec3 cho v\u1eadt nu\u00f4i d\u00f9ng ngay ho\u1eb7c \u1ee7 chua ho\u1eb7c tr\u1ed9n b\u1ed9t c\u00e1m cho v\u00e0o m\u00e1y \u00e9p t\u1ea1o th\u00e0nh vi\u00ean d\u00f9ng d\u1ea7n<\/li>\n<li>C\u1ecf b\u0103m k\u00edch th\u01b0\u1edbc \u0111\u1ed3ng \u0111\u1ec1u v\u1edbi k\u00edch th\u01b0\u1edbc 1 &#8211; 3 cm v\u1eadt nu\u00f4i th\u00edch \u0103n, \u0103n \u0111\u01b0\u1ee3c nhi\u1ec1u h\u01a1n v\u00e0 d\u1ec5 ti\u00eau h\u00f3a h\u01a1n<\/li>\n<\/ul>\n<h2>\u0110\u1ecba ch\u1ec9 mua m\u00e1y b\u0103m c\u1ecf gi\u00e1 g\u1ed1c t\u1ea1i x\u01b0\u1edfng<\/h2>\n<p>\u0110\u1ec3 \u0111\u1eb7t mua h\u00e0ng ch\u00ednh h\u00e3ng, b\u00e0 con c\u00f3 th\u1ec3 \u0111\u1ebfn tr\u1ee5 s\u1edf g\u1ea7n nh\u1ea5t c\u1ee7a c\u00f4ng ty \u0111\u1ec3 xem v\u00e0 \u0111\u1eb7t mua h\u00e0ng:<\/p>\n<ul>\n<li>Tr\u1ee5 s\u1edf ch\u00ednh: p.L\u00ea L\u1ee3i &#8211; Tx S\u01a1n T\u00e2y &#8211; H\u00e0 N\u1ed9i<\/li>\n<li>Chi nh\u00e1nh mi\u1ec1n Nam: x\u00e3 T\u00e2n Ki\u00ean &#8211; H. B\u00ecnh Ch\u00e1nh &#8211; TP H\u1ed3 Ch\u00ed Minh<\/li>\n<\/ul>\n<p><img loading=\"lazy\" decoding=\"async\" class=\"aligncenter wp-image-9446 size-full\" src=\"https:\/\/congtybinhminh.com\/wp-content\/uploads\/2024\/03\/dia-chi-mua-may-bam-co-binh-minh_result222.webp\" alt=\"dia-chi-mua-may-bam-co-binh-minh_result222\" width=\"800\" height=\"1013\" srcset=\"https:\/\/congtybinhminh.com\/wp-content\/uploads\/2024\/03\/dia-chi-mua-may-bam-co-binh-minh_result222.webp 800w, https:\/\/congtybinhminh.com\/wp-content\/uploads\/2024\/03\/dia-chi-mua-may-bam-co-binh-minh_result222-510x646.webp 510w, https:\/\/congtybinhminh.com\/wp-content\/uploads\/2024\/03\/dia-chi-mua-may-bam-co-binh-minh_result222-316x400.webp 316w, https:\/\/congtybinhminh.com\/wp-content\/uploads\/2024\/03\/dia-chi-mua-may-bam-co-binh-minh_result222-632x800.webp 632w, https:\/\/congtybinhminh.com\/wp-content\/uploads\/2024\/03\/dia-chi-mua-may-bam-co-binh-minh_result222-768x972.webp 768w\" sizes=\"auto, (max-width: 800px) 100vw, 800px\" \/><\/p>\n<p>Khi \u0111\u1ebfn \u0111\u00e2y, b\u00e0 con s\u1ebd \u0111\u01b0\u1ee3c th\u1eed nghi\u1ec7m v\u1eadn h\u00e0nh m\u00e1y d\u01b0\u1edbi s\u1ef1 h\u01b0\u1edbng d\u1eabn c\u1ee7a \u0111\u1ed9i ng\u0169 k\u1ef9 thu\u1eadt<\/p>\n<p>\u0110\u1ed1i v\u1edbi b\u00e0 con \u1edf xa, c\u00f3 th\u1ec3 li\u00ean h\u1ec7 t\u1edbi s\u1ed1 \u0111i\u1ec7n tho\u1ea1i tr\u00ean website ho\u1eb7c \u0111\u1ec3 l\u1ea1i l\u1eddi nh\u1eafn \u0111\u1ed9i ng\u0169 t\u01b0 v\u1ea5n s\u1ebd li\u00ean h\u1ec7 b\u00e0 con trong th\u1eddi gian s\u1edbm nh\u1ea5t<\/p>\n<p><strong>Th\u00f4ng s\u1ed1 k\u1ef9 thu\u1eadt<\/strong><\/p>\n<table border=\"1\" cellspacing=\"1\" cellpadding=\"1\">\n<tbody>\n<tr>\n<td colspan=\"1\" rowspan=\"3\">\u0110\u1ed9ng c\u01a1<\/td>\n<td>C\u00f4ng su\u1ea5t \u0111\u1ea7u n\u1ed5<\/td>\n<td>D15<\/td>\n<\/tr>\n<tr>\n<td>Ngu\u1ed3n \u0111i\u1ec7n<\/td>\n<td>\u00a0(V)<\/td>\n<\/tr>\n<tr>\n<td>T\u1ed1c \u0111\u1ed9<\/td>\n<td>(v\/p)<\/td>\n<\/tr>\n<tr>\n<td colspan=\"1\" rowspan=\"2\">Tr\u1ecdng l\u01b0\u1ee3ng m\u00e1y<\/td>\n<td>Nguy\u00ean b\u1ed9<\/td>\n<td>\u00a0487(kg)<\/td>\n<\/tr>\n<tr>\n<td>Kh\u00f4ng \u0111\u1ed9ng c\u01a1<\/td>\n<td>\u00a0322(kg)<\/td>\n<\/tr>\n<tr>\n<td colspan=\"1\" rowspan=\"2\">B\u1ea3o h\u00e0nh<\/td>\n<td>K\u1ef9 thu\u1eadt<\/td>\n<td>\u00a006 th\u00e1ng<\/td>\n<\/tr>\n<tr>\n<td>\u0110\u1ed9ng c\u01a1<\/td>\n<td>Theo t\u1eebng h\u00e3ng s\u1ea3n xu\u1ea5t<\/td>\n<\/tr>\n<tr>\n<td>N\u0103ng su\u1ea5t<\/td>\n<td colspan=\"2\" rowspan=\"1\">1000 &#8211; 2000 kg\/gi\u1edd ( t\u00f9y nguy\u00ean li\u1ec7u)<\/td>\n<\/tr>\n<tr>\n<td>K\u00edch th\u01b0\u1edbc (D*C*R)<\/td>\n<td colspan=\"2\" rowspan=\"1\">200*237*75\u00a0cm<\/td>\n<\/tr>\n<tr>\n<td>H\u00ecnh th\u1ee9c thanh to\u00e1n<\/td>\n<td colspan=\"2\" rowspan=\"1\">Ti\u1ec1n m\u1eb7t ho\u1eb7c chuy\u1ec3n kho\u1ea3n<\/td>\n<\/tr>\n<\/tbody>\n<\/table>\n<p>&nbsp;<\/p>\n","protected":false},"excerpt":{"rendered":"<ul>\n<li><strong>H\u00e3ng s\u1ea3n xu\u1ea5t :<\/strong> B\u00ecnh Minh<\/li>\n<li><strong>C\u00f4ng su\u1ea5t \u0111\u1ea7u n\u1ed5<\/strong>\u00a0: 15Hp<\/li>\n<li><strong>N\u0103ng su\u1ea5t :<\/strong>\u00a01 \u2013 2 t\u1ea5n \/gi\u1edd<\/li>\n<li><strong>T\u00ednh n\u0103ng :<\/strong>\u00a0M\u00e1y chuy\u00ean d\u00f9ng b\u0103m nh\u1ecf c\u1ecf voi, th\u00e2n c\u00e2y ng\u00f4, c\u1ecf voi\u2026 l\u00e0m th\u1ee9c \u0103n cho gia s\u00fac \u2013 gia c\u1ea7m<\/li>\n<\/ul>\n","protected":false},"featured_media":10142,"comment_status":"closed","ping_status":"closed","template":"","meta":[],"product_brand":[],"product_cat":[40],"product_tag":[],"class_list":{"0":"post-10141","1":"product","2":"type-product","3":"status-publish","4":"has-post-thumbnail","6":"product_cat-may-bam-co","8":"first","9":"instock","10":"shipping-taxable","11":"product-type-simple"},"_links":{"self":[{"href":"https:\/\/congtybinhminh.com\/index.php?rest_route=\/wp\/v2\/product\/10141","targetHints":{"allow":["GET"]}}],"collection":[{"href":"https:\/\/congtybinhminh.com\/index.php?rest_route=\/wp\/v2\/product"}],"about":[{"href":"https:\/\/congtybinhminh.com\/index.php?rest_route=\/wp\/v2\/types\/product"}],"replies":[{"embeddable":true,"href":"https:\/\/congtybinhminh.com\/index.php?rest_route=%2Fwp%2Fv2%2Fcomments&post=10141"}],"wp:featuredmedia":[{"embeddable":true,"href":"https:\/\/congtybinhminh.com\/index.php?rest_route=\/wp\/v2\/media\/10142"}],"wp:attachment":[{"href":"https:\/\/congtybinhminh.com\/index.php?rest_route=%2Fwp%2Fv2%2Fmedia&parent=10141"}],"wp:term":[{"taxonomy":"product_brand","embeddable":true,"href":"https:\/\/congtybinhminh.com\/index.php?rest_route=%2Fwp%2Fv2%2Fproduct_brand&post=10141"},{"taxonomy":"product_cat","embeddable":true,"href":"https:\/\/congtybinhminh.com\/index.php?rest_route=%2Fwp%2Fv2%2Fproduct_cat&post=10141"},{"taxonomy":"product_tag","embeddable":true,"href":"https:\/\/congtybinhminh.com\/index.php?rest_route=%2Fwp%2Fv2%2Fproduct_tag&post=10141"}],"curies":[{"name":"wp","href":"https:\/\/api.w.org\/{rel}","templated":true}]}}