{"id":10080,"date":"2024-09-20T08:19:10","date_gmt":"2024-09-20T01:19:10","guid":{"rendered":"https:\/\/congtybinhminh.com\/?post_type=product&#038;p=10080"},"modified":"2024-09-20T08:29:41","modified_gmt":"2024-09-20T01:29:41","slug":"may-bam-co-nam-g400-dau-no","status":"publish","type":"product","link":"https:\/\/congtybinhminh.com\/?product=may-bam-co-nam-g400-dau-no","title":{"rendered":"M\u00e1y b\u0103m c\u1ecf n\u1eb1m G400 \u0111\u1ea7u n\u1ed5"},"content":{"rendered":"<h2>Gi\u1edbi thi\u1ec7u m\u00e1y b\u0103m c\u1ecf n\u1eb1m G400 \u0111\u1ea7u n\u1ed5<\/h2>\n<p>M\u00e1y b\u0103m c\u1ecf n\u1eb1m G400 kh\u00f4ng ch\u1ec9 l\u00e0 c\u00f4ng c\u1ee5 h\u1ed7 tr\u1ee3, m\u00e0 c\u00f2n l\u00e0 gi\u1ea3i ph\u00e1p t\u1ed1i \u01b0u cho c\u00e1c trang tr\u1ea1i l\u1edbn. M\u00e1y c\u00f3 th\u1ec3 b\u0103m nh\u1ecf c\u00e1c lo\u1ea1i c\u1ecf voi, th\u00e2n c\u00e2y ng\u00f4, c\u00e2y s\u1eafn&#8230;cung c\u1ea5p \u0111\u1ea7y \u0111\u1ee7 th\u1ee9c \u0103n cho v\u1eadt nu\u00f4i<\/p>\n<p><img loading=\"lazy\" decoding=\"async\" class=\"aligncenter wp-image-10086 size-full\" src=\"https:\/\/congtybinhminh.com\/wp-content\/uploads\/2024\/09\/may-bam-co-nam-g400-dau-no-binh-minh_result222.webp\" alt=\"may-bam-co-nam-g400-dau-no-binh-minh_result222\" width=\"800\" height=\"1078\" srcset=\"https:\/\/congtybinhminh.com\/wp-content\/uploads\/2024\/09\/may-bam-co-nam-g400-dau-no-binh-minh_result222.webp 800w, https:\/\/congtybinhminh.com\/wp-content\/uploads\/2024\/09\/may-bam-co-nam-g400-dau-no-binh-minh_result222-297x400.webp 297w, https:\/\/congtybinhminh.com\/wp-content\/uploads\/2024\/09\/may-bam-co-nam-g400-dau-no-binh-minh_result222-594x800.webp 594w, https:\/\/congtybinhminh.com\/wp-content\/uploads\/2024\/09\/may-bam-co-nam-g400-dau-no-binh-minh_result222-768x1035.webp 768w, https:\/\/congtybinhminh.com\/wp-content\/uploads\/2024\/09\/may-bam-co-nam-g400-dau-no-binh-minh_result222-510x687.webp 510w\" sizes=\"auto, (max-width: 800px) 100vw, 800px\" \/><\/p>\n<p>Qu\u00e1 tr\u00ecnh m\u00e1y\u00a0 b\u0103m t\u1ef1 \u0111\u1ed9ng cho n\u0103ng su\u1ea5t \u0111\u1ea1t kho\u1ea3ng 3 &#8211; 4 t\u1ea5n\/gi\u1edd, g\u00f3p ph\u1ea7n gi\u1ea3m thi\u1ec3u s\u1ef1 ph\u1ee5 thu\u1ed9c v\u00e0o ngu\u1ed3n nh\u00e2n l\u1ef1c, t\u1ea1o \u0111i\u1ec1u ki\u1ec7n cho c\u00e1c ch\u1ee7 trang tr\u1ea1i t\u1eadp trung v\u00e0o c\u00e1c kh\u00eda c\u1ea1nh kh\u00e1c nhau c\u1ee7a qu\u00e1 tr\u00ecnh ch\u0103n nu\u00f4i.<\/p>\n<h2>C\u1ea5u t\u1ea1o m\u00e1y b\u0103m c\u1ecf n\u1eb1m G400 \u0111\u1ea7u n\u1ed5<\/h2>\n<h3>Khung m\u00e1y ch\u1eafc ch\u1eafn<\/h3>\n<p>Thu\u1ed9c d\u00f2ng m\u00e1y c\u00f4ng nghi\u1ec7p, v\u1edbi ph\u1ea7n k\u1ebft c\u1ea5u m\u00e1y \u0111\u01b0\u1ee3c h\u00e0n g\u1eafn ch\u1eafc ch\u1eafn kh\u00f4ng g\u00e2y rung l\u1eafc trong qu\u00e1 tr\u00ecnh b\u0103m<\/p>\n<p><img loading=\"lazy\" decoding=\"async\" class=\"aligncenter wp-image-10087 size-full\" src=\"https:\/\/congtybinhminh.com\/wp-content\/uploads\/2024\/09\/cau-tao-may-bam-co-nam-g400-dau-no_result222.webp\" alt=\"cau-tao-may-bam-co-nam-g400-dau-no_result222\" width=\"800\" height=\"600\" srcset=\"https:\/\/congtybinhminh.com\/wp-content\/uploads\/2024\/09\/cau-tao-may-bam-co-nam-g400-dau-no_result222.webp 800w, https:\/\/congtybinhminh.com\/wp-content\/uploads\/2024\/09\/cau-tao-may-bam-co-nam-g400-dau-no_result222-533x400.webp 533w, https:\/\/congtybinhminh.com\/wp-content\/uploads\/2024\/09\/cau-tao-may-bam-co-nam-g400-dau-no_result222-768x576.webp 768w, https:\/\/congtybinhminh.com\/wp-content\/uploads\/2024\/09\/cau-tao-may-bam-co-nam-g400-dau-no_result222-510x383.webp 510w\" sizes=\"auto, (max-width: 800px) 100vw, 800px\" \/><\/p>\n<p>Ph\u00eda d\u01b0\u1edbi ch\u00e2n m\u00e1y l\u1eafp \u0111\u1eb7t 4 b\u00e1nh xe thu\u1eadn ti\u1ec7n di chuy\u1ec3n v\u1ecb tr\u00ed \u0111\u1eb7t m\u00e1y<\/p>\n<h3>Toa n\u1ea1p nguy\u00ean li\u1ec7u<\/h3>\n<p>M\u00e1y b\u0103m c\u1ecf c\u00f3 b\u0103ng t\u1ea3i, nguy\u00ean li\u1ec7u khi \u0111\u01b0\u1ee3c \u0111\u01b0a l\u00ean b\u0103ng t\u1ea3i s\u1ebd t\u1ef1 \u0111\u1ed9ng qu\u1ea5n v\u00e0o bu\u1ed3ng b\u0103m<\/p>\n<p><img loading=\"lazy\" decoding=\"async\" class=\"size-medium wp-image-10088 aligncenter\" src=\"https:\/\/congtybinhminh.com\/wp-content\/uploads\/2024\/09\/may-bam-co-co-bang-tai_result222-711x400.webp\" alt=\"may-bam-co-co-bang-tai_result222\" width=\"711\" height=\"400\" srcset=\"https:\/\/congtybinhminh.com\/wp-content\/uploads\/2024\/09\/may-bam-co-co-bang-tai_result222-711x400.webp 711w, https:\/\/congtybinhminh.com\/wp-content\/uploads\/2024\/09\/may-bam-co-co-bang-tai_result222-768x432.webp 768w, https:\/\/congtybinhminh.com\/wp-content\/uploads\/2024\/09\/may-bam-co-co-bang-tai_result222-510x287.webp 510w, https:\/\/congtybinhminh.com\/wp-content\/uploads\/2024\/09\/may-bam-co-co-bang-tai_result222.webp 800w\" sizes=\"auto, (max-width: 711px) 100vw, 711px\" \/><\/p>\n<p>Ng\u01b0\u1eddi d\u00f9ng kh\u00f4ng ph\u1ea3i \u0111\u01b0a s\u00e1t nguy\u00ean li\u1ec7u v\u00e0o toa n\u1ea1p, kh\u00f4ng s\u1ee3 dao b\u0103m h\u00fat v\u00e0o toa n\u1ea1p an to\u00e0n khi s\u1eed d\u1ee5ng<\/p>\n<h3>H\u1ec7 th\u1ed1ng bu\u1ed3ng dao b\u0103m<\/h3>\n<p>\u0110\u01b0\u1ee3c c\u1ea3i ti\u1ebfn t\u1eeb c\u00e1c d\u00f2ng m\u00e1y b\u0103m c\u1ecf th\u00f4ng th\u01b0\u1eddng, m\u00e1y b\u0103m c\u1ecf n\u1eb1m G400 \u0111\u01b0\u1ee3c thi\u1ebft k\u1ebf v\u1edbi 2 bu\u1ed3ng l\u00e0m vi\u1ec7c:<\/p>\n<p><img loading=\"lazy\" decoding=\"async\" class=\"aligncenter wp-image-10089 size-full\" src=\"https:\/\/congtybinhminh.com\/wp-content\/uploads\/2024\/09\/dao-bam-co_result222.webp\" alt=\"dao-bam-co_result222\" width=\"800\" height=\"1137\" srcset=\"https:\/\/congtybinhminh.com\/wp-content\/uploads\/2024\/09\/dao-bam-co_result222.webp 800w, https:\/\/congtybinhminh.com\/wp-content\/uploads\/2024\/09\/dao-bam-co_result222-281x400.webp 281w, https:\/\/congtybinhminh.com\/wp-content\/uploads\/2024\/09\/dao-bam-co_result222-563x800.webp 563w, https:\/\/congtybinhminh.com\/wp-content\/uploads\/2024\/09\/dao-bam-co_result222-768x1092.webp 768w, https:\/\/congtybinhminh.com\/wp-content\/uploads\/2024\/09\/dao-bam-co_result222-510x725.webp 510w\" sizes=\"auto, (max-width: 800px) 100vw, 800px\" \/><\/p>\n<ul>\n<li>1 bu\u1ed3ng dao b\u0103m ch\u00ednh g\u1ed3m 4 dao to 2 l\u01b0\u1ee1i<\/li>\n<li>1 bu\u1ed3ng b\u0103m ph\u1ee5 \u0111\u01b0\u1ee3c thi\u1ebft k\u1ebf v\u1edbi 10 \u0111\u0129a dao b\u0103m g\u1eafn tr\u00ean tr\u1ee5c. M\u1ed7i \u0111\u0129a dao g\u1ed3m ( 40 dao con h\u00ecnh tam gi\u00e1c v\u00e0 40 dao b\u0103m h\u00ecnh b\u00e1nh nguy\u1ec7t)<\/li>\n<\/ul>\n<p><img loading=\"lazy\" decoding=\"async\" class=\"aligncenter wp-image-10090 size-full\" src=\"https:\/\/congtybinhminh.com\/wp-content\/uploads\/2024\/09\/cua-xa-may-bam-co_result222.webp\" alt=\"cua-xa-may-bam-co_result222\" width=\"800\" height=\"573\" srcset=\"https:\/\/congtybinhminh.com\/wp-content\/uploads\/2024\/09\/cua-xa-may-bam-co_result222.webp 800w, https:\/\/congtybinhminh.com\/wp-content\/uploads\/2024\/09\/cua-xa-may-bam-co_result222-558x400.webp 558w, https:\/\/congtybinhminh.com\/wp-content\/uploads\/2024\/09\/cua-xa-may-bam-co_result222-768x550.webp 768w, https:\/\/congtybinhminh.com\/wp-content\/uploads\/2024\/09\/cua-xa-may-bam-co_result222-510x365.webp 510w\" sizes=\"auto, (max-width: 800px) 100vw, 800px\" \/><\/p>\n<p>N\u1ed1i li\u1ec1n ngay b\u0103ng t\u1ea3i c\u1ea5p li\u1ec7u l\u00e0 b\u1ed9 qu\u1ea3 l\u00f4 k\u1eb9p l\u00e0m nhi\u1ec7m v\u1ee5 h\u00fat \u0111\u01b0a nguy\u00ean li\u1ec7u tr\u1ef1c ti\u1ebfp v\u00e0o bu\u1ed3ng b\u0103m an to\u00e0n cho ng\u01b0\u1eddi d\u00f9ng<\/p>\n<h3>C\u1eeda x\u1ea3 th\u00e0nh ph\u1ea9m<\/h3>\n<p>Th\u00e0nh ph\u1ea9m sau khi b\u0103m \u0111\u01b0\u1ee3c \u0111\u01b0a ra ngo\u00e0i c\u1eeda x\u1ea3, ph\u00eda tr\u01b0\u1edbc c\u00f3 t\u1ea5m ch\u1eafn \u0111i\u1ec1u h\u01b0\u1edbng. Ng\u01b0\u1eddi d\u00f9ng c\u00f3 th\u1ebb t\u1ef1 \u0111i\u1ec1u ch\u1ec9nh h\u01b0\u1edbng phun c\u1ecf b\u1eb1ng c\u00e1ch:<\/p>\n<p><img loading=\"lazy\" decoding=\"async\" class=\"size-medium wp-image-10091 aligncenter\" src=\"https:\/\/congtybinhminh.com\/wp-content\/uploads\/2024\/09\/cua-xa-thanh-pham_result222-711x400.webp\" alt=\"cua-xa-thanh-pham_result222\" width=\"711\" height=\"400\" srcset=\"https:\/\/congtybinhminh.com\/wp-content\/uploads\/2024\/09\/cua-xa-thanh-pham_result222-711x400.webp 711w, https:\/\/congtybinhminh.com\/wp-content\/uploads\/2024\/09\/cua-xa-thanh-pham_result222-768x432.webp 768w, https:\/\/congtybinhminh.com\/wp-content\/uploads\/2024\/09\/cua-xa-thanh-pham_result222-510x287.webp 510w, https:\/\/congtybinhminh.com\/wp-content\/uploads\/2024\/09\/cua-xa-thanh-pham_result222.webp 800w\" sizes=\"auto, (max-width: 711px) 100vw, 711px\" \/><\/p>\n<ul>\n<li>G\u1eadp t\u1ea5m ch\u1eafn n\u1ebfu mu\u1ed1n c\u1ecf phun g\u1ea7n<\/li>\n<li>N\u00e2ng t\u1ea5m ch\u1eafn n\u1ebfu mu\u1ed1n c\u1ecf phun xa<\/li>\n<\/ul>\n<p>Ngo\u00e0i ra, ph\u1ea7n c\u1ecf b\u0103m x\u00f3t l\u1ea1i s\u1ebd \u0111\u01b0\u1ee3c \u0111\u01b0a xu\u1ed1ng c\u1eeda tho\u00e1t ph\u1ee5 b\u00ean d\u01b0\u1edbi bu\u1ed3ng l\u00e0m vi\u1ec7c<\/p>\n<h3>Cho n\u0103ng su\u1ea5t cao<\/h3>\n<p>D\u00e2y curoa k\u1ebft n\u1ed1i gi\u1eefa c\u00e1c buly truy\u1ec1n l\u1ef1c t\u1eeb \u0111\u1ea7u n\u1ed5 t\u1edbi buly m\u00e1y v\u00e0o\u00a0 bu\u1ed3ng b\u0103m. M\u00e1y b\u0103m c\u1ecf d\u00f9ng \u0111\u1ea7u n\u1ed5 D24 cho n\u0103ng su\u1ea5t \u0111\u1ea1t kho\u1ea3ng 3 &#8211; 4 t\u1ea5n\/gi\u1edd<\/p>\n<p><img loading=\"lazy\" decoding=\"async\" class=\"size-full wp-image-10092 aligncenter\" src=\"https:\/\/congtybinhminh.com\/wp-content\/uploads\/2024\/09\/may-bam-cho-cho-bo-lap-dau-noUntitled-1_result222.webp\" alt=\"may-bam-cho-cho-bo-lap-dau-noUntitled-1_result222\" width=\"800\" height=\"356\" srcset=\"https:\/\/congtybinhminh.com\/wp-content\/uploads\/2024\/09\/may-bam-cho-cho-bo-lap-dau-noUntitled-1_result222.webp 800w, https:\/\/congtybinhminh.com\/wp-content\/uploads\/2024\/09\/may-bam-cho-cho-bo-lap-dau-noUntitled-1_result222-768x342.webp 768w, https:\/\/congtybinhminh.com\/wp-content\/uploads\/2024\/09\/may-bam-cho-cho-bo-lap-dau-noUntitled-1_result222-510x227.webp 510w\" sizes=\"auto, (max-width: 800px) 100vw, 800px\" \/><\/p>\n<h2>Nh\u1eefng l\u01b0u \u00fd khi s\u1eed d\u1ee5ng m\u00e1y b\u0103m c\u1ecf<\/h2>\n<p>Khi v\u1eadn h\u00e0nh m\u00e1y, b\u00e0 con n\u00ean ch\u00fa \u00fd m\u1ed9t v\u00e0i \u0111i\u1ec1u sau \u0111\u1ec3 qu\u00e1 tr\u00ecnh s\u1eed d\u1ee5ng m\u00e1y di\u1ec5n ra hi\u1ec7u qu\u1ea3 nh\u1ea5t<\/p>\n<p><img loading=\"lazy\" decoding=\"async\" class=\"aligncenter wp-image-9225 size-full\" src=\"https:\/\/congtybinhminh.com\/wp-content\/uploads\/2021\/12\/mua-may-bam-co-cho-bo_result222.webp\" alt=\"mua-may-bam-co-cho-bo_result222\" width=\"800\" height=\"734\" srcset=\"https:\/\/congtybinhminh.com\/wp-content\/uploads\/2021\/12\/mua-may-bam-co-cho-bo_result222.webp 800w, https:\/\/congtybinhminh.com\/wp-content\/uploads\/2021\/12\/mua-may-bam-co-cho-bo_result222-510x468.webp 510w, https:\/\/congtybinhminh.com\/wp-content\/uploads\/2021\/12\/mua-may-bam-co-cho-bo_result222-436x400.webp 436w, https:\/\/congtybinhminh.com\/wp-content\/uploads\/2021\/12\/mua-may-bam-co-cho-bo_result222-768x705.webp 768w\" sizes=\"auto, (max-width: 800px) 100vw, 800px\" \/><\/p>\n<ul>\n<li>Tr\u01b0\u1edbc khi s\u1eed d\u1ee5ng c\u1ea7n kh\u1edfi \u0111\u1ed9ng m\u00e1y tr\u01b0\u1edbc 1 &#8211; 2 ph\u00fat \u1ed5n \u0111\u1ecbnh m\u00e1y r\u1ed3i l\u1ea7n l\u01b0\u1ee3t cho nguy\u00ean li\u1ec7u v\u00e0o b\u0103m<\/li>\n<li>Kh\u00f4ng n\u1ec1n cho qu\u00e1 nhi\u1ec1u nguy\u00ean li\u1ec7u v\u00e0o c\u1eeda n\u1ea1p \u0111\u1ec3 tr\u00e1nh g\u00e2y t\u1eafc ngh\u1ebdn<\/li>\n<li>Th\u01b0\u1eddng xuy\u00ean ki\u1ec3m tra dao b\u0103m, n\u1ebfu dao b\u1ecb m\u00f2n b\u00e0 con n\u00ean th\u00e1o ra m\u00e0i ho\u1eb7c thay dao m\u1edbi \u0111\u1ec3 ch\u1ea5t l\u01b0\u1ee3ng b\u0103m c\u1ecf \u0111\u01b0\u1ee3c n\u00e2ng cao<\/li>\n<li>Th\u01b0\u1eddng xuy\u00ean ki\u1ec3m tra d\u1ea7u m\u1ee1 v\u00e0o trong \u1ed5 bi, tr\u1ee5c v\u00e0 b\u00e1nh r\u0103ng \u0111\u1ec3 m\u00e1y ho\u1ea1t \u0111\u1ed9ng tr\u01a1n tru<\/li>\n<\/ul>\n<h2>\u0110\u1ecba ch\u1ec9 mua m\u00e1y b\u0103m c\u1ecf gi\u00e1 g\u1ed1c t\u1ea1i x\u01b0\u1edfng<\/h2>\n<p>C\u00f4ng ty B\u00ecnh Minh &#8211; \u0111\u01a1n v\u1ecb tr\u1ef1c ti\u1ebfp ch\u1ebf t\u1ea1o m\u00e1y b\u0103m c\u1ecf t\u1ea1i H\u00e0 N\u1ed9i v\u1edbi cam k\u1ebft h\u00e0ng m\u1edbi ch\u00ednh h\u00e3ng 100% &#8211; kh\u00f4ng qua \u0111\u1ea1i l\u00fd trung gian<\/p>\n<p>\u0110\u1ec3 \u0111\u1eb7t mua h\u00e0ng ch\u00ednh h\u00e3ng, b\u00e0 con c\u00f3 th\u1ec3 \u0111\u1ebfn tr\u1ee5 s\u1edf g\u1ea7n nh\u1ea5t c\u1ee7a c\u00f4ng ty \u0111\u1ec3 xem v\u00e0 \u0111\u1eb7t mua h\u00e0ng:<\/p>\n<ul>\n<li>Tr\u1ee5 s\u1edf ch\u00ednh: L\u00ea L\u1ee3i &#8211; Tx S\u01a1n T\u00e2y &#8211; H\u00e0 N\u1ed9i<\/li>\n<li>Chi nh\u00e1nh mi\u1ec1n Nam;: x\u00e3 T\u00e2n Ki\u00ean &#8211; H. B\u00ecnh Ch\u00e1nh &#8211; Tp H\u1ed3 Ch\u00ed Minh<\/li>\n<\/ul>\n<p><img loading=\"lazy\" decoding=\"async\" class=\"aligncenter wp-image-9446 size-full\" src=\"https:\/\/congtybinhminh.com\/wp-content\/uploads\/2024\/03\/dia-chi-mua-may-bam-co-binh-minh_result222.webp\" alt=\"dia-chi-mua-may-bam-co-binh-minh_result222\" width=\"800\" height=\"1013\" srcset=\"https:\/\/congtybinhminh.com\/wp-content\/uploads\/2024\/03\/dia-chi-mua-may-bam-co-binh-minh_result222.webp 800w, https:\/\/congtybinhminh.com\/wp-content\/uploads\/2024\/03\/dia-chi-mua-may-bam-co-binh-minh_result222-510x646.webp 510w, https:\/\/congtybinhminh.com\/wp-content\/uploads\/2024\/03\/dia-chi-mua-may-bam-co-binh-minh_result222-316x400.webp 316w, https:\/\/congtybinhminh.com\/wp-content\/uploads\/2024\/03\/dia-chi-mua-may-bam-co-binh-minh_result222-632x800.webp 632w, https:\/\/congtybinhminh.com\/wp-content\/uploads\/2024\/03\/dia-chi-mua-may-bam-co-binh-minh_result222-768x972.webp 768w\" sizes=\"auto, (max-width: 800px) 100vw, 800px\" \/><\/p>\n<p>Khi \u0111\u1ebfn \u0111\u00e2y, b\u00e0 con c\u00f3 th\u1ec3 tr\u1ea3i nghi\u1ec7m v\u1eadn h\u00e0nh m\u00e1y d\u01b0\u1edbi s\u1ef1 h\u01b0\u1edbng d\u1eabn c\u1ee7a \u0111\u1ed9i ng\u0169 k\u1ef9 thu\u1eadt<\/p>\n<p>\u0110\u1ed1i v\u1edbi b\u00e0 con \u1edf xa, c\u00f3 th\u1ec3 li\u00ean h\u1ec7 t\u1edbi s\u1ed1 \u0111i\u1ec7n tho\u1ea1i Hotline tr\u00ean website ho\u1eb7c \u0111\u1ec3 l\u1ea1i l\u1eddi nh\u1eafn ph\u1ea7n \u0111\u1ed9i ng\u0169 t\u01b0 v\u1ea5n s\u1ebd li\u00ean h\u1ec7 t\u1edbi b\u00e0 con trong th\u1eddi gian s\u1edbm nh\u1ea5t<\/p>\n<p><strong>Th\u00f4ng s\u1ed1 k\u1ef9 thu\u1eadt\u00a0<\/strong><\/p>\n<table border=\"1\" cellspacing=\"1\" cellpadding=\"1\">\n<tbody>\n<tr>\n<td colspan=\"1\" rowspan=\"3\">\u0110\u1ed9ng c\u01a1<\/td>\n<td>C\u00f4ng su\u1ea5t \u0111\u1ea7u n\u1ed5<\/td>\n<td>D24<\/td>\n<\/tr>\n<tr>\n<td>Ngu\u1ed3n \u0111i\u1ec7n<\/td>\n<td>V<\/td>\n<\/tr>\n<tr>\n<td>T\u1ed1c \u0111\u1ed9<\/td>\n<td>v\/p<\/td>\n<\/tr>\n<tr>\n<td colspan=\"1\" rowspan=\"2\">B\u1ea3o h\u00e0nh m\u00e1y<\/td>\n<td>K\u1ef9 thu\u1eadt<\/td>\n<td>06 th\u00e1ng<\/td>\n<\/tr>\n<tr>\n<td>\u0110\u1ed9ng c\u01a1<\/td>\n<td>Theo t\u1eebng h\u00e3ng s\u1ea3n xu\u1ea5t<\/td>\n<\/tr>\n<tr>\n<td>N\u0103ng su\u1ea5t<\/td>\n<td colspan=\"2\" rowspan=\"1\">3 \u2013 4 t\u1ea5n\/gi\u1edd<\/td>\n<\/tr>\n<tr>\n<td>K\u00edch th\u01b0\u1edbc (d*c*r)<\/td>\n<td colspan=\"2\" rowspan=\"1\">210*106*110 cm<\/td>\n<\/tr>\n<tr>\n<td>H\u00ecnh th\u1ee9c thanh to\u00e1n<\/td>\n<td colspan=\"2\" rowspan=\"1\">Ti\u1ec1n m\u1eb7t ho\u1eb7c chuy\u1ec3n kho\u1ea3n<\/td>\n<\/tr>\n<\/tbody>\n<\/table>\n","protected":false},"excerpt":{"rendered":"<ul>\n<li><strong>H\u00e3ng s\u1ea3n xu\u1ea5t:<\/strong>\u00a0B\u00ecnh Minh<\/li>\n<li><strong>C\u00f4ng su\u1ea5t \u0111\u1ea7u n\u1ed5:<\/strong>\u00a0D24<\/li>\n<li><strong>N\u0103ng su\u1ea5t<\/strong>: 3 \u2013 4 t\u1ea5n\/gi\u1edd<\/li>\n<li><strong>K\u00edch th\u01b0\u1edbc (d*c*r):<\/strong>\u00a0210*106*110 cm<\/li>\n<li><strong>T\u00ednh n\u0103ng:<\/strong>\u00a0m\u00e1y chuy\u00ean b\u0103m c\u1ecf voi, th\u00e2n c\u00e2y c\u00f4, c\u00e2y s\u1eafn\u2026 l\u00e0m th\u1ee9c \u0103n cho gia s\u00fac, gia c\u1ea7m<\/li>\n<\/ul>\n","protected":false},"featured_media":10095,"comment_status":"closed","ping_status":"closed","template":"","meta":[],"product_brand":[],"product_cat":[40],"product_tag":[],"class_list":{"0":"post-10080","1":"product","2":"type-product","3":"status-publish","4":"has-post-thumbnail","6":"product_cat-may-bam-co","8":"first","9":"instock","10":"shipping-taxable","11":"product-type-simple"},"_links":{"self":[{"href":"https:\/\/congtybinhminh.com\/index.php?rest_route=\/wp\/v2\/product\/10080","targetHints":{"allow":["GET"]}}],"collection":[{"href":"https:\/\/congtybinhminh.com\/index.php?rest_route=\/wp\/v2\/product"}],"about":[{"href":"https:\/\/congtybinhminh.com\/index.php?rest_route=\/wp\/v2\/types\/product"}],"replies":[{"embeddable":true,"href":"https:\/\/congtybinhminh.com\/index.php?rest_route=%2Fwp%2Fv2%2Fcomments&post=10080"}],"wp:featuredmedia":[{"embeddable":true,"href":"https:\/\/congtybinhminh.com\/index.php?rest_route=\/wp\/v2\/media\/10095"}],"wp:attachment":[{"href":"https:\/\/congtybinhminh.com\/index.php?rest_route=%2Fwp%2Fv2%2Fmedia&parent=10080"}],"wp:term":[{"taxonomy":"product_brand","embeddable":true,"href":"https:\/\/congtybinhminh.com\/index.php?rest_route=%2Fwp%2Fv2%2Fproduct_brand&post=10080"},{"taxonomy":"product_cat","embeddable":true,"href":"https:\/\/congtybinhminh.com\/index.php?rest_route=%2Fwp%2Fv2%2Fproduct_cat&post=10080"},{"taxonomy":"product_tag","embeddable":true,"href":"https:\/\/congtybinhminh.com\/index.php?rest_route=%2Fwp%2Fv2%2Fproduct_tag&post=10080"}],"curies":[{"name":"wp","href":"https:\/\/api.w.org\/{rel}","templated":true}]}}