{"id":10035,"date":"2024-09-16T09:51:33","date_gmt":"2024-09-16T02:51:33","guid":{"rendered":"https:\/\/congtybinhminh.com\/?post_type=product&#038;p=10035"},"modified":"2024-09-16T09:52:32","modified_gmt":"2024-09-16T02:52:32","slug":"may-bam-nghien-go-2t-dau-no","status":"publish","type":"product","link":"https:\/\/congtybinhminh.com\/?product=may-bam-nghien-go-2t-dau-no","title":{"rendered":"M\u00e1y b\u0103m nghi\u1ec1n g\u1ed7 2T \u0111\u1ea7u n\u1ed5"},"content":{"rendered":"<h2>\u00a0Gi\u1edbi thi\u1ec7u m\u00e1y b\u0103m nghi\u1ec1n g\u1ed7 2T \u0111\u1ea7u n\u1ed5<\/h2>\n<p>M\u00e1y b\u0103m nghi\u1ec1n g\u1ed7 2T &#8211; gi\u1ea3i ph\u00e1p hi\u1ec7u qu\u1ea3 cho vi\u1ec7c t\u1eadn d\u1ee5ng t\u1ed1i \u0111a ngu\u1ed3n g\u1ed7 th\u1ea3i trong s\u1ea3n xu\u1ea5t<\/p>\n<p>Thay v\u00ec l\u00e3ng ph\u00ed b\u1ecf nh\u1eefng thanh g\u1ed7, m\u1ea9u g\u1ed7 v\u1ee5. m\u00e1y s\u1ebd gi\u00fap b\u1ea1n b\u0103m nghi\u1ec1n th\u00e0nh m\u00f9n nh\u1ecf t\u00e1i ch\u1ebf ch\u00fang t\u1ea1o ra nguy\u00ean li\u1ec7u qu\u00fd gi\u00e1 cho ng\u00e0nh s\u1ea3n xu\u1ea5t v\u00e1n \u00e9p ho\u1eb7c ch\u1ea5t \u0111\u1ed1t..<\/p>\n<p><img loading=\"lazy\" decoding=\"async\" class=\"aligncenter wp-image-10041 size-full\" src=\"https:\/\/congtybinhminh.com\/wp-content\/uploads\/2024\/09\/may-bam-nghien-go-2t-dau-no_result222-1.webp\" alt=\"may-bam-nghien-go-2t-dau-no_result222\" width=\"800\" height=\"1078\" srcset=\"https:\/\/congtybinhminh.com\/wp-content\/uploads\/2024\/09\/may-bam-nghien-go-2t-dau-no_result222-1.webp 800w, https:\/\/congtybinhminh.com\/wp-content\/uploads\/2024\/09\/may-bam-nghien-go-2t-dau-no_result222-1-297x400.webp 297w, https:\/\/congtybinhminh.com\/wp-content\/uploads\/2024\/09\/may-bam-nghien-go-2t-dau-no_result222-1-594x800.webp 594w, https:\/\/congtybinhminh.com\/wp-content\/uploads\/2024\/09\/may-bam-nghien-go-2t-dau-no_result222-1-768x1035.webp 768w, https:\/\/congtybinhminh.com\/wp-content\/uploads\/2024\/09\/may-bam-nghien-go-2t-dau-no_result222-1-510x687.webp 510w\" sizes=\"auto, (max-width: 800px) 100vw, 800px\" \/><\/p>\n<p>Kh\u00f4ng ch\u1ec9 gi\u00fap gi\u1ea3m thi\u1ec3u ph\u1ebf th\u1ea3i, m\u00e0 c\u00f2n m\u1edf ra c\u01a1 h\u1ed9i t\u0103ng thu nh\u1eadp mang l\u1ea1i l\u1ee3i \u00edch kinh t\u1ebf b\u1ec1n v\u1eefng cho doanh nghi\u1ec7p, c\u01a1 s\u1edf t\u00e1i ch\u1ebf<\/p>\n<p><img loading=\"lazy\" decoding=\"async\" class=\"aligncenter wp-image-10049 size-full\" src=\"https:\/\/congtybinhminh.com\/wp-content\/uploads\/2024\/09\/may-bam-go-thanh-mun_result222.webp\" alt=\"may-bam-go-thanh-mun_result222\" width=\"800\" height=\"893\" srcset=\"https:\/\/congtybinhminh.com\/wp-content\/uploads\/2024\/09\/may-bam-go-thanh-mun_result222.webp 800w, https:\/\/congtybinhminh.com\/wp-content\/uploads\/2024\/09\/may-bam-go-thanh-mun_result222-358x400.webp 358w, https:\/\/congtybinhminh.com\/wp-content\/uploads\/2024\/09\/may-bam-go-thanh-mun_result222-717x800.webp 717w, https:\/\/congtybinhminh.com\/wp-content\/uploads\/2024\/09\/may-bam-go-thanh-mun_result222-768x857.webp 768w, https:\/\/congtybinhminh.com\/wp-content\/uploads\/2024\/09\/may-bam-go-thanh-mun_result222-510x569.webp 510w\" sizes=\"auto, (max-width: 800px) 100vw, 800px\" \/><\/p>\n<h2>C\u1ea5u t\u1ea1o m\u00e1y b\u0103m nghi\u1ec1n g\u1ed7 2T \u0111\u00e2u n\u1ed5<\/h2>\n<h3>Khung m\u00e1y ch\u1eafc ch\u1eafn<\/h3>\n<p>Thu\u1ed9c ph\u00e2n khung c\u00f4ng nghi\u1ec7p, v\u1edbi k\u1ebft c\u1ea5u m\u00e1y \u0111\u01b0\u1ee3c h\u00e0n g\u1eafn ch\u1eafc ch\u1eafn, \u0111\u1ea3m b\u1ea3o v\u1eadn h\u00e0nh \u1ed5n \u0111\u1ecbnh m\u00e0 kh\u00f4ng g\u00e2y rung l\u1eafc<\/p>\n<p><img loading=\"lazy\" decoding=\"async\" class=\"aligncenter wp-image-10042 size-full\" src=\"https:\/\/congtybinhminh.com\/wp-content\/uploads\/2024\/09\/cau-tao-may-bam-nghien-go-2t-dau-no_result222.webp\" alt=\"cau-tao-may-bam-nghien-go-2t-dau-no_result222\" width=\"800\" height=\"600\" srcset=\"https:\/\/congtybinhminh.com\/wp-content\/uploads\/2024\/09\/cau-tao-may-bam-nghien-go-2t-dau-no_result222.webp 800w, https:\/\/congtybinhminh.com\/wp-content\/uploads\/2024\/09\/cau-tao-may-bam-nghien-go-2t-dau-no_result222-533x400.webp 533w, https:\/\/congtybinhminh.com\/wp-content\/uploads\/2024\/09\/cau-tao-may-bam-nghien-go-2t-dau-no_result222-768x576.webp 768w, https:\/\/congtybinhminh.com\/wp-content\/uploads\/2024\/09\/cau-tao-may-bam-nghien-go-2t-dau-no_result222-510x383.webp 510w\" sizes=\"auto, (max-width: 800px) 100vw, 800px\" \/><\/p>\n<p>H\u01a1n n\u1eefa, ph\u00eda d\u01b0\u1edbi ch\u00e2n m\u00e1y l\u1eafp \u0111\u1eb7t 4 b\u00e1nh xe thu\u1eadn ti\u1ec7n di chuy\u1ec3n v\u1ecb tr\u00ed \u0111\u1eb7t m\u00e1y. S\u1ef1 k\u1ebft h\u1ee3p mang l\u1ea1i tr\u1ea3i nghi\u1ec7m t\u1ed1i \u01b0u cho ng\u01b0\u1eddi d\u00f9ng<\/p>\n<p>Th\u00e0nh ph\u1ea9m sau khi nghi\u1ec1n s\u1ebd \u0111\u01b0\u1ee3c c\u00e1nh qu\u1ea1t th\u1ed5i \u0111\u01b0a qua b\u1ea7u h\u00fat gi\u00f3. B\u1ea7u gi\u00f3 h\u00fat th\u00e0nh ph\u1ea9m \u0111\u00e3 nghi\u1ec1n r\u1ed3i \u0111\u01b0a xu\u1ed1ng c\u1eeda x\u1ea3 nhanh ch\u00f3ng<\/p>\n<p><img loading=\"lazy\" decoding=\"async\" class=\"aligncenter wp-image-10043 size-full\" src=\"https:\/\/congtybinhminh.com\/wp-content\/uploads\/2024\/09\/may-bam-nghien-go-co-bau-gio_result222.webp\" alt=\"may-bam-nghien-go-co-bau-gio_result222\" width=\"800\" height=\"600\" srcset=\"https:\/\/congtybinhminh.com\/wp-content\/uploads\/2024\/09\/may-bam-nghien-go-co-bau-gio_result222.webp 800w, https:\/\/congtybinhminh.com\/wp-content\/uploads\/2024\/09\/may-bam-nghien-go-co-bau-gio_result222-533x400.webp 533w, https:\/\/congtybinhminh.com\/wp-content\/uploads\/2024\/09\/may-bam-nghien-go-co-bau-gio_result222-768x576.webp 768w, https:\/\/congtybinhminh.com\/wp-content\/uploads\/2024\/09\/may-bam-nghien-go-co-bau-gio_result222-510x383.webp 510w\" sizes=\"auto, (max-width: 800px) 100vw, 800px\" \/><\/p>\n<p>\u0110\u1eb7c bi\u1ec7t, ph\u1ea7n m\u00e1y b\u0103m g\u1ed7 v\u00e0 b\u1ea7u gi\u00f3 thi\u1ebft k\u1ebf \u0111\u1ed9c l\u1eadp li\u00ean k\u1ebft v\u1edbi nhau qua \u1ed1ng n\u1ed1i, vi\u1ec7c s\u1eed d\u1ee5ng b\u1ea7u gi\u00f3 \u0111\u1ec3 ch\u1ee9a th\u00e0nh ph\u1ea9m s\u1ebd thu\u1eadn ti\u1ec7n cho vi\u1ec7c thu gom<\/p>\n<h3>Toa n\u1ea1p v\u00e0 c\u1eeda x\u1ea3<\/h3>\n<p>Ph\u1ea7n toa n\u1ea1p m\u00e1y \u0111\u01b0\u1ee3c thi\u1ebft k\u1ebf v\u1edbi 2 c\u1eeda \u0111\u1ed9c l\u1eadp:<\/p>\n<p><img loading=\"lazy\" decoding=\"async\" class=\"aligncenter wp-image-10044 size-full\" src=\"https:\/\/congtybinhminh.com\/wp-content\/uploads\/2024\/09\/toa-nap-nguyen-lieu_result222-1.webp\" alt=\"toa-nap-nguyen-lieu_result222\" width=\"800\" height=\"500\" srcset=\"https:\/\/congtybinhminh.com\/wp-content\/uploads\/2024\/09\/toa-nap-nguyen-lieu_result222-1.webp 800w, https:\/\/congtybinhminh.com\/wp-content\/uploads\/2024\/09\/toa-nap-nguyen-lieu_result222-1-640x400.webp 640w, https:\/\/congtybinhminh.com\/wp-content\/uploads\/2024\/09\/toa-nap-nguyen-lieu_result222-1-768x480.webp 768w, https:\/\/congtybinhminh.com\/wp-content\/uploads\/2024\/09\/toa-nap-nguyen-lieu_result222-1-510x319.webp 510w\" sizes=\"auto, (max-width: 800px) 100vw, 800px\" \/><\/p>\n<ul>\n<li>1 c\u1eeda chuy\u00ean d\u00f9ng nghi\u1ec1n nguy\u00ean li\u1ec7u d\u1ea1ng m\u1ea3nh nh\u1ecf: \u0111\u01b0\u1ee3c thi\u1ebft k\u1ebf d\u1ea1ng m\u00e1ng l\u1edbn, ph\u00eda tr\u01b0\u1edbc c\u00f3 t\u1ea5m ng\u0103n \u0111i\u1ec1u ch\u1ec9nh l\u01b0\u1ee3ng nguy\u00ean li\u1ec7u xu\u1ed1ng bu\u1ed3ng nghi\u1ec1n, kh\u00f4ng l\u00e0m ngh\u1eb9n m\u00e1y<\/li>\n<li>1 c\u1eeda chuy\u00ean d\u00f9ng b\u0103m nghi\u1ec1n nguy\u00ean li\u1ec7u d\u1ea1ng kh\u00fac g\u1ed7; c\u1eeda b\u0103m \u0111\u01b0\u1ee3c thi\u1ebft k\u1ebf nh\u1ecf h\u01a1n, ph\u1ea7n mi\u1ec7ng vu\u00f4ng n\u1ed1i li\u1ec1n bu\u1ed3ng b\u0103m<\/li>\n<\/ul>\n<p><img loading=\"lazy\" decoding=\"async\" class=\"aligncenter wp-image-10045 size-full\" src=\"https:\/\/congtybinhminh.com\/wp-content\/uploads\/2024\/09\/bam-go_result222.webp\" alt=\"bam-go_result222\" width=\"800\" height=\"472\" srcset=\"https:\/\/congtybinhminh.com\/wp-content\/uploads\/2024\/09\/bam-go_result222.webp 800w, https:\/\/congtybinhminh.com\/wp-content\/uploads\/2024\/09\/bam-go_result222-678x400.webp 678w, https:\/\/congtybinhminh.com\/wp-content\/uploads\/2024\/09\/bam-go_result222-768x453.webp 768w, https:\/\/congtybinhminh.com\/wp-content\/uploads\/2024\/09\/bam-go_result222-510x301.webp 510w\" sizes=\"auto, (max-width: 800px) 100vw, 800px\" \/><\/p>\n<h3>H\u1ec7 th\u1ed1ng bu\u1ed3ng dao b\u0103m<\/h3>\n<p>H\u1ec7 th\u1ed1ng bu\u1ed3ng l\u00e0m vi\u1ec7c c\u1ee7a m\u00e1y \u0111\u01b0\u1ee3c trang b\u1ecb 4 l\u01b0\u1ee1i doa s\u1eafc b\u00e9n c\u1ed1 \u0111\u1ecbnh tr\u00ean \u0111\u0129a quay, k\u1ebft h\u1ee3p 18 b\u00faa \u0111\u1eadp d\u00e0y l\u1eafp tr\u00ean tr\u1ee5c ch\u00ednh t\u1ea1o n\u00ean l\u1ef1c v\u0103ng m\u1ea1nh<\/p>\n<p><img loading=\"lazy\" decoding=\"async\" class=\"aligncenter wp-image-10046 size-full\" src=\"https:\/\/congtybinhminh.com\/wp-content\/uploads\/2024\/09\/dao-bam-go_result222.webp\" alt=\"dao-bam-go_result222\" width=\"800\" height=\"1524\" srcset=\"https:\/\/congtybinhminh.com\/wp-content\/uploads\/2024\/09\/dao-bam-go_result222.webp 800w, https:\/\/congtybinhminh.com\/wp-content\/uploads\/2024\/09\/dao-bam-go_result222-210x400.webp 210w, https:\/\/congtybinhminh.com\/wp-content\/uploads\/2024\/09\/dao-bam-go_result222-420x800.webp 420w, https:\/\/congtybinhminh.com\/wp-content\/uploads\/2024\/09\/dao-bam-go_result222-768x1463.webp 768w, https:\/\/congtybinhminh.com\/wp-content\/uploads\/2024\/09\/dao-bam-go_result222-510x972.webp 510w\" sizes=\"auto, (max-width: 800px) 100vw, 800px\" \/><\/p>\n<p>Khi nguy\u00ean li\u1ec7u \u0111\u01b0\u1ee3c \u0111\u01b0a v\u00e0o t\u1eeb c\u1eeda n\u1ea1p, l\u01b0\u1ee1i dao s\u1ebd b\u0103m nh\u1ecf ch\u00fang th\u00e0nh m\u1ea3nh. Sau \u0111\u00f3, c\u00e1c b\u00faa \u0111\u1eadp s\u1ebd nghi\u1ec1n ch\u00fang \u0111\u1ebfn khi \u0111\u1ea1t ti\u00eau chu\u1ea9n, th\u00e0nh ph\u1ea9m s\u1ebd \u0111i qua l\u1ed7 s\u00e0ng<\/p>\n<p><img loading=\"lazy\" decoding=\"async\" class=\"aligncenter wp-image-10047 size-full\" src=\"https:\/\/congtybinhminh.com\/wp-content\/uploads\/2024\/09\/canh-quat_result222.webp\" alt=\"canh-quat_result222\" width=\"800\" height=\"600\" srcset=\"https:\/\/congtybinhminh.com\/wp-content\/uploads\/2024\/09\/canh-quat_result222.webp 800w, https:\/\/congtybinhminh.com\/wp-content\/uploads\/2024\/09\/canh-quat_result222-533x400.webp 533w, https:\/\/congtybinhminh.com\/wp-content\/uploads\/2024\/09\/canh-quat_result222-768x576.webp 768w, https:\/\/congtybinhminh.com\/wp-content\/uploads\/2024\/09\/canh-quat_result222-510x383.webp 510w\" sizes=\"auto, (max-width: 800px) 100vw, 800px\" \/><\/p>\n<p>K\u1ebft h\u1ee3p s\u1ee9c gi\u00f3 c\u1ee7a c\u00e1nh qu\u1ea1t s\u1ebd th\u1ed5i m\u00f9n g\u1ed7 qua \u1ed1ng n\u1ed1i d\u1eabn l\u00ean b\u1ea7u h\u00fat gi\u00f3 thu gom to\u00e0n b\u1ed9 th\u00e0nh ph\u1ea9m r\u1ed3i tho\u00e1t ra ngo\u00e0i m\u00e0 kh\u00f4ng l\u00e0m th\u1ea5t tho\u00e1t nguy\u00ean li\u1ec7u<\/p>\n<h2>\u0110\u1ecba ch\u1ec9 mua m\u00e1y b\u0103m g\u1ed7 gi\u00e1 g\u1ed1c t\u1ea1i x\u01b0\u1edfng<\/h2>\n<p>\u0110\u1ec3 \u0111\u1eb7t mua h\u00e0ng ch\u00ednh h\u00e3ng, b\u00e0 con c\u00f3 th\u1ec3 \u0111\u1ebfn tr\u1ee5 s\u1edf g\u1ea7n nh\u1ea5t c\u1ee7a c\u00f4ng ty \u0111\u1ec3 xem v\u00e0 \u0111\u1eb7t mua h\u00e0ng<\/p>\n<ul>\n<li>Tr\u1ee5 s\u1edf ch\u00ednh; p. L\u00ea L\u1ee3i &#8211; Tx S\u01a1n T\u00e2y &#8211; H\u00e0 N\u1ed9i<\/li>\n<li>Chi nh\u00e1nh mi\u1ec1n Nam: x\u00e3 T\u00e2n Ki\u00ean &#8211; H. B\u00ecnh Ch\u00e1nh &#8211; Tp H\u1ed3 Ch\u00ed Minh<\/li>\n<\/ul>\n<p><img loading=\"lazy\" decoding=\"async\" class=\"aligncenter wp-image-10048 size-full\" src=\"https:\/\/congtybinhminh.com\/wp-content\/uploads\/2024\/09\/dia-chi-mua-may-bam-go_result222.webp\" alt=\"dia-chi-mua-may-bam-go_result222\" width=\"800\" height=\"1223\" srcset=\"https:\/\/congtybinhminh.com\/wp-content\/uploads\/2024\/09\/dia-chi-mua-may-bam-go_result222.webp 800w, https:\/\/congtybinhminh.com\/wp-content\/uploads\/2024\/09\/dia-chi-mua-may-bam-go_result222-262x400.webp 262w, https:\/\/congtybinhminh.com\/wp-content\/uploads\/2024\/09\/dia-chi-mua-may-bam-go_result222-523x800.webp 523w, https:\/\/congtybinhminh.com\/wp-content\/uploads\/2024\/09\/dia-chi-mua-may-bam-go_result222-768x1174.webp 768w, https:\/\/congtybinhminh.com\/wp-content\/uploads\/2024\/09\/dia-chi-mua-may-bam-go_result222-510x780.webp 510w\" sizes=\"auto, (max-width: 800px) 100vw, 800px\" \/><\/p>\n<p>Khi \u0111\u1ebfn \u0111\u00e2y, b\u00e0 con s\u1ebd \u0111\u01b0\u1ee3c th\u1eed nghi\u1ec7m v\u1eadn h\u00e0nh m\u00e1y d\u01b0\u1edbi s\u1ef1 h\u01b0\u1edbng d\u1eabn c\u1ee7a \u0111\u1ed9i ng\u0169 k\u1ef9 thu\u1eadt<\/p>\n<p>\u0110\u1ed1i v\u1edbi b\u00e0 con \u1edf xa, c\u00f3 th\u1ec3 li\u00ean h\u1ec7 t\u1edbi s\u1ed1 \u0111i\u1ec7n tho\u1ea1i tr\u00ean website ho\u1eb7c \u0111\u1ec3 l\u1ea1i l\u1eddi nh\u1eafn \u0111\u1ed9i ng\u0169 t\u01b0 v\u1ea5n s\u1ebd li\u00ean h\u1ec7 b\u00e0 con trong th\u1eddi gian s\u1edbm nh\u1ea5t<\/p>\n<p><strong>Th\u00f4ng s\u1ed1 k\u1ef9 thu\u1eadt\u00a0<\/strong><\/p>\n<table border=\"1\" cellspacing=\"1\" cellpadding=\"1\">\n<tbody>\n<tr>\n<td colspan=\"1\" rowspan=\"3\">\u0110\u1ed9ng c\u01a1<\/td>\n<td>C\u00f4ng su\u1ea5t \u0111\u1ea7u n\u1ed5<\/td>\n<td>D40<\/td>\n<\/tr>\n<tr>\n<td>Ngu\u1ed3n \u0111i\u1ec7n<\/td>\n<td>v<\/td>\n<\/tr>\n<tr>\n<td>T\u1ed1c \u0111\u1ed9 m\u00e1y<\/td>\n<td>v\/p<\/td>\n<\/tr>\n<tr>\n<td colspan=\"1\" rowspan=\"2\">B\u1ea3o h\u00e0nh<\/td>\n<td>K\u1ef9 thu\u1eadt<\/td>\n<td>06 th\u00e1ng<\/td>\n<\/tr>\n<tr>\n<td>\u0110\u1ed9ng c\u01a1<\/td>\n<td>Theo t\u1eebng h\u00e3ng s\u1ea3n xu\u1ea5t<\/td>\n<\/tr>\n<tr>\n<td>N\u0103ng su\u1ea5t<\/td>\n<td colspan=\"2\" rowspan=\"1\">\u00a0kg\/gi\u1edd<\/td>\n<\/tr>\n<tr>\n<td>K\u00edch th\u01b0\u1edbc (d*c*r)<\/td>\n<td colspan=\"2\" rowspan=\"1\">250*113*110 cm ( m\u00e1y b\u0103m)<\/td>\n<\/tr>\n<tr>\n<td>H\u00ecnh th\u1ee9c thanh to\u00e1n<\/td>\n<td colspan=\"2\" rowspan=\"1\">Ti\u1ec1n m\u1eb7t ho\u1eb7c chuy\u1ec3n kho\u1ea3n<\/td>\n<\/tr>\n<\/tbody>\n<\/table>\n","protected":false},"excerpt":{"rendered":"<ul>\n<li><strong>H\u00e3ng s\u1ea3n xu\u1ea5t<\/strong>: B\u00ecnh Qu\u00e2n<\/li>\n<li><strong>C\u00f4ng su\u1ea5t \u0111\u1ea7u n\u1ed5:<\/strong>\u00a0D40<\/li>\n<li><strong>K\u00edch th\u01b0\u1edbc (d*c*r)<\/strong>\u00a0: 250*113*110 cm<\/li>\n<li><strong>T\u00ednh n\u0103ng:<\/strong>\u00a0chuy\u00ean b\u0103m nghi\u1ec1n kh\u00fac g\u1ed7, m\u1ea9u g\u1ed7.. th\u00e0nh d\u1ea1ng m\u00f9n<\/li>\n<\/ul>\n","protected":false},"featured_media":10036,"comment_status":"closed","ping_status":"closed","template":"","meta":[],"product_brand":[],"product_cat":[41],"product_tag":[],"class_list":{"0":"post-10035","1":"product","2":"type-product","3":"status-publish","4":"has-post-thumbnail","6":"product_cat-may-bam-go","8":"first","9":"instock","10":"shipping-taxable","11":"product-type-simple"},"_links":{"self":[{"href":"https:\/\/congtybinhminh.com\/index.php?rest_route=\/wp\/v2\/product\/10035","targetHints":{"allow":["GET"]}}],"collection":[{"href":"https:\/\/congtybinhminh.com\/index.php?rest_route=\/wp\/v2\/product"}],"about":[{"href":"https:\/\/congtybinhminh.com\/index.php?rest_route=\/wp\/v2\/types\/product"}],"replies":[{"embeddable":true,"href":"https:\/\/congtybinhminh.com\/index.php?rest_route=%2Fwp%2Fv2%2Fcomments&post=10035"}],"wp:featuredmedia":[{"embeddable":true,"href":"https:\/\/congtybinhminh.com\/index.php?rest_route=\/wp\/v2\/media\/10036"}],"wp:attachment":[{"href":"https:\/\/congtybinhminh.com\/index.php?rest_route=%2Fwp%2Fv2%2Fmedia&parent=10035"}],"wp:term":[{"taxonomy":"product_brand","embeddable":true,"href":"https:\/\/congtybinhminh.com\/index.php?rest_route=%2Fwp%2Fv2%2Fproduct_brand&post=10035"},{"taxonomy":"product_cat","embeddable":true,"href":"https:\/\/congtybinhminh.com\/index.php?rest_route=%2Fwp%2Fv2%2Fproduct_cat&post=10035"},{"taxonomy":"product_tag","embeddable":true,"href":"https:\/\/congtybinhminh.com\/index.php?rest_route=%2Fwp%2Fv2%2Fproduct_tag&post=10035"}],"curies":[{"name":"wp","href":"https:\/\/api.w.org\/{rel}","templated":true}]}}