{"id":10015,"date":"2024-09-11T10:53:48","date_gmt":"2024-09-11T03:53:48","guid":{"rendered":"https:\/\/congtybinhminh.com\/?post_type=product&#038;p=10015"},"modified":"2024-09-11T10:53:49","modified_gmt":"2024-09-11T03:53:49","slug":"may-nghien-thuc-an-chan-nuoi-bi20","status":"publish","type":"product","link":"https:\/\/congtybinhminh.com\/?product=may-nghien-thuc-an-chan-nuoi-bi20","title":{"rendered":"M\u00e1y nghi\u1ec1n th\u1ee9c \u0103n ch\u0103n nu\u00f4i BI20"},"content":{"rendered":"<h2>Gi\u1edbi thi\u1ec7u m\u00e1y nghi\u1ec1n th\u1ee9c \u0103n ch\u0103n nu\u00f4i BI20<\/h2>\n<p>M\u00e1y nghi\u1ec1n th\u1ee9c \u0103n ch\u0103n nu\u00f4i BI20 do c\u00f4ng ty B\u00ecnh Minh s\u1ea3n xu\u1ea5t &#8211; gi\u1ea3i ph\u00e1p v\u01b0\u1ee3t tr\u1ed9i cho qu\u00e1 tr\u00ecnh ch\u1ebf bi\u1ebfn n\u00f4ng s\u1ea3n<\/p>\n<p>V\u1edbi t\u00ednh n\u0103ng nghi\u1ec1n nhanh ch\u00f3ng v\u00e0 hi\u1ec7u qu\u1ea3, m\u00e1y kh\u00f4ng ch\u1ec9 gi\u00fap t\u0103ng n\u0103ng su\u1ea5t m\u00e0 c\u00f2n gi\u1ea3m thi\u1ec3u chi ph\u00ed nh\u00e2n c\u00f4ng v\u00e0 nguy\u00ean li\u1ec7u. Th\u00edch h\u1ee3p cho m\u1ecdi quy m\u00f4 t\u1eeb gia \u0111\u00ecnh \u0111\u1ebfn c\u01a1 s\u1edf s\u1ea3n xu\u1ea5t l\u1edbn<\/p>\n<p><img loading=\"lazy\" decoding=\"async\" class=\"aligncenter wp-image-10026 size-full\" src=\"https:\/\/congtybinhminh.com\/wp-content\/uploads\/2024\/09\/may-nghien-thuc-an-chan-nuoi-bi20-binh-minh-1_result222.webp\" alt=\"may-nghien-thuc-an-chan-nuoi-bi20-binh-minh-1_result222\" width=\"800\" height=\"1078\" srcset=\"https:\/\/congtybinhminh.com\/wp-content\/uploads\/2024\/09\/may-nghien-thuc-an-chan-nuoi-bi20-binh-minh-1_result222.webp 800w, https:\/\/congtybinhminh.com\/wp-content\/uploads\/2024\/09\/may-nghien-thuc-an-chan-nuoi-bi20-binh-minh-1_result222-297x400.webp 297w, https:\/\/congtybinhminh.com\/wp-content\/uploads\/2024\/09\/may-nghien-thuc-an-chan-nuoi-bi20-binh-minh-1_result222-594x800.webp 594w, https:\/\/congtybinhminh.com\/wp-content\/uploads\/2024\/09\/may-nghien-thuc-an-chan-nuoi-bi20-binh-minh-1_result222-768x1035.webp 768w, https:\/\/congtybinhminh.com\/wp-content\/uploads\/2024\/09\/may-nghien-thuc-an-chan-nuoi-bi20-binh-minh-1_result222-510x687.webp 510w\" sizes=\"auto, (max-width: 800px) 100vw, 800px\" \/><\/p>\n<p>Thi\u1ebft b\u1ecb kh\u00f4ng th\u1ec3 thi\u1ebfu \u0111\u1ec3 h\u1ed7 tr\u1ee3 ph\u00e1t tri\u1ec3n m\u00f4 h\u00ecnh ch\u0103n nu\u00f4i b\u1ec1n v\u1eefng v\u00e0 hi\u1ec7u qu\u1ea3<\/p>\n<h2>C\u1ea5u t\u1ea1o m\u00e1y nghi\u1ec1n th\u1ee9c \u0103n ch\u0103n nu\u00f4i BI20<\/h2>\n<h3>Khung m\u00e1y ch\u1eafc ch\u1eafn<\/h3>\n<p>Thu\u1ed9c d\u00f2ng m\u00e1y c\u00f4ng nghi\u1ec7p, m\u00e1y \u0111\u01b0\u1ee3c thi\u1ebft k\u1ebf l\u01a1n v\u1edbi ph\u1ea7n khung m\u00e1y \u0111\u01b0\u1ee3c h\u00e0n g\u1eafn ch\u1eafc ch\u1eafn kh\u00f4ng g\u00e2y rung l\u1eafc trong qu\u00e1 tr\u00ecnh nghi\u1ec1n<\/p>\n<p><img loading=\"lazy\" decoding=\"async\" class=\"aligncenter wp-image-10021 size-full\" src=\"https:\/\/congtybinhminh.com\/wp-content\/uploads\/2024\/09\/cau-tao-may-nghien-thuc-an-chan-nuoi-bi20_result222.webp\" alt=\"cau-tao-may-nghien-thuc-an-chan-nuoi-bi20_result222\" width=\"800\" height=\"628\" srcset=\"https:\/\/congtybinhminh.com\/wp-content\/uploads\/2024\/09\/cau-tao-may-nghien-thuc-an-chan-nuoi-bi20_result222.webp 800w, https:\/\/congtybinhminh.com\/wp-content\/uploads\/2024\/09\/cau-tao-may-nghien-thuc-an-chan-nuoi-bi20_result222-510x400.webp 510w, https:\/\/congtybinhminh.com\/wp-content\/uploads\/2024\/09\/cau-tao-may-nghien-thuc-an-chan-nuoi-bi20_result222-768x603.webp 768w\" sizes=\"auto, (max-width: 800px) 100vw, 800px\" \/><\/p>\n<p>Th\u00e0nh ph\u1ea9m sau khi nghi\u1ec1n s\u1ebd \u0111\u01b0\u1ee3c c\u00e1nh qu\u1ea1t th\u1ed5i \u0111\u01b0a qua b\u1ea7u h\u00fat gi\u00f3. B\u1ea7u gi\u00f3 h\u00fat th\u00e0nh ph\u1ea9m \u0111\u00e3 nghi\u1ec1n m\u1ecbn \u0111\u01b0a xu\u1ed1ng c\u1eeda x\u1ea3 m\u1ed9t c\u00e1ch nhanh ch\u00f3ng<\/p>\n<p><img loading=\"lazy\" decoding=\"async\" class=\"aligncenter wp-image-10024 size-full\" src=\"https:\/\/congtybinhminh.com\/wp-content\/uploads\/2024\/09\/may-nghien-bot-cam-3-pha_result222-1.webp\" alt=\"may-nghien-bot-cam-3-pha_result222\" width=\"800\" height=\"600\" srcset=\"https:\/\/congtybinhminh.com\/wp-content\/uploads\/2024\/09\/may-nghien-bot-cam-3-pha_result222-1.webp 800w, https:\/\/congtybinhminh.com\/wp-content\/uploads\/2024\/09\/may-nghien-bot-cam-3-pha_result222-1-533x400.webp 533w, https:\/\/congtybinhminh.com\/wp-content\/uploads\/2024\/09\/may-nghien-bot-cam-3-pha_result222-1-768x576.webp 768w, https:\/\/congtybinhminh.com\/wp-content\/uploads\/2024\/09\/may-nghien-bot-cam-3-pha_result222-1-510x383.webp 510w\" sizes=\"auto, (max-width: 800px) 100vw, 800px\" \/><\/p>\n<p>\u0110\u1eb7c bi\u1ec7t, ph\u1ea7n m\u00e1y nghi\u1ec1n v\u00e0 b\u1ea7u gi\u00f3 \u0111\u01b0\u1ee3c thi\u1ebft k\u1ebf \u0111\u1ed9c l\u1eadp li\u00ean k\u1ebft v\u1edbi nhau qua \u1ed1ng n\u1ed1i, vi\u1ec7c s\u1eed d\u1ee5ng b\u1ea7u gi\u00f3 \u0111\u1ec3 ch\u1ee9a th\u00e0nh ph\u1ea9m s\u1ebd thu\u1eadn ti\u1ec7n cho vi\u1ec7c thu gom h\u01a1n<\/p>\n<h3>Toa n\u1ea1p nguy\u00ean li\u1ec7u<\/h3>\n<p>Ph\u1ea7n toa n\u1ea1p \u0111\u01b0\u1ee3c thi\u1ebft k\u1ebf d\u1ea1ng ph\u1ec5u ngang c\u00f3 s\u1ee9c ch\u1ee9a nhi\u1ec1u nguy\u00ean li\u1ec7u h\u01a1n thu\u1eadn ti\u1ec7n trong qu\u00e1 tr\u00ecnh b\u00f3n nguy\u00ean li\u1ec7u v\u00e0o nghi\u1ec1n<\/p>\n<p><img loading=\"lazy\" decoding=\"async\" class=\"size-full wp-image-10023 aligncenter\" src=\"https:\/\/congtybinhminh.com\/wp-content\/uploads\/2024\/09\/toa-nap-nguyen-lieu_result222.webp\" alt=\"toa-nap-nguyen-lieu_result222\" width=\"800\" height=\"394\" srcset=\"https:\/\/congtybinhminh.com\/wp-content\/uploads\/2024\/09\/toa-nap-nguyen-lieu_result222.webp 800w, https:\/\/congtybinhminh.com\/wp-content\/uploads\/2024\/09\/toa-nap-nguyen-lieu_result222-768x378.webp 768w, https:\/\/congtybinhminh.com\/wp-content\/uploads\/2024\/09\/toa-nap-nguyen-lieu_result222-510x251.webp 510w\" sizes=\"auto, (max-width: 800px) 100vw, 800px\" \/><\/p>\n<p>H\u01a1n n\u1eefa, tr\u01b0\u1edbc c\u1eeda n\u1ea1p m\u00e1y c\u00f3 t\u1ea5m ch\u1eafn \u0111\u1ec3 ng\u01b0\u1eddi d\u00f9ng c\u00f3 th\u1ec3 t\u1ef1 \u0111i\u1ec1u ch\u1ec9nh l\u01b0\u1ee3ng c\u00e1m. Tr\u00e1nh \u0111\u01b0\u1ee3c tr\u01b0\u1eddng h\u1ee3p b\u00f3n qu\u00e1 nhi\u1ec1u l\u00e0m ngh\u1eb9n m\u00e1y<\/p>\n<h3>Bu\u1ed3ng l\u00e0m vi\u1ec7c<\/h3>\n<p>B\u00ean trong h\u1ec7 th\u1ed1ng bu\u1ed3ng l\u00e0m vi\u1ec7c g\u1ed3m 24 b\u00faa \u0111\u1eadp c\u00f9ng b\u1ed9 qu\u1ea1t kh\u1ecfe gi\u00fap m\u00e1y ho\u1ea1t \u0111\u1ed9ng li\u00ean t\u1ee5c \u0111\u1eadp v\u1ee1 v\u00e0 nghi\u1ec1n nguy\u00ean li\u1ec7u v\u1edbi m\u1eb7t s\u00e0ng th\u00e0nh b\u1ed9t \u0111\u1ebfn khi \u0111\u1ea1t y\u00eau c\u1ea7u<\/p>\n<p><img loading=\"lazy\" decoding=\"async\" class=\"aligncenter wp-image-10027 size-full\" src=\"https:\/\/congtybinhminh.com\/wp-content\/uploads\/2024\/09\/may-nghien-bua_result222.webp\" alt=\"may-nghien-bua_result222\" width=\"800\" height=\"1208\" srcset=\"https:\/\/congtybinhminh.com\/wp-content\/uploads\/2024\/09\/may-nghien-bua_result222.webp 800w, https:\/\/congtybinhminh.com\/wp-content\/uploads\/2024\/09\/may-nghien-bua_result222-265x400.webp 265w, https:\/\/congtybinhminh.com\/wp-content\/uploads\/2024\/09\/may-nghien-bua_result222-530x800.webp 530w, https:\/\/congtybinhminh.com\/wp-content\/uploads\/2024\/09\/may-nghien-bua_result222-768x1160.webp 768w, https:\/\/congtybinhminh.com\/wp-content\/uploads\/2024\/09\/may-nghien-bua_result222-510x770.webp 510w\" sizes=\"auto, (max-width: 800px) 100vw, 800px\" \/><\/p>\n<p>B\u1ea7u h\u00fat gi\u00f3 l\u00e0m nhi\u1ec7m v\u1ee5 h\u00fat th\u00e0nh ph\u1ea9m \u0111\u00e3 \u0111\u01b0\u1ee3c nghi\u1ec1n m\u1ecbn xu\u1ed1ng c\u1eeda x\u1ea3 m\u1ed9t c\u00e1ch nhanh ch\u00f3ng<\/p>\n<p><img loading=\"lazy\" decoding=\"async\" class=\"aligncenter wp-image-10029 size-full\" src=\"https:\/\/congtybinhminh.com\/wp-content\/uploads\/2024\/09\/may-nghien-co-bau-hut-gio_result222-1.webp\" alt=\"may-nghien-co-bau-hut-gio_result222\" width=\"800\" height=\"600\" srcset=\"https:\/\/congtybinhminh.com\/wp-content\/uploads\/2024\/09\/may-nghien-co-bau-hut-gio_result222-1.webp 800w, https:\/\/congtybinhminh.com\/wp-content\/uploads\/2024\/09\/may-nghien-co-bau-hut-gio_result222-1-533x400.webp 533w, https:\/\/congtybinhminh.com\/wp-content\/uploads\/2024\/09\/may-nghien-co-bau-hut-gio_result222-1-768x576.webp 768w, https:\/\/congtybinhminh.com\/wp-content\/uploads\/2024\/09\/may-nghien-co-bau-hut-gio_result222-1-510x383.webp 510w\" sizes=\"auto, (max-width: 800px) 100vw, 800px\" \/><\/p>\n<h2>V\u00ec sao n\u00ean d\u00f9ng m\u00e1y nghi\u1ec1n th\u1ee9c \u0103n ch\u0103n nu\u00f4i BI20<\/h2>\n<p>Tr\u01b0\u1edbc t\u00ecnh tr\u1ea1ng gi\u00e1 c\u00e1m t\u0103ng cao, vi\u1ec7c t\u1ef1 ch\u1ebf bi\u1ebfn ngu\u1ed3n th\u1ee9c \u0103n cho gia s\u00fac &#8211; gia c\u1ea7m l\u00e0 \u0111i\u1ec1u v\u00f4 c\u00f9ng c\u1ea7n thi\u1ebft, \u0111i\u1ec1u n\u00e0y s\u1ebd gi\u00fap b\u00e0 con:<\/p>\n<ul>\n<li>X\u1eed l\u00fd \u0111\u01b0\u1ee3c s\u1ed1 l\u01b0\u1ee3ng l\u1edbn n\u00f4ng s\u1ea3n kh\u00f4 th\u00e0nh d\u1ea1ng b\u1ed9t c\u00e1m thu\u1eadn ti\u1ec7n cho qu\u00e1 tr\u00ecnh s\u1eed d\u1ee5ng v\u00e0 b\u1ea3o qu\u1ea3n<\/li>\n<li>Ti\u1ebft ki\u1ec7m m\u1ed9t kho\u1ea3n chi ph\u00ed kh\u00e1c thay v\u00ec mua th\u1ee9c \u0103n ngo\u00e0i<\/li>\n<li>D\u1ec5 d\u00e0ng ch\u1ee7 \u0111\u1ed9ng ngu\u1ed3n th\u1ee9c \u0103n cho v\u1eadt nu\u00f4i \u1edf b\u1ea5t c\u1ee9 th\u1eddi \u0111i\u1ec3m n\u00e0o<\/li>\n<li>\u0110\u1ea3m b\u1ea3o th\u1ee9c \u0103n &#8211; ch\u1ea5t l\u01b0\u1ee3ng v\u00e0 dinh d\u01b0\u1ee1ng cho v\u1eadt nu\u00f4i<\/li>\n<\/ul>\n<h2>\u0110\u1ecba ch\u1ec9 mua m\u00e1y nghi\u1ec1n gi\u00e1 g\u1ed1c t\u1ea1i x\u01b0\u1edfng<\/h2>\n<p>\u0110\u1ec3 \u0111\u1eb7t mua h\u00e0ng ch\u00ednh h\u00e3ng, b\u00e0 con c\u00f3 th\u1ec3 \u0111\u1ebfn tr\u1ee5 s\u1edf g\u1ea7n nh\u1ea5t c\u1ee7a c\u00f4ng ty \u0111\u1ec3 xem v\u00e0 \u0111\u1eb7t mua h\u00e0ng:<\/p>\n<ul>\n<li>Tr\u1ee5 s\u1edf ch\u00ednh: P. L\u00ea L\u1ee3i &#8211; Tx S\u01a1n T\u00e2y &#8211; H\u00e0 N\u1ed9i<\/li>\n<li>Chi nh\u00e1nh mi\u1ec1n Nam; x\u00e3 T\u00e2n Ki\u00ean &#8211; H. B\u00ecnh Ch\u00e1nh &#8211; Tp H\u1ed3 Ch\u00ed Minh<\/li>\n<\/ul>\n<p><img loading=\"lazy\" decoding=\"async\" class=\"aligncenter wp-image-9561 size-full\" src=\"https:\/\/congtybinhminh.com\/wp-content\/uploads\/2024\/04\/dia-chi-ban-may-nghien-copy-2_result222.webp\" alt=\"dia-chi-ban-may-nghien copy 2_result222\" width=\"800\" height=\"961\" srcset=\"https:\/\/congtybinhminh.com\/wp-content\/uploads\/2024\/04\/dia-chi-ban-may-nghien-copy-2_result222.webp 800w, https:\/\/congtybinhminh.com\/wp-content\/uploads\/2024\/04\/dia-chi-ban-may-nghien-copy-2_result222-333x400.webp 333w, https:\/\/congtybinhminh.com\/wp-content\/uploads\/2024\/04\/dia-chi-ban-may-nghien-copy-2_result222-666x800.webp 666w, https:\/\/congtybinhminh.com\/wp-content\/uploads\/2024\/04\/dia-chi-ban-may-nghien-copy-2_result222-768x923.webp 768w, https:\/\/congtybinhminh.com\/wp-content\/uploads\/2024\/04\/dia-chi-ban-may-nghien-copy-2_result222-510x613.webp 510w\" sizes=\"auto, (max-width: 800px) 100vw, 800px\" \/><\/p>\n<p>Khi \u0111\u1ebfn \u0111\u00e2y, b\u00e0 con s\u1ebd \u0111\u01b0\u1ee3c th\u1eed nghi\u1ec7m v\u1eadn h\u00e0nh m\u00e1y d\u01b0\u1edbi s\u1ef1 h\u01b0\u1edbng d\u1eabn c\u1ee7a \u0111\u1ed9i ng\u0169 k\u1ef9 thu\u1eadt<\/p>\n<p>\u0110\u1ed1i v\u1edbi b\u00e0 con \u1edf xa, c\u00f3 th\u1ec3 li\u00ean h\u1ec7 t\u1edbi s\u1ed1 \u0111i\u1ec7n tho\u1ea1i tr\u00ean website ho\u1eb7c \u0111\u1ec3 l\u1ea1i l\u1eddi nh\u1eafn \u0111\u1ed9i ng\u0169 t\u01b0 v\u1ea5n s\u1ebd li\u00ean h\u1ec7 b\u00e0 con trong th\u1eddi gian s\u1edbm nh\u1ea5t<\/p>\n<p><strong>Th\u00f4ng s\u1ed1 k\u1ef9 thu\u1eadt\u00a0<\/strong><\/p>\n<table style=\"font-weight: 400\">\n<tbody>\n<tr>\n<td rowspan=\"3\" width=\"274\">\u0110\u1ed9ng c\u01a1<\/td>\n<td width=\"214\">C\u00f4ng su\u1ea5t \u0111\u1ed9ng c\u01a1<\/td>\n<td width=\"213\">18.5( kw)<\/td>\n<\/tr>\n<tr>\n<td width=\"214\">Ngu\u1ed3n \u0111i\u1ec7n<\/td>\n<td width=\"213\">380( V)<\/td>\n<\/tr>\n<tr>\n<td width=\"214\">T\u1ed1c \u0111\u1ed9<\/td>\n<td width=\"213\">4200-4500( v\/p)<\/td>\n<\/tr>\n<tr>\n<td rowspan=\"2\" width=\"274\">Tr\u1ecdng l\u01b0\u1ee3ng m\u00e1y<\/td>\n<td width=\"214\">Nguy\u00ean b\u1ed9<\/td>\n<td width=\"213\">568 (kg)<\/td>\n<\/tr>\n<tr>\n<td width=\"214\">Kh\u00f4ng \u0111\u1ed9ng \u00a0c\u01a1<\/td>\n<td width=\"213\">406 (kg)<\/td>\n<\/tr>\n<tr>\n<td rowspan=\"2\" width=\"274\">B\u1ea3o h\u00e0nh<\/td>\n<td width=\"214\">K\u1ef9 thu\u1eadt<\/td>\n<td width=\"213\">06\u00a0th\u00e1ng<\/td>\n<\/tr>\n<tr>\n<td width=\"214\">\u0110\u1ed9ng c\u01a1<\/td>\n<td width=\"213\">Theo t\u1eebng h\u00e3ng s\u1ea3n xu\u1ea5t<\/td>\n<\/tr>\n<tr>\n<td width=\"274\">N\u0103ng su\u1ea5t<\/td>\n<td colspan=\"2\" width=\"427\">800-1000 ( kg\/h)<\/td>\n<\/tr>\n<tr>\n<td width=\"274\">K\u00edch th\u01b0\u1edbc<\/td>\n<td colspan=\"2\" width=\"427\">&#8211; M\u00e1y: CC84* CD 157* CR 78<br \/>\n&#8211; B\u1ea7u gi\u00f3: CC 220cm *CR 60cm * CD 111cm<\/td>\n<\/tr>\n<tr>\n<td width=\"274\">H\u00ecnh th\u1ee9c thanh to\u00e1n<\/td>\n<td colspan=\"2\" width=\"427\"><b><strong>Ti\u1ec1n m\u1eb7t ho\u1eb7c chuy\u1ec3n kho\u1ea3n<\/strong><\/b><\/td>\n<\/tr>\n<\/tbody>\n<\/table>\n<p>&nbsp;<\/p>\n","protected":false},"excerpt":{"rendered":"<ul>\n<li><strong>H\u00e3ng s\u1ea3n xu\u1ea5t:<\/strong> B\u00ecnh Minh<\/li>\n<li><strong>C\u00f4ng su\u1ea5t \u0111\u1ed9ng c\u01a1 :<\/strong>\u00a015 \u2013 20kw<\/li>\n<li><strong>T\u1ed1c \u0111\u1ed9 :<\/strong>\u00a04200 \u2013 4500 v\/p<\/li>\n<li><strong>Ngu\u1ed3n \u0111i\u1ec7n:<\/strong>\u00a0380V<\/li>\n<li><strong>N\u0103ng su\u1ea5t:<\/strong>\u00a0800 \u2013 1000 kg\/gi\u1edd<\/li>\n<li><strong>T\u00ednh n\u0103ng:<\/strong>\u00a0m\u00e1y chuy\u00ean nghi\u1ec1n c\u00e1c lo\u1ea1i n\u00f4ng s\u1ea3n, nghi\u1ec1n b\u1ed9t qu\u1ebf, d\u01b0\u1ee3c li\u1ec7u.<\/li>\n<\/ul>\n","protected":false},"featured_media":10016,"comment_status":"closed","ping_status":"closed","template":"","meta":[],"product_brand":[],"product_cat":[32],"product_tag":[],"class_list":{"0":"post-10015","1":"product","2":"type-product","3":"status-publish","4":"has-post-thumbnail","6":"product_cat-may-nghien","8":"first","9":"instock","10":"shipping-taxable","11":"product-type-simple"},"_links":{"self":[{"href":"https:\/\/congtybinhminh.com\/index.php?rest_route=\/wp\/v2\/product\/10015","targetHints":{"allow":["GET"]}}],"collection":[{"href":"https:\/\/congtybinhminh.com\/index.php?rest_route=\/wp\/v2\/product"}],"about":[{"href":"https:\/\/congtybinhminh.com\/index.php?rest_route=\/wp\/v2\/types\/product"}],"replies":[{"embeddable":true,"href":"https:\/\/congtybinhminh.com\/index.php?rest_route=%2Fwp%2Fv2%2Fcomments&post=10015"}],"wp:featuredmedia":[{"embeddable":true,"href":"https:\/\/congtybinhminh.com\/index.php?rest_route=\/wp\/v2\/media\/10016"}],"wp:attachment":[{"href":"https:\/\/congtybinhminh.com\/index.php?rest_route=%2Fwp%2Fv2%2Fmedia&parent=10015"}],"wp:term":[{"taxonomy":"product_brand","embeddable":true,"href":"https:\/\/congtybinhminh.com\/index.php?rest_route=%2Fwp%2Fv2%2Fproduct_brand&post=10015"},{"taxonomy":"product_cat","embeddable":true,"href":"https:\/\/congtybinhminh.com\/index.php?rest_route=%2Fwp%2Fv2%2Fproduct_cat&post=10015"},{"taxonomy":"product_tag","embeddable":true,"href":"https:\/\/congtybinhminh.com\/index.php?rest_route=%2Fwp%2Fv2%2Fproduct_tag&post=10015"}],"curies":[{"name":"wp","href":"https:\/\/api.w.org\/{rel}","templated":true}]}}