{"id":29,"date":"2019-10-20T14:10:24","date_gmt":"2019-10-20T07:10:24","guid":{"rendered":"http:\/\/congtybinhminh.com\/?page_id=29"},"modified":"2020-02-18T13:15:42","modified_gmt":"2020-02-18T06:15:42","slug":"chung-toi","status":"publish","type":"page","link":"https:\/\/congtybinhminh.com\/?page_id=29","title":{"rendered":"Ch\u00fang T\u00f4i"},"content":{"rendered":"<p>C\u00f4ng Ty TNHH S\u1ea3n Xu\u1ea5t Th\u01b0\u01a1ng M\u1ea1i Xu\u1ea5t Nh\u1eadp Kh\u1ea9u B\u00ecnh Minh t\u1ef1 h\u00e0o l\u00e0 m\u1ed9t trong nh\u1eefng c\u00f4ng ty ch\u1ebf t\u1ea1o m\u00e1y n\u00f4ng nghi\u1ec7p, c\u00f4ng nghi\u1ec7p c\u00f3 b\u1ec1 d\u00e0y h\u01a1n 30 n\u0103m h\u00ecnh th\u00e0nh v\u00e0 ph\u00e1t tri\u1ec3n. Ch\u00fang t\u00f4i lu\u00f4n lu\u00f4n n\u1ed7 l\u1ef1c, c\u1ea3i ti\u1ebfn s\u1ea3n ph\u1ea9m, h\u1ed7 tr\u1ee3 b\u00e0 con n\u00f4ng d\u00e2n c\u00f4ng t\u00e1c s\u1ea3n xu\u1ea5t, mang l\u1ea1i ngu\u1ed3n l\u1ee3i nhu\u1eadn h\u1ea5p d\u1eabn, n\u00e2ng cao kinh t\u1ebf.<\/p>\n<p><img loading=\"lazy\" decoding=\"async\" class=\"size-full wp-image-674 aligncenter\" src=\"https:\/\/congtybinhminh.com\/wp-content\/uploads\/2019\/11\/chung-toi.jpg\" alt=\"chung-toi\" width=\"1200\" height=\"900\" srcset=\"https:\/\/congtybinhminh.com\/wp-content\/uploads\/2019\/11\/chung-toi.jpg 1200w, https:\/\/congtybinhminh.com\/wp-content\/uploads\/2019\/11\/chung-toi-510x383.jpg 510w, https:\/\/congtybinhminh.com\/wp-content\/uploads\/2019\/11\/chung-toi-533x400.jpg 533w, https:\/\/congtybinhminh.com\/wp-content\/uploads\/2019\/11\/chung-toi-768x576.jpg 768w, https:\/\/congtybinhminh.com\/wp-content\/uploads\/2019\/11\/chung-toi-1067x800.jpg 1067w\" sizes=\"auto, (max-width: 1200px) 100vw, 1200px\" \/><\/p>\n<p>N\u1eafm b\u1eaft nhu c\u1ea7u c\u1ee7a th\u1ecb tr\u01b0\u1eddng, C\u00f4ng Ty \u0111\u00e3 cho ra \u0111\u1eddi nh\u1eefng c\u00e1c s\u1ea3n ph\u1ea9m \u01b0u vi\u1ec7t, c\u00f3 t\u00ednh ti\u1ec7n \u00edch cao, gi\u1ea3m t\u1ed1i \u0111a th\u1eddi gian, c\u00f4ng s\u1ee9c c\u0169ng nh\u01b0 chi ph\u00ed c\u1ee7a ng\u01b0\u1eddi l\u00e0m n\u00f4ng. \u0110\u01b0\u1ee3c trang b\u1ecb d\u00e2y truy\u1ec1n s\u1ea3n xu\u1ea5t m\u00e1y m\u00f3c hi\u1ec7n \u0111\u1ea1i nh\u01b0 m\u00e1y c\u1eaft laser kim lo\u1ea1i, m\u00e1y ti\u1ec7n CNC&#8230; C\u00f4ng Ty B\u00ecnh Minh lu\u00f4n \u0111i \u0111\u1ea7u v\u00e0 l\u00e0 1 \u0111\u1ecba ch\u1ec9 \u0111\u00e1ng tin c\u1eady \u0111\u01b0\u1ee3c \u0111\u00f4ng \u0111\u1ea3o b\u00e0 con bi\u1ebft \u0111\u1ebfn v\u00e0 tin d\u00f9ng.<\/p>\n<p><img loading=\"lazy\" decoding=\"async\" class=\"size-full wp-image-681 aligncenter\" src=\"https:\/\/congtybinhminh.com\/wp-content\/uploads\/2019\/11\/cong-ty-binh-quan-4.jpg\" alt=\"cong-ty-binh-minh\" width=\"800\" height=\"600\" srcset=\"https:\/\/congtybinhminh.com\/wp-content\/uploads\/2019\/11\/cong-ty-binh-quan-4.jpg 800w, https:\/\/congtybinhminh.com\/wp-content\/uploads\/2019\/11\/cong-ty-binh-quan-4-510x383.jpg 510w, https:\/\/congtybinhminh.com\/wp-content\/uploads\/2019\/11\/cong-ty-binh-quan-4-533x400.jpg 533w, https:\/\/congtybinhminh.com\/wp-content\/uploads\/2019\/11\/cong-ty-binh-quan-4-768x576.jpg 768w\" sizes=\"auto, (max-width: 800px) 100vw, 800px\" \/><\/p>\n<p>V\u1edbi mong mu\u1ed1n x\u00e2y d\u1ef1ng C\u00f4ng Ty l\u1edbn m\u1ea1nh, ngo\u00e0i t\u1ed5 k\u1ef9 thu\u1eadt \u2013 b\u1ed9 ph\u1eadn \u0111\u01b0\u1ee3c coi l\u00e0 \u0111\u1ea7u n\u00e3o ho\u1ea1t \u0111\u1ed9ng c\u1ee7a to\u00e0n th\u1ec3 c\u00f4ng ty th\u00ec c\u00f2n c\u00f3 ph\u00f2ng kinh doanh &#8211; n\u01a1i ti\u1ebfp \u0111\u00f3n kh\u00e1ch h\u00e0ng, t\u01b0 v\u1ea5n v\u00e0 b\u1ea3o h\u00e0nh m\u00e1y; thi\u1ebft k\u1ebf Website v\u00e0 qu\u1ea3ng b\u00e1 s\u1ea3n ph\u1ea9m tr\u00ean c\u00e1c ph\u01b0\u01a1ng ti\u1ec7n truy\u1ec1n th\u00f4ng.<\/p>\n<p>Nh\u1edd s\u1ef1 c\u1ed1 g\u1eafng n\u1ed7 l\u1ef1c v\u00e0 nhi\u1ec7t t\u00ecnh trong c\u00f4ng vi\u1ec7c, trong nh\u1eefng n\u0103m v\u1eeba qua, C\u00f4ng Ty \u0111\u00e3 ch\u1ebf t\u1ea1o ra h\u00e0ng tr\u0103m lo\u1ea1i m\u00e1y n\u00f4ng nghi\u1ec7p, c\u00f4ng nghi\u1ec7p c\u00e1c lo\u1ea1i v\u1edbi n\u0103ng su\u1ea5t, k\u00edch c\u1ee1 kh\u00e1c nhau, ph\u00f9 h\u1ee3p v\u1edbi m\u1ecdi \u0111\u1ed1i t\u01b0\u1ee3ng s\u1eed d\u1ee5ng t\u1eeb n\u00f4ng h\u1ed9, gia \u0111\u00ecnh quy m\u00f4 nh\u1ecf \u0111\u1ebfn c\u00e1c trang tr\u1ea1i, x\u01b0\u1edfng ch\u1ebf bi\u1ebfn l\u1edbn nh\u01b0 m\u00e1y b\u0103m chu\u1ed1i, m\u00e1y \u00e9p c\u00e1m vi\u00ean, m\u00e1y nghi\u1ec1n, m\u00e1y \u00e9p d\u1ea7u, m\u00e1y s\u1ea5y,&#8230;<\/p>\n<p><img loading=\"lazy\" decoding=\"async\" class=\"size-full wp-image-678 aligncenter\" src=\"https:\/\/congtybinhminh.com\/wp-content\/uploads\/2019\/11\/chung-toi-2.jpg\" alt=\"chung-toi-2\" width=\"1200\" height=\"552\" srcset=\"https:\/\/congtybinhminh.com\/wp-content\/uploads\/2019\/11\/chung-toi-2.jpg 1200w, https:\/\/congtybinhminh.com\/wp-content\/uploads\/2019\/11\/chung-toi-2-510x235.jpg 510w, https:\/\/congtybinhminh.com\/wp-content\/uploads\/2019\/11\/chung-toi-2-800x368.jpg 800w, https:\/\/congtybinhminh.com\/wp-content\/uploads\/2019\/11\/chung-toi-2-768x353.jpg 768w\" sizes=\"auto, (max-width: 1200px) 100vw, 1200px\" \/><\/p>\n<p><em><strong>L\u1eddi c\u1ea3m \u01a1n !<\/strong><\/em><\/p>\n<p>C\u00f4ng ty B\u00ecnh Minh xin g\u1eedi l\u1eddi c\u1ea3m \u01a1n ch\u00e2n th\u00e0nh nh\u1ea5t \u0111\u1ebfn qu\u00fd kh\u00e1ch \u0111\u00e3 lu\u00f4n tin t\u01b0\u1edfng c\u00f4ng ty trong su\u1ed1t th\u1eddi gian qua, c\u00f4ng ty k\u00ednh mong lu\u00f4n \u0111\u01b0\u1ee3c \u0111\u1ed3ng h\u00e0nh c\u00f9ng qu\u00fd kh\u00e1ch tr\u00ean m\u1ecdi ch\u1eb7ng \u0111\u01b0\u1eddng ph\u00e1t tri\u1ec3n. K\u00ednh ch\u00fac qu\u00fd kh\u00e1ch lu\u00f4n tr\u00e0n \u0111\u1ea7y s\u1ee9c kh\u1ecfe, ni\u1ec1m vui v\u00e0 lu\u00f4n h\u1ea1nh ph\u00fac<\/p>\n<p>\u0110\u1ec3 bi\u1ebft th\u00eam th\u00f4ng tin chi ti\u1ebft c\u00e1c s\u1ea3n ph\u1ea9m, qu\u00fd kh\u00e1ch vui l\u00f2ng li\u00ean h\u1ec7 \u0111\u1ebfn s\u1ed1 \u0111i\u1ec7n tho\u1ea1i:<span style=\"color: #ed1c24;\"> <strong>0888.01.8822<\/strong><\/span><\/p>\n<p>C\u00f4ng ty TNHH S\u1ea3n Xu\u1ea5t Th\u01b0\u01a1ng M\u1ea1i Xu\u1ea5t Nh\u1eadp Kh\u1ea9u B\u00ecnh Minh<br \/>\nM\u00e3 s\u1ed1 thu\u1ebf : 0108457948<br \/>\n\u0110\u1ecba ch\u1ec9 : 249 L\u00ea L\u1ee3i &#8211; Th\u1ecb X\u00e3 S\u01a1n T\u00e2y &#8211; Th\u00e0nh Ph\u1ed1 H\u00e0 N\u1ed9i<\/p>\n","protected":false},"excerpt":{"rendered":"<p>C\u00f4ng Ty TNHH S\u1ea3n Xu\u1ea5t Th\u01b0\u01a1ng M\u1ea1i Xu\u1ea5t Nh\u1eadp Kh\u1ea9u B\u00ecnh Minh t\u1ef1 h\u00e0o l\u00e0 m\u1ed9t trong nh\u1eefng c\u00f4ng ty ch\u1ebf t\u1ea1o m\u00e1y n\u00f4ng nghi\u1ec7p, c\u00f4ng nghi\u1ec7p c\u00f3 b\u1ec1 d\u00e0y h\u01a1n 30 n\u0103m h\u00ecnh th\u00e0nh v\u00e0 ph\u00e1t tri\u1ec3n. Ch\u00fang t\u00f4i lu\u00f4n lu\u00f4n n\u1ed7 l\u1ef1c, c\u1ea3i ti\u1ebfn s\u1ea3n ph\u1ea9m, h\u1ed7 tr\u1ee3 b\u00e0 con n\u00f4ng d\u00e2n c\u00f4ng&#8230;<\/p>\n","protected":false},"author":14,"featured_media":0,"parent":0,"menu_order":0,"comment_status":"closed","ping_status":"closed","template":"","meta":{"footnotes":""},"class_list":["post-29","page","type-page","status-publish","hentry"],"_links":{"self":[{"href":"https:\/\/congtybinhminh.com\/index.php?rest_route=\/wp\/v2\/pages\/29","targetHints":{"allow":["GET"]}}],"collection":[{"href":"https:\/\/congtybinhminh.com\/index.php?rest_route=\/wp\/v2\/pages"}],"about":[{"href":"https:\/\/congtybinhminh.com\/index.php?rest_route=\/wp\/v2\/types\/page"}],"author":[{"embeddable":true,"href":"https:\/\/congtybinhminh.com\/index.php?rest_route=\/wp\/v2\/users\/14"}],"replies":[{"embeddable":true,"href":"https:\/\/congtybinhminh.com\/index.php?rest_route=%2Fwp%2Fv2%2Fcomments&post=29"}],"version-history":[{"count":0,"href":"https:\/\/congtybinhminh.com\/index.php?rest_route=\/wp\/v2\/pages\/29\/revisions"}],"wp:attachment":[{"href":"https:\/\/congtybinhminh.com\/index.php?rest_route=%2Fwp%2Fv2%2Fmedia&parent=29"}],"curies":[{"name":"wp","href":"https:\/\/api.w.org\/{rel}","templated":true}]}}